{"id":71895,"date":"2024-09-30T11:56:17","date_gmt":"2024-09-30T09:56:17","guid":{"rendered":"https:\/\/www.solutionsmachinesoutils.com\/?post_type=product&#038;p=71840"},"modified":"2024-09-30T11:56:17","modified_gmt":"2024-09-30T09:56:17","slug":"schaublin-102-4","status":"publish","type":"product","link":"https:\/\/www.solutionsmachinesoutils.com\/ru\/produit\/schaublin-102-4\/","title":{"rendered":"SCHAUBLIN 102"},"content":{"rendered":"<p><strong>Accessories :<\/strong><\/p>\n<p>1 set of collets W20<\/p>\n<p>1 Tripan turret with toolholders and chisels<\/p>\n<p>1 tailstock with hollow point<\/p>\n<p>1 milling\/grinding attachment with belt and accessories<\/p>\n<p>Lamp<\/p>\n","protected":false},"excerpt":{"rendered":"<p>Accessories : 1 set of collets W20 1 Tripan turret with toolholders and chisels 1 tailstock with hollow point 1 milling\/grinding attachment with belt and accessories Lamp<\/p>\n","protected":false},"featured_media":71846,"comment_status":"open","ping_status":"closed","template":"","meta":{"_acf_changed":false},"product_cat":[2249,2272,2267],"product_tag":[],"brand_product":[2334],"class_list":["post-71895","product","type-product","status-publish","has-post-thumbnail","hentry","product_cat-2249","product_cat-2272","product_cat-2267","brand_product-schaublin-ru"],"yoast_head":"<!-- This site is optimized with the Yoast SEO plugin v24.2 - https:\/\/yoast.com\/wordpress\/plugins\/seo\/ -->\n<title>SCHAUBLIN 102 - Solutions Machines Outils<\/title>\n<meta name=\"description\" content=\"Accessories : 1 set of collets W20 1 Tripan turret with toolholders and chisels 1 tailstock with hollow point 1 milling\/grinding attachment with belt and\" \/>\n<meta name=\"robots\" content=\"index, follow, max-snippet:-1, max-image-preview:large, max-video-preview:-1\" \/>\n<link rel=\"canonical\" href=\"https:\/\/www.solutionsmachinesoutils.com\/produit\/schaublin-102-4\/\" \/>\n<meta property=\"og:locale\" content=\"fr_FR\" \/>\n<meta property=\"og:type\" content=\"article\" \/>\n<meta property=\"og:title\" content=\"SCHAUBLIN 102 - Solutions Machines Outils\" \/>\n<meta property=\"og:description\" content=\"Accessories : 1 set of collets W20 1 Tripan turret with toolholders and chisels 1 tailstock with hollow point 1 milling\/grinding attachment with belt and\" \/>\n<meta property=\"og:url\" content=\"https:\/\/www.solutionsmachinesoutils.com\/produit\/schaublin-102-4\/\" \/>\n<meta property=\"og:site_name\" content=\"Solutions Machines Outils\" \/>\n<meta property=\"og:image\" content=\"https:\/\/www.solutionsmachinesoutils.com\/wp-content\/uploads\/2024\/09\/1-1.jpg\" \/>\n\t<meta property=\"og:image:width\" content=\"1200\" \/>\n\t<meta property=\"og:image:height\" content=\"1200\" \/>\n\t<meta property=\"og:image:type\" content=\"image\/jpeg\" \/>\n<meta name=\"twitter:card\" content=\"summary_large_image\" \/>\n<script type=\"application\/ld+json\" class=\"yoast-schema-graph\">{\"@context\":\"https:\/\/schema.org\",\"@graph\":[{\"@type\":\"WebPage\",\"@id\":\"https:\/\/www.solutionsmachinesoutils.com\/produit\/schaublin-102-4\/\",\"url\":\"https:\/\/www.solutionsmachinesoutils.com\/produit\/schaublin-102-4\/\",\"name\":\"SCHAUBLIN 102 - Solutions Machines Outils\",\"isPartOf\":{\"@id\":\"https:\/\/www.solutionsmachinesoutils.com\/en\/#website\"},\"primaryImageOfPage\":{\"@id\":\"https:\/\/www.solutionsmachinesoutils.com\/produit\/schaublin-102-4\/#primaryimage\"},\"image\":{\"@id\":\"https:\/\/www.solutionsmachinesoutils.com\/produit\/schaublin-102-4\/#primaryimage\"},\"thumbnailUrl\":\"https:\/\/www.solutionsmachinesoutils.com\/wp-content\/uploads\/2024\/09\/1-1.jpg\",\"datePublished\":\"2024-09-30T09:56:17+00:00\",\"dateModified\":\"2024-09-30T09:56:17+00:00\",\"description\":\"Accessories : 1 set of collets W20 1 Tripan turret with toolholders and chisels 1 tailstock with hollow point 1 milling\/grinding attachment with belt and\",\"breadcrumb\":{\"@id\":\"https:\/\/www.solutionsmachinesoutils.com\/produit\/schaublin-102-4\/#breadcrumb\"},\"inLanguage\":\"fr-FR\",\"potentialAction\":[{\"@type\":\"ReadAction\",\"target\":[\"https:\/\/www.solutionsmachinesoutils.com\/produit\/schaublin-102-4\/\"]}]},{\"@type\":\"ImageObject\",\"inLanguage\":\"fr-FR\",\"@id\":\"https:\/\/www.solutionsmachinesoutils.com\/produit\/schaublin-102-4\/#primaryimage\",\"url\":\"https:\/\/www.solutionsmachinesoutils.com\/wp-content\/uploads\/2024\/09\/1-1.jpg\",\"contentUrl\":\"https:\/\/www.solutionsmachinesoutils.com\/wp-content\/uploads\/2024\/09\/1-1.jpg\",\"width\":1200,\"height\":1200,\"caption\":\"Cette photo 20240619_141529.jpg, a \u00e9t\u00e9 r\u00e9duite de 93.46 % le Lundi 30 Septembre 2024 \u00e0 10:09 par Emjysoft Photo R\u00e9ducteur v5.5 \u00e0 t\u00e9l\u00e9charger sur https:\/\/www.emjysoft.com\/\"},{\"@type\":\"BreadcrumbList\",\"@id\":\"https:\/\/www.solutionsmachinesoutils.com\/produit\/schaublin-102-4\/#breadcrumb\",\"itemListElement\":[{\"@type\":\"ListItem\",\"position\":1,\"name\":\"Accueil\",\"item\":\"https:\/\/www.solutionsmachinesoutils.com\/\"},{\"@type\":\"ListItem\",\"position\":2,\"name\":\"Products\",\"item\":\"https:\/\/www.solutionsmachinesoutils.com\/en\/shop\/\"},{\"@type\":\"ListItem\",\"position\":3,\"name\":\"M\u00e9canique\",\"item\":\"https:\/\/www.solutionsmachinesoutils.com\/categorie\/mecanique\/\"},{\"@type\":\"ListItem\",\"position\":4,\"name\":\"Tours\",\"item\":\"https:\/\/www.solutionsmachinesoutils.com\/categorie\/mecanique\/tours\/\"},{\"@type\":\"ListItem\",\"position\":5,\"name\":\"Tours conventionnels\",\"item\":\"https:\/\/www.solutionsmachinesoutils.com\/categorie\/mecanique\/tours\/tours-conventionnels\/\"},{\"@type\":\"ListItem\",\"position\":6,\"name\":\"SCHAUBLIN 102\"}]},{\"@type\":\"WebSite\",\"@id\":\"https:\/\/www.solutionsmachinesoutils.com\/en\/#website\",\"url\":\"https:\/\/www.solutionsmachinesoutils.com\/en\/\",\"name\":\"Solutions Machines Outils\",\"description\":\"ACHAT-VENTE ET EXPERTISE DE MACHINES-OUTILS\",\"potentialAction\":[{\"@type\":\"SearchAction\",\"target\":{\"@type\":\"EntryPoint\",\"urlTemplate\":\"https:\/\/www.solutionsmachinesoutils.com\/en\/?s={search_term_string}\"},\"query-input\":{\"@type\":\"PropertyValueSpecification\",\"valueRequired\":true,\"valueName\":\"search_term_string\"}}],\"inLanguage\":\"fr-FR\"}]}<\/script>\n<!-- \/ Yoast SEO plugin. -->","yoast_head_json":{"title":"SCHAUBLIN 102 - Solutions Machines Outils","description":"Accessories : 1 set of collets W20 1 Tripan turret with toolholders and chisels 1 tailstock with hollow point 1 milling\/grinding attachment with belt and","robots":{"index":"index","follow":"follow","max-snippet":"max-snippet:-1","max-image-preview":"max-image-preview:large","max-video-preview":"max-video-preview:-1"},"canonical":"https:\/\/www.solutionsmachinesoutils.com\/produit\/schaublin-102-4\/","og_locale":"fr_FR","og_type":"article","og_title":"SCHAUBLIN 102 - Solutions Machines Outils","og_description":"Accessories : 1 set of collets W20 1 Tripan turret with toolholders and chisels 1 tailstock with hollow point 1 milling\/grinding attachment with belt and","og_url":"https:\/\/www.solutionsmachinesoutils.com\/produit\/schaublin-102-4\/","og_site_name":"Solutions Machines Outils","og_image":[{"width":1200,"height":1200,"url":"https:\/\/www.solutionsmachinesoutils.com\/wp-content\/uploads\/2024\/09\/1-1.jpg","type":"image\/jpeg"}],"twitter_card":"summary_large_image","schema":{"@context":"https:\/\/schema.org","@graph":[{"@type":"WebPage","@id":"https:\/\/www.solutionsmachinesoutils.com\/produit\/schaublin-102-4\/","url":"https:\/\/www.solutionsmachinesoutils.com\/produit\/schaublin-102-4\/","name":"SCHAUBLIN 102 - Solutions Machines Outils","isPartOf":{"@id":"https:\/\/www.solutionsmachinesoutils.com\/en\/#website"},"primaryImageOfPage":{"@id":"https:\/\/www.solutionsmachinesoutils.com\/produit\/schaublin-102-4\/#primaryimage"},"image":{"@id":"https:\/\/www.solutionsmachinesoutils.com\/produit\/schaublin-102-4\/#primaryimage"},"thumbnailUrl":"https:\/\/www.solutionsmachinesoutils.com\/wp-content\/uploads\/2024\/09\/1-1.jpg","datePublished":"2024-09-30T09:56:17+00:00","dateModified":"2024-09-30T09:56:17+00:00","description":"Accessories : 1 set of collets W20 1 Tripan turret with toolholders and chisels 1 tailstock with hollow point 1 milling\/grinding attachment with belt and","breadcrumb":{"@id":"https:\/\/www.solutionsmachinesoutils.com\/produit\/schaublin-102-4\/#breadcrumb"},"inLanguage":"fr-FR","potentialAction":[{"@type":"ReadAction","target":["https:\/\/www.solutionsmachinesoutils.com\/produit\/schaublin-102-4\/"]}]},{"@type":"ImageObject","inLanguage":"fr-FR","@id":"https:\/\/www.solutionsmachinesoutils.com\/produit\/schaublin-102-4\/#primaryimage","url":"https:\/\/www.solutionsmachinesoutils.com\/wp-content\/uploads\/2024\/09\/1-1.jpg","contentUrl":"https:\/\/www.solutionsmachinesoutils.com\/wp-content\/uploads\/2024\/09\/1-1.jpg","width":1200,"height":1200,"caption":"Cette photo 20240619_141529.jpg, a \u00e9t\u00e9 r\u00e9duite de 93.46 % le Lundi 30 Septembre 2024 \u00e0 10:09 par Emjysoft Photo R\u00e9ducteur v5.5 \u00e0 t\u00e9l\u00e9charger sur https:\/\/www.emjysoft.com\/"},{"@type":"BreadcrumbList","@id":"https:\/\/www.solutionsmachinesoutils.com\/produit\/schaublin-102-4\/#breadcrumb","itemListElement":[{"@type":"ListItem","position":1,"name":"Accueil","item":"https:\/\/www.solutionsmachinesoutils.com\/"},{"@type":"ListItem","position":2,"name":"Products","item":"https:\/\/www.solutionsmachinesoutils.com\/en\/shop\/"},{"@type":"ListItem","position":3,"name":"M\u00e9canique","item":"https:\/\/www.solutionsmachinesoutils.com\/categorie\/mecanique\/"},{"@type":"ListItem","position":4,"name":"Tours","item":"https:\/\/www.solutionsmachinesoutils.com\/categorie\/mecanique\/tours\/"},{"@type":"ListItem","position":5,"name":"Tours conventionnels","item":"https:\/\/www.solutionsmachinesoutils.com\/categorie\/mecanique\/tours\/tours-conventionnels\/"},{"@type":"ListItem","position":6,"name":"SCHAUBLIN 102"}]},{"@type":"WebSite","@id":"https:\/\/www.solutionsmachinesoutils.com\/en\/#website","url":"https:\/\/www.solutionsmachinesoutils.com\/en\/","name":"Solutions Machines Outils","description":"ACHAT-VENTE ET EXPERTISE DE MACHINES-OUTILS","potentialAction":[{"@type":"SearchAction","target":{"@type":"EntryPoint","urlTemplate":"https:\/\/www.solutionsmachinesoutils.com\/en\/?s={search_term_string}"},"query-input":{"@type":"PropertyValueSpecification","valueRequired":true,"valueName":"search_term_string"}}],"inLanguage":"fr-FR"}]}},"_links":{"self":[{"href":"https:\/\/www.solutionsmachinesoutils.com\/wp-json\/wp\/v3\/product\/71895","targetHints":{"allow":["GET"]}}],"collection":[{"href":"https:\/\/www.solutionsmachinesoutils.com\/wp-json\/wp\/v3\/product"}],"about":[{"href":"https:\/\/www.solutionsmachinesoutils.com\/wp-json\/wp\/v2\/types\/product"}],"replies":[{"embeddable":true,"href":"https:\/\/www.solutionsmachinesoutils.com\/wp-json\/wp\/v2\/comments?post=71895"}],"wp:featuredmedia":[{"embeddable":true,"href":"https:\/\/www.solutionsmachinesoutils.com\/wp-json\/wp\/v2\/media\/71846"}],"wp:attachment":[{"href":"https:\/\/www.solutionsmachinesoutils.com\/wp-json\/wp\/v2\/media?parent=71895"}],"wp:term":[{"taxonomy":"product_cat","embeddable":true,"href":"https:\/\/www.solutionsmachinesoutils.com\/wp-json\/wp\/v2\/product_cat?post=71895"},{"taxonomy":"product_tag","embeddable":true,"href":"https:\/\/www.solutionsmachinesoutils.com\/wp-json\/wp\/v2\/product_tag?post=71895"},{"taxonomy":"brand_product","embeddable":true,"href":"https:\/\/www.solutionsmachinesoutils.com\/wp-json\/wp\/v2\/brand_product?post=71895"}],"curies":[{"name":"wp","href":"https:\/\/api.w.org\/{rel}","templated":true}]}}