{"id":69293,"date":"2024-06-18T14:29:56","date_gmt":"2024-06-18T12:29:56","guid":{"rendered":"https:\/\/www.solutionsmachinesoutils.com\/?post_type=product&#038;p=69049"},"modified":"2024-06-18T15:01:21","modified_gmt":"2024-06-18T13:01:21","slug":"tornos-t4","status":"publish","type":"product","link":"https:\/\/www.solutionsmachinesoutils.com\/ru\/produit\/tornos-t4\/","title":{"rendered":"TORNOS T4"},"content":{"rendered":"<p>Max. thread \u00d8 4 M<\/p>\n<p>14 spindle speeds<\/p>\n<p>With bar feeder<\/p>\n","protected":false},"excerpt":{"rendered":"<p>Max. thread \u00d8 4 M 14 spindle speeds With bar feeder<\/p>\n","protected":false},"featured_media":69062,"comment_status":"open","ping_status":"closed","template":"","meta":{"_acf_changed":false},"product_cat":[3718,2249],"product_tag":[],"brand_product":[2327],"class_list":["post-69293","product","type-product","status-publish","has-post-thumbnail","hentry","product_cat-3718","product_cat-2249","brand_product-tornos-ru"],"yoast_head":"<!-- This site is optimized with the Yoast SEO plugin v24.2 - https:\/\/yoast.com\/wordpress\/plugins\/seo\/ -->\n<title>TORNOS T4 - Solutions Machines Outils<\/title>\n<meta name=\"description\" content=\"Max. thread \u00d8 4 M  14 spindle speeds  With bar feeder\" \/>\n<meta name=\"robots\" content=\"index, follow, max-snippet:-1, max-image-preview:large, max-video-preview:-1\" \/>\n<link rel=\"canonical\" href=\"https:\/\/www.solutionsmachinesoutils.com\/ru\/produit\/tornos-t4\/\" \/>\n<meta property=\"og:locale\" content=\"fr_FR\" \/>\n<meta property=\"og:type\" content=\"article\" \/>\n<meta property=\"og:title\" content=\"TORNOS T4 - Solutions Machines Outils\" \/>\n<meta property=\"og:description\" content=\"Max. thread \u00d8 4 M  14 spindle speeds  With bar feeder\" \/>\n<meta property=\"og:url\" content=\"https:\/\/www.solutionsmachinesoutils.com\/ru\/produit\/tornos-t4\/\" \/>\n<meta property=\"og:site_name\" content=\"Solutions Machines Outils\" \/>\n<meta property=\"article:modified_time\" content=\"2024-06-18T13:01:21+00:00\" \/>\n<meta property=\"og:image\" content=\"https:\/\/www.solutionsmachinesoutils.com\/wp-content\/uploads\/2024\/06\/2-2-1-rotated.jpg\" \/>\n\t<meta property=\"og:image:width\" content=\"1601\" \/>\n\t<meta property=\"og:image:height\" content=\"1200\" \/>\n\t<meta property=\"og:image:type\" content=\"image\/jpeg\" \/>\n<meta name=\"twitter:card\" content=\"summary_large_image\" \/>\n<meta name=\"twitter:label1\" content=\"Dur\u00e9e de lecture estim\u00e9e\" \/>\n\t<meta name=\"twitter:data1\" content=\"1 minute\" \/>\n<script type=\"application\/ld+json\" class=\"yoast-schema-graph\">{\"@context\":\"https:\/\/schema.org\",\"@graph\":[{\"@type\":\"WebPage\",\"@id\":\"https:\/\/www.solutionsmachinesoutils.com\/ru\/produit\/tornos-t4\/\",\"url\":\"https:\/\/www.solutionsmachinesoutils.com\/ru\/produit\/tornos-t4\/\",\"name\":\"TORNOS T4 - Solutions Machines Outils\",\"isPartOf\":{\"@id\":\"https:\/\/www.solutionsmachinesoutils.com\/en\/#website\"},\"primaryImageOfPage\":{\"@id\":\"https:\/\/www.solutionsmachinesoutils.com\/ru\/produit\/tornos-t4\/#primaryimage\"},\"image\":{\"@id\":\"https:\/\/www.solutionsmachinesoutils.com\/ru\/produit\/tornos-t4\/#primaryimage\"},\"thumbnailUrl\":\"https:\/\/www.solutionsmachinesoutils.com\/wp-content\/uploads\/2024\/06\/2-2-1-rotated.jpg\",\"datePublished\":\"2024-06-18T12:29:56+00:00\",\"dateModified\":\"2024-06-18T13:01:21+00:00\",\"description\":\"Max. thread \u00d8 4 M 14 spindle speeds With bar feeder\",\"breadcrumb\":{\"@id\":\"https:\/\/www.solutionsmachinesoutils.com\/ru\/produit\/tornos-t4\/#breadcrumb\"},\"inLanguage\":\"fr-FR\",\"potentialAction\":[{\"@type\":\"ReadAction\",\"target\":[\"https:\/\/www.solutionsmachinesoutils.com\/ru\/produit\/tornos-t4\/\"]}]},{\"@type\":\"ImageObject\",\"inLanguage\":\"fr-FR\",\"@id\":\"https:\/\/www.solutionsmachinesoutils.com\/ru\/produit\/tornos-t4\/#primaryimage\",\"url\":\"https:\/\/www.solutionsmachinesoutils.com\/wp-content\/uploads\/2024\/06\/2-2-1-rotated.jpg\",\"contentUrl\":\"https:\/\/www.solutionsmachinesoutils.com\/wp-content\/uploads\/2024\/06\/2-2-1-rotated.jpg\",\"width\":1601,\"height\":1200,\"caption\":\"Cette photo 2-2.jpeg, a \u00e9t\u00e9 r\u00e9duite de 95.83 % le Jeudi 25 Janvier 2024 \u00e0 11:01 par Emjysoft Photo R\u00e9ducteur v5.2 \u00e0 t\u00e9l\u00e9charger sur https:\/\/www.emjysoft.com\/\"},{\"@type\":\"BreadcrumbList\",\"@id\":\"https:\/\/www.solutionsmachinesoutils.com\/ru\/produit\/tornos-t4\/#breadcrumb\",\"itemListElement\":[{\"@type\":\"ListItem\",\"position\":1,\"name\":\"Accueil\",\"item\":\"https:\/\/www.solutionsmachinesoutils.com\/\"},{\"@type\":\"ListItem\",\"position\":2,\"name\":\"Products\",\"item\":\"https:\/\/www.solutionsmachinesoutils.com\/en\/shop\/\"},{\"@type\":\"ListItem\",\"position\":3,\"name\":\"\u041c\u0435\u0445\u0430\u043d\u0438\u043a\u0430\",\"item\":\"https:\/\/www.solutionsmachinesoutils.com\/ru\/categorie\/%d0%bc%d0%b5%d1%85%d0%b0%d0%bd%d0%b8%d0%ba%d0%b0\/\"},{\"@type\":\"ListItem\",\"position\":4,\"name\":\"\u0422\u043e\u043a\u0430\u0440\u043d\u044b\u0435 \u0441\u0442\u0430\u043d\u043a\u0438 \u0434\u043b\u044f \u043e\u0431\u0440\u0430\u0431\u043e\u0442\u043a\u0438 \u043f\u0440\u0443\u0442\u043a\u043e\u0432\",\"item\":\"https:\/\/www.solutionsmachinesoutils.com\/ru\/categorie\/%d0%bc%d0%b5%d1%85%d0%b0%d0%bd%d0%b8%d0%ba%d0%b0\/%d1%82%d0%be%d0%ba%d0%b0%d1%80%d0%bd%d1%8b%d0%b5-%d1%81%d1%82%d0%b0%d0%bd%d0%ba%d0%b8-%d0%b4%d0%bb%d1%8f-%d0%be%d0%b1%d1%80%d0%b0%d0%b1%d0%be%d1%82%d0%ba%d0%b8-%d0%bf%d1%80%d1%83%d1%82%d0%ba%d0%be\/\"},{\"@type\":\"ListItem\",\"position\":5,\"name\":\"TORNOS T4\"}]},{\"@type\":\"WebSite\",\"@id\":\"https:\/\/www.solutionsmachinesoutils.com\/en\/#website\",\"url\":\"https:\/\/www.solutionsmachinesoutils.com\/en\/\",\"name\":\"Solutions Machines Outils\",\"description\":\"ACHAT-VENTE ET EXPERTISE DE MACHINES-OUTILS\",\"potentialAction\":[{\"@type\":\"SearchAction\",\"target\":{\"@type\":\"EntryPoint\",\"urlTemplate\":\"https:\/\/www.solutionsmachinesoutils.com\/en\/?s={search_term_string}\"},\"query-input\":{\"@type\":\"PropertyValueSpecification\",\"valueRequired\":true,\"valueName\":\"search_term_string\"}}],\"inLanguage\":\"fr-FR\"}]}<\/script>\n<!-- \/ Yoast SEO plugin. -->","yoast_head_json":{"title":"TORNOS T4 - Solutions Machines Outils","description":"Max. thread \u00d8 4 M  14 spindle speeds  With bar feeder","robots":{"index":"index","follow":"follow","max-snippet":"max-snippet:-1","max-image-preview":"max-image-preview:large","max-video-preview":"max-video-preview:-1"},"canonical":"https:\/\/www.solutionsmachinesoutils.com\/ru\/produit\/tornos-t4\/","og_locale":"fr_FR","og_type":"article","og_title":"TORNOS T4 - Solutions Machines Outils","og_description":"Max. thread \u00d8 4 M  14 spindle speeds  With bar feeder","og_url":"https:\/\/www.solutionsmachinesoutils.com\/ru\/produit\/tornos-t4\/","og_site_name":"Solutions Machines Outils","article_modified_time":"2024-06-18T13:01:21+00:00","og_image":[{"width":1601,"height":1200,"url":"https:\/\/www.solutionsmachinesoutils.com\/wp-content\/uploads\/2024\/06\/2-2-1-rotated.jpg","type":"image\/jpeg"}],"twitter_card":"summary_large_image","twitter_misc":{"Dur\u00e9e de lecture estim\u00e9e":"1 minute"},"schema":{"@context":"https:\/\/schema.org","@graph":[{"@type":"WebPage","@id":"https:\/\/www.solutionsmachinesoutils.com\/ru\/produit\/tornos-t4\/","url":"https:\/\/www.solutionsmachinesoutils.com\/ru\/produit\/tornos-t4\/","name":"TORNOS T4 - Solutions Machines Outils","isPartOf":{"@id":"https:\/\/www.solutionsmachinesoutils.com\/en\/#website"},"primaryImageOfPage":{"@id":"https:\/\/www.solutionsmachinesoutils.com\/ru\/produit\/tornos-t4\/#primaryimage"},"image":{"@id":"https:\/\/www.solutionsmachinesoutils.com\/ru\/produit\/tornos-t4\/#primaryimage"},"thumbnailUrl":"https:\/\/www.solutionsmachinesoutils.com\/wp-content\/uploads\/2024\/06\/2-2-1-rotated.jpg","datePublished":"2024-06-18T12:29:56+00:00","dateModified":"2024-06-18T13:01:21+00:00","description":"Max. thread \u00d8 4 M 14 spindle speeds With bar feeder","breadcrumb":{"@id":"https:\/\/www.solutionsmachinesoutils.com\/ru\/produit\/tornos-t4\/#breadcrumb"},"inLanguage":"fr-FR","potentialAction":[{"@type":"ReadAction","target":["https:\/\/www.solutionsmachinesoutils.com\/ru\/produit\/tornos-t4\/"]}]},{"@type":"ImageObject","inLanguage":"fr-FR","@id":"https:\/\/www.solutionsmachinesoutils.com\/ru\/produit\/tornos-t4\/#primaryimage","url":"https:\/\/www.solutionsmachinesoutils.com\/wp-content\/uploads\/2024\/06\/2-2-1-rotated.jpg","contentUrl":"https:\/\/www.solutionsmachinesoutils.com\/wp-content\/uploads\/2024\/06\/2-2-1-rotated.jpg","width":1601,"height":1200,"caption":"Cette photo 2-2.jpeg, a \u00e9t\u00e9 r\u00e9duite de 95.83 % le Jeudi 25 Janvier 2024 \u00e0 11:01 par Emjysoft Photo R\u00e9ducteur v5.2 \u00e0 t\u00e9l\u00e9charger sur https:\/\/www.emjysoft.com\/"},{"@type":"BreadcrumbList","@id":"https:\/\/www.solutionsmachinesoutils.com\/ru\/produit\/tornos-t4\/#breadcrumb","itemListElement":[{"@type":"ListItem","position":1,"name":"Accueil","item":"https:\/\/www.solutionsmachinesoutils.com\/"},{"@type":"ListItem","position":2,"name":"Products","item":"https:\/\/www.solutionsmachinesoutils.com\/en\/shop\/"},{"@type":"ListItem","position":3,"name":"\u041c\u0435\u0445\u0430\u043d\u0438\u043a\u0430","item":"https:\/\/www.solutionsmachinesoutils.com\/ru\/categorie\/%d0%bc%d0%b5%d1%85%d0%b0%d0%bd%d0%b8%d0%ba%d0%b0\/"},{"@type":"ListItem","position":4,"name":"\u0422\u043e\u043a\u0430\u0440\u043d\u044b\u0435 \u0441\u0442\u0430\u043d\u043a\u0438 \u0434\u043b\u044f \u043e\u0431\u0440\u0430\u0431\u043e\u0442\u043a\u0438 \u043f\u0440\u0443\u0442\u043a\u043e\u0432","item":"https:\/\/www.solutionsmachinesoutils.com\/ru\/categorie\/%d0%bc%d0%b5%d1%85%d0%b0%d0%bd%d0%b8%d0%ba%d0%b0\/%d1%82%d0%be%d0%ba%d0%b0%d1%80%d0%bd%d1%8b%d0%b5-%d1%81%d1%82%d0%b0%d0%bd%d0%ba%d0%b8-%d0%b4%d0%bb%d1%8f-%d0%be%d0%b1%d1%80%d0%b0%d0%b1%d0%be%d1%82%d0%ba%d0%b8-%d0%bf%d1%80%d1%83%d1%82%d0%ba%d0%be\/"},{"@type":"ListItem","position":5,"name":"TORNOS T4"}]},{"@type":"WebSite","@id":"https:\/\/www.solutionsmachinesoutils.com\/en\/#website","url":"https:\/\/www.solutionsmachinesoutils.com\/en\/","name":"Solutions Machines Outils","description":"ACHAT-VENTE ET EXPERTISE DE MACHINES-OUTILS","potentialAction":[{"@type":"SearchAction","target":{"@type":"EntryPoint","urlTemplate":"https:\/\/www.solutionsmachinesoutils.com\/en\/?s={search_term_string}"},"query-input":{"@type":"PropertyValueSpecification","valueRequired":true,"valueName":"search_term_string"}}],"inLanguage":"fr-FR"}]}},"_links":{"self":[{"href":"https:\/\/www.solutionsmachinesoutils.com\/wp-json\/wp\/v3\/product\/69293","targetHints":{"allow":["GET"]}}],"collection":[{"href":"https:\/\/www.solutionsmachinesoutils.com\/wp-json\/wp\/v3\/product"}],"about":[{"href":"https:\/\/www.solutionsmachinesoutils.com\/wp-json\/wp\/v2\/types\/product"}],"replies":[{"embeddable":true,"href":"https:\/\/www.solutionsmachinesoutils.com\/wp-json\/wp\/v2\/comments?post=69293"}],"wp:featuredmedia":[{"embeddable":true,"href":"https:\/\/www.solutionsmachinesoutils.com\/wp-json\/wp\/v2\/media\/69062"}],"wp:attachment":[{"href":"https:\/\/www.solutionsmachinesoutils.com\/wp-json\/wp\/v2\/media?parent=69293"}],"wp:term":[{"taxonomy":"product_cat","embeddable":true,"href":"https:\/\/www.solutionsmachinesoutils.com\/wp-json\/wp\/v2\/product_cat?post=69293"},{"taxonomy":"product_tag","embeddable":true,"href":"https:\/\/www.solutionsmachinesoutils.com\/wp-json\/wp\/v2\/product_tag?post=69293"},{"taxonomy":"brand_product","embeddable":true,"href":"https:\/\/www.solutionsmachinesoutils.com\/wp-json\/wp\/v2\/brand_product?post=69293"}],"curies":[{"name":"wp","href":"https:\/\/api.w.org\/{rel}","templated":true}]}}