{"id":46172,"date":"2021-01-26T15:52:14","date_gmt":"2021-01-26T15:52:14","guid":{"rendered":"https:\/\/www.solutionsmachinesoutils.com\/?post_type=product&#038;p=45906"},"modified":"2022-02-21T11:50:44","modified_gmt":"2022-02-21T10:50:44","slug":"amada-hfe-m2-1703-2","status":"publish","type":"product","link":"https:\/\/www.solutionsmachinesoutils.com\/ru\/produit\/amada-hfe-m2-1703-2\/","title":{"rendered":"AMADA HFE M2 1703"},"content":{"rendered":"<p><strong>Equipements\u00a0:<\/strong><\/p>\n<p>Ecran tactile<\/p>\n<p>P\u00e9dale \u00e9lectrique<\/p>\n<p>Barri\u00e8re immat\u00e9rielle Fissler Akas<\/p>\n<p>Amada Digipro (syst\u00e8me de mesure d\u2019angle avec correction automatique par la cn)<\/p>\n<p>Interm\u00e9diaires Amaclip<\/p>\n<p>Support console avant T7<\/p>\n<p><iframe loading=\"lazy\" title=\"Machine AMADA HFE M21703\" width=\"500\" height=\"281\" src=\"https:\/\/www.youtube.com\/embed\/s7OHYsR8OuU?feature=oembed\" frameborder=\"0\" allow=\"accelerometer; autoplay; clipboard-write; encrypted-media; gyroscope; picture-in-picture; web-share\" referrerpolicy=\"strict-origin-when-cross-origin\" allowfullscreen><\/iframe><\/p>\n<p><iframe loading=\"lazy\" title=\"Machine AMADA HFE M21703\" width=\"500\" height=\"281\" src=\"https:\/\/www.youtube.com\/embed\/DPZOc_KQmLU?feature=oembed\" frameborder=\"0\" allow=\"accelerometer; autoplay; clipboard-write; encrypted-media; gyroscope; picture-in-picture; web-share\" referrerpolicy=\"strict-origin-when-cross-origin\" allowfullscreen><\/iframe><\/p>\n<p>&nbsp;<\/p>\n","protected":false},"excerpt":{"rendered":"<p>Equipements\u00a0: Ecran tactile P\u00e9dale \u00e9lectrique Barri\u00e8re immat\u00e9rielle Fissler Akas Amada Digipro (syst\u00e8me de mesure d\u2019angle avec correction automatique par la cn) Interm\u00e9diaires Amaclip Support console avant T7 &nbsp;<\/p>\n","protected":false},"featured_media":46038,"comment_status":"open","ping_status":"closed","template":"","meta":{"_acf_changed":false},"product_cat":[2297],"product_tag":[],"brand_product":[2413],"class_list":["post-46172","product","type-product","status-publish","has-post-thumbnail","hentry","product_cat-2297","brand_product-amada-ru"],"yoast_head":"<!-- This site is optimized with the Yoast SEO plugin v24.2 - https:\/\/yoast.com\/wordpress\/plugins\/seo\/ -->\n<title>AMADA HFE M2 1703 - Solutions Machines Outils<\/title>\n<meta name=\"description\" content=\"Equipements\u00a0: Ecran tactile P\u00e9dale \u00e9lectrique Barri\u00e8re immat\u00e9rielle Fissler Akas Amada Digipro (syst\u00e8me de mesure d\u2019angle avec correction automatique par\" \/>\n<meta name=\"robots\" content=\"index, follow, max-snippet:-1, max-image-preview:large, max-video-preview:-1\" \/>\n<link rel=\"canonical\" href=\"https:\/\/www.solutionsmachinesoutils.com\/ru\/produit\/amada-hfe-m2-1703-2\/\" \/>\n<meta property=\"og:locale\" content=\"fr_FR\" \/>\n<meta property=\"og:type\" content=\"article\" \/>\n<meta property=\"og:title\" content=\"AMADA HFE M2 1703 - Solutions Machines Outils\" \/>\n<meta property=\"og:description\" content=\"Equipements\u00a0: Ecran tactile P\u00e9dale \u00e9lectrique Barri\u00e8re immat\u00e9rielle Fissler Akas Amada Digipro (syst\u00e8me de mesure d\u2019angle avec correction automatique par\" \/>\n<meta property=\"og:url\" content=\"https:\/\/www.solutionsmachinesoutils.com\/ru\/produit\/amada-hfe-m2-1703-2\/\" \/>\n<meta property=\"og:site_name\" content=\"Solutions Machines Outils\" \/>\n<meta property=\"article:modified_time\" content=\"2022-02-21T10:50:44+00:00\" \/>\n<meta property=\"og:image\" content=\"https:\/\/www.solutionsmachinesoutils.com\/wp-content\/uploads\/2021\/01\/DSC00019.jpg\" \/>\n\t<meta property=\"og:image:width\" content=\"1801\" \/>\n\t<meta property=\"og:image:height\" content=\"1200\" \/>\n\t<meta property=\"og:image:type\" content=\"image\/jpeg\" \/>\n<meta name=\"twitter:card\" content=\"summary_large_image\" \/>\n<script type=\"application\/ld+json\" class=\"yoast-schema-graph\">{\"@context\":\"https:\/\/schema.org\",\"@graph\":[{\"@type\":\"WebPage\",\"@id\":\"https:\/\/www.solutionsmachinesoutils.com\/ru\/produit\/amada-hfe-m2-1703-2\/\",\"url\":\"https:\/\/www.solutionsmachinesoutils.com\/ru\/produit\/amada-hfe-m2-1703-2\/\",\"name\":\"AMADA HFE M2 1703 - Solutions Machines Outils\",\"isPartOf\":{\"@id\":\"https:\/\/www.solutionsmachinesoutils.com\/en\/#website\"},\"primaryImageOfPage\":{\"@id\":\"https:\/\/www.solutionsmachinesoutils.com\/ru\/produit\/amada-hfe-m2-1703-2\/#primaryimage\"},\"image\":{\"@id\":\"https:\/\/www.solutionsmachinesoutils.com\/ru\/produit\/amada-hfe-m2-1703-2\/#primaryimage\"},\"thumbnailUrl\":\"https:\/\/www.solutionsmachinesoutils.com\/wp-content\/uploads\/2021\/01\/DSC00019.jpg\",\"datePublished\":\"2021-01-26T15:52:14+00:00\",\"dateModified\":\"2022-02-21T10:50:44+00:00\",\"description\":\"Equipements\u00a0: Ecran tactile P\u00e9dale \u00e9lectrique Barri\u00e8re immat\u00e9rielle Fissler Akas Amada Digipro (syst\u00e8me de mesure d\u2019angle avec correction automatique par\",\"breadcrumb\":{\"@id\":\"https:\/\/www.solutionsmachinesoutils.com\/ru\/produit\/amada-hfe-m2-1703-2\/#breadcrumb\"},\"inLanguage\":\"fr-FR\",\"potentialAction\":[{\"@type\":\"ReadAction\",\"target\":[\"https:\/\/www.solutionsmachinesoutils.com\/ru\/produit\/amada-hfe-m2-1703-2\/\"]}]},{\"@type\":\"ImageObject\",\"inLanguage\":\"fr-FR\",\"@id\":\"https:\/\/www.solutionsmachinesoutils.com\/ru\/produit\/amada-hfe-m2-1703-2\/#primaryimage\",\"url\":\"https:\/\/www.solutionsmachinesoutils.com\/wp-content\/uploads\/2021\/01\/DSC00019.jpg\",\"contentUrl\":\"https:\/\/www.solutionsmachinesoutils.com\/wp-content\/uploads\/2021\/01\/DSC00019.jpg\",\"width\":1801,\"height\":1200},{\"@type\":\"BreadcrumbList\",\"@id\":\"https:\/\/www.solutionsmachinesoutils.com\/ru\/produit\/amada-hfe-m2-1703-2\/#breadcrumb\",\"itemListElement\":[{\"@type\":\"ListItem\",\"position\":1,\"name\":\"Accueil\",\"item\":\"https:\/\/www.solutionsmachinesoutils.com\/\"},{\"@type\":\"ListItem\",\"position\":2,\"name\":\"Products\",\"item\":\"https:\/\/www.solutionsmachinesoutils.com\/en\/shop\/\"},{\"@type\":\"ListItem\",\"position\":3,\"name\":\"\u041e\u0431\u0440\u0430\u0431\u043e\u0442\u043a\u0430 \u043b\u0438\u0441\u0442\u043e\u0432\u043e\u0433\u043e \u043c\u0435\u0442\u0430\u043b\u043b\u0430\",\"item\":\"https:\/\/www.solutionsmachinesoutils.com\/ru\/categorie\/%d0%be%d0%b1%d1%80%d0%b0%d0%b1%d0%be%d1%82%d0%ba%d0%b0-%d0%bb%d0%b8%d1%81%d1%82%d0%be%d0%b2%d0%be%d0%b3%d0%be-%d0%bc%d0%b5%d1%82%d0%b0%d0%bb%d0%bb%d0%b0\/\"},{\"@type\":\"ListItem\",\"position\":4,\"name\":\"\u041f\u0440\u0435\u0441\u0441-\u0441\u0433\u0438\u0431\u0430\u0442\u0435\u043b\u044c\",\"item\":\"https:\/\/www.solutionsmachinesoutils.com\/ru\/categorie\/%d0%be%d0%b1%d1%80%d0%b0%d0%b1%d0%be%d1%82%d0%ba%d0%b0-%d0%bb%d0%b8%d1%81%d1%82%d0%be%d0%b2%d0%be%d0%b3%d0%be-%d0%bc%d0%b5%d1%82%d0%b0%d0%bb%d0%bb%d0%b0\/%d0%bf%d1%80%d0%b5%d1%81%d1%81-%d1%81%d0%b3%d0%b8%d0%b1%d0%b0%d1%82%d0%b5%d0%bb%d1%8c\/\"},{\"@type\":\"ListItem\",\"position\":5,\"name\":\"AMADA HFE M2 1703\"}]},{\"@type\":\"WebSite\",\"@id\":\"https:\/\/www.solutionsmachinesoutils.com\/en\/#website\",\"url\":\"https:\/\/www.solutionsmachinesoutils.com\/en\/\",\"name\":\"Solutions Machines Outils\",\"description\":\"ACHAT-VENTE ET EXPERTISE DE MACHINES-OUTILS\",\"potentialAction\":[{\"@type\":\"SearchAction\",\"target\":{\"@type\":\"EntryPoint\",\"urlTemplate\":\"https:\/\/www.solutionsmachinesoutils.com\/en\/?s={search_term_string}\"},\"query-input\":{\"@type\":\"PropertyValueSpecification\",\"valueRequired\":true,\"valueName\":\"search_term_string\"}}],\"inLanguage\":\"fr-FR\"}]}<\/script>\n<!-- \/ Yoast SEO plugin. -->","yoast_head_json":{"title":"AMADA HFE M2 1703 - Solutions Machines Outils","description":"Equipements\u00a0: Ecran tactile P\u00e9dale \u00e9lectrique Barri\u00e8re immat\u00e9rielle Fissler Akas Amada Digipro (syst\u00e8me de mesure d\u2019angle avec correction automatique par","robots":{"index":"index","follow":"follow","max-snippet":"max-snippet:-1","max-image-preview":"max-image-preview:large","max-video-preview":"max-video-preview:-1"},"canonical":"https:\/\/www.solutionsmachinesoutils.com\/ru\/produit\/amada-hfe-m2-1703-2\/","og_locale":"fr_FR","og_type":"article","og_title":"AMADA HFE M2 1703 - Solutions Machines Outils","og_description":"Equipements\u00a0: Ecran tactile P\u00e9dale \u00e9lectrique Barri\u00e8re immat\u00e9rielle Fissler Akas Amada Digipro (syst\u00e8me de mesure d\u2019angle avec correction automatique par","og_url":"https:\/\/www.solutionsmachinesoutils.com\/ru\/produit\/amada-hfe-m2-1703-2\/","og_site_name":"Solutions Machines Outils","article_modified_time":"2022-02-21T10:50:44+00:00","og_image":[{"width":1801,"height":1200,"url":"https:\/\/www.solutionsmachinesoutils.com\/wp-content\/uploads\/2021\/01\/DSC00019.jpg","type":"image\/jpeg"}],"twitter_card":"summary_large_image","schema":{"@context":"https:\/\/schema.org","@graph":[{"@type":"WebPage","@id":"https:\/\/www.solutionsmachinesoutils.com\/ru\/produit\/amada-hfe-m2-1703-2\/","url":"https:\/\/www.solutionsmachinesoutils.com\/ru\/produit\/amada-hfe-m2-1703-2\/","name":"AMADA HFE M2 1703 - Solutions Machines Outils","isPartOf":{"@id":"https:\/\/www.solutionsmachinesoutils.com\/en\/#website"},"primaryImageOfPage":{"@id":"https:\/\/www.solutionsmachinesoutils.com\/ru\/produit\/amada-hfe-m2-1703-2\/#primaryimage"},"image":{"@id":"https:\/\/www.solutionsmachinesoutils.com\/ru\/produit\/amada-hfe-m2-1703-2\/#primaryimage"},"thumbnailUrl":"https:\/\/www.solutionsmachinesoutils.com\/wp-content\/uploads\/2021\/01\/DSC00019.jpg","datePublished":"2021-01-26T15:52:14+00:00","dateModified":"2022-02-21T10:50:44+00:00","description":"Equipements\u00a0: Ecran tactile P\u00e9dale \u00e9lectrique Barri\u00e8re immat\u00e9rielle Fissler Akas Amada Digipro (syst\u00e8me de mesure d\u2019angle avec correction automatique par","breadcrumb":{"@id":"https:\/\/www.solutionsmachinesoutils.com\/ru\/produit\/amada-hfe-m2-1703-2\/#breadcrumb"},"inLanguage":"fr-FR","potentialAction":[{"@type":"ReadAction","target":["https:\/\/www.solutionsmachinesoutils.com\/ru\/produit\/amada-hfe-m2-1703-2\/"]}]},{"@type":"ImageObject","inLanguage":"fr-FR","@id":"https:\/\/www.solutionsmachinesoutils.com\/ru\/produit\/amada-hfe-m2-1703-2\/#primaryimage","url":"https:\/\/www.solutionsmachinesoutils.com\/wp-content\/uploads\/2021\/01\/DSC00019.jpg","contentUrl":"https:\/\/www.solutionsmachinesoutils.com\/wp-content\/uploads\/2021\/01\/DSC00019.jpg","width":1801,"height":1200},{"@type":"BreadcrumbList","@id":"https:\/\/www.solutionsmachinesoutils.com\/ru\/produit\/amada-hfe-m2-1703-2\/#breadcrumb","itemListElement":[{"@type":"ListItem","position":1,"name":"Accueil","item":"https:\/\/www.solutionsmachinesoutils.com\/"},{"@type":"ListItem","position":2,"name":"Products","item":"https:\/\/www.solutionsmachinesoutils.com\/en\/shop\/"},{"@type":"ListItem","position":3,"name":"\u041e\u0431\u0440\u0430\u0431\u043e\u0442\u043a\u0430 \u043b\u0438\u0441\u0442\u043e\u0432\u043e\u0433\u043e \u043c\u0435\u0442\u0430\u043b\u043b\u0430","item":"https:\/\/www.solutionsmachinesoutils.com\/ru\/categorie\/%d0%be%d0%b1%d1%80%d0%b0%d0%b1%d0%be%d1%82%d0%ba%d0%b0-%d0%bb%d0%b8%d1%81%d1%82%d0%be%d0%b2%d0%be%d0%b3%d0%be-%d0%bc%d0%b5%d1%82%d0%b0%d0%bb%d0%bb%d0%b0\/"},{"@type":"ListItem","position":4,"name":"\u041f\u0440\u0435\u0441\u0441-\u0441\u0433\u0438\u0431\u0430\u0442\u0435\u043b\u044c","item":"https:\/\/www.solutionsmachinesoutils.com\/ru\/categorie\/%d0%be%d0%b1%d1%80%d0%b0%d0%b1%d0%be%d1%82%d0%ba%d0%b0-%d0%bb%d0%b8%d1%81%d1%82%d0%be%d0%b2%d0%be%d0%b3%d0%be-%d0%bc%d0%b5%d1%82%d0%b0%d0%bb%d0%bb%d0%b0\/%d0%bf%d1%80%d0%b5%d1%81%d1%81-%d1%81%d0%b3%d0%b8%d0%b1%d0%b0%d1%82%d0%b5%d0%bb%d1%8c\/"},{"@type":"ListItem","position":5,"name":"AMADA HFE M2 1703"}]},{"@type":"WebSite","@id":"https:\/\/www.solutionsmachinesoutils.com\/en\/#website","url":"https:\/\/www.solutionsmachinesoutils.com\/en\/","name":"Solutions Machines Outils","description":"ACHAT-VENTE ET EXPERTISE DE MACHINES-OUTILS","potentialAction":[{"@type":"SearchAction","target":{"@type":"EntryPoint","urlTemplate":"https:\/\/www.solutionsmachinesoutils.com\/en\/?s={search_term_string}"},"query-input":{"@type":"PropertyValueSpecification","valueRequired":true,"valueName":"search_term_string"}}],"inLanguage":"fr-FR"}]}},"_links":{"self":[{"href":"https:\/\/www.solutionsmachinesoutils.com\/wp-json\/wp\/v3\/product\/46172","targetHints":{"allow":["GET"]}}],"collection":[{"href":"https:\/\/www.solutionsmachinesoutils.com\/wp-json\/wp\/v3\/product"}],"about":[{"href":"https:\/\/www.solutionsmachinesoutils.com\/wp-json\/wp\/v2\/types\/product"}],"replies":[{"embeddable":true,"href":"https:\/\/www.solutionsmachinesoutils.com\/wp-json\/wp\/v2\/comments?post=46172"}],"wp:featuredmedia":[{"embeddable":true,"href":"https:\/\/www.solutionsmachinesoutils.com\/wp-json\/wp\/v2\/media\/46038"}],"wp:attachment":[{"href":"https:\/\/www.solutionsmachinesoutils.com\/wp-json\/wp\/v2\/media?parent=46172"}],"wp:term":[{"taxonomy":"product_cat","embeddable":true,"href":"https:\/\/www.solutionsmachinesoutils.com\/wp-json\/wp\/v2\/product_cat?post=46172"},{"taxonomy":"product_tag","embeddable":true,"href":"https:\/\/www.solutionsmachinesoutils.com\/wp-json\/wp\/v2\/product_tag?post=46172"},{"taxonomy":"brand_product","embeddable":true,"href":"https:\/\/www.solutionsmachinesoutils.com\/wp-json\/wp\/v2\/brand_product?post=46172"}],"curies":[{"name":"wp","href":"https:\/\/api.w.org\/{rel}","templated":true}]}}