{"id":24959,"date":"2019-05-07T10:00:38","date_gmt":"2019-05-07T09:00:38","guid":{"rendered":"http:\/\/www.solutionsmachinesoutils.com\/?post_type=product&#038;p=24959"},"modified":"2021-04-07T08:04:51","modified_gmt":"2021-04-07T07:04:51","slug":"bihler-rm-40","status":"publish","type":"product","link":"https:\/\/www.solutionsmachinesoutils.com\/ru\/produit\/bihler-rm-40\/","title":{"rendered":"BIHLER RM 40"},"content":{"rendered":"<p>\u041c\u0430\u0448\u0438\u043d\u0430 \u0434\u043b\u044f \u0448\u0442\u0430\u043c\u043f\u043e\u0432\u043a\u0438 \u0438 \u0444\u043e\u0440\u043c\u0438\u0440\u043e\u0432\u0430\u043d\u0438\u044f \u043d\u0438\u0442\u0435\u0439 \u0438 \u043d\u0435\u0441\u043a\u043e\u043b\u044c\u043a\u0438\u0445 \u043f\u043e\u043b\u043e\u0441\u043e\u043a<\/p>\n<p>\u00a8\u0425\u043e\u0434 12 \u043c\u043c<br \/>\n\u0421\u0438\u043b\u0430 \u0441\u0433\u0438\u0431\u0430\u043d\u0438\u044f 60 \u041a\u041d<br \/>\n\u041f\u043e\u0434\u0430\u0447\u0430 \u043f\u043e \u0434\u043b\u0438\u043d\u0435 270 \u043c\u043c<br \/>\n\u0428\u0438\u0440\u0438\u043d\u0430 60 \u043c\u043c<\/p>\n<p><iframe loading=\"lazy\" title=\"BIHLER RM 35\" width=\"500\" height=\"281\" src=\"https:\/\/www.youtube.com\/embed\/YOrcgRFI7I4?feature=oembed\" frameborder=\"0\" allow=\"accelerometer; autoplay; clipboard-write; encrypted-media; gyroscope; picture-in-picture; web-share\" referrerpolicy=\"strict-origin-when-cross-origin\" allowfullscreen><\/iframe><\/p>\n","protected":false},"excerpt":{"rendered":"<p>\u041c\u0430\u0448\u0438\u043d\u0430 \u0434\u043b\u044f \u0448\u0442\u0430\u043c\u043f\u043e\u0432\u043a\u0438 \u0438 \u0444\u043e\u0440\u043c\u0438\u0440\u043e\u0432\u0430\u043d\u0438\u044f \u043d\u0438\u0442\u0435\u0439 \u0438 \u043d\u0435\u0441\u043a\u043e\u043b\u044c\u043a\u0438\u0445 \u043f\u043e\u043b\u043e\u0441\u043e\u043a \u00a8\u0425\u043e\u0434 12 \u043c\u043c \u0421\u0438\u043b\u0430 \u0441\u0433\u0438\u0431\u0430\u043d\u0438\u044f 60 \u041a\u041d \u041f\u043e\u0434\u0430\u0447\u0430 \u043f\u043e \u0434\u043b\u0438\u043d\u0435 270 \u043c\u043c \u0428\u0438\u0440\u0438\u043d\u0430 60 \u043c\u043c<\/p>\n","protected":false},"featured_media":24964,"comment_status":"open","ping_status":"closed","template":"","meta":{"_acf_changed":false},"product_cat":[2301,2307],"product_tag":[],"brand_product":[2370],"class_list":["post-24959","product","type-product","status-publish","has-post-thumbnail","hentry","product_cat-2301","product_cat-2307","brand_product-bihler-ru"],"yoast_head":"<!-- This site is optimized with the Yoast SEO plugin v24.2 - https:\/\/yoast.com\/wordpress\/plugins\/seo\/ -->\n<title>BIHLER RM 40 - Solutions Machines Outils<\/title>\n<meta name=\"description\" content=\"\u041c\u0430\u0448\u0438\u043d\u0430 \u0434\u043b\u044f \u0448\u0442\u0430\u043c\u043f\u043e\u0432\u043a\u0438 \u0438 \u0444\u043e\u0440\u043c\u0438\u0440\u043e\u0432\u0430\u043d\u0438\u044f \u043d\u0438\u0442\u0435\u0439 \u0438 \u043d\u0435\u0441\u043a\u043e\u043b\u044c\u043a\u0438\u0445 \u043f\u043e\u043b\u043e\u0441\u043e\u043a \u00a8\u0425\u043e\u0434 12 \u043c\u043c \u0421\u0438\u043b\u0430 \u0441\u0433\u0438\u0431\u0430\u043d\u0438\u044f 60 \u041a\u041d \u041f\u043e\u0434\u0430\u0447\u0430 \u043f\u043e \u0434\u043b\u0438\u043d\u0435 270 \u043c\u043c \u0428\u0438\u0440\u0438\u043d\u0430 60 \u043c\u043c\" \/>\n<meta name=\"robots\" content=\"index, follow, max-snippet:-1, max-image-preview:large, max-video-preview:-1\" \/>\n<link rel=\"canonical\" href=\"https:\/\/www.solutionsmachinesoutils.com\/produit\/bihler-rm-40\/\" \/>\n<meta property=\"og:locale\" content=\"fr_FR\" \/>\n<meta property=\"og:type\" content=\"article\" \/>\n<meta property=\"og:title\" content=\"BIHLER RM 40 - Solutions Machines Outils\" \/>\n<meta property=\"og:description\" content=\"\u041c\u0430\u0448\u0438\u043d\u0430 \u0434\u043b\u044f \u0448\u0442\u0430\u043c\u043f\u043e\u0432\u043a\u0438 \u0438 \u0444\u043e\u0440\u043c\u0438\u0440\u043e\u0432\u0430\u043d\u0438\u044f \u043d\u0438\u0442\u0435\u0439 \u0438 \u043d\u0435\u0441\u043a\u043e\u043b\u044c\u043a\u0438\u0445 \u043f\u043e\u043b\u043e\u0441\u043e\u043a \u00a8\u0425\u043e\u0434 12 \u043c\u043c \u0421\u0438\u043b\u0430 \u0441\u0433\u0438\u0431\u0430\u043d\u0438\u044f 60 \u041a\u041d \u041f\u043e\u0434\u0430\u0447\u0430 \u043f\u043e \u0434\u043b\u0438\u043d\u0435 270 \u043c\u043c \u0428\u0438\u0440\u0438\u043d\u0430 60 \u043c\u043c\" \/>\n<meta property=\"og:url\" content=\"https:\/\/www.solutionsmachinesoutils.com\/produit\/bihler-rm-40\/\" \/>\n<meta property=\"og:site_name\" content=\"Solutions Machines Outils\" \/>\n<meta property=\"article:modified_time\" content=\"2021-04-07T07:04:51+00:00\" \/>\n<meta property=\"og:image\" content=\"https:\/\/www.solutionsmachinesoutils.com\/wp-content\/uploads\/2019\/02\/DSC00054-1024x683.jpg\" \/>\n\t<meta property=\"og:image:width\" content=\"1024\" \/>\n\t<meta property=\"og:image:height\" content=\"683\" \/>\n\t<meta property=\"og:image:type\" content=\"image\/jpeg\" \/>\n<meta name=\"twitter:card\" content=\"summary_large_image\" \/>\n<script type=\"application\/ld+json\" class=\"yoast-schema-graph\">{\"@context\":\"https:\/\/schema.org\",\"@graph\":[{\"@type\":\"WebPage\",\"@id\":\"https:\/\/www.solutionsmachinesoutils.com\/produit\/bihler-rm-40\/\",\"url\":\"https:\/\/www.solutionsmachinesoutils.com\/produit\/bihler-rm-40\/\",\"name\":\"BIHLER RM 40 - Solutions Machines Outils\",\"isPartOf\":{\"@id\":\"https:\/\/www.solutionsmachinesoutils.com\/en\/#website\"},\"primaryImageOfPage\":{\"@id\":\"https:\/\/www.solutionsmachinesoutils.com\/produit\/bihler-rm-40\/#primaryimage\"},\"image\":{\"@id\":\"https:\/\/www.solutionsmachinesoutils.com\/produit\/bihler-rm-40\/#primaryimage\"},\"thumbnailUrl\":\"https:\/\/www.solutionsmachinesoutils.com\/wp-content\/uploads\/2019\/02\/DSC00054-scaled.jpg\",\"datePublished\":\"2019-05-07T09:00:38+00:00\",\"dateModified\":\"2021-04-07T07:04:51+00:00\",\"description\":\"\u041c\u0430\u0448\u0438\u043d\u0430 \u0434\u043b\u044f \u0448\u0442\u0430\u043c\u043f\u043e\u0432\u043a\u0438 \u0438 \u0444\u043e\u0440\u043c\u0438\u0440\u043e\u0432\u0430\u043d\u0438\u044f \u043d\u0438\u0442\u0435\u0439 \u0438 \u043d\u0435\u0441\u043a\u043e\u043b\u044c\u043a\u0438\u0445 \u043f\u043e\u043b\u043e\u0441\u043e\u043a \u00a8\u0425\u043e\u0434 12 \u043c\u043c \u0421\u0438\u043b\u0430 \u0441\u0433\u0438\u0431\u0430\u043d\u0438\u044f 60 \u041a\u041d \u041f\u043e\u0434\u0430\u0447\u0430 \u043f\u043e \u0434\u043b\u0438\u043d\u0435 270 \u043c\u043c \u0428\u0438\u0440\u0438\u043d\u0430 60 \u043c\u043c\",\"breadcrumb\":{\"@id\":\"https:\/\/www.solutionsmachinesoutils.com\/produit\/bihler-rm-40\/#breadcrumb\"},\"inLanguage\":\"fr-FR\",\"potentialAction\":[{\"@type\":\"ReadAction\",\"target\":[\"https:\/\/www.solutionsmachinesoutils.com\/produit\/bihler-rm-40\/\"]}]},{\"@type\":\"ImageObject\",\"inLanguage\":\"fr-FR\",\"@id\":\"https:\/\/www.solutionsmachinesoutils.com\/produit\/bihler-rm-40\/#primaryimage\",\"url\":\"https:\/\/www.solutionsmachinesoutils.com\/wp-content\/uploads\/2019\/02\/DSC00054-scaled.jpg\",\"contentUrl\":\"https:\/\/www.solutionsmachinesoutils.com\/wp-content\/uploads\/2019\/02\/DSC00054-scaled.jpg\",\"width\":2560,\"height\":1707},{\"@type\":\"BreadcrumbList\",\"@id\":\"https:\/\/www.solutionsmachinesoutils.com\/produit\/bihler-rm-40\/#breadcrumb\",\"itemListElement\":[{\"@type\":\"ListItem\",\"position\":1,\"name\":\"Accueil\",\"item\":\"https:\/\/www.solutionsmachinesoutils.com\/\"},{\"@type\":\"ListItem\",\"position\":2,\"name\":\"Products\",\"item\":\"https:\/\/www.solutionsmachinesoutils.com\/en\/shop\/\"},{\"@type\":\"ListItem\",\"position\":3,\"name\":\"\u0414\u0440\u0443\u0433\u043e\u0435\",\"item\":\"https:\/\/www.solutionsmachinesoutils.com\/ru\/categorie\/%d0%b4%d1%80%d1%83%d0%b3%d0%be%d0%b5\/\"},{\"@type\":\"ListItem\",\"position\":4,\"name\":\"Machines \u00e0 d\u00e9couper et \u00e0 cambrer les fils\",\"item\":\"https:\/\/www.solutionsmachinesoutils.com\/categorie\/autre\/machines-a-decouper-et-a-cambrer-fils\/\"},{\"@type\":\"ListItem\",\"position\":5,\"name\":\"BIHLER RM 40\"}]},{\"@type\":\"WebSite\",\"@id\":\"https:\/\/www.solutionsmachinesoutils.com\/en\/#website\",\"url\":\"https:\/\/www.solutionsmachinesoutils.com\/en\/\",\"name\":\"Solutions Machines Outils\",\"description\":\"ACHAT-VENTE ET EXPERTISE DE MACHINES-OUTILS\",\"potentialAction\":[{\"@type\":\"SearchAction\",\"target\":{\"@type\":\"EntryPoint\",\"urlTemplate\":\"https:\/\/www.solutionsmachinesoutils.com\/en\/?s={search_term_string}\"},\"query-input\":{\"@type\":\"PropertyValueSpecification\",\"valueRequired\":true,\"valueName\":\"search_term_string\"}}],\"inLanguage\":\"fr-FR\"}]}<\/script>\n<!-- \/ Yoast SEO plugin. -->","yoast_head_json":{"title":"BIHLER RM 40 - Solutions Machines Outils","description":"\u041c\u0430\u0448\u0438\u043d\u0430 \u0434\u043b\u044f \u0448\u0442\u0430\u043c\u043f\u043e\u0432\u043a\u0438 \u0438 \u0444\u043e\u0440\u043c\u0438\u0440\u043e\u0432\u0430\u043d\u0438\u044f \u043d\u0438\u0442\u0435\u0439 \u0438 \u043d\u0435\u0441\u043a\u043e\u043b\u044c\u043a\u0438\u0445 \u043f\u043e\u043b\u043e\u0441\u043e\u043a \u00a8\u0425\u043e\u0434 12 \u043c\u043c \u0421\u0438\u043b\u0430 \u0441\u0433\u0438\u0431\u0430\u043d\u0438\u044f 60 \u041a\u041d \u041f\u043e\u0434\u0430\u0447\u0430 \u043f\u043e \u0434\u043b\u0438\u043d\u0435 270 \u043c\u043c \u0428\u0438\u0440\u0438\u043d\u0430 60 \u043c\u043c","robots":{"index":"index","follow":"follow","max-snippet":"max-snippet:-1","max-image-preview":"max-image-preview:large","max-video-preview":"max-video-preview:-1"},"canonical":"https:\/\/www.solutionsmachinesoutils.com\/produit\/bihler-rm-40\/","og_locale":"fr_FR","og_type":"article","og_title":"BIHLER RM 40 - Solutions Machines Outils","og_description":"\u041c\u0430\u0448\u0438\u043d\u0430 \u0434\u043b\u044f \u0448\u0442\u0430\u043c\u043f\u043e\u0432\u043a\u0438 \u0438 \u0444\u043e\u0440\u043c\u0438\u0440\u043e\u0432\u0430\u043d\u0438\u044f \u043d\u0438\u0442\u0435\u0439 \u0438 \u043d\u0435\u0441\u043a\u043e\u043b\u044c\u043a\u0438\u0445 \u043f\u043e\u043b\u043e\u0441\u043e\u043a \u00a8\u0425\u043e\u0434 12 \u043c\u043c \u0421\u0438\u043b\u0430 \u0441\u0433\u0438\u0431\u0430\u043d\u0438\u044f 60 \u041a\u041d \u041f\u043e\u0434\u0430\u0447\u0430 \u043f\u043e \u0434\u043b\u0438\u043d\u0435 270 \u043c\u043c \u0428\u0438\u0440\u0438\u043d\u0430 60 \u043c\u043c","og_url":"https:\/\/www.solutionsmachinesoutils.com\/produit\/bihler-rm-40\/","og_site_name":"Solutions Machines Outils","article_modified_time":"2021-04-07T07:04:51+00:00","og_image":[{"width":1024,"height":683,"url":"https:\/\/www.solutionsmachinesoutils.com\/wp-content\/uploads\/2019\/02\/DSC00054-1024x683.jpg","type":"image\/jpeg"}],"twitter_card":"summary_large_image","schema":{"@context":"https:\/\/schema.org","@graph":[{"@type":"WebPage","@id":"https:\/\/www.solutionsmachinesoutils.com\/produit\/bihler-rm-40\/","url":"https:\/\/www.solutionsmachinesoutils.com\/produit\/bihler-rm-40\/","name":"BIHLER RM 40 - Solutions Machines Outils","isPartOf":{"@id":"https:\/\/www.solutionsmachinesoutils.com\/en\/#website"},"primaryImageOfPage":{"@id":"https:\/\/www.solutionsmachinesoutils.com\/produit\/bihler-rm-40\/#primaryimage"},"image":{"@id":"https:\/\/www.solutionsmachinesoutils.com\/produit\/bihler-rm-40\/#primaryimage"},"thumbnailUrl":"https:\/\/www.solutionsmachinesoutils.com\/wp-content\/uploads\/2019\/02\/DSC00054-scaled.jpg","datePublished":"2019-05-07T09:00:38+00:00","dateModified":"2021-04-07T07:04:51+00:00","description":"\u041c\u0430\u0448\u0438\u043d\u0430 \u0434\u043b\u044f \u0448\u0442\u0430\u043c\u043f\u043e\u0432\u043a\u0438 \u0438 \u0444\u043e\u0440\u043c\u0438\u0440\u043e\u0432\u0430\u043d\u0438\u044f \u043d\u0438\u0442\u0435\u0439 \u0438 \u043d\u0435\u0441\u043a\u043e\u043b\u044c\u043a\u0438\u0445 \u043f\u043e\u043b\u043e\u0441\u043e\u043a \u00a8\u0425\u043e\u0434 12 \u043c\u043c \u0421\u0438\u043b\u0430 \u0441\u0433\u0438\u0431\u0430\u043d\u0438\u044f 60 \u041a\u041d \u041f\u043e\u0434\u0430\u0447\u0430 \u043f\u043e \u0434\u043b\u0438\u043d\u0435 270 \u043c\u043c \u0428\u0438\u0440\u0438\u043d\u0430 60 \u043c\u043c","breadcrumb":{"@id":"https:\/\/www.solutionsmachinesoutils.com\/produit\/bihler-rm-40\/#breadcrumb"},"inLanguage":"fr-FR","potentialAction":[{"@type":"ReadAction","target":["https:\/\/www.solutionsmachinesoutils.com\/produit\/bihler-rm-40\/"]}]},{"@type":"ImageObject","inLanguage":"fr-FR","@id":"https:\/\/www.solutionsmachinesoutils.com\/produit\/bihler-rm-40\/#primaryimage","url":"https:\/\/www.solutionsmachinesoutils.com\/wp-content\/uploads\/2019\/02\/DSC00054-scaled.jpg","contentUrl":"https:\/\/www.solutionsmachinesoutils.com\/wp-content\/uploads\/2019\/02\/DSC00054-scaled.jpg","width":2560,"height":1707},{"@type":"BreadcrumbList","@id":"https:\/\/www.solutionsmachinesoutils.com\/produit\/bihler-rm-40\/#breadcrumb","itemListElement":[{"@type":"ListItem","position":1,"name":"Accueil","item":"https:\/\/www.solutionsmachinesoutils.com\/"},{"@type":"ListItem","position":2,"name":"Products","item":"https:\/\/www.solutionsmachinesoutils.com\/en\/shop\/"},{"@type":"ListItem","position":3,"name":"\u0414\u0440\u0443\u0433\u043e\u0435","item":"https:\/\/www.solutionsmachinesoutils.com\/ru\/categorie\/%d0%b4%d1%80%d1%83%d0%b3%d0%be%d0%b5\/"},{"@type":"ListItem","position":4,"name":"Machines \u00e0 d\u00e9couper et \u00e0 cambrer les fils","item":"https:\/\/www.solutionsmachinesoutils.com\/categorie\/autre\/machines-a-decouper-et-a-cambrer-fils\/"},{"@type":"ListItem","position":5,"name":"BIHLER RM 40"}]},{"@type":"WebSite","@id":"https:\/\/www.solutionsmachinesoutils.com\/en\/#website","url":"https:\/\/www.solutionsmachinesoutils.com\/en\/","name":"Solutions Machines Outils","description":"ACHAT-VENTE ET EXPERTISE DE MACHINES-OUTILS","potentialAction":[{"@type":"SearchAction","target":{"@type":"EntryPoint","urlTemplate":"https:\/\/www.solutionsmachinesoutils.com\/en\/?s={search_term_string}"},"query-input":{"@type":"PropertyValueSpecification","valueRequired":true,"valueName":"search_term_string"}}],"inLanguage":"fr-FR"}]}},"_links":{"self":[{"href":"https:\/\/www.solutionsmachinesoutils.com\/wp-json\/wp\/v3\/product\/24959","targetHints":{"allow":["GET"]}}],"collection":[{"href":"https:\/\/www.solutionsmachinesoutils.com\/wp-json\/wp\/v3\/product"}],"about":[{"href":"https:\/\/www.solutionsmachinesoutils.com\/wp-json\/wp\/v2\/types\/product"}],"replies":[{"embeddable":true,"href":"https:\/\/www.solutionsmachinesoutils.com\/wp-json\/wp\/v2\/comments?post=24959"}],"wp:featuredmedia":[{"embeddable":true,"href":"https:\/\/www.solutionsmachinesoutils.com\/wp-json\/wp\/v2\/media\/24964"}],"wp:attachment":[{"href":"https:\/\/www.solutionsmachinesoutils.com\/wp-json\/wp\/v2\/media?parent=24959"}],"wp:term":[{"taxonomy":"product_cat","embeddable":true,"href":"https:\/\/www.solutionsmachinesoutils.com\/wp-json\/wp\/v2\/product_cat?post=24959"},{"taxonomy":"product_tag","embeddable":true,"href":"https:\/\/www.solutionsmachinesoutils.com\/wp-json\/wp\/v2\/product_tag?post=24959"},{"taxonomy":"brand_product","embeddable":true,"href":"https:\/\/www.solutionsmachinesoutils.com\/wp-json\/wp\/v2\/brand_product?post=24959"}],"curies":[{"name":"wp","href":"https:\/\/api.w.org\/{rel}","templated":true}]}}