{"id":20308,"date":"2019-03-20T10:10:55","date_gmt":"2019-03-20T09:10:55","guid":{"rendered":"http:\/\/www.solutionsmachinesoutils.com\/produit\/somab-genymab-900\/"},"modified":"2020-01-29T16:18:57","modified_gmt":"2020-01-29T15:18:57","slug":"somab-genymab-900","status":"publish","type":"product","link":"https:\/\/www.solutionsmachinesoutils.com\/nl\/produit\/somab-genymab-900\/","title":{"rendered":"SOMAB GENYMAB 900"},"content":{"rendered":"<p>Broche de tournage 45 kW<\/p>\n<p>\u00f8 maxi rompu 700 mm \u00f8 maxi banc 600 mm<br \/>\n\u00f8 maxi usinage en l&rsquo;air 680 mm<\/p>\n<p>Broche fraisage 14 kW<\/p>\n<p>Indexage tous les 2,5 \u00b0<br \/>\nAxe C<\/p>\n<p>Convoyeur<\/p>\n","protected":false},"excerpt":{"rendered":"<p>Broche de tournage 45 kW \u00f8 maxi rompu 700 mm \u00f8 maxi banc 600 mm \u00f8 maxi usinage en l&rsquo;air 680 mm Broche fraisage 14 kW Indexage tous les 2,5 \u00b0 Axe C Convoyeur<\/p>\n","protected":false},"featured_media":11636,"comment_status":"open","ping_status":"closed","template":"","meta":{"_acf_changed":false},"product_cat":[851,983,904],"product_tag":[],"brand_product":[648],"class_list":["post-20308","product","type-product","status-publish","has-post-thumbnail","hentry","product_cat-draaibanken","product_cat-tornoscnc-nl","product_cat-mechanica","brand_product-somab-nl"],"yoast_head":"<!-- This site is optimized with the Yoast SEO plugin v24.2 - https:\/\/yoast.com\/wordpress\/plugins\/seo\/ -->\n<title>SOMAB GENYMAB 900 - Solutions Machines Outils<\/title>\n<meta name=\"description\" content=\"Broche de tournage 45 kW \u00f8 maxi rompu 700 mm \u00f8 maxi banc 600 mm \u00f8 maxi usinage en l&#039;air 680 mm Broche fraisage 14 kW Indexage tous les 2,5 \u00b0 Axe C\" \/>\n<meta name=\"robots\" content=\"index, follow, max-snippet:-1, max-image-preview:large, max-video-preview:-1\" \/>\n<link rel=\"canonical\" href=\"https:\/\/www.solutionsmachinesoutils.com\/nl\/produit\/somab-genymab-900\/\" \/>\n<meta property=\"og:locale\" content=\"fr_FR\" \/>\n<meta property=\"og:type\" content=\"article\" \/>\n<meta property=\"og:title\" content=\"SOMAB GENYMAB 900 - Solutions Machines Outils\" \/>\n<meta property=\"og:description\" content=\"Broche de tournage 45 kW \u00f8 maxi rompu 700 mm \u00f8 maxi banc 600 mm \u00f8 maxi usinage en l&#039;air 680 mm Broche fraisage 14 kW Indexage tous les 2,5 \u00b0 Axe C\" \/>\n<meta property=\"og:url\" content=\"https:\/\/www.solutionsmachinesoutils.com\/nl\/produit\/somab-genymab-900\/\" \/>\n<meta property=\"og:site_name\" content=\"Solutions Machines Outils\" \/>\n<meta property=\"article:modified_time\" content=\"2020-01-29T15:18:57+00:00\" \/>\n<meta property=\"og:image\" content=\"https:\/\/www.solutionsmachinesoutils.com\/wp-content\/uploads\/2017\/12\/1-3.jpg\" \/>\n\t<meta property=\"og:image:width\" content=\"1385\" \/>\n\t<meta property=\"og:image:height\" content=\"779\" \/>\n\t<meta property=\"og:image:type\" content=\"image\/jpeg\" \/>\n<meta name=\"twitter:card\" content=\"summary_large_image\" \/>\n<script type=\"application\/ld+json\" class=\"yoast-schema-graph\">{\"@context\":\"https:\/\/schema.org\",\"@graph\":[{\"@type\":\"WebPage\",\"@id\":\"https:\/\/www.solutionsmachinesoutils.com\/nl\/produit\/somab-genymab-900\/\",\"url\":\"https:\/\/www.solutionsmachinesoutils.com\/nl\/produit\/somab-genymab-900\/\",\"name\":\"SOMAB GENYMAB 900 - Solutions Machines Outils\",\"isPartOf\":{\"@id\":\"https:\/\/www.solutionsmachinesoutils.com\/en\/#website\"},\"primaryImageOfPage\":{\"@id\":\"https:\/\/www.solutionsmachinesoutils.com\/nl\/produit\/somab-genymab-900\/#primaryimage\"},\"image\":{\"@id\":\"https:\/\/www.solutionsmachinesoutils.com\/nl\/produit\/somab-genymab-900\/#primaryimage\"},\"thumbnailUrl\":\"https:\/\/www.solutionsmachinesoutils.com\/wp-content\/uploads\/2017\/12\/1-3.jpg\",\"datePublished\":\"2019-03-20T09:10:55+00:00\",\"dateModified\":\"2020-01-29T15:18:57+00:00\",\"description\":\"Broche de tournage 45 kW \u00f8 maxi rompu 700 mm \u00f8 maxi banc 600 mm \u00f8 maxi usinage en l'air 680 mm Broche fraisage 14 kW Indexage tous les 2,5 \u00b0 Axe C\",\"breadcrumb\":{\"@id\":\"https:\/\/www.solutionsmachinesoutils.com\/nl\/produit\/somab-genymab-900\/#breadcrumb\"},\"inLanguage\":\"fr-FR\",\"potentialAction\":[{\"@type\":\"ReadAction\",\"target\":[\"https:\/\/www.solutionsmachinesoutils.com\/nl\/produit\/somab-genymab-900\/\"]}]},{\"@type\":\"ImageObject\",\"inLanguage\":\"fr-FR\",\"@id\":\"https:\/\/www.solutionsmachinesoutils.com\/nl\/produit\/somab-genymab-900\/#primaryimage\",\"url\":\"https:\/\/www.solutionsmachinesoutils.com\/wp-content\/uploads\/2017\/12\/1-3.jpg\",\"contentUrl\":\"https:\/\/www.solutionsmachinesoutils.com\/wp-content\/uploads\/2017\/12\/1-3.jpg\",\"width\":1385,\"height\":779},{\"@type\":\"BreadcrumbList\",\"@id\":\"https:\/\/www.solutionsmachinesoutils.com\/nl\/produit\/somab-genymab-900\/#breadcrumb\",\"itemListElement\":[{\"@type\":\"ListItem\",\"position\":1,\"name\":\"Accueil\",\"item\":\"https:\/\/www.solutionsmachinesoutils.com\/\"},{\"@type\":\"ListItem\",\"position\":2,\"name\":\"Products\",\"item\":\"https:\/\/www.solutionsmachinesoutils.com\/en\/shop\/\"},{\"@type\":\"ListItem\",\"position\":3,\"name\":\"Mechanica\",\"item\":\"https:\/\/www.solutionsmachinesoutils.com\/nl\/categorie\/mecanica-es-nl\/\"},{\"@type\":\"ListItem\",\"position\":4,\"name\":\"Draaibanken\",\"item\":\"https:\/\/www.solutionsmachinesoutils.com\/nl\/categorie\/mechanica\/tours-2-nl\/\"},{\"@type\":\"ListItem\",\"position\":5,\"name\":\"Draaibanken CNC\",\"item\":\"https:\/\/www.solutionsmachinesoutils.com\/nl\/categorie\/mechanica\/draaibanken\/tornoscnc-nl\/\"},{\"@type\":\"ListItem\",\"position\":6,\"name\":\"SOMAB GENYMAB 900\"}]},{\"@type\":\"WebSite\",\"@id\":\"https:\/\/www.solutionsmachinesoutils.com\/en\/#website\",\"url\":\"https:\/\/www.solutionsmachinesoutils.com\/en\/\",\"name\":\"Solutions Machines Outils\",\"description\":\"ACHAT-VENTE ET EXPERTISE DE MACHINES-OUTILS\",\"potentialAction\":[{\"@type\":\"SearchAction\",\"target\":{\"@type\":\"EntryPoint\",\"urlTemplate\":\"https:\/\/www.solutionsmachinesoutils.com\/en\/?s={search_term_string}\"},\"query-input\":{\"@type\":\"PropertyValueSpecification\",\"valueRequired\":true,\"valueName\":\"search_term_string\"}}],\"inLanguage\":\"fr-FR\"}]}<\/script>\n<!-- \/ Yoast SEO plugin. -->","yoast_head_json":{"title":"SOMAB GENYMAB 900 - Solutions Machines Outils","description":"Broche de tournage 45 kW \u00f8 maxi rompu 700 mm \u00f8 maxi banc 600 mm \u00f8 maxi usinage en l'air 680 mm Broche fraisage 14 kW Indexage tous les 2,5 \u00b0 Axe C","robots":{"index":"index","follow":"follow","max-snippet":"max-snippet:-1","max-image-preview":"max-image-preview:large","max-video-preview":"max-video-preview:-1"},"canonical":"https:\/\/www.solutionsmachinesoutils.com\/nl\/produit\/somab-genymab-900\/","og_locale":"fr_FR","og_type":"article","og_title":"SOMAB GENYMAB 900 - Solutions Machines Outils","og_description":"Broche de tournage 45 kW \u00f8 maxi rompu 700 mm \u00f8 maxi banc 600 mm \u00f8 maxi usinage en l'air 680 mm Broche fraisage 14 kW Indexage tous les 2,5 \u00b0 Axe C","og_url":"https:\/\/www.solutionsmachinesoutils.com\/nl\/produit\/somab-genymab-900\/","og_site_name":"Solutions Machines Outils","article_modified_time":"2020-01-29T15:18:57+00:00","og_image":[{"width":1385,"height":779,"url":"https:\/\/www.solutionsmachinesoutils.com\/wp-content\/uploads\/2017\/12\/1-3.jpg","type":"image\/jpeg"}],"twitter_card":"summary_large_image","schema":{"@context":"https:\/\/schema.org","@graph":[{"@type":"WebPage","@id":"https:\/\/www.solutionsmachinesoutils.com\/nl\/produit\/somab-genymab-900\/","url":"https:\/\/www.solutionsmachinesoutils.com\/nl\/produit\/somab-genymab-900\/","name":"SOMAB GENYMAB 900 - Solutions Machines Outils","isPartOf":{"@id":"https:\/\/www.solutionsmachinesoutils.com\/en\/#website"},"primaryImageOfPage":{"@id":"https:\/\/www.solutionsmachinesoutils.com\/nl\/produit\/somab-genymab-900\/#primaryimage"},"image":{"@id":"https:\/\/www.solutionsmachinesoutils.com\/nl\/produit\/somab-genymab-900\/#primaryimage"},"thumbnailUrl":"https:\/\/www.solutionsmachinesoutils.com\/wp-content\/uploads\/2017\/12\/1-3.jpg","datePublished":"2019-03-20T09:10:55+00:00","dateModified":"2020-01-29T15:18:57+00:00","description":"Broche de tournage 45 kW \u00f8 maxi rompu 700 mm \u00f8 maxi banc 600 mm \u00f8 maxi usinage en l'air 680 mm Broche fraisage 14 kW Indexage tous les 2,5 \u00b0 Axe C","breadcrumb":{"@id":"https:\/\/www.solutionsmachinesoutils.com\/nl\/produit\/somab-genymab-900\/#breadcrumb"},"inLanguage":"fr-FR","potentialAction":[{"@type":"ReadAction","target":["https:\/\/www.solutionsmachinesoutils.com\/nl\/produit\/somab-genymab-900\/"]}]},{"@type":"ImageObject","inLanguage":"fr-FR","@id":"https:\/\/www.solutionsmachinesoutils.com\/nl\/produit\/somab-genymab-900\/#primaryimage","url":"https:\/\/www.solutionsmachinesoutils.com\/wp-content\/uploads\/2017\/12\/1-3.jpg","contentUrl":"https:\/\/www.solutionsmachinesoutils.com\/wp-content\/uploads\/2017\/12\/1-3.jpg","width":1385,"height":779},{"@type":"BreadcrumbList","@id":"https:\/\/www.solutionsmachinesoutils.com\/nl\/produit\/somab-genymab-900\/#breadcrumb","itemListElement":[{"@type":"ListItem","position":1,"name":"Accueil","item":"https:\/\/www.solutionsmachinesoutils.com\/"},{"@type":"ListItem","position":2,"name":"Products","item":"https:\/\/www.solutionsmachinesoutils.com\/en\/shop\/"},{"@type":"ListItem","position":3,"name":"Mechanica","item":"https:\/\/www.solutionsmachinesoutils.com\/nl\/categorie\/mecanica-es-nl\/"},{"@type":"ListItem","position":4,"name":"Draaibanken","item":"https:\/\/www.solutionsmachinesoutils.com\/nl\/categorie\/mechanica\/tours-2-nl\/"},{"@type":"ListItem","position":5,"name":"Draaibanken CNC","item":"https:\/\/www.solutionsmachinesoutils.com\/nl\/categorie\/mechanica\/draaibanken\/tornoscnc-nl\/"},{"@type":"ListItem","position":6,"name":"SOMAB GENYMAB 900"}]},{"@type":"WebSite","@id":"https:\/\/www.solutionsmachinesoutils.com\/en\/#website","url":"https:\/\/www.solutionsmachinesoutils.com\/en\/","name":"Solutions Machines Outils","description":"ACHAT-VENTE ET EXPERTISE DE MACHINES-OUTILS","potentialAction":[{"@type":"SearchAction","target":{"@type":"EntryPoint","urlTemplate":"https:\/\/www.solutionsmachinesoutils.com\/en\/?s={search_term_string}"},"query-input":{"@type":"PropertyValueSpecification","valueRequired":true,"valueName":"search_term_string"}}],"inLanguage":"fr-FR"}]}},"_links":{"self":[{"href":"https:\/\/www.solutionsmachinesoutils.com\/wp-json\/wp\/v3\/product\/20308","targetHints":{"allow":["GET"]}}],"collection":[{"href":"https:\/\/www.solutionsmachinesoutils.com\/wp-json\/wp\/v3\/product"}],"about":[{"href":"https:\/\/www.solutionsmachinesoutils.com\/wp-json\/wp\/v2\/types\/product"}],"replies":[{"embeddable":true,"href":"https:\/\/www.solutionsmachinesoutils.com\/wp-json\/wp\/v2\/comments?post=20308"}],"wp:featuredmedia":[{"embeddable":true,"href":"https:\/\/www.solutionsmachinesoutils.com\/wp-json\/wp\/v2\/media\/11636"}],"wp:attachment":[{"href":"https:\/\/www.solutionsmachinesoutils.com\/wp-json\/wp\/v2\/media?parent=20308"}],"wp:term":[{"taxonomy":"product_cat","embeddable":true,"href":"https:\/\/www.solutionsmachinesoutils.com\/wp-json\/wp\/v2\/product_cat?post=20308"},{"taxonomy":"product_tag","embeddable":true,"href":"https:\/\/www.solutionsmachinesoutils.com\/wp-json\/wp\/v2\/product_tag?post=20308"},{"taxonomy":"brand_product","embeddable":true,"href":"https:\/\/www.solutionsmachinesoutils.com\/wp-json\/wp\/v2\/brand_product?post=20308"}],"curies":[{"name":"wp","href":"https:\/\/api.w.org\/{rel}","templated":true}]}}