{"id":20235,"date":"2019-03-20T09:03:05","date_gmt":"2019-03-20T08:03:05","guid":{"rendered":"http:\/\/www.solutionsmachinesoutils.com\/?post_type=product&#038;p=10369"},"modified":"2020-01-29T14:20:03","modified_gmt":"2020-01-29T13:20:03","slug":"presse-ross-160t-r2m2b2","status":"publish","type":"product","link":"https:\/\/www.solutionsmachinesoutils.com\/nl\/produit\/presse-ross-160t-r2m2b2\/","title":{"rendered":"PRESSE ROSS 160T R2M2B2"},"content":{"rendered":"<p><iframe loading=\"lazy\" title=\"PRESSE ROSS 160T R2M2B2\" width=\"500\" height=\"281\" src=\"https:\/\/www.youtube.com\/embed\/DHp1rUQgy04?feature=oembed\" frameborder=\"0\" allow=\"accelerometer; autoplay; clipboard-write; encrypted-media; gyroscope; picture-in-picture; web-share\" referrerpolicy=\"strict-origin-when-cross-origin\" allowfullscreen><\/iframe><\/p>\n<p>S\u00e9curit\u00e9 hydraulique ;<br \/>\nCylindres \u00e9quilibreurs ;<br \/>\nBarri\u00e8res pneumatiques ;<br \/>\nR\u00e9glage du coulisseau motoris\u00e9 ;<br \/>\nLubrification automatique.<\/p>\n","protected":false},"excerpt":{"rendered":"<p>S\u00e9curit\u00e9 hydraulique ; Cylindres \u00e9quilibreurs ; Barri\u00e8res pneumatiques ; R\u00e9glage du coulisseau motoris\u00e9 ; Lubrification automatique.<\/p>\n","protected":false},"featured_media":10395,"comment_status":"open","ping_status":"closed","template":"","meta":{"_acf_changed":false},"product_cat":[948,918],"product_tag":[],"brand_product":[1024],"class_list":["post-20235","product","type-product","status-publish","has-post-thumbnail","hentry","product_cat-prensa-nl","product_cat-chapa-nl","brand_product-presse-ross-nl"],"yoast_head":"<!-- This site is optimized with the Yoast SEO plugin v24.2 - https:\/\/yoast.com\/wordpress\/plugins\/seo\/ -->\n<title>PRESSE ROSS 160T R2M2B2 - Solutions Machines Outils<\/title>\n<meta name=\"description\" content=\"S\u00e9curit\u00e9 hydraulique ; Cylindres \u00e9quilibreurs ; Barri\u00e8res pneumatiques ; R\u00e9glage du coulisseau motoris\u00e9 ; Lubrification automatique.\" \/>\n<meta name=\"robots\" content=\"index, follow, max-snippet:-1, max-image-preview:large, max-video-preview:-1\" \/>\n<link rel=\"canonical\" href=\"https:\/\/www.solutionsmachinesoutils.com\/nl\/produit\/presse-ross-160t-r2m2b2\/\" \/>\n<meta property=\"og:locale\" content=\"fr_FR\" \/>\n<meta property=\"og:type\" content=\"article\" \/>\n<meta property=\"og:title\" content=\"PRESSE ROSS 160T R2M2B2 - Solutions Machines Outils\" \/>\n<meta property=\"og:description\" content=\"S\u00e9curit\u00e9 hydraulique ; Cylindres \u00e9quilibreurs ; Barri\u00e8res pneumatiques ; R\u00e9glage du coulisseau motoris\u00e9 ; Lubrification automatique.\" \/>\n<meta property=\"og:url\" content=\"https:\/\/www.solutionsmachinesoutils.com\/nl\/produit\/presse-ross-160t-r2m2b2\/\" \/>\n<meta property=\"og:site_name\" content=\"Solutions Machines Outils\" \/>\n<meta property=\"article:modified_time\" content=\"2020-01-29T13:20:03+00:00\" \/>\n<meta property=\"og:image\" content=\"https:\/\/www.solutionsmachinesoutils.com\/wp-content\/uploads\/2018\/05\/ROS-2.jpg\" \/>\n\t<meta property=\"og:image:width\" content=\"1512\" \/>\n\t<meta property=\"og:image:height\" content=\"2016\" \/>\n\t<meta property=\"og:image:type\" content=\"image\/jpeg\" \/>\n<meta name=\"twitter:card\" content=\"summary_large_image\" \/>\n<script type=\"application\/ld+json\" class=\"yoast-schema-graph\">{\"@context\":\"https:\/\/schema.org\",\"@graph\":[{\"@type\":\"WebPage\",\"@id\":\"https:\/\/www.solutionsmachinesoutils.com\/nl\/produit\/presse-ross-160t-r2m2b2\/\",\"url\":\"https:\/\/www.solutionsmachinesoutils.com\/nl\/produit\/presse-ross-160t-r2m2b2\/\",\"name\":\"PRESSE ROSS 160T R2M2B2 - Solutions Machines Outils\",\"isPartOf\":{\"@id\":\"https:\/\/www.solutionsmachinesoutils.com\/en\/#website\"},\"primaryImageOfPage\":{\"@id\":\"https:\/\/www.solutionsmachinesoutils.com\/nl\/produit\/presse-ross-160t-r2m2b2\/#primaryimage\"},\"image\":{\"@id\":\"https:\/\/www.solutionsmachinesoutils.com\/nl\/produit\/presse-ross-160t-r2m2b2\/#primaryimage\"},\"thumbnailUrl\":\"https:\/\/www.solutionsmachinesoutils.com\/wp-content\/uploads\/2018\/05\/ROS-2-rotated.jpg\",\"datePublished\":\"2019-03-20T08:03:05+00:00\",\"dateModified\":\"2020-01-29T13:20:03+00:00\",\"description\":\"S\u00e9curit\u00e9 hydraulique ; Cylindres \u00e9quilibreurs ; Barri\u00e8res pneumatiques ; R\u00e9glage du coulisseau motoris\u00e9 ; Lubrification automatique.\",\"breadcrumb\":{\"@id\":\"https:\/\/www.solutionsmachinesoutils.com\/nl\/produit\/presse-ross-160t-r2m2b2\/#breadcrumb\"},\"inLanguage\":\"fr-FR\",\"potentialAction\":[{\"@type\":\"ReadAction\",\"target\":[\"https:\/\/www.solutionsmachinesoutils.com\/nl\/produit\/presse-ross-160t-r2m2b2\/\"]}]},{\"@type\":\"ImageObject\",\"inLanguage\":\"fr-FR\",\"@id\":\"https:\/\/www.solutionsmachinesoutils.com\/nl\/produit\/presse-ross-160t-r2m2b2\/#primaryimage\",\"url\":\"https:\/\/www.solutionsmachinesoutils.com\/wp-content\/uploads\/2018\/05\/ROS-2-rotated.jpg\",\"contentUrl\":\"https:\/\/www.solutionsmachinesoutils.com\/wp-content\/uploads\/2018\/05\/ROS-2-rotated.jpg\",\"width\":1512,\"height\":2016},{\"@type\":\"BreadcrumbList\",\"@id\":\"https:\/\/www.solutionsmachinesoutils.com\/nl\/produit\/presse-ross-160t-r2m2b2\/#breadcrumb\",\"itemListElement\":[{\"@type\":\"ListItem\",\"position\":1,\"name\":\"Accueil\",\"item\":\"https:\/\/www.solutionsmachinesoutils.com\/\"},{\"@type\":\"ListItem\",\"position\":2,\"name\":\"Products\",\"item\":\"https:\/\/www.solutionsmachinesoutils.com\/en\/shop\/\"},{\"@type\":\"ListItem\",\"position\":3,\"name\":\"Plaatwerk\",\"item\":\"https:\/\/www.solutionsmachinesoutils.com\/nl\/categorie\/chapa-nl\/\"},{\"@type\":\"ListItem\",\"position\":4,\"name\":\"Persen\",\"item\":\"https:\/\/www.solutionsmachinesoutils.com\/nl\/categorie\/chapa-nl\/prensa-nl\/\"},{\"@type\":\"ListItem\",\"position\":5,\"name\":\"PRESSE ROSS 160T R2M2B2\"}]},{\"@type\":\"WebSite\",\"@id\":\"https:\/\/www.solutionsmachinesoutils.com\/en\/#website\",\"url\":\"https:\/\/www.solutionsmachinesoutils.com\/en\/\",\"name\":\"Solutions Machines Outils\",\"description\":\"ACHAT-VENTE ET EXPERTISE DE MACHINES-OUTILS\",\"potentialAction\":[{\"@type\":\"SearchAction\",\"target\":{\"@type\":\"EntryPoint\",\"urlTemplate\":\"https:\/\/www.solutionsmachinesoutils.com\/en\/?s={search_term_string}\"},\"query-input\":{\"@type\":\"PropertyValueSpecification\",\"valueRequired\":true,\"valueName\":\"search_term_string\"}}],\"inLanguage\":\"fr-FR\"}]}<\/script>\n<!-- \/ Yoast SEO plugin. -->","yoast_head_json":{"title":"PRESSE ROSS 160T R2M2B2 - Solutions Machines Outils","description":"S\u00e9curit\u00e9 hydraulique ; Cylindres \u00e9quilibreurs ; Barri\u00e8res pneumatiques ; R\u00e9glage du coulisseau motoris\u00e9 ; Lubrification automatique.","robots":{"index":"index","follow":"follow","max-snippet":"max-snippet:-1","max-image-preview":"max-image-preview:large","max-video-preview":"max-video-preview:-1"},"canonical":"https:\/\/www.solutionsmachinesoutils.com\/nl\/produit\/presse-ross-160t-r2m2b2\/","og_locale":"fr_FR","og_type":"article","og_title":"PRESSE ROSS 160T R2M2B2 - Solutions Machines Outils","og_description":"S\u00e9curit\u00e9 hydraulique ; Cylindres \u00e9quilibreurs ; Barri\u00e8res pneumatiques ; R\u00e9glage du coulisseau motoris\u00e9 ; Lubrification automatique.","og_url":"https:\/\/www.solutionsmachinesoutils.com\/nl\/produit\/presse-ross-160t-r2m2b2\/","og_site_name":"Solutions Machines Outils","article_modified_time":"2020-01-29T13:20:03+00:00","og_image":[{"width":1512,"height":2016,"url":"https:\/\/www.solutionsmachinesoutils.com\/wp-content\/uploads\/2018\/05\/ROS-2.jpg","type":"image\/jpeg"}],"twitter_card":"summary_large_image","schema":{"@context":"https:\/\/schema.org","@graph":[{"@type":"WebPage","@id":"https:\/\/www.solutionsmachinesoutils.com\/nl\/produit\/presse-ross-160t-r2m2b2\/","url":"https:\/\/www.solutionsmachinesoutils.com\/nl\/produit\/presse-ross-160t-r2m2b2\/","name":"PRESSE ROSS 160T R2M2B2 - Solutions Machines Outils","isPartOf":{"@id":"https:\/\/www.solutionsmachinesoutils.com\/en\/#website"},"primaryImageOfPage":{"@id":"https:\/\/www.solutionsmachinesoutils.com\/nl\/produit\/presse-ross-160t-r2m2b2\/#primaryimage"},"image":{"@id":"https:\/\/www.solutionsmachinesoutils.com\/nl\/produit\/presse-ross-160t-r2m2b2\/#primaryimage"},"thumbnailUrl":"https:\/\/www.solutionsmachinesoutils.com\/wp-content\/uploads\/2018\/05\/ROS-2-rotated.jpg","datePublished":"2019-03-20T08:03:05+00:00","dateModified":"2020-01-29T13:20:03+00:00","description":"S\u00e9curit\u00e9 hydraulique ; Cylindres \u00e9quilibreurs ; Barri\u00e8res pneumatiques ; R\u00e9glage du coulisseau motoris\u00e9 ; Lubrification automatique.","breadcrumb":{"@id":"https:\/\/www.solutionsmachinesoutils.com\/nl\/produit\/presse-ross-160t-r2m2b2\/#breadcrumb"},"inLanguage":"fr-FR","potentialAction":[{"@type":"ReadAction","target":["https:\/\/www.solutionsmachinesoutils.com\/nl\/produit\/presse-ross-160t-r2m2b2\/"]}]},{"@type":"ImageObject","inLanguage":"fr-FR","@id":"https:\/\/www.solutionsmachinesoutils.com\/nl\/produit\/presse-ross-160t-r2m2b2\/#primaryimage","url":"https:\/\/www.solutionsmachinesoutils.com\/wp-content\/uploads\/2018\/05\/ROS-2-rotated.jpg","contentUrl":"https:\/\/www.solutionsmachinesoutils.com\/wp-content\/uploads\/2018\/05\/ROS-2-rotated.jpg","width":1512,"height":2016},{"@type":"BreadcrumbList","@id":"https:\/\/www.solutionsmachinesoutils.com\/nl\/produit\/presse-ross-160t-r2m2b2\/#breadcrumb","itemListElement":[{"@type":"ListItem","position":1,"name":"Accueil","item":"https:\/\/www.solutionsmachinesoutils.com\/"},{"@type":"ListItem","position":2,"name":"Products","item":"https:\/\/www.solutionsmachinesoutils.com\/en\/shop\/"},{"@type":"ListItem","position":3,"name":"Plaatwerk","item":"https:\/\/www.solutionsmachinesoutils.com\/nl\/categorie\/chapa-nl\/"},{"@type":"ListItem","position":4,"name":"Persen","item":"https:\/\/www.solutionsmachinesoutils.com\/nl\/categorie\/chapa-nl\/prensa-nl\/"},{"@type":"ListItem","position":5,"name":"PRESSE ROSS 160T R2M2B2"}]},{"@type":"WebSite","@id":"https:\/\/www.solutionsmachinesoutils.com\/en\/#website","url":"https:\/\/www.solutionsmachinesoutils.com\/en\/","name":"Solutions Machines Outils","description":"ACHAT-VENTE ET EXPERTISE DE MACHINES-OUTILS","potentialAction":[{"@type":"SearchAction","target":{"@type":"EntryPoint","urlTemplate":"https:\/\/www.solutionsmachinesoutils.com\/en\/?s={search_term_string}"},"query-input":{"@type":"PropertyValueSpecification","valueRequired":true,"valueName":"search_term_string"}}],"inLanguage":"fr-FR"}]}},"_links":{"self":[{"href":"https:\/\/www.solutionsmachinesoutils.com\/wp-json\/wp\/v3\/product\/20235","targetHints":{"allow":["GET"]}}],"collection":[{"href":"https:\/\/www.solutionsmachinesoutils.com\/wp-json\/wp\/v3\/product"}],"about":[{"href":"https:\/\/www.solutionsmachinesoutils.com\/wp-json\/wp\/v2\/types\/product"}],"replies":[{"embeddable":true,"href":"https:\/\/www.solutionsmachinesoutils.com\/wp-json\/wp\/v2\/comments?post=20235"}],"wp:featuredmedia":[{"embeddable":true,"href":"https:\/\/www.solutionsmachinesoutils.com\/wp-json\/wp\/v2\/media\/10395"}],"wp:attachment":[{"href":"https:\/\/www.solutionsmachinesoutils.com\/wp-json\/wp\/v2\/media?parent=20235"}],"wp:term":[{"taxonomy":"product_cat","embeddable":true,"href":"https:\/\/www.solutionsmachinesoutils.com\/wp-json\/wp\/v2\/product_cat?post=20235"},{"taxonomy":"product_tag","embeddable":true,"href":"https:\/\/www.solutionsmachinesoutils.com\/wp-json\/wp\/v2\/product_tag?post=20235"},{"taxonomy":"brand_product","embeddable":true,"href":"https:\/\/www.solutionsmachinesoutils.com\/wp-json\/wp\/v2\/brand_product?post=20235"}],"curies":[{"name":"wp","href":"https:\/\/api.w.org\/{rel}","templated":true}]}}