{"id":22207,"date":"2019-04-15T13:35:28","date_gmt":"2019-04-15T12:35:28","guid":{"rendered":"http:\/\/www.solutionsmachinesoutils.com\/produit\/somab-genymab-900\/"},"modified":"2019-05-14T13:30:58","modified_gmt":"2019-05-14T12:30:58","slug":"somab-genymab-900","status":"publish","type":"product","link":"https:\/\/www.solutionsmachinesoutils.com\/it\/produit\/somab-genymab-900\/","title":{"rendered":"SOMAB GENYMAB 900"},"content":{"rendered":"<p>Mandrino del giro 45 kW<\/p>\n<p>\u00f8 maxi rotto 700 mm \u00f8 maxi banco 600 mm<br \/>\n\u00f8 maxi uso in aria 680 mm<\/p>\n<p>Mandrino fresatura 14 kW<\/p>\n<p>Indizzizazione ogni 2,5 \u00b0<br \/>\nAsse C<\/p>\n<p>Transportatore<\/p>\n","protected":false},"excerpt":{"rendered":"<p>Mandrino del giro 45 kW \u00f8 maxi rotto 700 mm \u00f8 maxi banco 600 mm \u00f8 maxi uso in aria 680 mm Mandrino fresatura 14 kW Indizzizazione ogni 2,5 \u00b0 Asse C Transportatore<\/p>\n","protected":false},"featured_media":22236,"comment_status":"open","ping_status":"closed","template":"","meta":{"_acf_changed":false},"product_cat":[1612,1585,1606],"product_tag":[],"brand_product":[1961],"class_list":["post-22207","product","type-product","status-publish","has-post-thumbnail","hentry","product_cat-cnc-lathes-it","product_cat-meccanica","product_cat-torni","brand_product-somab-it"],"yoast_head":"<!-- This site is optimized with the Yoast SEO plugin v24.2 - https:\/\/yoast.com\/wordpress\/plugins\/seo\/ -->\n<title>SOMAB GENYMAB 900 - Solutions Machines Outils<\/title>\n<meta name=\"description\" content=\"Mandrino del giro 45 kW \u00f8 maxi rotto 700 mm \u00f8 maxi banco 600 mm \u00f8 maxi uso in aria 680 mm Mandrino fresatura 14 kW Indizzizazione ogni 2,5 \u00b0 Asse C\" \/>\n<meta name=\"robots\" content=\"index, follow, max-snippet:-1, max-image-preview:large, max-video-preview:-1\" \/>\n<link rel=\"canonical\" href=\"https:\/\/www.solutionsmachinesoutils.com\/it\/produit\/somab-genymab-900\/\" \/>\n<meta property=\"og:locale\" content=\"fr_FR\" \/>\n<meta property=\"og:type\" content=\"article\" \/>\n<meta property=\"og:title\" content=\"SOMAB GENYMAB 900 - Solutions Machines Outils\" \/>\n<meta property=\"og:description\" content=\"Mandrino del giro 45 kW \u00f8 maxi rotto 700 mm \u00f8 maxi banco 600 mm \u00f8 maxi uso in aria 680 mm Mandrino fresatura 14 kW Indizzizazione ogni 2,5 \u00b0 Asse C\" \/>\n<meta property=\"og:url\" content=\"https:\/\/www.solutionsmachinesoutils.com\/it\/produit\/somab-genymab-900\/\" \/>\n<meta property=\"og:site_name\" content=\"Solutions Machines Outils\" \/>\n<meta property=\"article:modified_time\" content=\"2019-05-14T12:30:58+00:00\" \/>\n<meta property=\"og:image\" content=\"https:\/\/www.solutionsmachinesoutils.com\/wp-content\/uploads\/2017\/12\/1-3.jpg\" \/>\n\t<meta property=\"og:image:width\" content=\"1385\" \/>\n\t<meta property=\"og:image:height\" content=\"779\" \/>\n\t<meta property=\"og:image:type\" content=\"image\/jpeg\" \/>\n<meta name=\"twitter:card\" content=\"summary_large_image\" \/>\n<script type=\"application\/ld+json\" class=\"yoast-schema-graph\">{\"@context\":\"https:\/\/schema.org\",\"@graph\":[{\"@type\":\"WebPage\",\"@id\":\"https:\/\/www.solutionsmachinesoutils.com\/it\/produit\/somab-genymab-900\/\",\"url\":\"https:\/\/www.solutionsmachinesoutils.com\/it\/produit\/somab-genymab-900\/\",\"name\":\"SOMAB GENYMAB 900 - Solutions Machines Outils\",\"isPartOf\":{\"@id\":\"https:\/\/www.solutionsmachinesoutils.com\/en\/#website\"},\"primaryImageOfPage\":{\"@id\":\"https:\/\/www.solutionsmachinesoutils.com\/it\/produit\/somab-genymab-900\/#primaryimage\"},\"image\":{\"@id\":\"https:\/\/www.solutionsmachinesoutils.com\/it\/produit\/somab-genymab-900\/#primaryimage\"},\"thumbnailUrl\":\"https:\/\/www.solutionsmachinesoutils.com\/wp-content\/uploads\/2017\/12\/1-3.jpg\",\"datePublished\":\"2019-04-15T12:35:28+00:00\",\"dateModified\":\"2019-05-14T12:30:58+00:00\",\"description\":\"Mandrino del giro 45 kW \u00f8 maxi rotto 700 mm \u00f8 maxi banco 600 mm \u00f8 maxi uso in aria 680 mm Mandrino fresatura 14 kW Indizzizazione ogni 2,5 \u00b0 Asse C\",\"breadcrumb\":{\"@id\":\"https:\/\/www.solutionsmachinesoutils.com\/it\/produit\/somab-genymab-900\/#breadcrumb\"},\"inLanguage\":\"fr-FR\",\"potentialAction\":[{\"@type\":\"ReadAction\",\"target\":[\"https:\/\/www.solutionsmachinesoutils.com\/it\/produit\/somab-genymab-900\/\"]}]},{\"@type\":\"ImageObject\",\"inLanguage\":\"fr-FR\",\"@id\":\"https:\/\/www.solutionsmachinesoutils.com\/it\/produit\/somab-genymab-900\/#primaryimage\",\"url\":\"https:\/\/www.solutionsmachinesoutils.com\/wp-content\/uploads\/2017\/12\/1-3.jpg\",\"contentUrl\":\"https:\/\/www.solutionsmachinesoutils.com\/wp-content\/uploads\/2017\/12\/1-3.jpg\",\"width\":1385,\"height\":779},{\"@type\":\"BreadcrumbList\",\"@id\":\"https:\/\/www.solutionsmachinesoutils.com\/it\/produit\/somab-genymab-900\/#breadcrumb\",\"itemListElement\":[{\"@type\":\"ListItem\",\"position\":1,\"name\":\"Accueil\",\"item\":\"https:\/\/www.solutionsmachinesoutils.com\/\"},{\"@type\":\"ListItem\",\"position\":2,\"name\":\"Products\",\"item\":\"https:\/\/www.solutionsmachinesoutils.com\/en\/shop\/\"},{\"@type\":\"ListItem\",\"position\":3,\"name\":\"Meccanica\",\"item\":\"https:\/\/www.solutionsmachinesoutils.com\/it\/categorie\/meccanica\/\"},{\"@type\":\"ListItem\",\"position\":4,\"name\":\"Torni\",\"item\":\"https:\/\/www.solutionsmachinesoutils.com\/it\/categorie\/meccanica\/torni\/\"},{\"@type\":\"ListItem\",\"position\":5,\"name\":\"CNC Lathes\",\"item\":\"https:\/\/www.solutionsmachinesoutils.com\/it\/categorie\/meccanica\/torni\/cnc-lathes-it\/\"},{\"@type\":\"ListItem\",\"position\":6,\"name\":\"SOMAB GENYMAB 900\"}]},{\"@type\":\"WebSite\",\"@id\":\"https:\/\/www.solutionsmachinesoutils.com\/en\/#website\",\"url\":\"https:\/\/www.solutionsmachinesoutils.com\/en\/\",\"name\":\"Solutions Machines Outils\",\"description\":\"ACHAT-VENTE ET EXPERTISE DE MACHINES-OUTILS\",\"potentialAction\":[{\"@type\":\"SearchAction\",\"target\":{\"@type\":\"EntryPoint\",\"urlTemplate\":\"https:\/\/www.solutionsmachinesoutils.com\/en\/?s={search_term_string}\"},\"query-input\":{\"@type\":\"PropertyValueSpecification\",\"valueRequired\":true,\"valueName\":\"search_term_string\"}}],\"inLanguage\":\"fr-FR\"}]}<\/script>\n<!-- \/ Yoast SEO plugin. -->","yoast_head_json":{"title":"SOMAB GENYMAB 900 - Solutions Machines Outils","description":"Mandrino del giro 45 kW \u00f8 maxi rotto 700 mm \u00f8 maxi banco 600 mm \u00f8 maxi uso in aria 680 mm Mandrino fresatura 14 kW Indizzizazione ogni 2,5 \u00b0 Asse C","robots":{"index":"index","follow":"follow","max-snippet":"max-snippet:-1","max-image-preview":"max-image-preview:large","max-video-preview":"max-video-preview:-1"},"canonical":"https:\/\/www.solutionsmachinesoutils.com\/it\/produit\/somab-genymab-900\/","og_locale":"fr_FR","og_type":"article","og_title":"SOMAB GENYMAB 900 - Solutions Machines Outils","og_description":"Mandrino del giro 45 kW \u00f8 maxi rotto 700 mm \u00f8 maxi banco 600 mm \u00f8 maxi uso in aria 680 mm Mandrino fresatura 14 kW Indizzizazione ogni 2,5 \u00b0 Asse C","og_url":"https:\/\/www.solutionsmachinesoutils.com\/it\/produit\/somab-genymab-900\/","og_site_name":"Solutions Machines Outils","article_modified_time":"2019-05-14T12:30:58+00:00","og_image":[{"width":1385,"height":779,"url":"https:\/\/www.solutionsmachinesoutils.com\/wp-content\/uploads\/2017\/12\/1-3.jpg","type":"image\/jpeg"}],"twitter_card":"summary_large_image","schema":{"@context":"https:\/\/schema.org","@graph":[{"@type":"WebPage","@id":"https:\/\/www.solutionsmachinesoutils.com\/it\/produit\/somab-genymab-900\/","url":"https:\/\/www.solutionsmachinesoutils.com\/it\/produit\/somab-genymab-900\/","name":"SOMAB GENYMAB 900 - Solutions Machines Outils","isPartOf":{"@id":"https:\/\/www.solutionsmachinesoutils.com\/en\/#website"},"primaryImageOfPage":{"@id":"https:\/\/www.solutionsmachinesoutils.com\/it\/produit\/somab-genymab-900\/#primaryimage"},"image":{"@id":"https:\/\/www.solutionsmachinesoutils.com\/it\/produit\/somab-genymab-900\/#primaryimage"},"thumbnailUrl":"https:\/\/www.solutionsmachinesoutils.com\/wp-content\/uploads\/2017\/12\/1-3.jpg","datePublished":"2019-04-15T12:35:28+00:00","dateModified":"2019-05-14T12:30:58+00:00","description":"Mandrino del giro 45 kW \u00f8 maxi rotto 700 mm \u00f8 maxi banco 600 mm \u00f8 maxi uso in aria 680 mm Mandrino fresatura 14 kW Indizzizazione ogni 2,5 \u00b0 Asse C","breadcrumb":{"@id":"https:\/\/www.solutionsmachinesoutils.com\/it\/produit\/somab-genymab-900\/#breadcrumb"},"inLanguage":"fr-FR","potentialAction":[{"@type":"ReadAction","target":["https:\/\/www.solutionsmachinesoutils.com\/it\/produit\/somab-genymab-900\/"]}]},{"@type":"ImageObject","inLanguage":"fr-FR","@id":"https:\/\/www.solutionsmachinesoutils.com\/it\/produit\/somab-genymab-900\/#primaryimage","url":"https:\/\/www.solutionsmachinesoutils.com\/wp-content\/uploads\/2017\/12\/1-3.jpg","contentUrl":"https:\/\/www.solutionsmachinesoutils.com\/wp-content\/uploads\/2017\/12\/1-3.jpg","width":1385,"height":779},{"@type":"BreadcrumbList","@id":"https:\/\/www.solutionsmachinesoutils.com\/it\/produit\/somab-genymab-900\/#breadcrumb","itemListElement":[{"@type":"ListItem","position":1,"name":"Accueil","item":"https:\/\/www.solutionsmachinesoutils.com\/"},{"@type":"ListItem","position":2,"name":"Products","item":"https:\/\/www.solutionsmachinesoutils.com\/en\/shop\/"},{"@type":"ListItem","position":3,"name":"Meccanica","item":"https:\/\/www.solutionsmachinesoutils.com\/it\/categorie\/meccanica\/"},{"@type":"ListItem","position":4,"name":"Torni","item":"https:\/\/www.solutionsmachinesoutils.com\/it\/categorie\/meccanica\/torni\/"},{"@type":"ListItem","position":5,"name":"CNC Lathes","item":"https:\/\/www.solutionsmachinesoutils.com\/it\/categorie\/meccanica\/torni\/cnc-lathes-it\/"},{"@type":"ListItem","position":6,"name":"SOMAB GENYMAB 900"}]},{"@type":"WebSite","@id":"https:\/\/www.solutionsmachinesoutils.com\/en\/#website","url":"https:\/\/www.solutionsmachinesoutils.com\/en\/","name":"Solutions Machines Outils","description":"ACHAT-VENTE ET EXPERTISE DE MACHINES-OUTILS","potentialAction":[{"@type":"SearchAction","target":{"@type":"EntryPoint","urlTemplate":"https:\/\/www.solutionsmachinesoutils.com\/en\/?s={search_term_string}"},"query-input":{"@type":"PropertyValueSpecification","valueRequired":true,"valueName":"search_term_string"}}],"inLanguage":"fr-FR"}]}},"_links":{"self":[{"href":"https:\/\/www.solutionsmachinesoutils.com\/wp-json\/wp\/v3\/product\/22207","targetHints":{"allow":["GET"]}}],"collection":[{"href":"https:\/\/www.solutionsmachinesoutils.com\/wp-json\/wp\/v3\/product"}],"about":[{"href":"https:\/\/www.solutionsmachinesoutils.com\/wp-json\/wp\/v2\/types\/product"}],"replies":[{"embeddable":true,"href":"https:\/\/www.solutionsmachinesoutils.com\/wp-json\/wp\/v2\/comments?post=22207"}],"wp:featuredmedia":[{"embeddable":true,"href":"https:\/\/www.solutionsmachinesoutils.com\/wp-json\/wp\/v2\/media\/22236"}],"wp:attachment":[{"href":"https:\/\/www.solutionsmachinesoutils.com\/wp-json\/wp\/v2\/media?parent=22207"}],"wp:term":[{"taxonomy":"product_cat","embeddable":true,"href":"https:\/\/www.solutionsmachinesoutils.com\/wp-json\/wp\/v2\/product_cat?post=22207"},{"taxonomy":"product_tag","embeddable":true,"href":"https:\/\/www.solutionsmachinesoutils.com\/wp-json\/wp\/v2\/product_tag?post=22207"},{"taxonomy":"brand_product","embeddable":true,"href":"https:\/\/www.solutionsmachinesoutils.com\/wp-json\/wp\/v2\/brand_product?post=22207"}],"curies":[{"name":"wp","href":"https:\/\/api.w.org\/{rel}","templated":true}]}}