{"id":21338,"date":"2019-04-12T09:40:29","date_gmt":"2019-04-12T08:40:29","guid":{"rendered":"http:\/\/www.solutionsmachinesoutils.com\/produit\/affuteuse-rollomatic-cnc-148-p4-2\/"},"modified":"2021-06-14T08:51:50","modified_gmt":"2021-06-14T07:51:50","slug":"affuteuse-rollomatic-cnc-148-p4-2","status":"publish","type":"product","link":"https:\/\/www.solutionsmachinesoutils.com\/it\/produit\/affuteuse-rollomatic-cnc-148-p4-2\/","title":{"rendered":"ROLLOMATIC CNC 148"},"content":{"rendered":"<p>Pinze : W15 (Option W20)<\/p>\n<p>Asse Z : 35mm<br \/>\nRisoluzione Z: 0.5 um<br \/>\nAsse X : 25 mm<br \/>\nRisoluzione 0.1 um<br \/>\nAsse Y : 286mm<br \/>\nRisoluzione 0.5 um<br \/>\nAsse U : 15 mm<br \/>\nRisolutione 0.1 um<\/p>\n<p><strong>Rettificazione<\/strong><br \/>\nSgrossatura :1.5 kW<br \/>\nMandrino: \u00d8 60 mm<br \/>\nDiametro del mollo : \u00d8 200 mm<br \/>\nVelocit\u00e0 del taglio: 30 m\/sec.<\/p>\n<p>Finitura: 0.75 kW<br \/>\nMandrino: \u00d8100 mm<br \/>\nDiametro del mollo : \u00d8150 mm<br \/>\nVelocit\u00e0 del taglio: Aggiustabile<\/p>\n<p><iframe loading=\"lazy\" title=\"ROLLOMATIC CNC 148 P4  1\/2\" width=\"500\" height=\"281\" src=\"https:\/\/www.youtube.com\/embed\/XqKrpw2S-w4?feature=oembed\" frameborder=\"0\" allow=\"accelerometer; autoplay; clipboard-write; encrypted-media; gyroscope; picture-in-picture; web-share\" referrerpolicy=\"strict-origin-when-cross-origin\" allowfullscreen><\/iframe><\/p>\n<p><iframe loading=\"lazy\" title=\"ROLLOMATIC CNC 148 P4  2\/2\" width=\"500\" height=\"281\" src=\"https:\/\/www.youtube.com\/embed\/2K16Hf-xsso?feature=oembed\" frameborder=\"0\" allow=\"accelerometer; autoplay; clipboard-write; encrypted-media; gyroscope; picture-in-picture; web-share\" referrerpolicy=\"strict-origin-when-cross-origin\" allowfullscreen><\/iframe><\/p>\n","protected":false},"excerpt":{"rendered":"<p>Pinze : W15 (Option W20) Asse Z : 35mm Risoluzione Z: 0.5 um Asse X : 25 mm Risoluzione 0.1 um Asse Y : 286mm Risoluzione 0.5 um Asse U : 15 mm Risolutione 0.1 um Rettificazione Sgrossatura :1.5 kW Mandrino: \u00d8 60 mm Diametro del mollo : \u00d8 200 mm Velocit\u00e0 del taglio: 30 [&hellip;]<\/p>\n","protected":false},"featured_media":23200,"comment_status":"open","ping_status":"closed","template":"","meta":{"_acf_changed":false},"product_cat":[1585,1586],"product_tag":[],"brand_product":[2137],"class_list":["post-21338","product","type-product","status-publish","has-post-thumbnail","hentry","product_cat-meccanica","product_cat-rettifiche","brand_product-rollomatic-it"],"yoast_head":"<!-- This site is optimized with the Yoast SEO plugin v24.2 - https:\/\/yoast.com\/wordpress\/plugins\/seo\/ -->\n<title>ROLLOMATIC CNC 148 - Solutions Machines Outils<\/title>\n<meta name=\"description\" content=\"Pinze : W15 (Option W20) Asse Z : 35mm Risoluzione Z: 0.5 um Asse X : 25 mm Risoluzione 0.1 um Asse Y : 286mm Risoluzione 0.5 um Asse U : 15 mm\" \/>\n<meta name=\"robots\" content=\"index, follow, max-snippet:-1, max-image-preview:large, max-video-preview:-1\" \/>\n<link rel=\"canonical\" href=\"https:\/\/www.solutionsmachinesoutils.com\/it\/produit\/affuteuse-rollomatic-cnc-148-p4-2\/\" \/>\n<meta property=\"og:locale\" content=\"fr_FR\" \/>\n<meta property=\"og:type\" content=\"article\" \/>\n<meta property=\"og:title\" content=\"ROLLOMATIC CNC 148 - Solutions Machines Outils\" \/>\n<meta property=\"og:description\" content=\"Pinze : W15 (Option W20) Asse Z : 35mm Risoluzione Z: 0.5 um Asse X : 25 mm Risoluzione 0.1 um Asse Y : 286mm Risoluzione 0.5 um Asse U : 15 mm\" \/>\n<meta property=\"og:url\" content=\"https:\/\/www.solutionsmachinesoutils.com\/it\/produit\/affuteuse-rollomatic-cnc-148-p4-2\/\" \/>\n<meta property=\"og:site_name\" content=\"Solutions Machines Outils\" \/>\n<meta property=\"article:modified_time\" content=\"2021-06-14T07:51:50+00:00\" \/>\n<meta property=\"og:image\" content=\"https:\/\/www.solutionsmachinesoutils.com\/wp-content\/uploads\/2018\/12\/1-5.jpg\" \/>\n\t<meta property=\"og:image:width\" content=\"1024\" \/>\n\t<meta property=\"og:image:height\" content=\"768\" \/>\n\t<meta property=\"og:image:type\" content=\"image\/jpeg\" \/>\n<meta name=\"twitter:card\" content=\"summary_large_image\" \/>\n<script type=\"application\/ld+json\" class=\"yoast-schema-graph\">{\"@context\":\"https:\/\/schema.org\",\"@graph\":[{\"@type\":\"WebPage\",\"@id\":\"https:\/\/www.solutionsmachinesoutils.com\/it\/produit\/affuteuse-rollomatic-cnc-148-p4-2\/\",\"url\":\"https:\/\/www.solutionsmachinesoutils.com\/it\/produit\/affuteuse-rollomatic-cnc-148-p4-2\/\",\"name\":\"ROLLOMATIC CNC 148 - Solutions Machines Outils\",\"isPartOf\":{\"@id\":\"https:\/\/www.solutionsmachinesoutils.com\/en\/#website\"},\"primaryImageOfPage\":{\"@id\":\"https:\/\/www.solutionsmachinesoutils.com\/it\/produit\/affuteuse-rollomatic-cnc-148-p4-2\/#primaryimage\"},\"image\":{\"@id\":\"https:\/\/www.solutionsmachinesoutils.com\/it\/produit\/affuteuse-rollomatic-cnc-148-p4-2\/#primaryimage\"},\"thumbnailUrl\":\"https:\/\/www.solutionsmachinesoutils.com\/wp-content\/uploads\/2018\/12\/1-5.jpg\",\"datePublished\":\"2019-04-12T08:40:29+00:00\",\"dateModified\":\"2021-06-14T07:51:50+00:00\",\"description\":\"Pinze : W15 (Option W20) Asse Z : 35mm Risoluzione Z: 0.5 um Asse X : 25 mm Risoluzione 0.1 um Asse Y : 286mm Risoluzione 0.5 um Asse U : 15 mm\",\"breadcrumb\":{\"@id\":\"https:\/\/www.solutionsmachinesoutils.com\/it\/produit\/affuteuse-rollomatic-cnc-148-p4-2\/#breadcrumb\"},\"inLanguage\":\"fr-FR\",\"potentialAction\":[{\"@type\":\"ReadAction\",\"target\":[\"https:\/\/www.solutionsmachinesoutils.com\/it\/produit\/affuteuse-rollomatic-cnc-148-p4-2\/\"]}]},{\"@type\":\"ImageObject\",\"inLanguage\":\"fr-FR\",\"@id\":\"https:\/\/www.solutionsmachinesoutils.com\/it\/produit\/affuteuse-rollomatic-cnc-148-p4-2\/#primaryimage\",\"url\":\"https:\/\/www.solutionsmachinesoutils.com\/wp-content\/uploads\/2018\/12\/1-5.jpg\",\"contentUrl\":\"https:\/\/www.solutionsmachinesoutils.com\/wp-content\/uploads\/2018\/12\/1-5.jpg\",\"width\":1024,\"height\":768},{\"@type\":\"BreadcrumbList\",\"@id\":\"https:\/\/www.solutionsmachinesoutils.com\/it\/produit\/affuteuse-rollomatic-cnc-148-p4-2\/#breadcrumb\",\"itemListElement\":[{\"@type\":\"ListItem\",\"position\":1,\"name\":\"Accueil\",\"item\":\"https:\/\/www.solutionsmachinesoutils.com\/\"},{\"@type\":\"ListItem\",\"position\":2,\"name\":\"Products\",\"item\":\"https:\/\/www.solutionsmachinesoutils.com\/en\/shop\/\"},{\"@type\":\"ListItem\",\"position\":3,\"name\":\"Meccanica\",\"item\":\"https:\/\/www.solutionsmachinesoutils.com\/it\/categorie\/meccanica\/\"},{\"@type\":\"ListItem\",\"position\":4,\"name\":\"Rettifiche\",\"item\":\"https:\/\/www.solutionsmachinesoutils.com\/it\/categorie\/meccanica\/rettifiche\/\"},{\"@type\":\"ListItem\",\"position\":5,\"name\":\"ROLLOMATIC CNC 148\"}]},{\"@type\":\"WebSite\",\"@id\":\"https:\/\/www.solutionsmachinesoutils.com\/en\/#website\",\"url\":\"https:\/\/www.solutionsmachinesoutils.com\/en\/\",\"name\":\"Solutions Machines Outils\",\"description\":\"ACHAT-VENTE ET EXPERTISE DE MACHINES-OUTILS\",\"potentialAction\":[{\"@type\":\"SearchAction\",\"target\":{\"@type\":\"EntryPoint\",\"urlTemplate\":\"https:\/\/www.solutionsmachinesoutils.com\/en\/?s={search_term_string}\"},\"query-input\":{\"@type\":\"PropertyValueSpecification\",\"valueRequired\":true,\"valueName\":\"search_term_string\"}}],\"inLanguage\":\"fr-FR\"}]}<\/script>\n<!-- \/ Yoast SEO plugin. -->","yoast_head_json":{"title":"ROLLOMATIC CNC 148 - Solutions Machines Outils","description":"Pinze : W15 (Option W20) Asse Z : 35mm Risoluzione Z: 0.5 um Asse X : 25 mm Risoluzione 0.1 um Asse Y : 286mm Risoluzione 0.5 um Asse U : 15 mm","robots":{"index":"index","follow":"follow","max-snippet":"max-snippet:-1","max-image-preview":"max-image-preview:large","max-video-preview":"max-video-preview:-1"},"canonical":"https:\/\/www.solutionsmachinesoutils.com\/it\/produit\/affuteuse-rollomatic-cnc-148-p4-2\/","og_locale":"fr_FR","og_type":"article","og_title":"ROLLOMATIC CNC 148 - Solutions Machines Outils","og_description":"Pinze : W15 (Option W20) Asse Z : 35mm Risoluzione Z: 0.5 um Asse X : 25 mm Risoluzione 0.1 um Asse Y : 286mm Risoluzione 0.5 um Asse U : 15 mm","og_url":"https:\/\/www.solutionsmachinesoutils.com\/it\/produit\/affuteuse-rollomatic-cnc-148-p4-2\/","og_site_name":"Solutions Machines Outils","article_modified_time":"2021-06-14T07:51:50+00:00","og_image":[{"width":1024,"height":768,"url":"https:\/\/www.solutionsmachinesoutils.com\/wp-content\/uploads\/2018\/12\/1-5.jpg","type":"image\/jpeg"}],"twitter_card":"summary_large_image","schema":{"@context":"https:\/\/schema.org","@graph":[{"@type":"WebPage","@id":"https:\/\/www.solutionsmachinesoutils.com\/it\/produit\/affuteuse-rollomatic-cnc-148-p4-2\/","url":"https:\/\/www.solutionsmachinesoutils.com\/it\/produit\/affuteuse-rollomatic-cnc-148-p4-2\/","name":"ROLLOMATIC CNC 148 - Solutions Machines Outils","isPartOf":{"@id":"https:\/\/www.solutionsmachinesoutils.com\/en\/#website"},"primaryImageOfPage":{"@id":"https:\/\/www.solutionsmachinesoutils.com\/it\/produit\/affuteuse-rollomatic-cnc-148-p4-2\/#primaryimage"},"image":{"@id":"https:\/\/www.solutionsmachinesoutils.com\/it\/produit\/affuteuse-rollomatic-cnc-148-p4-2\/#primaryimage"},"thumbnailUrl":"https:\/\/www.solutionsmachinesoutils.com\/wp-content\/uploads\/2018\/12\/1-5.jpg","datePublished":"2019-04-12T08:40:29+00:00","dateModified":"2021-06-14T07:51:50+00:00","description":"Pinze : W15 (Option W20) Asse Z : 35mm Risoluzione Z: 0.5 um Asse X : 25 mm Risoluzione 0.1 um Asse Y : 286mm Risoluzione 0.5 um Asse U : 15 mm","breadcrumb":{"@id":"https:\/\/www.solutionsmachinesoutils.com\/it\/produit\/affuteuse-rollomatic-cnc-148-p4-2\/#breadcrumb"},"inLanguage":"fr-FR","potentialAction":[{"@type":"ReadAction","target":["https:\/\/www.solutionsmachinesoutils.com\/it\/produit\/affuteuse-rollomatic-cnc-148-p4-2\/"]}]},{"@type":"ImageObject","inLanguage":"fr-FR","@id":"https:\/\/www.solutionsmachinesoutils.com\/it\/produit\/affuteuse-rollomatic-cnc-148-p4-2\/#primaryimage","url":"https:\/\/www.solutionsmachinesoutils.com\/wp-content\/uploads\/2018\/12\/1-5.jpg","contentUrl":"https:\/\/www.solutionsmachinesoutils.com\/wp-content\/uploads\/2018\/12\/1-5.jpg","width":1024,"height":768},{"@type":"BreadcrumbList","@id":"https:\/\/www.solutionsmachinesoutils.com\/it\/produit\/affuteuse-rollomatic-cnc-148-p4-2\/#breadcrumb","itemListElement":[{"@type":"ListItem","position":1,"name":"Accueil","item":"https:\/\/www.solutionsmachinesoutils.com\/"},{"@type":"ListItem","position":2,"name":"Products","item":"https:\/\/www.solutionsmachinesoutils.com\/en\/shop\/"},{"@type":"ListItem","position":3,"name":"Meccanica","item":"https:\/\/www.solutionsmachinesoutils.com\/it\/categorie\/meccanica\/"},{"@type":"ListItem","position":4,"name":"Rettifiche","item":"https:\/\/www.solutionsmachinesoutils.com\/it\/categorie\/meccanica\/rettifiche\/"},{"@type":"ListItem","position":5,"name":"ROLLOMATIC CNC 148"}]},{"@type":"WebSite","@id":"https:\/\/www.solutionsmachinesoutils.com\/en\/#website","url":"https:\/\/www.solutionsmachinesoutils.com\/en\/","name":"Solutions Machines Outils","description":"ACHAT-VENTE ET EXPERTISE DE MACHINES-OUTILS","potentialAction":[{"@type":"SearchAction","target":{"@type":"EntryPoint","urlTemplate":"https:\/\/www.solutionsmachinesoutils.com\/en\/?s={search_term_string}"},"query-input":{"@type":"PropertyValueSpecification","valueRequired":true,"valueName":"search_term_string"}}],"inLanguage":"fr-FR"}]}},"_links":{"self":[{"href":"https:\/\/www.solutionsmachinesoutils.com\/wp-json\/wp\/v3\/product\/21338","targetHints":{"allow":["GET"]}}],"collection":[{"href":"https:\/\/www.solutionsmachinesoutils.com\/wp-json\/wp\/v3\/product"}],"about":[{"href":"https:\/\/www.solutionsmachinesoutils.com\/wp-json\/wp\/v2\/types\/product"}],"replies":[{"embeddable":true,"href":"https:\/\/www.solutionsmachinesoutils.com\/wp-json\/wp\/v2\/comments?post=21338"}],"wp:featuredmedia":[{"embeddable":true,"href":"https:\/\/www.solutionsmachinesoutils.com\/wp-json\/wp\/v2\/media\/23200"}],"wp:attachment":[{"href":"https:\/\/www.solutionsmachinesoutils.com\/wp-json\/wp\/v2\/media?parent=21338"}],"wp:term":[{"taxonomy":"product_cat","embeddable":true,"href":"https:\/\/www.solutionsmachinesoutils.com\/wp-json\/wp\/v2\/product_cat?post=21338"},{"taxonomy":"product_tag","embeddable":true,"href":"https:\/\/www.solutionsmachinesoutils.com\/wp-json\/wp\/v2\/product_tag?post=21338"},{"taxonomy":"brand_product","embeddable":true,"href":"https:\/\/www.solutionsmachinesoutils.com\/wp-json\/wp\/v2\/brand_product?post=21338"}],"curies":[{"name":"wp","href":"https:\/\/api.w.org\/{rel}","templated":true}]}}