{"id":20707,"date":"2019-04-03T13:18:37","date_gmt":"2019-04-03T12:18:37","guid":{"rendered":"http:\/\/www.solutionsmachinesoutils.com\/?page_id=20707"},"modified":"2019-04-03T13:18:45","modified_gmt":"2019-04-03T12:18:45","slug":"servizi-e-bonifica","status":"publish","type":"page","link":"https:\/\/www.solutionsmachinesoutils.com\/it\/servizi-e-bonifica\/","title":{"rendered":"Servizi e bonifica"},"content":{"rendered":"<table style=\"text-align: left; width: 100%;\" border=\"0\" cellspacing=\"0\" cellpadding=\"0\">\n<tbody>\n<tr>\n<td style=\"vertical-align: top;\">\n<p style=\"font-family: arial; font-weight: normal; font-size: 14px;\"><strong><em>Le macchine in conformit\u00e0<\/em><\/strong><\/p>\n<p style=\"font-family: arial; font-weight: normal; font-size: 14px;\">Nosstre macchine sono vendute revisate et messe in conformit\u00e0 secondo la legislazione in forza. Un certificato di conformit\u00e0 est emesso a ogni macchina.<\/p>\n<p style=\"font-family: arial; font-weight: normal; font-size: 14px;\">Noi realisiamo anche la conformit\u00e0 di vostre macchine utensili sul sito.<\/p>\n<p style=\"text-align: justify;\"><img decoding=\"async\" style=\"width: 425px;\" src=\"http:\/\/www.solutionsmachinesoutils.com\/wp-content\/uploads\/2016\/05\/conformite.jpg\" \/><\/p>\n<\/td>\n<td style=\"width: 20px;\"><\/td>\n<td>\n<p style=\"font-family: arial; font-weight: normal; font-size: 14px;\"><strong><em>Le macchine reviste<\/em><\/strong><\/p>\n<p style=\"font-family: arial; font-weight: normal; font-size: 14px;\">Nostro servizio tecnico revisa tutte le macchine di laboratoio di metallo t\u00f4lerie e di meccanica e puo fare il retrofit del controllo numerico. Nostri tecnici sono competenti in electricit\u00e0, mecanica, idraulica e controllo numerico.<\/p>\n<p style=\"font-family: arial; font-weight: normal; font-size: 14px;\">Una ricevuta tecnia nei nostri locali \u00e8 fatta prima di ogni consegna delle macchine per garantirvi un servizio conformo a vostre attese!.<\/p>\n<p><img decoding=\"async\" style=\"width: 425px;\" src=\"http:\/\/www.solutionsmachinesoutils.com\/wp-content\/uploads\/2016\/05\/remise-en-etat.jpg\" \/><\/td>\n<\/tr>\n<\/tbody>\n<\/table>\n","protected":false},"excerpt":{"rendered":"<p>Le macchine in conformit\u00e0 Nosstre macchine sono vendute revisate et messe in conformit\u00e0 secondo la legislazione in forza. Un certificato di conformit\u00e0 est emesso a ogni macchina. Noi realisiamo anche la conformit\u00e0 di vostre macchine utensili sul sito. Le macchine reviste Nostro servizio tecnico revisa tutte le macchine di laboratoio di metallo t\u00f4lerie e di [&hellip;]<\/p>\n","protected":false},"author":9,"featured_media":0,"parent":0,"menu_order":0,"comment_status":"closed","ping_status":"closed","template":"","meta":{"_acf_changed":false,"footnotes":""},"class_list":["post-20707","page","type-page","status-publish","hentry"],"acf":[],"yoast_head":"<!-- This site is optimized with the Yoast SEO plugin v24.2 - https:\/\/yoast.com\/wordpress\/plugins\/seo\/ -->\n<title>Servizi e bonifica - Solutions Machines Outils<\/title>\n<meta name=\"description\" content=\"Le macchine in conformit\u00e0 Nosstre macchine sono vendute revisate et messe in conformit\u00e0 secondo la legislazione in forza. Un certificato di conformit\u00e0 est\" \/>\n<meta name=\"robots\" content=\"index, follow, max-snippet:-1, max-image-preview:large, max-video-preview:-1\" \/>\n<link rel=\"canonical\" href=\"https:\/\/www.solutionsmachinesoutils.com\/it\/servizi-e-bonifica\/\" \/>\n<meta property=\"og:locale\" content=\"fr_FR\" \/>\n<meta property=\"og:type\" content=\"article\" \/>\n<meta property=\"og:title\" content=\"Servizi e bonifica - Solutions Machines Outils\" \/>\n<meta property=\"og:description\" content=\"Le macchine in conformit\u00e0 Nosstre macchine sono vendute revisate et messe in conformit\u00e0 secondo la legislazione in forza. Un certificato di conformit\u00e0 est\" \/>\n<meta property=\"og:url\" content=\"https:\/\/www.solutionsmachinesoutils.com\/it\/servizi-e-bonifica\/\" \/>\n<meta property=\"og:site_name\" content=\"Solutions Machines Outils\" \/>\n<meta property=\"article:modified_time\" content=\"2019-04-03T12:18:45+00:00\" \/>\n<meta property=\"og:image\" content=\"http:\/\/www.solutionsmachinesoutils.com\/wp-content\/uploads\/2016\/05\/conformite.jpg\" \/>\n<meta name=\"twitter:card\" content=\"summary_large_image\" \/>\n<script type=\"application\/ld+json\" class=\"yoast-schema-graph\">{\"@context\":\"https:\/\/schema.org\",\"@graph\":[{\"@type\":\"WebPage\",\"@id\":\"https:\/\/www.solutionsmachinesoutils.com\/it\/servizi-e-bonifica\/\",\"url\":\"https:\/\/www.solutionsmachinesoutils.com\/it\/servizi-e-bonifica\/\",\"name\":\"Servizi e bonifica - Solutions Machines Outils\",\"isPartOf\":{\"@id\":\"https:\/\/www.solutionsmachinesoutils.com\/en\/#website\"},\"primaryImageOfPage\":{\"@id\":\"https:\/\/www.solutionsmachinesoutils.com\/it\/servizi-e-bonifica\/#primaryimage\"},\"image\":{\"@id\":\"https:\/\/www.solutionsmachinesoutils.com\/it\/servizi-e-bonifica\/#primaryimage\"},\"thumbnailUrl\":\"http:\/\/www.solutionsmachinesoutils.com\/wp-content\/uploads\/2016\/05\/conformite.jpg\",\"datePublished\":\"2019-04-03T12:18:37+00:00\",\"dateModified\":\"2019-04-03T12:18:45+00:00\",\"description\":\"Le macchine in conformit\u00e0 Nosstre macchine sono vendute revisate et messe in conformit\u00e0 secondo la legislazione in forza. Un certificato di conformit\u00e0 est\",\"breadcrumb\":{\"@id\":\"https:\/\/www.solutionsmachinesoutils.com\/it\/servizi-e-bonifica\/#breadcrumb\"},\"inLanguage\":\"fr-FR\",\"potentialAction\":[{\"@type\":\"ReadAction\",\"target\":[\"https:\/\/www.solutionsmachinesoutils.com\/it\/servizi-e-bonifica\/\"]}]},{\"@type\":\"ImageObject\",\"inLanguage\":\"fr-FR\",\"@id\":\"https:\/\/www.solutionsmachinesoutils.com\/it\/servizi-e-bonifica\/#primaryimage\",\"url\":\"http:\/\/www.solutionsmachinesoutils.com\/wp-content\/uploads\/2016\/05\/conformite.jpg\",\"contentUrl\":\"http:\/\/www.solutionsmachinesoutils.com\/wp-content\/uploads\/2016\/05\/conformite.jpg\"},{\"@type\":\"BreadcrumbList\",\"@id\":\"https:\/\/www.solutionsmachinesoutils.com\/it\/servizi-e-bonifica\/#breadcrumb\",\"itemListElement\":[{\"@type\":\"ListItem\",\"position\":1,\"name\":\"Accueil\",\"item\":\"https:\/\/www.solutionsmachinesoutils.com\/\"},{\"@type\":\"ListItem\",\"position\":2,\"name\":\"Servizi e bonifica\"}]},{\"@type\":\"WebSite\",\"@id\":\"https:\/\/www.solutionsmachinesoutils.com\/en\/#website\",\"url\":\"https:\/\/www.solutionsmachinesoutils.com\/en\/\",\"name\":\"Solutions Machines Outils\",\"description\":\"ACHAT-VENTE ET EXPERTISE DE MACHINES-OUTILS\",\"potentialAction\":[{\"@type\":\"SearchAction\",\"target\":{\"@type\":\"EntryPoint\",\"urlTemplate\":\"https:\/\/www.solutionsmachinesoutils.com\/en\/?s={search_term_string}\"},\"query-input\":{\"@type\":\"PropertyValueSpecification\",\"valueRequired\":true,\"valueName\":\"search_term_string\"}}],\"inLanguage\":\"fr-FR\"}]}<\/script>\n<!-- \/ Yoast SEO plugin. -->","yoast_head_json":{"title":"Servizi e bonifica - Solutions Machines Outils","description":"Le macchine in conformit\u00e0 Nosstre macchine sono vendute revisate et messe in conformit\u00e0 secondo la legislazione in forza. Un certificato di conformit\u00e0 est","robots":{"index":"index","follow":"follow","max-snippet":"max-snippet:-1","max-image-preview":"max-image-preview:large","max-video-preview":"max-video-preview:-1"},"canonical":"https:\/\/www.solutionsmachinesoutils.com\/it\/servizi-e-bonifica\/","og_locale":"fr_FR","og_type":"article","og_title":"Servizi e bonifica - Solutions Machines Outils","og_description":"Le macchine in conformit\u00e0 Nosstre macchine sono vendute revisate et messe in conformit\u00e0 secondo la legislazione in forza. Un certificato di conformit\u00e0 est","og_url":"https:\/\/www.solutionsmachinesoutils.com\/it\/servizi-e-bonifica\/","og_site_name":"Solutions Machines Outils","article_modified_time":"2019-04-03T12:18:45+00:00","og_image":[{"url":"http:\/\/www.solutionsmachinesoutils.com\/wp-content\/uploads\/2016\/05\/conformite.jpg","type":"","width":"","height":""}],"twitter_card":"summary_large_image","schema":{"@context":"https:\/\/schema.org","@graph":[{"@type":"WebPage","@id":"https:\/\/www.solutionsmachinesoutils.com\/it\/servizi-e-bonifica\/","url":"https:\/\/www.solutionsmachinesoutils.com\/it\/servizi-e-bonifica\/","name":"Servizi e bonifica - Solutions Machines Outils","isPartOf":{"@id":"https:\/\/www.solutionsmachinesoutils.com\/en\/#website"},"primaryImageOfPage":{"@id":"https:\/\/www.solutionsmachinesoutils.com\/it\/servizi-e-bonifica\/#primaryimage"},"image":{"@id":"https:\/\/www.solutionsmachinesoutils.com\/it\/servizi-e-bonifica\/#primaryimage"},"thumbnailUrl":"http:\/\/www.solutionsmachinesoutils.com\/wp-content\/uploads\/2016\/05\/conformite.jpg","datePublished":"2019-04-03T12:18:37+00:00","dateModified":"2019-04-03T12:18:45+00:00","description":"Le macchine in conformit\u00e0 Nosstre macchine sono vendute revisate et messe in conformit\u00e0 secondo la legislazione in forza. Un certificato di conformit\u00e0 est","breadcrumb":{"@id":"https:\/\/www.solutionsmachinesoutils.com\/it\/servizi-e-bonifica\/#breadcrumb"},"inLanguage":"fr-FR","potentialAction":[{"@type":"ReadAction","target":["https:\/\/www.solutionsmachinesoutils.com\/it\/servizi-e-bonifica\/"]}]},{"@type":"ImageObject","inLanguage":"fr-FR","@id":"https:\/\/www.solutionsmachinesoutils.com\/it\/servizi-e-bonifica\/#primaryimage","url":"http:\/\/www.solutionsmachinesoutils.com\/wp-content\/uploads\/2016\/05\/conformite.jpg","contentUrl":"http:\/\/www.solutionsmachinesoutils.com\/wp-content\/uploads\/2016\/05\/conformite.jpg"},{"@type":"BreadcrumbList","@id":"https:\/\/www.solutionsmachinesoutils.com\/it\/servizi-e-bonifica\/#breadcrumb","itemListElement":[{"@type":"ListItem","position":1,"name":"Accueil","item":"https:\/\/www.solutionsmachinesoutils.com\/"},{"@type":"ListItem","position":2,"name":"Servizi e bonifica"}]},{"@type":"WebSite","@id":"https:\/\/www.solutionsmachinesoutils.com\/en\/#website","url":"https:\/\/www.solutionsmachinesoutils.com\/en\/","name":"Solutions Machines Outils","description":"ACHAT-VENTE ET EXPERTISE DE MACHINES-OUTILS","potentialAction":[{"@type":"SearchAction","target":{"@type":"EntryPoint","urlTemplate":"https:\/\/www.solutionsmachinesoutils.com\/en\/?s={search_term_string}"},"query-input":{"@type":"PropertyValueSpecification","valueRequired":true,"valueName":"search_term_string"}}],"inLanguage":"fr-FR"}]}},"_links":{"self":[{"href":"https:\/\/www.solutionsmachinesoutils.com\/wp-json\/wp\/v2\/pages\/20707","targetHints":{"allow":["GET"]}}],"collection":[{"href":"https:\/\/www.solutionsmachinesoutils.com\/wp-json\/wp\/v2\/pages"}],"about":[{"href":"https:\/\/www.solutionsmachinesoutils.com\/wp-json\/wp\/v2\/types\/page"}],"author":[{"embeddable":true,"href":"https:\/\/www.solutionsmachinesoutils.com\/wp-json\/wp\/v2\/users\/9"}],"replies":[{"embeddable":true,"href":"https:\/\/www.solutionsmachinesoutils.com\/wp-json\/wp\/v2\/comments?post=20707"}],"version-history":[{"count":0,"href":"https:\/\/www.solutionsmachinesoutils.com\/wp-json\/wp\/v2\/pages\/20707\/revisions"}],"wp:attachment":[{"href":"https:\/\/www.solutionsmachinesoutils.com\/wp-json\/wp\/v2\/media?parent=20707"}],"curies":[{"name":"wp","href":"https:\/\/api.w.org\/{rel}","templated":true}]}}