{"id":20668,"date":"2019-04-03T12:53:04","date_gmt":"2019-04-03T11:53:04","guid":{"rendered":"http:\/\/www.solutionsmachinesoutils.com\/?page_id=20668"},"modified":"2019-10-14T09:48:05","modified_gmt":"2019-10-14T08:48:05","slug":"avviso-legale","status":"publish","type":"page","link":"https:\/\/www.solutionsmachinesoutils.com\/it\/avviso-legale\/","title":{"rendered":"Avviso legale"},"content":{"rendered":"<p><strong>Propriet\u00e0 del sito<\/strong><\/p>\n<p>www.solutionsmachinesoutils.com, appartiene a Solutions Machines Outils.<\/p>\n<p>Solutions Machines-Outils<br \/>\n43 rue Charlie Chaplin<br \/>\n59100 Roubaix &#8211; FRANCE<br \/>\nTel +33 (0)3.66.72.64.91<br \/>\nFax +33 (0)3.20.36.67.67<\/p>\n<p>Solutions Machine Outils \u00e8 una societ\u00e0 con responsabilit\u00e0 limitata col capitale di 40,000\u20ac<br \/>\nRCS 820 201 333 \u2013 Siret : 82020133300011 \u2013 NAF : 4662Z<\/p>\n<p><strong>Direttrice de la Publicazione<\/strong><\/p>\n<p>Signora Nathalie BECK, dirigente.<\/p>\n<p><strong>Credit<\/strong><\/p>\n<p>Questo sito \u00e8 creato dall&rsquo;agenzia Business Link<br \/>\nwww.business-link.fr<\/p>\n<p><strong>Allogio<\/strong><\/p>\n<p>OVH<br \/>\n2 rue Kellermann<br \/>\n59100 Roubaix<\/p>\n","protected":false},"excerpt":{"rendered":"<p>Propriet\u00e0 del sito www.solutionsmachinesoutils.com, appartiene a Solutions Machines Outils. Solutions Machines-Outils 43 rue Charlie Chaplin 59100 Roubaix &#8211; FRANCE Tel +33 (0)3.66.72.64.91 Fax +33 (0)3.20.36.67.67 Solutions Machine Outils \u00e8 una societ\u00e0 con responsabilit\u00e0 limitata col capitale di 40,000\u20ac RCS 820 201 333 \u2013 Siret : 82020133300011 \u2013 NAF : 4662Z Direttrice de la Publicazione Signora [&hellip;]<\/p>\n","protected":false},"author":9,"featured_media":0,"parent":0,"menu_order":0,"comment_status":"closed","ping_status":"closed","template":"","meta":{"_acf_changed":false,"footnotes":""},"class_list":["post-20668","page","type-page","status-publish","hentry"],"acf":[],"yoast_head":"<!-- This site is optimized with the Yoast SEO plugin v24.2 - https:\/\/yoast.com\/wordpress\/plugins\/seo\/ -->\n<title>Avviso legale - Solutions Machines Outils<\/title>\n<meta name=\"description\" content=\"Propriet\u00e0 del sito www.solutionsmachinesoutils.com, appartiene a Solutions Machines Outils. Solutions Machines-Outils 43 rue Charlie Chaplin 59100 Roubaix\" \/>\n<meta name=\"robots\" content=\"index, follow, max-snippet:-1, max-image-preview:large, max-video-preview:-1\" \/>\n<link rel=\"canonical\" href=\"https:\/\/www.solutionsmachinesoutils.com\/it\/avviso-legale\/\" \/>\n<meta property=\"og:locale\" content=\"fr_FR\" \/>\n<meta property=\"og:type\" content=\"article\" \/>\n<meta property=\"og:title\" content=\"Avviso legale - Solutions Machines Outils\" \/>\n<meta property=\"og:description\" content=\"Propriet\u00e0 del sito www.solutionsmachinesoutils.com, appartiene a Solutions Machines Outils. Solutions Machines-Outils 43 rue Charlie Chaplin 59100 Roubaix\" \/>\n<meta property=\"og:url\" content=\"https:\/\/www.solutionsmachinesoutils.com\/it\/avviso-legale\/\" \/>\n<meta property=\"og:site_name\" content=\"Solutions Machines Outils\" \/>\n<meta property=\"article:modified_time\" content=\"2019-10-14T08:48:05+00:00\" \/>\n<meta name=\"twitter:card\" content=\"summary_large_image\" \/>\n<script type=\"application\/ld+json\" class=\"yoast-schema-graph\">{\"@context\":\"https:\/\/schema.org\",\"@graph\":[{\"@type\":\"WebPage\",\"@id\":\"https:\/\/www.solutionsmachinesoutils.com\/it\/avviso-legale\/\",\"url\":\"https:\/\/www.solutionsmachinesoutils.com\/it\/avviso-legale\/\",\"name\":\"Avviso legale - Solutions Machines Outils\",\"isPartOf\":{\"@id\":\"https:\/\/www.solutionsmachinesoutils.com\/en\/#website\"},\"datePublished\":\"2019-04-03T11:53:04+00:00\",\"dateModified\":\"2019-10-14T08:48:05+00:00\",\"description\":\"Propriet\u00e0 del sito www.solutionsmachinesoutils.com, appartiene a Solutions Machines Outils. Solutions Machines-Outils 43 rue Charlie Chaplin 59100 Roubaix\",\"breadcrumb\":{\"@id\":\"https:\/\/www.solutionsmachinesoutils.com\/it\/avviso-legale\/#breadcrumb\"},\"inLanguage\":\"fr-FR\",\"potentialAction\":[{\"@type\":\"ReadAction\",\"target\":[\"https:\/\/www.solutionsmachinesoutils.com\/it\/avviso-legale\/\"]}]},{\"@type\":\"BreadcrumbList\",\"@id\":\"https:\/\/www.solutionsmachinesoutils.com\/it\/avviso-legale\/#breadcrumb\",\"itemListElement\":[{\"@type\":\"ListItem\",\"position\":1,\"name\":\"Accueil\",\"item\":\"https:\/\/www.solutionsmachinesoutils.com\/\"},{\"@type\":\"ListItem\",\"position\":2,\"name\":\"Avviso legale\"}]},{\"@type\":\"WebSite\",\"@id\":\"https:\/\/www.solutionsmachinesoutils.com\/en\/#website\",\"url\":\"https:\/\/www.solutionsmachinesoutils.com\/en\/\",\"name\":\"Solutions Machines Outils\",\"description\":\"ACHAT-VENTE ET EXPERTISE DE MACHINES-OUTILS\",\"potentialAction\":[{\"@type\":\"SearchAction\",\"target\":{\"@type\":\"EntryPoint\",\"urlTemplate\":\"https:\/\/www.solutionsmachinesoutils.com\/en\/?s={search_term_string}\"},\"query-input\":{\"@type\":\"PropertyValueSpecification\",\"valueRequired\":true,\"valueName\":\"search_term_string\"}}],\"inLanguage\":\"fr-FR\"}]}<\/script>\n<!-- \/ Yoast SEO plugin. -->","yoast_head_json":{"title":"Avviso legale - Solutions Machines Outils","description":"Propriet\u00e0 del sito www.solutionsmachinesoutils.com, appartiene a Solutions Machines Outils. Solutions Machines-Outils 43 rue Charlie Chaplin 59100 Roubaix","robots":{"index":"index","follow":"follow","max-snippet":"max-snippet:-1","max-image-preview":"max-image-preview:large","max-video-preview":"max-video-preview:-1"},"canonical":"https:\/\/www.solutionsmachinesoutils.com\/it\/avviso-legale\/","og_locale":"fr_FR","og_type":"article","og_title":"Avviso legale - Solutions Machines Outils","og_description":"Propriet\u00e0 del sito www.solutionsmachinesoutils.com, appartiene a Solutions Machines Outils. Solutions Machines-Outils 43 rue Charlie Chaplin 59100 Roubaix","og_url":"https:\/\/www.solutionsmachinesoutils.com\/it\/avviso-legale\/","og_site_name":"Solutions Machines Outils","article_modified_time":"2019-10-14T08:48:05+00:00","twitter_card":"summary_large_image","schema":{"@context":"https:\/\/schema.org","@graph":[{"@type":"WebPage","@id":"https:\/\/www.solutionsmachinesoutils.com\/it\/avviso-legale\/","url":"https:\/\/www.solutionsmachinesoutils.com\/it\/avviso-legale\/","name":"Avviso legale - Solutions Machines Outils","isPartOf":{"@id":"https:\/\/www.solutionsmachinesoutils.com\/en\/#website"},"datePublished":"2019-04-03T11:53:04+00:00","dateModified":"2019-10-14T08:48:05+00:00","description":"Propriet\u00e0 del sito www.solutionsmachinesoutils.com, appartiene a Solutions Machines Outils. Solutions Machines-Outils 43 rue Charlie Chaplin 59100 Roubaix","breadcrumb":{"@id":"https:\/\/www.solutionsmachinesoutils.com\/it\/avviso-legale\/#breadcrumb"},"inLanguage":"fr-FR","potentialAction":[{"@type":"ReadAction","target":["https:\/\/www.solutionsmachinesoutils.com\/it\/avviso-legale\/"]}]},{"@type":"BreadcrumbList","@id":"https:\/\/www.solutionsmachinesoutils.com\/it\/avviso-legale\/#breadcrumb","itemListElement":[{"@type":"ListItem","position":1,"name":"Accueil","item":"https:\/\/www.solutionsmachinesoutils.com\/"},{"@type":"ListItem","position":2,"name":"Avviso legale"}]},{"@type":"WebSite","@id":"https:\/\/www.solutionsmachinesoutils.com\/en\/#website","url":"https:\/\/www.solutionsmachinesoutils.com\/en\/","name":"Solutions Machines Outils","description":"ACHAT-VENTE ET EXPERTISE DE MACHINES-OUTILS","potentialAction":[{"@type":"SearchAction","target":{"@type":"EntryPoint","urlTemplate":"https:\/\/www.solutionsmachinesoutils.com\/en\/?s={search_term_string}"},"query-input":{"@type":"PropertyValueSpecification","valueRequired":true,"valueName":"search_term_string"}}],"inLanguage":"fr-FR"}]}},"_links":{"self":[{"href":"https:\/\/www.solutionsmachinesoutils.com\/wp-json\/wp\/v2\/pages\/20668","targetHints":{"allow":["GET"]}}],"collection":[{"href":"https:\/\/www.solutionsmachinesoutils.com\/wp-json\/wp\/v2\/pages"}],"about":[{"href":"https:\/\/www.solutionsmachinesoutils.com\/wp-json\/wp\/v2\/types\/page"}],"author":[{"embeddable":true,"href":"https:\/\/www.solutionsmachinesoutils.com\/wp-json\/wp\/v2\/users\/9"}],"replies":[{"embeddable":true,"href":"https:\/\/www.solutionsmachinesoutils.com\/wp-json\/wp\/v2\/comments?post=20668"}],"version-history":[{"count":0,"href":"https:\/\/www.solutionsmachinesoutils.com\/wp-json\/wp\/v2\/pages\/20668\/revisions"}],"wp:attachment":[{"href":"https:\/\/www.solutionsmachinesoutils.com\/wp-json\/wp\/v2\/media?parent=20668"}],"curies":[{"name":"wp","href":"https:\/\/api.w.org\/{rel}","templated":true}]}}