{"id":28894,"date":"2019-05-17T13:36:52","date_gmt":"2019-05-17T12:36:52","guid":{"rendered":"http:\/\/www.solutionsmachinesoutils.com\/?post_type=product&#038;p=28786"},"modified":"2021-06-03T08:29:24","modified_gmt":"2021-06-03T07:29:24","slug":"affuteuse-avyac-amatic","status":"publish","type":"product","link":"https:\/\/www.solutionsmachinesoutils.com\/es\/produit\/affuteuse-avyac-amatic\/","title":{"rendered":"AVYAC AVYAMATIC"},"content":{"rendered":"<p>Afiladora de brocas semiautom\u00e1tica<\/p>\n<p>\u00c1ngulo de corte ajustable<\/p>\n<p>\u00c1ngulo de holgura ajustable<\/p>\n<p>Anillos de sujeci\u00f3n manuales de 40 a 63 mm<\/p>\n<p>3 mandriles hidr\u00e1ulicos \u00f8 3-15 mm \/ 15-27 mm \/ 27-40 mm<\/p>\n<p>Anillo de fijaci\u00f3n<\/p>\n","protected":false},"excerpt":{"rendered":"<p>Afiladora de brocas semiautom\u00e1tica \u00c1ngulo de corte ajustable \u00c1ngulo de holgura ajustable Anillos de sujeci\u00f3n manuales de 40 a 63 mm 3 mandriles hidr\u00e1ulicos \u00f8 3-15 mm \/ 15-27 mm \/ 27-40 mm Anillo de fijaci\u00f3n<\/p>\n","protected":false},"featured_media":28891,"comment_status":"open","ping_status":"closed","template":"","meta":{"_acf_changed":false},"product_cat":[1381,903],"product_tag":[],"brand_product":[2451],"class_list":["post-28894","product","type-product","status-publish","has-post-thumbnail","hentry","product_cat-afiladora","product_cat-mecanica","brand_product-avyac-es"],"yoast_head":"<!-- This site is optimized with the Yoast SEO plugin v24.2 - https:\/\/yoast.com\/wordpress\/plugins\/seo\/ -->\n<title>AVYAC AVYAMATIC - Solutions Machines Outils<\/title>\n<meta name=\"description\" content=\"Afiladora de brocas semiautom\u00e1tica \u00c1ngulo de corte ajustable \u00c1ngulo de holgura ajustable Anillos de sujeci\u00f3n manuales de 40 a 63 mm 3 mandriles\" \/>\n<meta name=\"robots\" content=\"index, follow, max-snippet:-1, max-image-preview:large, max-video-preview:-1\" \/>\n<link rel=\"canonical\" href=\"https:\/\/www.solutionsmachinesoutils.com\/es\/produit\/affuteuse-avyac-amatic\/\" \/>\n<meta property=\"og:locale\" content=\"fr_FR\" \/>\n<meta property=\"og:type\" content=\"article\" \/>\n<meta property=\"og:title\" content=\"AVYAC AVYAMATIC - Solutions Machines Outils\" \/>\n<meta property=\"og:description\" content=\"Afiladora de brocas semiautom\u00e1tica \u00c1ngulo de corte ajustable \u00c1ngulo de holgura ajustable Anillos de sujeci\u00f3n manuales de 40 a 63 mm 3 mandriles\" \/>\n<meta property=\"og:url\" content=\"https:\/\/www.solutionsmachinesoutils.com\/es\/produit\/affuteuse-avyac-amatic\/\" \/>\n<meta property=\"og:site_name\" content=\"Solutions Machines Outils\" \/>\n<meta property=\"article:modified_time\" content=\"2021-06-03T07:29:24+00:00\" \/>\n<meta property=\"og:image\" content=\"https:\/\/www.solutionsmachinesoutils.com\/wp-content\/uploads\/2019\/05\/1-19.jpg\" \/>\n\t<meta property=\"og:image:width\" content=\"1621\" \/>\n\t<meta property=\"og:image:height\" content=\"1080\" \/>\n\t<meta property=\"og:image:type\" content=\"image\/jpeg\" \/>\n<meta name=\"twitter:card\" content=\"summary_large_image\" \/>\n<script type=\"application\/ld+json\" class=\"yoast-schema-graph\">{\"@context\":\"https:\/\/schema.org\",\"@graph\":[{\"@type\":\"WebPage\",\"@id\":\"https:\/\/www.solutionsmachinesoutils.com\/es\/produit\/affuteuse-avyac-amatic\/\",\"url\":\"https:\/\/www.solutionsmachinesoutils.com\/es\/produit\/affuteuse-avyac-amatic\/\",\"name\":\"AVYAC AVYAMATIC - Solutions Machines Outils\",\"isPartOf\":{\"@id\":\"https:\/\/www.solutionsmachinesoutils.com\/en\/#website\"},\"primaryImageOfPage\":{\"@id\":\"https:\/\/www.solutionsmachinesoutils.com\/es\/produit\/affuteuse-avyac-amatic\/#primaryimage\"},\"image\":{\"@id\":\"https:\/\/www.solutionsmachinesoutils.com\/es\/produit\/affuteuse-avyac-amatic\/#primaryimage\"},\"thumbnailUrl\":\"https:\/\/www.solutionsmachinesoutils.com\/wp-content\/uploads\/2019\/05\/1-19.jpg\",\"datePublished\":\"2019-05-17T12:36:52+00:00\",\"dateModified\":\"2021-06-03T07:29:24+00:00\",\"description\":\"Afiladora de brocas semiautom\u00e1tica \u00c1ngulo de corte ajustable \u00c1ngulo de holgura ajustable Anillos de sujeci\u00f3n manuales de 40 a 63 mm 3 mandriles\",\"breadcrumb\":{\"@id\":\"https:\/\/www.solutionsmachinesoutils.com\/es\/produit\/affuteuse-avyac-amatic\/#breadcrumb\"},\"inLanguage\":\"fr-FR\",\"potentialAction\":[{\"@type\":\"ReadAction\",\"target\":[\"https:\/\/www.solutionsmachinesoutils.com\/es\/produit\/affuteuse-avyac-amatic\/\"]}]},{\"@type\":\"ImageObject\",\"inLanguage\":\"fr-FR\",\"@id\":\"https:\/\/www.solutionsmachinesoutils.com\/es\/produit\/affuteuse-avyac-amatic\/#primaryimage\",\"url\":\"https:\/\/www.solutionsmachinesoutils.com\/wp-content\/uploads\/2019\/05\/1-19.jpg\",\"contentUrl\":\"https:\/\/www.solutionsmachinesoutils.com\/wp-content\/uploads\/2019\/05\/1-19.jpg\",\"width\":1621,\"height\":1080},{\"@type\":\"BreadcrumbList\",\"@id\":\"https:\/\/www.solutionsmachinesoutils.com\/es\/produit\/affuteuse-avyac-amatic\/#breadcrumb\",\"itemListElement\":[{\"@type\":\"ListItem\",\"position\":1,\"name\":\"Accueil\",\"item\":\"https:\/\/www.solutionsmachinesoutils.com\/\"},{\"@type\":\"ListItem\",\"position\":2,\"name\":\"Products\",\"item\":\"https:\/\/www.solutionsmachinesoutils.com\/en\/shop\/\"},{\"@type\":\"ListItem\",\"position\":3,\"name\":\"Mec\u00e1nica\",\"item\":\"https:\/\/www.solutionsmachinesoutils.com\/es\/categorie\/mecanica-es\/\"},{\"@type\":\"ListItem\",\"position\":4,\"name\":\"Afiladora\",\"item\":\"https:\/\/www.solutionsmachinesoutils.com\/es\/categorie\/mecanica-es\/afiladora\/\"},{\"@type\":\"ListItem\",\"position\":5,\"name\":\"AVYAC AVYAMATIC\"}]},{\"@type\":\"WebSite\",\"@id\":\"https:\/\/www.solutionsmachinesoutils.com\/en\/#website\",\"url\":\"https:\/\/www.solutionsmachinesoutils.com\/en\/\",\"name\":\"Solutions Machines Outils\",\"description\":\"ACHAT-VENTE ET EXPERTISE DE MACHINES-OUTILS\",\"potentialAction\":[{\"@type\":\"SearchAction\",\"target\":{\"@type\":\"EntryPoint\",\"urlTemplate\":\"https:\/\/www.solutionsmachinesoutils.com\/en\/?s={search_term_string}\"},\"query-input\":{\"@type\":\"PropertyValueSpecification\",\"valueRequired\":true,\"valueName\":\"search_term_string\"}}],\"inLanguage\":\"fr-FR\"}]}<\/script>\n<!-- \/ Yoast SEO plugin. -->","yoast_head_json":{"title":"AVYAC AVYAMATIC - Solutions Machines Outils","description":"Afiladora de brocas semiautom\u00e1tica \u00c1ngulo de corte ajustable \u00c1ngulo de holgura ajustable Anillos de sujeci\u00f3n manuales de 40 a 63 mm 3 mandriles","robots":{"index":"index","follow":"follow","max-snippet":"max-snippet:-1","max-image-preview":"max-image-preview:large","max-video-preview":"max-video-preview:-1"},"canonical":"https:\/\/www.solutionsmachinesoutils.com\/es\/produit\/affuteuse-avyac-amatic\/","og_locale":"fr_FR","og_type":"article","og_title":"AVYAC AVYAMATIC - Solutions Machines Outils","og_description":"Afiladora de brocas semiautom\u00e1tica \u00c1ngulo de corte ajustable \u00c1ngulo de holgura ajustable Anillos de sujeci\u00f3n manuales de 40 a 63 mm 3 mandriles","og_url":"https:\/\/www.solutionsmachinesoutils.com\/es\/produit\/affuteuse-avyac-amatic\/","og_site_name":"Solutions Machines Outils","article_modified_time":"2021-06-03T07:29:24+00:00","og_image":[{"width":1621,"height":1080,"url":"https:\/\/www.solutionsmachinesoutils.com\/wp-content\/uploads\/2019\/05\/1-19.jpg","type":"image\/jpeg"}],"twitter_card":"summary_large_image","schema":{"@context":"https:\/\/schema.org","@graph":[{"@type":"WebPage","@id":"https:\/\/www.solutionsmachinesoutils.com\/es\/produit\/affuteuse-avyac-amatic\/","url":"https:\/\/www.solutionsmachinesoutils.com\/es\/produit\/affuteuse-avyac-amatic\/","name":"AVYAC AVYAMATIC - Solutions Machines Outils","isPartOf":{"@id":"https:\/\/www.solutionsmachinesoutils.com\/en\/#website"},"primaryImageOfPage":{"@id":"https:\/\/www.solutionsmachinesoutils.com\/es\/produit\/affuteuse-avyac-amatic\/#primaryimage"},"image":{"@id":"https:\/\/www.solutionsmachinesoutils.com\/es\/produit\/affuteuse-avyac-amatic\/#primaryimage"},"thumbnailUrl":"https:\/\/www.solutionsmachinesoutils.com\/wp-content\/uploads\/2019\/05\/1-19.jpg","datePublished":"2019-05-17T12:36:52+00:00","dateModified":"2021-06-03T07:29:24+00:00","description":"Afiladora de brocas semiautom\u00e1tica \u00c1ngulo de corte ajustable \u00c1ngulo de holgura ajustable Anillos de sujeci\u00f3n manuales de 40 a 63 mm 3 mandriles","breadcrumb":{"@id":"https:\/\/www.solutionsmachinesoutils.com\/es\/produit\/affuteuse-avyac-amatic\/#breadcrumb"},"inLanguage":"fr-FR","potentialAction":[{"@type":"ReadAction","target":["https:\/\/www.solutionsmachinesoutils.com\/es\/produit\/affuteuse-avyac-amatic\/"]}]},{"@type":"ImageObject","inLanguage":"fr-FR","@id":"https:\/\/www.solutionsmachinesoutils.com\/es\/produit\/affuteuse-avyac-amatic\/#primaryimage","url":"https:\/\/www.solutionsmachinesoutils.com\/wp-content\/uploads\/2019\/05\/1-19.jpg","contentUrl":"https:\/\/www.solutionsmachinesoutils.com\/wp-content\/uploads\/2019\/05\/1-19.jpg","width":1621,"height":1080},{"@type":"BreadcrumbList","@id":"https:\/\/www.solutionsmachinesoutils.com\/es\/produit\/affuteuse-avyac-amatic\/#breadcrumb","itemListElement":[{"@type":"ListItem","position":1,"name":"Accueil","item":"https:\/\/www.solutionsmachinesoutils.com\/"},{"@type":"ListItem","position":2,"name":"Products","item":"https:\/\/www.solutionsmachinesoutils.com\/en\/shop\/"},{"@type":"ListItem","position":3,"name":"Mec\u00e1nica","item":"https:\/\/www.solutionsmachinesoutils.com\/es\/categorie\/mecanica-es\/"},{"@type":"ListItem","position":4,"name":"Afiladora","item":"https:\/\/www.solutionsmachinesoutils.com\/es\/categorie\/mecanica-es\/afiladora\/"},{"@type":"ListItem","position":5,"name":"AVYAC AVYAMATIC"}]},{"@type":"WebSite","@id":"https:\/\/www.solutionsmachinesoutils.com\/en\/#website","url":"https:\/\/www.solutionsmachinesoutils.com\/en\/","name":"Solutions Machines Outils","description":"ACHAT-VENTE ET EXPERTISE DE MACHINES-OUTILS","potentialAction":[{"@type":"SearchAction","target":{"@type":"EntryPoint","urlTemplate":"https:\/\/www.solutionsmachinesoutils.com\/en\/?s={search_term_string}"},"query-input":{"@type":"PropertyValueSpecification","valueRequired":true,"valueName":"search_term_string"}}],"inLanguage":"fr-FR"}]}},"_links":{"self":[{"href":"https:\/\/www.solutionsmachinesoutils.com\/wp-json\/wp\/v3\/product\/28894","targetHints":{"allow":["GET"]}}],"collection":[{"href":"https:\/\/www.solutionsmachinesoutils.com\/wp-json\/wp\/v3\/product"}],"about":[{"href":"https:\/\/www.solutionsmachinesoutils.com\/wp-json\/wp\/v2\/types\/product"}],"replies":[{"embeddable":true,"href":"https:\/\/www.solutionsmachinesoutils.com\/wp-json\/wp\/v2\/comments?post=28894"}],"wp:featuredmedia":[{"embeddable":true,"href":"https:\/\/www.solutionsmachinesoutils.com\/wp-json\/wp\/v2\/media\/28891"}],"wp:attachment":[{"href":"https:\/\/www.solutionsmachinesoutils.com\/wp-json\/wp\/v2\/media?parent=28894"}],"wp:term":[{"taxonomy":"product_cat","embeddable":true,"href":"https:\/\/www.solutionsmachinesoutils.com\/wp-json\/wp\/v2\/product_cat?post=28894"},{"taxonomy":"product_tag","embeddable":true,"href":"https:\/\/www.solutionsmachinesoutils.com\/wp-json\/wp\/v2\/product_tag?post=28894"},{"taxonomy":"brand_product","embeddable":true,"href":"https:\/\/www.solutionsmachinesoutils.com\/wp-json\/wp\/v2\/brand_product?post=28894"}],"curies":[{"name":"wp","href":"https:\/\/api.w.org\/{rel}","templated":true}]}}