{"id":11676,"date":"2018-06-26T14:16:07","date_gmt":"2018-06-26T13:16:07","guid":{"rendered":"http:\/\/www.solutionsmachinesoutils.com\/es\/?post_type=product&#038;p=11676"},"modified":"2020-01-29T16:19:17","modified_gmt":"2020-01-29T15:19:17","slug":"somab-genymab-900","status":"publish","type":"product","link":"https:\/\/www.solutionsmachinesoutils.com\/es\/produit\/somab-genymab-900\/","title":{"rendered":"SOMAB GENYMAB 900"},"content":{"rendered":"<p>Husillo de torneado 45 kW<\/p>\n<p>\u00f8 m\u00e1x. roto 700 mm \u00f8 m\u00e1x. banco 600 mm<br \/>\n\u00f8 m\u00e1x. mecanizado por aire 680 mm<br \/>\nHusillo de fresado 14 kW<\/p>\n<p>Indexaci\u00f3n cada 2,5\u00b0.<br \/>\nEje C<\/p>\n<p>Cono ISO 40<br \/>\nTransportador<\/p>\n","protected":false},"excerpt":{"rendered":"<p>Husillo de torneado 45 kW \u00f8 m\u00e1x. roto 700 mm \u00f8 m\u00e1x. banco 600 mm \u00f8 m\u00e1x. mecanizado por aire 680 mm Husillo de fresado 14 kW Indexaci\u00f3n cada 2,5\u00b0. Eje C Cono ISO 40 Transportador<\/p>\n","protected":false},"featured_media":11638,"comment_status":"open","ping_status":"closed","template":"","meta":{"_acf_changed":false},"product_cat":[903,928,982],"product_tag":[],"brand_product":[647],"class_list":["post-11676","product","type-product","status-publish","has-post-thumbnail","hentry","product_cat-mecanica","product_cat-tornos","product_cat-tornoscnc","brand_product-somab-es"],"yoast_head":"<!-- This site is optimized with the Yoast SEO plugin v24.2 - https:\/\/yoast.com\/wordpress\/plugins\/seo\/ -->\n<title>SOMAB GENYMAB 900 - Solutions Machines Outils<\/title>\n<meta name=\"description\" content=\"Husillo de torneado 45 kW \u00f8 m\u00e1x. roto 700 mm \u00f8 m\u00e1x. banco 600 mm \u00f8 m\u00e1x. mecanizado por aire 680 mm Husillo de fresado 14 kW Indexaci\u00f3n cada 2,5\u00b0. Eje C\" \/>\n<meta name=\"robots\" content=\"index, follow, max-snippet:-1, max-image-preview:large, max-video-preview:-1\" \/>\n<link rel=\"canonical\" href=\"https:\/\/www.solutionsmachinesoutils.com\/es\/produit\/somab-genymab-900\/\" \/>\n<meta property=\"og:locale\" content=\"fr_FR\" \/>\n<meta property=\"og:type\" content=\"article\" \/>\n<meta property=\"og:title\" content=\"SOMAB GENYMAB 900 - Solutions Machines Outils\" \/>\n<meta property=\"og:description\" content=\"Husillo de torneado 45 kW \u00f8 m\u00e1x. roto 700 mm \u00f8 m\u00e1x. banco 600 mm \u00f8 m\u00e1x. mecanizado por aire 680 mm Husillo de fresado 14 kW Indexaci\u00f3n cada 2,5\u00b0. Eje C\" \/>\n<meta property=\"og:url\" content=\"https:\/\/www.solutionsmachinesoutils.com\/es\/produit\/somab-genymab-900\/\" \/>\n<meta property=\"og:site_name\" content=\"Solutions Machines Outils\" \/>\n<meta property=\"article:modified_time\" content=\"2020-01-29T15:19:17+00:00\" \/>\n<meta property=\"og:image\" content=\"https:\/\/www.solutionsmachinesoutils.com\/wp-content\/uploads\/2017\/12\/1-3.jpg\" \/>\n\t<meta property=\"og:image:width\" content=\"1385\" \/>\n\t<meta property=\"og:image:height\" content=\"779\" \/>\n\t<meta property=\"og:image:type\" content=\"image\/jpeg\" \/>\n<meta name=\"twitter:card\" content=\"summary_large_image\" \/>\n<script type=\"application\/ld+json\" class=\"yoast-schema-graph\">{\"@context\":\"https:\/\/schema.org\",\"@graph\":[{\"@type\":\"WebPage\",\"@id\":\"https:\/\/www.solutionsmachinesoutils.com\/es\/produit\/somab-genymab-900\/\",\"url\":\"https:\/\/www.solutionsmachinesoutils.com\/es\/produit\/somab-genymab-900\/\",\"name\":\"SOMAB GENYMAB 900 - Solutions Machines Outils\",\"isPartOf\":{\"@id\":\"https:\/\/www.solutionsmachinesoutils.com\/en\/#website\"},\"primaryImageOfPage\":{\"@id\":\"https:\/\/www.solutionsmachinesoutils.com\/es\/produit\/somab-genymab-900\/#primaryimage\"},\"image\":{\"@id\":\"https:\/\/www.solutionsmachinesoutils.com\/es\/produit\/somab-genymab-900\/#primaryimage\"},\"thumbnailUrl\":\"https:\/\/www.solutionsmachinesoutils.com\/wp-content\/uploads\/2017\/12\/1-3.jpg\",\"datePublished\":\"2018-06-26T13:16:07+00:00\",\"dateModified\":\"2020-01-29T15:19:17+00:00\",\"description\":\"Husillo de torneado 45 kW \u00f8 m\u00e1x. roto 700 mm \u00f8 m\u00e1x. banco 600 mm \u00f8 m\u00e1x. mecanizado por aire 680 mm Husillo de fresado 14 kW Indexaci\u00f3n cada 2,5\u00b0. Eje C\",\"breadcrumb\":{\"@id\":\"https:\/\/www.solutionsmachinesoutils.com\/es\/produit\/somab-genymab-900\/#breadcrumb\"},\"inLanguage\":\"fr-FR\",\"potentialAction\":[{\"@type\":\"ReadAction\",\"target\":[\"https:\/\/www.solutionsmachinesoutils.com\/es\/produit\/somab-genymab-900\/\"]}]},{\"@type\":\"ImageObject\",\"inLanguage\":\"fr-FR\",\"@id\":\"https:\/\/www.solutionsmachinesoutils.com\/es\/produit\/somab-genymab-900\/#primaryimage\",\"url\":\"https:\/\/www.solutionsmachinesoutils.com\/wp-content\/uploads\/2017\/12\/1-3.jpg\",\"contentUrl\":\"https:\/\/www.solutionsmachinesoutils.com\/wp-content\/uploads\/2017\/12\/1-3.jpg\",\"width\":1385,\"height\":779},{\"@type\":\"BreadcrumbList\",\"@id\":\"https:\/\/www.solutionsmachinesoutils.com\/es\/produit\/somab-genymab-900\/#breadcrumb\",\"itemListElement\":[{\"@type\":\"ListItem\",\"position\":1,\"name\":\"Accueil\",\"item\":\"https:\/\/www.solutionsmachinesoutils.com\/\"},{\"@type\":\"ListItem\",\"position\":2,\"name\":\"Products\",\"item\":\"https:\/\/www.solutionsmachinesoutils.com\/en\/shop\/\"},{\"@type\":\"ListItem\",\"position\":3,\"name\":\"Mec\u00e1nica\",\"item\":\"https:\/\/www.solutionsmachinesoutils.com\/es\/categorie\/mecanica-es\/\"},{\"@type\":\"ListItem\",\"position\":4,\"name\":\"Tornos\",\"item\":\"https:\/\/www.solutionsmachinesoutils.com\/es\/categorie\/mecanica-es\/tornos\/\"},{\"@type\":\"ListItem\",\"position\":5,\"name\":\"Tornos CNC\",\"item\":\"https:\/\/www.solutionsmachinesoutils.com\/es\/categorie\/mecanica-es\/tornos\/tornoscnc\/\"},{\"@type\":\"ListItem\",\"position\":6,\"name\":\"SOMAB GENYMAB 900\"}]},{\"@type\":\"WebSite\",\"@id\":\"https:\/\/www.solutionsmachinesoutils.com\/en\/#website\",\"url\":\"https:\/\/www.solutionsmachinesoutils.com\/en\/\",\"name\":\"Solutions Machines Outils\",\"description\":\"ACHAT-VENTE ET EXPERTISE DE MACHINES-OUTILS\",\"potentialAction\":[{\"@type\":\"SearchAction\",\"target\":{\"@type\":\"EntryPoint\",\"urlTemplate\":\"https:\/\/www.solutionsmachinesoutils.com\/en\/?s={search_term_string}\"},\"query-input\":{\"@type\":\"PropertyValueSpecification\",\"valueRequired\":true,\"valueName\":\"search_term_string\"}}],\"inLanguage\":\"fr-FR\"}]}<\/script>\n<!-- \/ Yoast SEO plugin. -->","yoast_head_json":{"title":"SOMAB GENYMAB 900 - Solutions Machines Outils","description":"Husillo de torneado 45 kW \u00f8 m\u00e1x. roto 700 mm \u00f8 m\u00e1x. banco 600 mm \u00f8 m\u00e1x. mecanizado por aire 680 mm Husillo de fresado 14 kW Indexaci\u00f3n cada 2,5\u00b0. Eje C","robots":{"index":"index","follow":"follow","max-snippet":"max-snippet:-1","max-image-preview":"max-image-preview:large","max-video-preview":"max-video-preview:-1"},"canonical":"https:\/\/www.solutionsmachinesoutils.com\/es\/produit\/somab-genymab-900\/","og_locale":"fr_FR","og_type":"article","og_title":"SOMAB GENYMAB 900 - Solutions Machines Outils","og_description":"Husillo de torneado 45 kW \u00f8 m\u00e1x. roto 700 mm \u00f8 m\u00e1x. banco 600 mm \u00f8 m\u00e1x. mecanizado por aire 680 mm Husillo de fresado 14 kW Indexaci\u00f3n cada 2,5\u00b0. Eje C","og_url":"https:\/\/www.solutionsmachinesoutils.com\/es\/produit\/somab-genymab-900\/","og_site_name":"Solutions Machines Outils","article_modified_time":"2020-01-29T15:19:17+00:00","og_image":[{"width":1385,"height":779,"url":"https:\/\/www.solutionsmachinesoutils.com\/wp-content\/uploads\/2017\/12\/1-3.jpg","type":"image\/jpeg"}],"twitter_card":"summary_large_image","schema":{"@context":"https:\/\/schema.org","@graph":[{"@type":"WebPage","@id":"https:\/\/www.solutionsmachinesoutils.com\/es\/produit\/somab-genymab-900\/","url":"https:\/\/www.solutionsmachinesoutils.com\/es\/produit\/somab-genymab-900\/","name":"SOMAB GENYMAB 900 - Solutions Machines Outils","isPartOf":{"@id":"https:\/\/www.solutionsmachinesoutils.com\/en\/#website"},"primaryImageOfPage":{"@id":"https:\/\/www.solutionsmachinesoutils.com\/es\/produit\/somab-genymab-900\/#primaryimage"},"image":{"@id":"https:\/\/www.solutionsmachinesoutils.com\/es\/produit\/somab-genymab-900\/#primaryimage"},"thumbnailUrl":"https:\/\/www.solutionsmachinesoutils.com\/wp-content\/uploads\/2017\/12\/1-3.jpg","datePublished":"2018-06-26T13:16:07+00:00","dateModified":"2020-01-29T15:19:17+00:00","description":"Husillo de torneado 45 kW \u00f8 m\u00e1x. roto 700 mm \u00f8 m\u00e1x. banco 600 mm \u00f8 m\u00e1x. mecanizado por aire 680 mm Husillo de fresado 14 kW Indexaci\u00f3n cada 2,5\u00b0. Eje C","breadcrumb":{"@id":"https:\/\/www.solutionsmachinesoutils.com\/es\/produit\/somab-genymab-900\/#breadcrumb"},"inLanguage":"fr-FR","potentialAction":[{"@type":"ReadAction","target":["https:\/\/www.solutionsmachinesoutils.com\/es\/produit\/somab-genymab-900\/"]}]},{"@type":"ImageObject","inLanguage":"fr-FR","@id":"https:\/\/www.solutionsmachinesoutils.com\/es\/produit\/somab-genymab-900\/#primaryimage","url":"https:\/\/www.solutionsmachinesoutils.com\/wp-content\/uploads\/2017\/12\/1-3.jpg","contentUrl":"https:\/\/www.solutionsmachinesoutils.com\/wp-content\/uploads\/2017\/12\/1-3.jpg","width":1385,"height":779},{"@type":"BreadcrumbList","@id":"https:\/\/www.solutionsmachinesoutils.com\/es\/produit\/somab-genymab-900\/#breadcrumb","itemListElement":[{"@type":"ListItem","position":1,"name":"Accueil","item":"https:\/\/www.solutionsmachinesoutils.com\/"},{"@type":"ListItem","position":2,"name":"Products","item":"https:\/\/www.solutionsmachinesoutils.com\/en\/shop\/"},{"@type":"ListItem","position":3,"name":"Mec\u00e1nica","item":"https:\/\/www.solutionsmachinesoutils.com\/es\/categorie\/mecanica-es\/"},{"@type":"ListItem","position":4,"name":"Tornos","item":"https:\/\/www.solutionsmachinesoutils.com\/es\/categorie\/mecanica-es\/tornos\/"},{"@type":"ListItem","position":5,"name":"Tornos CNC","item":"https:\/\/www.solutionsmachinesoutils.com\/es\/categorie\/mecanica-es\/tornos\/tornoscnc\/"},{"@type":"ListItem","position":6,"name":"SOMAB GENYMAB 900"}]},{"@type":"WebSite","@id":"https:\/\/www.solutionsmachinesoutils.com\/en\/#website","url":"https:\/\/www.solutionsmachinesoutils.com\/en\/","name":"Solutions Machines Outils","description":"ACHAT-VENTE ET EXPERTISE DE MACHINES-OUTILS","potentialAction":[{"@type":"SearchAction","target":{"@type":"EntryPoint","urlTemplate":"https:\/\/www.solutionsmachinesoutils.com\/en\/?s={search_term_string}"},"query-input":{"@type":"PropertyValueSpecification","valueRequired":true,"valueName":"search_term_string"}}],"inLanguage":"fr-FR"}]}},"_links":{"self":[{"href":"https:\/\/www.solutionsmachinesoutils.com\/wp-json\/wp\/v3\/product\/11676","targetHints":{"allow":["GET"]}}],"collection":[{"href":"https:\/\/www.solutionsmachinesoutils.com\/wp-json\/wp\/v3\/product"}],"about":[{"href":"https:\/\/www.solutionsmachinesoutils.com\/wp-json\/wp\/v2\/types\/product"}],"replies":[{"embeddable":true,"href":"https:\/\/www.solutionsmachinesoutils.com\/wp-json\/wp\/v2\/comments?post=11676"}],"wp:featuredmedia":[{"embeddable":true,"href":"https:\/\/www.solutionsmachinesoutils.com\/wp-json\/wp\/v2\/media\/11638"}],"wp:attachment":[{"href":"https:\/\/www.solutionsmachinesoutils.com\/wp-json\/wp\/v2\/media?parent=11676"}],"wp:term":[{"taxonomy":"product_cat","embeddable":true,"href":"https:\/\/www.solutionsmachinesoutils.com\/wp-json\/wp\/v2\/product_cat?post=11676"},{"taxonomy":"product_tag","embeddable":true,"href":"https:\/\/www.solutionsmachinesoutils.com\/wp-json\/wp\/v2\/product_tag?post=11676"},{"taxonomy":"brand_product","embeddable":true,"href":"https:\/\/www.solutionsmachinesoutils.com\/wp-json\/wp\/v2\/brand_product?post=11676"}],"curies":[{"name":"wp","href":"https:\/\/api.w.org\/{rel}","templated":true}]}}