{"id":4076,"date":"2017-02-01T15:20:17","date_gmt":"2017-02-01T14:20:17","guid":{"rendered":"http:\/\/www.solutionsmachinesoutils.com\/es\/?page_id=4076"},"modified":"2017-02-01T15:20:17","modified_gmt":"2017-02-01T14:20:17","slug":"venta","status":"publish","type":"page","link":"https:\/\/www.solutionsmachinesoutils.com\/es\/venta\/","title":{"rendered":"Venta"},"content":{"rendered":"<p><strong><em>Una amplia selecci\u00f3n de m\u00e1quinas herramientas<\/em><\/strong><\/p>\n<table style=\"text-align: left; width: 100%;\" border=\"0\" cellspacing=\"0\" cellpadding=\"0\">\n<tbody>\n<tr>\n<td style=\"vertical-align: top;\">\n<p style=\"font-family: arial; font-weight: normal; font-size: 14px;\">Adem\u00e1s de nuestras m\u00e1quinas en stock, tenemos constantemente en permanencia\u00a0m\u00e1quinas en transcurso de venta o entrega.<\/p>\n<p style=\"font-family: arial; font-weight: normal; font-size: 14px;\">Es mas, nuestra base comparativa de datos nos permite tener acceso a las m\u00e1quinas herramienta disponibles en\u00a0todo el mundo.<\/p>\n<p style=\"font-family: arial; font-weight: normal; font-size: 14px;\">Tambi\u00e9n trabajamos con socios fiables. No dude en enviarnos vuestras necesidades y b\u00fasquedas.<\/p>\n<table style=\"text-align: left; width: 250px; height: 50px;\" border=\"0\" cellspacing=\"0\" cellpadding=\"0\">\n<tbody>\n<tr>\n<td style=\"font-family: arial; font-weight: bold; font-size: 18px; background-color: red; vertical-align: middle; text-align: center;\"><a style=\"text-decoration: none; color: white;\" href=\"\/demander-un-devis\/\">\u00a0\u00bb Acheter une machine<\/a><\/td>\n<\/tr>\n<\/tbody>\n<\/table>\n<\/td>\n<td><img decoding=\"async\" style=\"width: 424px; height: 283px;\" src=\"http:\/\/www.solutionsmachinesoutils.com\/wp-content\/uploads\/2016\/05\/contact.jpg\" \/><\/td>\n<\/tr>\n<\/tbody>\n<\/table>\n","protected":false},"excerpt":{"rendered":"<p>Una amplia selecci\u00f3n de m\u00e1quinas herramientas Adem\u00e1s de nuestras m\u00e1quinas en stock, tenemos constantemente en permanencia\u00a0m\u00e1quinas en transcurso de venta o entrega. Es mas, nuestra base comparativa de datos nos permite tener acceso a las m\u00e1quinas herramienta disponibles en\u00a0todo el mundo. Tambi\u00e9n trabajamos con socios fiables. No dude en enviarnos vuestras necesidades y b\u00fasquedas. \u00a0\u00bb [&hellip;]<\/p>\n","protected":false},"author":9,"featured_media":0,"parent":0,"menu_order":0,"comment_status":"closed","ping_status":"closed","template":"","meta":{"_acf_changed":false,"footnotes":""},"class_list":["post-4076","page","type-page","status-publish","hentry"],"acf":[],"yoast_head":"<!-- This site is optimized with the Yoast SEO plugin v24.2 - https:\/\/yoast.com\/wordpress\/plugins\/seo\/ -->\n<title>Venta - Solutions Machines Outils<\/title>\n<meta name=\"description\" content=\"Una amplia selecci\u00f3n de m\u00e1quinas herramientas Adem\u00e1s de nuestras m\u00e1quinas en stock, tenemos constantemente en permanencia\u00a0m\u00e1quinas en transcurso de venta\" \/>\n<meta name=\"robots\" content=\"index, follow, max-snippet:-1, max-image-preview:large, max-video-preview:-1\" \/>\n<link rel=\"canonical\" href=\"https:\/\/www.solutionsmachinesoutils.com\/es\/venta\/\" \/>\n<meta property=\"og:locale\" content=\"fr_FR\" \/>\n<meta property=\"og:type\" content=\"article\" \/>\n<meta property=\"og:title\" content=\"Venta - Solutions Machines Outils\" \/>\n<meta property=\"og:description\" content=\"Una amplia selecci\u00f3n de m\u00e1quinas herramientas Adem\u00e1s de nuestras m\u00e1quinas en stock, tenemos constantemente en permanencia\u00a0m\u00e1quinas en transcurso de venta\" \/>\n<meta property=\"og:url\" content=\"https:\/\/www.solutionsmachinesoutils.com\/es\/venta\/\" \/>\n<meta property=\"og:site_name\" content=\"Solutions Machines Outils\" \/>\n<meta property=\"og:image\" content=\"http:\/\/www.solutionsmachinesoutils.com\/wp-content\/uploads\/2016\/05\/contact.jpg\" \/>\n<meta name=\"twitter:card\" content=\"summary_large_image\" \/>\n<script type=\"application\/ld+json\" class=\"yoast-schema-graph\">{\"@context\":\"https:\/\/schema.org\",\"@graph\":[{\"@type\":\"WebPage\",\"@id\":\"https:\/\/www.solutionsmachinesoutils.com\/es\/venta\/\",\"url\":\"https:\/\/www.solutionsmachinesoutils.com\/es\/venta\/\",\"name\":\"Venta - Solutions Machines Outils\",\"isPartOf\":{\"@id\":\"https:\/\/www.solutionsmachinesoutils.com\/en\/#website\"},\"primaryImageOfPage\":{\"@id\":\"https:\/\/www.solutionsmachinesoutils.com\/es\/venta\/#primaryimage\"},\"image\":{\"@id\":\"https:\/\/www.solutionsmachinesoutils.com\/es\/venta\/#primaryimage\"},\"thumbnailUrl\":\"http:\/\/www.solutionsmachinesoutils.com\/wp-content\/uploads\/2016\/05\/contact.jpg\",\"datePublished\":\"2017-02-01T14:20:17+00:00\",\"dateModified\":\"2017-02-01T14:20:17+00:00\",\"description\":\"Una amplia selecci\u00f3n de m\u00e1quinas herramientas Adem\u00e1s de nuestras m\u00e1quinas en stock, tenemos constantemente en permanencia\u00a0m\u00e1quinas en transcurso de venta\",\"breadcrumb\":{\"@id\":\"https:\/\/www.solutionsmachinesoutils.com\/es\/venta\/#breadcrumb\"},\"inLanguage\":\"fr-FR\",\"potentialAction\":[{\"@type\":\"ReadAction\",\"target\":[\"https:\/\/www.solutionsmachinesoutils.com\/es\/venta\/\"]}]},{\"@type\":\"ImageObject\",\"inLanguage\":\"fr-FR\",\"@id\":\"https:\/\/www.solutionsmachinesoutils.com\/es\/venta\/#primaryimage\",\"url\":\"http:\/\/www.solutionsmachinesoutils.com\/wp-content\/uploads\/2016\/05\/contact.jpg\",\"contentUrl\":\"http:\/\/www.solutionsmachinesoutils.com\/wp-content\/uploads\/2016\/05\/contact.jpg\"},{\"@type\":\"BreadcrumbList\",\"@id\":\"https:\/\/www.solutionsmachinesoutils.com\/es\/venta\/#breadcrumb\",\"itemListElement\":[{\"@type\":\"ListItem\",\"position\":1,\"name\":\"Accueil\",\"item\":\"https:\/\/www.solutionsmachinesoutils.com\/\"},{\"@type\":\"ListItem\",\"position\":2,\"name\":\"Venta\"}]},{\"@type\":\"WebSite\",\"@id\":\"https:\/\/www.solutionsmachinesoutils.com\/en\/#website\",\"url\":\"https:\/\/www.solutionsmachinesoutils.com\/en\/\",\"name\":\"Solutions Machines Outils\",\"description\":\"ACHAT-VENTE ET EXPERTISE DE MACHINES-OUTILS\",\"potentialAction\":[{\"@type\":\"SearchAction\",\"target\":{\"@type\":\"EntryPoint\",\"urlTemplate\":\"https:\/\/www.solutionsmachinesoutils.com\/en\/?s={search_term_string}\"},\"query-input\":{\"@type\":\"PropertyValueSpecification\",\"valueRequired\":true,\"valueName\":\"search_term_string\"}}],\"inLanguage\":\"fr-FR\"}]}<\/script>\n<!-- \/ Yoast SEO plugin. -->","yoast_head_json":{"title":"Venta - Solutions Machines Outils","description":"Una amplia selecci\u00f3n de m\u00e1quinas herramientas Adem\u00e1s de nuestras m\u00e1quinas en stock, tenemos constantemente en permanencia\u00a0m\u00e1quinas en transcurso de venta","robots":{"index":"index","follow":"follow","max-snippet":"max-snippet:-1","max-image-preview":"max-image-preview:large","max-video-preview":"max-video-preview:-1"},"canonical":"https:\/\/www.solutionsmachinesoutils.com\/es\/venta\/","og_locale":"fr_FR","og_type":"article","og_title":"Venta - Solutions Machines Outils","og_description":"Una amplia selecci\u00f3n de m\u00e1quinas herramientas Adem\u00e1s de nuestras m\u00e1quinas en stock, tenemos constantemente en permanencia\u00a0m\u00e1quinas en transcurso de venta","og_url":"https:\/\/www.solutionsmachinesoutils.com\/es\/venta\/","og_site_name":"Solutions Machines Outils","og_image":[{"url":"http:\/\/www.solutionsmachinesoutils.com\/wp-content\/uploads\/2016\/05\/contact.jpg","type":"","width":"","height":""}],"twitter_card":"summary_large_image","schema":{"@context":"https:\/\/schema.org","@graph":[{"@type":"WebPage","@id":"https:\/\/www.solutionsmachinesoutils.com\/es\/venta\/","url":"https:\/\/www.solutionsmachinesoutils.com\/es\/venta\/","name":"Venta - Solutions Machines Outils","isPartOf":{"@id":"https:\/\/www.solutionsmachinesoutils.com\/en\/#website"},"primaryImageOfPage":{"@id":"https:\/\/www.solutionsmachinesoutils.com\/es\/venta\/#primaryimage"},"image":{"@id":"https:\/\/www.solutionsmachinesoutils.com\/es\/venta\/#primaryimage"},"thumbnailUrl":"http:\/\/www.solutionsmachinesoutils.com\/wp-content\/uploads\/2016\/05\/contact.jpg","datePublished":"2017-02-01T14:20:17+00:00","dateModified":"2017-02-01T14:20:17+00:00","description":"Una amplia selecci\u00f3n de m\u00e1quinas herramientas Adem\u00e1s de nuestras m\u00e1quinas en stock, tenemos constantemente en permanencia\u00a0m\u00e1quinas en transcurso de venta","breadcrumb":{"@id":"https:\/\/www.solutionsmachinesoutils.com\/es\/venta\/#breadcrumb"},"inLanguage":"fr-FR","potentialAction":[{"@type":"ReadAction","target":["https:\/\/www.solutionsmachinesoutils.com\/es\/venta\/"]}]},{"@type":"ImageObject","inLanguage":"fr-FR","@id":"https:\/\/www.solutionsmachinesoutils.com\/es\/venta\/#primaryimage","url":"http:\/\/www.solutionsmachinesoutils.com\/wp-content\/uploads\/2016\/05\/contact.jpg","contentUrl":"http:\/\/www.solutionsmachinesoutils.com\/wp-content\/uploads\/2016\/05\/contact.jpg"},{"@type":"BreadcrumbList","@id":"https:\/\/www.solutionsmachinesoutils.com\/es\/venta\/#breadcrumb","itemListElement":[{"@type":"ListItem","position":1,"name":"Accueil","item":"https:\/\/www.solutionsmachinesoutils.com\/"},{"@type":"ListItem","position":2,"name":"Venta"}]},{"@type":"WebSite","@id":"https:\/\/www.solutionsmachinesoutils.com\/en\/#website","url":"https:\/\/www.solutionsmachinesoutils.com\/en\/","name":"Solutions Machines Outils","description":"ACHAT-VENTE ET EXPERTISE DE MACHINES-OUTILS","potentialAction":[{"@type":"SearchAction","target":{"@type":"EntryPoint","urlTemplate":"https:\/\/www.solutionsmachinesoutils.com\/en\/?s={search_term_string}"},"query-input":{"@type":"PropertyValueSpecification","valueRequired":true,"valueName":"search_term_string"}}],"inLanguage":"fr-FR"}]}},"_links":{"self":[{"href":"https:\/\/www.solutionsmachinesoutils.com\/wp-json\/wp\/v2\/pages\/4076","targetHints":{"allow":["GET"]}}],"collection":[{"href":"https:\/\/www.solutionsmachinesoutils.com\/wp-json\/wp\/v2\/pages"}],"about":[{"href":"https:\/\/www.solutionsmachinesoutils.com\/wp-json\/wp\/v2\/types\/page"}],"author":[{"embeddable":true,"href":"https:\/\/www.solutionsmachinesoutils.com\/wp-json\/wp\/v2\/users\/9"}],"replies":[{"embeddable":true,"href":"https:\/\/www.solutionsmachinesoutils.com\/wp-json\/wp\/v2\/comments?post=4076"}],"version-history":[{"count":0,"href":"https:\/\/www.solutionsmachinesoutils.com\/wp-json\/wp\/v2\/pages\/4076\/revisions"}],"wp:attachment":[{"href":"https:\/\/www.solutionsmachinesoutils.com\/wp-json\/wp\/v2\/media?parent=4076"}],"curies":[{"name":"wp","href":"https:\/\/api.w.org\/{rel}","templated":true}]}}