{"id":4073,"date":"2017-02-01T15:02:50","date_gmt":"2017-02-01T14:02:50","guid":{"rendered":"http:\/\/www.solutionsmachinesoutils.com\/es\/?page_id=4073"},"modified":"2017-02-03T14:54:59","modified_gmt":"2017-02-03T13:54:59","slug":"valores-adn-de-empresa","status":"publish","type":"page","link":"https:\/\/www.solutionsmachinesoutils.com\/es\/valores-adn-de-empresa\/","title":{"rendered":"Valores y ADN de la empresa"},"content":{"rendered":"<table style=\"text-align: left; width: 100%;\" border=\"0\" cellspacing=\"0\" cellpadding=\"0\">\n<tbody>\n<tr>\n<td style=\"vertical-align: top;\">\n<p style=\"font-family: arial; font-weight: normal; font-size: 14px;\">Nuestros valores se resumen en breves palabras: \u00e9tica, integridad, rapidez, acompa\u00f1amiento y satisfacci\u00f3n al cliente, respetando nuestros compromisos.<\/p>\n<p style=\"font-family: arial; font-weight: normal; font-size: 14px;\">Una verdadera visi\u00f3n industrial gu\u00eda nuestras prioridades que\u00a0han de tener una verdadera asociaci\u00f3n con nuestros clientes y ofrecer soluciones competitivas y de calidad para apoyar su desarrollo.<\/p>\n<p style=\"font-family: arial; font-weight: normal; font-size: 14px;\">Tambi\u00e9n buscamos el mejor m\u00e9todo rentable\u00a0para usted\u00a0<a href=\"\/es\/compra\/\">comprar sus maquinas<\/a>.<\/p>\n<\/td>\n<td><img decoding=\"async\" style=\"width: 470px; height: 400px;\" src=\"http:\/\/www.solutionsmachinesoutils.com\/wp-content\/uploads\/2016\/05\/engrenage-adn.jpg\" \/><\/td>\n<\/tr>\n<\/tbody>\n<\/table>\n","protected":false},"excerpt":{"rendered":"<p>Nuestros valores se resumen en breves palabras: \u00e9tica, integridad, rapidez, acompa\u00f1amiento y satisfacci\u00f3n al cliente, respetando nuestros compromisos. Una verdadera visi\u00f3n industrial gu\u00eda nuestras prioridades que\u00a0han de tener una verdadera asociaci\u00f3n con nuestros clientes y ofrecer soluciones competitivas y de calidad para apoyar su desarrollo. Tambi\u00e9n buscamos el mejor m\u00e9todo rentable\u00a0para usted\u00a0comprar sus maquinas.<\/p>\n","protected":false},"author":9,"featured_media":0,"parent":0,"menu_order":0,"comment_status":"closed","ping_status":"closed","template":"","meta":{"_acf_changed":false,"footnotes":""},"class_list":["post-4073","page","type-page","status-publish","hentry"],"acf":[],"yoast_head":"<!-- This site is optimized with the Yoast SEO plugin v24.2 - https:\/\/yoast.com\/wordpress\/plugins\/seo\/ -->\n<title>Valores y ADN de la empresa - Solutions Machines Outils<\/title>\n<meta name=\"description\" content=\"Nuestros valores se resumen en breves palabras: \u00e9tica, integridad, rapidez, acompa\u00f1amiento y satisfacci\u00f3n al cliente, respetando nuestros compromisos. Una\" \/>\n<meta name=\"robots\" content=\"index, follow, max-snippet:-1, max-image-preview:large, max-video-preview:-1\" \/>\n<link rel=\"canonical\" href=\"https:\/\/www.solutionsmachinesoutils.com\/es\/valores-adn-de-empresa\/\" \/>\n<meta property=\"og:locale\" content=\"fr_FR\" \/>\n<meta property=\"og:type\" content=\"article\" \/>\n<meta property=\"og:title\" content=\"Valores y ADN de la empresa - Solutions Machines Outils\" \/>\n<meta property=\"og:description\" content=\"Nuestros valores se resumen en breves palabras: \u00e9tica, integridad, rapidez, acompa\u00f1amiento y satisfacci\u00f3n al cliente, respetando nuestros compromisos. Una\" \/>\n<meta property=\"og:url\" content=\"https:\/\/www.solutionsmachinesoutils.com\/es\/valores-adn-de-empresa\/\" \/>\n<meta property=\"og:site_name\" content=\"Solutions Machines Outils\" \/>\n<meta property=\"article:modified_time\" content=\"2017-02-03T13:54:59+00:00\" \/>\n<meta property=\"og:image\" content=\"http:\/\/www.solutionsmachinesoutils.com\/wp-content\/uploads\/2016\/05\/engrenage-adn.jpg\" \/>\n<meta name=\"twitter:card\" content=\"summary_large_image\" \/>\n<script type=\"application\/ld+json\" class=\"yoast-schema-graph\">{\"@context\":\"https:\/\/schema.org\",\"@graph\":[{\"@type\":\"WebPage\",\"@id\":\"https:\/\/www.solutionsmachinesoutils.com\/es\/valores-adn-de-empresa\/\",\"url\":\"https:\/\/www.solutionsmachinesoutils.com\/es\/valores-adn-de-empresa\/\",\"name\":\"Valores y ADN de la empresa - Solutions Machines Outils\",\"isPartOf\":{\"@id\":\"https:\/\/www.solutionsmachinesoutils.com\/en\/#website\"},\"primaryImageOfPage\":{\"@id\":\"https:\/\/www.solutionsmachinesoutils.com\/es\/valores-adn-de-empresa\/#primaryimage\"},\"image\":{\"@id\":\"https:\/\/www.solutionsmachinesoutils.com\/es\/valores-adn-de-empresa\/#primaryimage\"},\"thumbnailUrl\":\"http:\/\/www.solutionsmachinesoutils.com\/wp-content\/uploads\/2016\/05\/engrenage-adn.jpg\",\"datePublished\":\"2017-02-01T14:02:50+00:00\",\"dateModified\":\"2017-02-03T13:54:59+00:00\",\"description\":\"Nuestros valores se resumen en breves palabras: \u00e9tica, integridad, rapidez, acompa\u00f1amiento y satisfacci\u00f3n al cliente, respetando nuestros compromisos. Una\",\"breadcrumb\":{\"@id\":\"https:\/\/www.solutionsmachinesoutils.com\/es\/valores-adn-de-empresa\/#breadcrumb\"},\"inLanguage\":\"fr-FR\",\"potentialAction\":[{\"@type\":\"ReadAction\",\"target\":[\"https:\/\/www.solutionsmachinesoutils.com\/es\/valores-adn-de-empresa\/\"]}]},{\"@type\":\"ImageObject\",\"inLanguage\":\"fr-FR\",\"@id\":\"https:\/\/www.solutionsmachinesoutils.com\/es\/valores-adn-de-empresa\/#primaryimage\",\"url\":\"http:\/\/www.solutionsmachinesoutils.com\/wp-content\/uploads\/2016\/05\/engrenage-adn.jpg\",\"contentUrl\":\"http:\/\/www.solutionsmachinesoutils.com\/wp-content\/uploads\/2016\/05\/engrenage-adn.jpg\"},{\"@type\":\"BreadcrumbList\",\"@id\":\"https:\/\/www.solutionsmachinesoutils.com\/es\/valores-adn-de-empresa\/#breadcrumb\",\"itemListElement\":[{\"@type\":\"ListItem\",\"position\":1,\"name\":\"Accueil\",\"item\":\"https:\/\/www.solutionsmachinesoutils.com\/\"},{\"@type\":\"ListItem\",\"position\":2,\"name\":\"Valores y ADN de la empresa\"}]},{\"@type\":\"WebSite\",\"@id\":\"https:\/\/www.solutionsmachinesoutils.com\/en\/#website\",\"url\":\"https:\/\/www.solutionsmachinesoutils.com\/en\/\",\"name\":\"Solutions Machines Outils\",\"description\":\"ACHAT-VENTE ET EXPERTISE DE MACHINES-OUTILS\",\"potentialAction\":[{\"@type\":\"SearchAction\",\"target\":{\"@type\":\"EntryPoint\",\"urlTemplate\":\"https:\/\/www.solutionsmachinesoutils.com\/en\/?s={search_term_string}\"},\"query-input\":{\"@type\":\"PropertyValueSpecification\",\"valueRequired\":true,\"valueName\":\"search_term_string\"}}],\"inLanguage\":\"fr-FR\"}]}<\/script>\n<!-- \/ Yoast SEO plugin. -->","yoast_head_json":{"title":"Valores y ADN de la empresa - Solutions Machines Outils","description":"Nuestros valores se resumen en breves palabras: \u00e9tica, integridad, rapidez, acompa\u00f1amiento y satisfacci\u00f3n al cliente, respetando nuestros compromisos. Una","robots":{"index":"index","follow":"follow","max-snippet":"max-snippet:-1","max-image-preview":"max-image-preview:large","max-video-preview":"max-video-preview:-1"},"canonical":"https:\/\/www.solutionsmachinesoutils.com\/es\/valores-adn-de-empresa\/","og_locale":"fr_FR","og_type":"article","og_title":"Valores y ADN de la empresa - Solutions Machines Outils","og_description":"Nuestros valores se resumen en breves palabras: \u00e9tica, integridad, rapidez, acompa\u00f1amiento y satisfacci\u00f3n al cliente, respetando nuestros compromisos. Una","og_url":"https:\/\/www.solutionsmachinesoutils.com\/es\/valores-adn-de-empresa\/","og_site_name":"Solutions Machines Outils","article_modified_time":"2017-02-03T13:54:59+00:00","og_image":[{"url":"http:\/\/www.solutionsmachinesoutils.com\/wp-content\/uploads\/2016\/05\/engrenage-adn.jpg","type":"","width":"","height":""}],"twitter_card":"summary_large_image","schema":{"@context":"https:\/\/schema.org","@graph":[{"@type":"WebPage","@id":"https:\/\/www.solutionsmachinesoutils.com\/es\/valores-adn-de-empresa\/","url":"https:\/\/www.solutionsmachinesoutils.com\/es\/valores-adn-de-empresa\/","name":"Valores y ADN de la empresa - Solutions Machines Outils","isPartOf":{"@id":"https:\/\/www.solutionsmachinesoutils.com\/en\/#website"},"primaryImageOfPage":{"@id":"https:\/\/www.solutionsmachinesoutils.com\/es\/valores-adn-de-empresa\/#primaryimage"},"image":{"@id":"https:\/\/www.solutionsmachinesoutils.com\/es\/valores-adn-de-empresa\/#primaryimage"},"thumbnailUrl":"http:\/\/www.solutionsmachinesoutils.com\/wp-content\/uploads\/2016\/05\/engrenage-adn.jpg","datePublished":"2017-02-01T14:02:50+00:00","dateModified":"2017-02-03T13:54:59+00:00","description":"Nuestros valores se resumen en breves palabras: \u00e9tica, integridad, rapidez, acompa\u00f1amiento y satisfacci\u00f3n al cliente, respetando nuestros compromisos. Una","breadcrumb":{"@id":"https:\/\/www.solutionsmachinesoutils.com\/es\/valores-adn-de-empresa\/#breadcrumb"},"inLanguage":"fr-FR","potentialAction":[{"@type":"ReadAction","target":["https:\/\/www.solutionsmachinesoutils.com\/es\/valores-adn-de-empresa\/"]}]},{"@type":"ImageObject","inLanguage":"fr-FR","@id":"https:\/\/www.solutionsmachinesoutils.com\/es\/valores-adn-de-empresa\/#primaryimage","url":"http:\/\/www.solutionsmachinesoutils.com\/wp-content\/uploads\/2016\/05\/engrenage-adn.jpg","contentUrl":"http:\/\/www.solutionsmachinesoutils.com\/wp-content\/uploads\/2016\/05\/engrenage-adn.jpg"},{"@type":"BreadcrumbList","@id":"https:\/\/www.solutionsmachinesoutils.com\/es\/valores-adn-de-empresa\/#breadcrumb","itemListElement":[{"@type":"ListItem","position":1,"name":"Accueil","item":"https:\/\/www.solutionsmachinesoutils.com\/"},{"@type":"ListItem","position":2,"name":"Valores y ADN de la empresa"}]},{"@type":"WebSite","@id":"https:\/\/www.solutionsmachinesoutils.com\/en\/#website","url":"https:\/\/www.solutionsmachinesoutils.com\/en\/","name":"Solutions Machines Outils","description":"ACHAT-VENTE ET EXPERTISE DE MACHINES-OUTILS","potentialAction":[{"@type":"SearchAction","target":{"@type":"EntryPoint","urlTemplate":"https:\/\/www.solutionsmachinesoutils.com\/en\/?s={search_term_string}"},"query-input":{"@type":"PropertyValueSpecification","valueRequired":true,"valueName":"search_term_string"}}],"inLanguage":"fr-FR"}]}},"_links":{"self":[{"href":"https:\/\/www.solutionsmachinesoutils.com\/wp-json\/wp\/v2\/pages\/4073","targetHints":{"allow":["GET"]}}],"collection":[{"href":"https:\/\/www.solutionsmachinesoutils.com\/wp-json\/wp\/v2\/pages"}],"about":[{"href":"https:\/\/www.solutionsmachinesoutils.com\/wp-json\/wp\/v2\/types\/page"}],"author":[{"embeddable":true,"href":"https:\/\/www.solutionsmachinesoutils.com\/wp-json\/wp\/v2\/users\/9"}],"replies":[{"embeddable":true,"href":"https:\/\/www.solutionsmachinesoutils.com\/wp-json\/wp\/v2\/comments?post=4073"}],"version-history":[{"count":0,"href":"https:\/\/www.solutionsmachinesoutils.com\/wp-json\/wp\/v2\/pages\/4073\/revisions"}],"wp:attachment":[{"href":"https:\/\/www.solutionsmachinesoutils.com\/wp-json\/wp\/v2\/media?parent=4073"}],"curies":[{"name":"wp","href":"https:\/\/api.w.org\/{rel}","templated":true}]}}