{"id":4066,"date":"2017-02-01T13:21:55","date_gmt":"2017-02-01T12:21:55","guid":{"rendered":"http:\/\/www.solutionsmachinesoutils.com\/es\/?page_id=4066"},"modified":"2017-02-01T13:21:55","modified_gmt":"2017-02-01T12:21:55","slug":"servicios-y-reparacion","status":"publish","type":"page","link":"https:\/\/www.solutionsmachinesoutils.com\/es\/servicios-y-reparacion\/","title":{"rendered":"Servicios y reparaci\u00f3n"},"content":{"rendered":"<table style=\"text-align: left; width: 100%;\" border=\"0\" cellspacing=\"0\" cellpadding=\"0\">\n<tbody>\n<tr>\n<td style=\"vertical-align: top;\"><em><strong>Maquinas en conformidad<\/strong><\/em><\/p>\n<p>Nuestras maquinas son vendidas, revisadas y puestas en conformidad seg\u00fan la legislaci\u00f3n en vigor. Un certificado de conformidad es entregado con cada m\u00e1quina.<\/p>\n<p>Tambi\u00e9n nos desplazamos para realizar la conformidad de vuestras m\u00e1quinas.<\/p>\n<p style=\"font-family: arial; font-weight: normal; font-size: 14px;\"><strong><em>\u00a0<\/em><\/strong><\/p>\n<p style=\"text-align: justify;\"><img decoding=\"async\" style=\"width: 425px;\" src=\"http:\/\/www.solutionsmachinesoutils.com\/wp-content\/uploads\/2016\/05\/conformite.jpg\" \/><\/p>\n<\/td>\n<td style=\"width: 20px;\"><\/td>\n<td><em><strong>Maquinas revisadas<\/strong><\/em><\/p>\n<p>Nuestro servicio t\u00e9cnico revisa todas las m\u00e1quinas de chapa, mec\u00e1nica y puede actualizar el control digital. Nuestros t\u00e9cnicos son expertos en electricidad, mec\u00e1nica, hidr\u00e1ulica y control digital.<\/p>\n<p>Une recepci\u00f3n t\u00e9cnica en nuestros locales es efectuada antes del envi\u00f3 de la maquina con el fin de garantizarles un servicio conforme a la espera.<\/p>\n<p>&nbsp;<\/p>\n<p><img decoding=\"async\" style=\"width: 425px;\" src=\"http:\/\/www.solutionsmachinesoutils.com\/wp-content\/uploads\/2016\/05\/remise-en-etat.jpg\" \/><\/td>\n<\/tr>\n<\/tbody>\n<\/table>\n","protected":false},"excerpt":{"rendered":"<p>Maquinas en conformidad Nuestras maquinas son vendidas, revisadas y puestas en conformidad seg\u00fan la legislaci\u00f3n en vigor. Un certificado de conformidad es entregado con cada m\u00e1quina. Tambi\u00e9n nos desplazamos para realizar la conformidad de vuestras m\u00e1quinas. \u00a0 Maquinas revisadas Nuestro servicio t\u00e9cnico revisa todas las m\u00e1quinas de chapa, mec\u00e1nica y puede actualizar el control digital. [&hellip;]<\/p>\n","protected":false},"author":9,"featured_media":0,"parent":0,"menu_order":0,"comment_status":"closed","ping_status":"closed","template":"","meta":{"_acf_changed":false,"footnotes":""},"class_list":["post-4066","page","type-page","status-publish","hentry"],"acf":[],"yoast_head":"<!-- This site is optimized with the Yoast SEO plugin v24.2 - https:\/\/yoast.com\/wordpress\/plugins\/seo\/ -->\n<title>Servicios y reparaci\u00f3n - Solutions Machines Outils<\/title>\n<meta name=\"description\" content=\"Maquinas en conformidad Nuestras maquinas son vendidas, revisadas y puestas en conformidad seg\u00fan la legislaci\u00f3n en vigor. Un certificado de conformidad es\" \/>\n<meta name=\"robots\" content=\"index, follow, max-snippet:-1, max-image-preview:large, max-video-preview:-1\" \/>\n<link rel=\"canonical\" href=\"https:\/\/www.solutionsmachinesoutils.com\/es\/servicios-y-reparacion\/\" \/>\n<meta property=\"og:locale\" content=\"fr_FR\" \/>\n<meta property=\"og:type\" content=\"article\" \/>\n<meta property=\"og:title\" content=\"Servicios y reparaci\u00f3n - Solutions Machines Outils\" \/>\n<meta property=\"og:description\" content=\"Maquinas en conformidad Nuestras maquinas son vendidas, revisadas y puestas en conformidad seg\u00fan la legislaci\u00f3n en vigor. Un certificado de conformidad es\" \/>\n<meta property=\"og:url\" content=\"https:\/\/www.solutionsmachinesoutils.com\/es\/servicios-y-reparacion\/\" \/>\n<meta property=\"og:site_name\" content=\"Solutions Machines Outils\" \/>\n<meta property=\"og:image\" content=\"http:\/\/www.solutionsmachinesoutils.com\/wp-content\/uploads\/2016\/05\/conformite.jpg\" \/>\n<meta name=\"twitter:card\" content=\"summary_large_image\" \/>\n<meta name=\"twitter:label1\" content=\"Dur\u00e9e de lecture estim\u00e9e\" \/>\n\t<meta name=\"twitter:data1\" content=\"1 minute\" \/>\n<script type=\"application\/ld+json\" class=\"yoast-schema-graph\">{\"@context\":\"https:\/\/schema.org\",\"@graph\":[{\"@type\":\"WebPage\",\"@id\":\"https:\/\/www.solutionsmachinesoutils.com\/es\/servicios-y-reparacion\/\",\"url\":\"https:\/\/www.solutionsmachinesoutils.com\/es\/servicios-y-reparacion\/\",\"name\":\"Servicios y reparaci\u00f3n - Solutions Machines Outils\",\"isPartOf\":{\"@id\":\"https:\/\/www.solutionsmachinesoutils.com\/en\/#website\"},\"primaryImageOfPage\":{\"@id\":\"https:\/\/www.solutionsmachinesoutils.com\/es\/servicios-y-reparacion\/#primaryimage\"},\"image\":{\"@id\":\"https:\/\/www.solutionsmachinesoutils.com\/es\/servicios-y-reparacion\/#primaryimage\"},\"thumbnailUrl\":\"http:\/\/www.solutionsmachinesoutils.com\/wp-content\/uploads\/2016\/05\/conformite.jpg\",\"datePublished\":\"2017-02-01T12:21:55+00:00\",\"dateModified\":\"2017-02-01T12:21:55+00:00\",\"description\":\"Maquinas en conformidad Nuestras maquinas son vendidas, revisadas y puestas en conformidad seg\u00fan la legislaci\u00f3n en vigor. Un certificado de conformidad es\",\"breadcrumb\":{\"@id\":\"https:\/\/www.solutionsmachinesoutils.com\/es\/servicios-y-reparacion\/#breadcrumb\"},\"inLanguage\":\"fr-FR\",\"potentialAction\":[{\"@type\":\"ReadAction\",\"target\":[\"https:\/\/www.solutionsmachinesoutils.com\/es\/servicios-y-reparacion\/\"]}]},{\"@type\":\"ImageObject\",\"inLanguage\":\"fr-FR\",\"@id\":\"https:\/\/www.solutionsmachinesoutils.com\/es\/servicios-y-reparacion\/#primaryimage\",\"url\":\"http:\/\/www.solutionsmachinesoutils.com\/wp-content\/uploads\/2016\/05\/conformite.jpg\",\"contentUrl\":\"http:\/\/www.solutionsmachinesoutils.com\/wp-content\/uploads\/2016\/05\/conformite.jpg\"},{\"@type\":\"BreadcrumbList\",\"@id\":\"https:\/\/www.solutionsmachinesoutils.com\/es\/servicios-y-reparacion\/#breadcrumb\",\"itemListElement\":[{\"@type\":\"ListItem\",\"position\":1,\"name\":\"Accueil\",\"item\":\"https:\/\/www.solutionsmachinesoutils.com\/\"},{\"@type\":\"ListItem\",\"position\":2,\"name\":\"Servicios y reparaci\u00f3n\"}]},{\"@type\":\"WebSite\",\"@id\":\"https:\/\/www.solutionsmachinesoutils.com\/en\/#website\",\"url\":\"https:\/\/www.solutionsmachinesoutils.com\/en\/\",\"name\":\"Solutions Machines Outils\",\"description\":\"ACHAT-VENTE ET EXPERTISE DE MACHINES-OUTILS\",\"potentialAction\":[{\"@type\":\"SearchAction\",\"target\":{\"@type\":\"EntryPoint\",\"urlTemplate\":\"https:\/\/www.solutionsmachinesoutils.com\/en\/?s={search_term_string}\"},\"query-input\":{\"@type\":\"PropertyValueSpecification\",\"valueRequired\":true,\"valueName\":\"search_term_string\"}}],\"inLanguage\":\"fr-FR\"}]}<\/script>\n<!-- \/ Yoast SEO plugin. -->","yoast_head_json":{"title":"Servicios y reparaci\u00f3n - Solutions Machines Outils","description":"Maquinas en conformidad Nuestras maquinas son vendidas, revisadas y puestas en conformidad seg\u00fan la legislaci\u00f3n en vigor. Un certificado de conformidad es","robots":{"index":"index","follow":"follow","max-snippet":"max-snippet:-1","max-image-preview":"max-image-preview:large","max-video-preview":"max-video-preview:-1"},"canonical":"https:\/\/www.solutionsmachinesoutils.com\/es\/servicios-y-reparacion\/","og_locale":"fr_FR","og_type":"article","og_title":"Servicios y reparaci\u00f3n - Solutions Machines Outils","og_description":"Maquinas en conformidad Nuestras maquinas son vendidas, revisadas y puestas en conformidad seg\u00fan la legislaci\u00f3n en vigor. Un certificado de conformidad es","og_url":"https:\/\/www.solutionsmachinesoutils.com\/es\/servicios-y-reparacion\/","og_site_name":"Solutions Machines Outils","og_image":[{"url":"http:\/\/www.solutionsmachinesoutils.com\/wp-content\/uploads\/2016\/05\/conformite.jpg","type":"","width":"","height":""}],"twitter_card":"summary_large_image","twitter_misc":{"Dur\u00e9e de lecture estim\u00e9e":"1 minute"},"schema":{"@context":"https:\/\/schema.org","@graph":[{"@type":"WebPage","@id":"https:\/\/www.solutionsmachinesoutils.com\/es\/servicios-y-reparacion\/","url":"https:\/\/www.solutionsmachinesoutils.com\/es\/servicios-y-reparacion\/","name":"Servicios y reparaci\u00f3n - Solutions Machines Outils","isPartOf":{"@id":"https:\/\/www.solutionsmachinesoutils.com\/en\/#website"},"primaryImageOfPage":{"@id":"https:\/\/www.solutionsmachinesoutils.com\/es\/servicios-y-reparacion\/#primaryimage"},"image":{"@id":"https:\/\/www.solutionsmachinesoutils.com\/es\/servicios-y-reparacion\/#primaryimage"},"thumbnailUrl":"http:\/\/www.solutionsmachinesoutils.com\/wp-content\/uploads\/2016\/05\/conformite.jpg","datePublished":"2017-02-01T12:21:55+00:00","dateModified":"2017-02-01T12:21:55+00:00","description":"Maquinas en conformidad Nuestras maquinas son vendidas, revisadas y puestas en conformidad seg\u00fan la legislaci\u00f3n en vigor. Un certificado de conformidad es","breadcrumb":{"@id":"https:\/\/www.solutionsmachinesoutils.com\/es\/servicios-y-reparacion\/#breadcrumb"},"inLanguage":"fr-FR","potentialAction":[{"@type":"ReadAction","target":["https:\/\/www.solutionsmachinesoutils.com\/es\/servicios-y-reparacion\/"]}]},{"@type":"ImageObject","inLanguage":"fr-FR","@id":"https:\/\/www.solutionsmachinesoutils.com\/es\/servicios-y-reparacion\/#primaryimage","url":"http:\/\/www.solutionsmachinesoutils.com\/wp-content\/uploads\/2016\/05\/conformite.jpg","contentUrl":"http:\/\/www.solutionsmachinesoutils.com\/wp-content\/uploads\/2016\/05\/conformite.jpg"},{"@type":"BreadcrumbList","@id":"https:\/\/www.solutionsmachinesoutils.com\/es\/servicios-y-reparacion\/#breadcrumb","itemListElement":[{"@type":"ListItem","position":1,"name":"Accueil","item":"https:\/\/www.solutionsmachinesoutils.com\/"},{"@type":"ListItem","position":2,"name":"Servicios y reparaci\u00f3n"}]},{"@type":"WebSite","@id":"https:\/\/www.solutionsmachinesoutils.com\/en\/#website","url":"https:\/\/www.solutionsmachinesoutils.com\/en\/","name":"Solutions Machines Outils","description":"ACHAT-VENTE ET EXPERTISE DE MACHINES-OUTILS","potentialAction":[{"@type":"SearchAction","target":{"@type":"EntryPoint","urlTemplate":"https:\/\/www.solutionsmachinesoutils.com\/en\/?s={search_term_string}"},"query-input":{"@type":"PropertyValueSpecification","valueRequired":true,"valueName":"search_term_string"}}],"inLanguage":"fr-FR"}]}},"_links":{"self":[{"href":"https:\/\/www.solutionsmachinesoutils.com\/wp-json\/wp\/v2\/pages\/4066","targetHints":{"allow":["GET"]}}],"collection":[{"href":"https:\/\/www.solutionsmachinesoutils.com\/wp-json\/wp\/v2\/pages"}],"about":[{"href":"https:\/\/www.solutionsmachinesoutils.com\/wp-json\/wp\/v2\/types\/page"}],"author":[{"embeddable":true,"href":"https:\/\/www.solutionsmachinesoutils.com\/wp-json\/wp\/v2\/users\/9"}],"replies":[{"embeddable":true,"href":"https:\/\/www.solutionsmachinesoutils.com\/wp-json\/wp\/v2\/comments?post=4066"}],"version-history":[{"count":0,"href":"https:\/\/www.solutionsmachinesoutils.com\/wp-json\/wp\/v2\/pages\/4066\/revisions"}],"wp:attachment":[{"href":"https:\/\/www.solutionsmachinesoutils.com\/wp-json\/wp\/v2\/media?parent=4066"}],"curies":[{"name":"wp","href":"https:\/\/api.w.org\/{rel}","templated":true}]}}