{"id":4016,"date":"2017-01-31T14:57:40","date_gmt":"2017-01-31T13:57:40","guid":{"rendered":"http:\/\/www.solutionsmachinesoutils.com\/es\/?page_id=4016"},"modified":"2017-02-01T10:32:48","modified_gmt":"2017-02-01T09:32:48","slug":"conditiones-generales-de-venta","status":"publish","type":"page","link":"https:\/\/www.solutionsmachinesoutils.com\/es\/conditiones-generales-de-venta\/","title":{"rendered":"Condiciones generales de venta"},"content":{"rendered":"<p><strong>Validez de las transacciones:<\/strong> Nuestra p\u00e1gina web, cat\u00e1logos, descripciones, documentos no constituyen una oferta de venta firme, la informaci\u00f3n aportada contenida es informativa y sin compromiso.<\/p>\n<p>Nuestros precios son de f\u00e1brica sin incluir los impuestos, maquina desembalada y vac\u00eda (sin suministros) valida hasta agotar las existencia disponible. Documento no estipulado. Cualquier pedido es v\u00e1lido siempre que sea aceptado y seguido del primer ingreso del pago por el comprador en las condiciones acordadas.<\/p>\n<p><strong>Garant\u00eda:<\/strong> Nuestras maquinas nuevas y sus piezas son garantizadas por un a\u00f1o por el fabricante y nuestra mano de obra en nuestros talleres. Nuestros servicios de garant\u00eda no cubren horas o gastos de viaje. Condiciones de devoluci\u00f3n de las maquinas con garant\u00eda franco en nuestros talleres. El cliente deber\u00e1 asumir el costo y el riesgo de transporte de las piezas defectuosas y del reenv\u00edo despu\u00e9s de la sustituci\u00f3n o reparaci\u00f3n. La garant\u00eda no se aplica a una indemnizaci\u00f3n por da\u00f1os resultantes de una causa externa al dispositivo (por ejemplo, accidente, choque, rayos, tormentas, fluctuaci\u00f3n de energ\u00eda \u2026), de un trabajo, una sucursal o fuera de especificaci\u00f3n o las instrucciones del fabricante utilizan, el consumo nocivo para la buena conservaci\u00f3n de la unidad. La garant\u00eda no cubre los equipos que ha habido una falta de mantenimiento, motores y equipos el\u00e9ctricos est\u00e1n protegidos contra sobre corriente. No cubre el desgaste normal de los materiales o cambios, piezas de sustituci\u00f3n, muebles, reparaciones, etc&#8230; que han sido llevadas a cabo por personas o en t\u00e9rminos no aprobados por Soluciones de m\u00e1quinas-herramienta. Para tener derecho a la garant\u00eda, el comprador debe notificar al vendedor sin demora y por escrito de los defectos atribuidos a los equipos y proporcionar toda justificaci\u00f3n de la realidad de los hechos. Para los controles digitales, la garant\u00eda no se aplica, tampoco a los da\u00f1os resultantes de un programa de modificaci\u00f3n o ajuste de los datos, o fallo de software o una mala programaci\u00f3n.<\/p>\n<p>En ning\u00fan caso nuestra responsabilidad se ver\u00e1 sustituida a aquella del fabricante por defectos o defectos de fabricaci\u00f3n y sus posibles consecuencias.<\/p>\n<p>La asistencia telef\u00f3nica es disponible todos los d\u00edas de 8:00 de la ma\u00f1ana a 16:30 de la tarde permitiendo de resolver una gran parte de los problemas sin tener que recurrir sistem\u00e1ticamente a la devoluci\u00f3n de la m\u00e1quina a nuestros talleres.<\/p>\n<p><strong>Plazo de entrega:<\/strong> Nos esforzamos por cumplir los plazos de entrega indicados a los clientes sin embargo un retraso no puede en ning\u00fan caso justificar una anulaci\u00f3n de pedido. Ni asumir nuestra responsabilidad de ning\u00fan modo.<\/p>\n<p><strong>Recepci\u00f3n \u2013 pago:<\/strong> Las m\u00e1quinas y materiales son probados y recibidos por el cliente en buen estado de funcionamiento y cumplen con las reglas de higiene y seguridad en vigor antes de la retirada y considerados como tal.<\/p>\n<p>Cualquier desacuerdo relativo al estado, las reparaciones de la maquinaria o equipamiento de acompa\u00f1amiento no deber\u00e1 en ning\u00fan caso ser considerado despu\u00e9s de la salida de nuestros almacenes. Nuestra obligaci\u00f3n de entrega de m\u00e1quinas s\u00f3lo ser\u00e1 efectiva tras el cobro de su precio al menos bajo condiciones especiales. La transferencia de propiedad de la maquinaria y equipo vendido es suspendida, hasta el pago integral del precio, conforme la ley del 12 de mayo de 1980. En caso de reventa o de transformaci\u00f3n de la maquinaria y equipo entregado, las reventas o sus transformaciones nos conceden, conforme al art\u00edculo 66 de la ley del 13 de julio de 1967 sobre el reglamento judicial y la liquidaci\u00f3n de bienes, el derecho de reivindicar el precio o parte del precio de nuestras maquinas impagadas. La existencia del producto ser\u00e1 al cargo comprador de la entrega, asumir\u00e1 los riesgos y deber\u00e1 asegurar esta mercanc\u00eda ante una compa\u00f1\u00eda conocida eficaz. Nuestras facturas son pagables a Tourcoing, netas y sin reducci\u00f3n da igual sea cual sea el modo de pago. En el caso en el que aceptemos un pago diferido, el pago inmediato podr\u00e1 beneficiar un descuento de 0.5% al mes. En caso de retraso del pago, la factura se incrementar\u00e1 en un inter\u00e9s igual a la tasa bancaria m\u00e1s 2 puntos.<\/p>\n<p><strong>Transporte:<\/strong> Todas nuestras m\u00e1quinas, vendidas igual en Francia, viajan con todos los riesgos \u00e0 nombre del destinatario. Cualquier disputa con relaci\u00f3n al transporte no puede en ning\u00fan caso retrasar el pago.<\/p>\n<p><strong>Jurisdicci\u00f3n:<\/strong> En caso de desacuerdo, el Tribunal de la zona del vendedor es el \u00fanico apto para decidir.<\/p>\n<p>Los precios que nosotros fijamos se llevan a cabo \u00fanicamente con la aplicaci\u00f3n de las condiciones arriba mencionadas y el hecho de encargar anula completamente las condiciones y el derecho de compra del comprador.<\/p>\n<p>&nbsp;<\/p>\n","protected":false},"excerpt":{"rendered":"<p>Validez de las transacciones: Nuestra p\u00e1gina web, cat\u00e1logos, descripciones, documentos no constituyen una oferta de venta firme, la informaci\u00f3n aportada contenida es informativa y sin compromiso. Nuestros precios son de f\u00e1brica sin incluir los impuestos, maquina desembalada y vac\u00eda (sin suministros) valida hasta agotar las existencia disponible. Documento no estipulado. Cualquier pedido es v\u00e1lido siempre [&hellip;]<\/p>\n","protected":false},"author":9,"featured_media":0,"parent":0,"menu_order":0,"comment_status":"closed","ping_status":"closed","template":"","meta":{"_acf_changed":false,"footnotes":""},"class_list":["post-4016","page","type-page","status-publish","hentry"],"acf":[],"yoast_head":"<!-- This site is optimized with the Yoast SEO plugin v24.2 - https:\/\/yoast.com\/wordpress\/plugins\/seo\/ -->\n<title>Condiciones generales de venta - Solutions Machines Outils<\/title>\n<meta name=\"description\" content=\"Validez de las transacciones: Nuestra p\u00e1gina web, cat\u00e1logos, descripciones, documentos no constituyen una oferta de venta firme, la informaci\u00f3n aportada\" \/>\n<meta name=\"robots\" content=\"index, follow, max-snippet:-1, max-image-preview:large, max-video-preview:-1\" \/>\n<link rel=\"canonical\" href=\"https:\/\/www.solutionsmachinesoutils.com\/es\/conditiones-generales-de-venta\/\" \/>\n<meta property=\"og:locale\" content=\"fr_FR\" \/>\n<meta property=\"og:type\" content=\"article\" \/>\n<meta property=\"og:title\" content=\"Condiciones generales de venta - Solutions Machines Outils\" \/>\n<meta property=\"og:description\" content=\"Validez de las transacciones: Nuestra p\u00e1gina web, cat\u00e1logos, descripciones, documentos no constituyen una oferta de venta firme, la informaci\u00f3n aportada\" \/>\n<meta property=\"og:url\" content=\"https:\/\/www.solutionsmachinesoutils.com\/es\/conditiones-generales-de-venta\/\" \/>\n<meta property=\"og:site_name\" content=\"Solutions Machines Outils\" \/>\n<meta property=\"article:modified_time\" content=\"2017-02-01T09:32:48+00:00\" \/>\n<meta name=\"twitter:card\" content=\"summary_large_image\" \/>\n<meta name=\"twitter:label1\" content=\"Dur\u00e9e de lecture estim\u00e9e\" \/>\n\t<meta name=\"twitter:data1\" content=\"4 minutes\" \/>\n<script type=\"application\/ld+json\" class=\"yoast-schema-graph\">{\"@context\":\"https:\/\/schema.org\",\"@graph\":[{\"@type\":\"WebPage\",\"@id\":\"https:\/\/www.solutionsmachinesoutils.com\/es\/conditiones-generales-de-venta\/\",\"url\":\"https:\/\/www.solutionsmachinesoutils.com\/es\/conditiones-generales-de-venta\/\",\"name\":\"Condiciones generales de venta - Solutions Machines Outils\",\"isPartOf\":{\"@id\":\"https:\/\/www.solutionsmachinesoutils.com\/en\/#website\"},\"datePublished\":\"2017-01-31T13:57:40+00:00\",\"dateModified\":\"2017-02-01T09:32:48+00:00\",\"description\":\"Validez de las transacciones: Nuestra p\u00e1gina web, cat\u00e1logos, descripciones, documentos no constituyen una oferta de venta firme, la informaci\u00f3n aportada\",\"breadcrumb\":{\"@id\":\"https:\/\/www.solutionsmachinesoutils.com\/es\/conditiones-generales-de-venta\/#breadcrumb\"},\"inLanguage\":\"fr-FR\",\"potentialAction\":[{\"@type\":\"ReadAction\",\"target\":[\"https:\/\/www.solutionsmachinesoutils.com\/es\/conditiones-generales-de-venta\/\"]}]},{\"@type\":\"BreadcrumbList\",\"@id\":\"https:\/\/www.solutionsmachinesoutils.com\/es\/conditiones-generales-de-venta\/#breadcrumb\",\"itemListElement\":[{\"@type\":\"ListItem\",\"position\":1,\"name\":\"Accueil\",\"item\":\"https:\/\/www.solutionsmachinesoutils.com\/\"},{\"@type\":\"ListItem\",\"position\":2,\"name\":\"Condiciones generales de venta\"}]},{\"@type\":\"WebSite\",\"@id\":\"https:\/\/www.solutionsmachinesoutils.com\/en\/#website\",\"url\":\"https:\/\/www.solutionsmachinesoutils.com\/en\/\",\"name\":\"Solutions Machines Outils\",\"description\":\"ACHAT-VENTE ET EXPERTISE DE MACHINES-OUTILS\",\"potentialAction\":[{\"@type\":\"SearchAction\",\"target\":{\"@type\":\"EntryPoint\",\"urlTemplate\":\"https:\/\/www.solutionsmachinesoutils.com\/en\/?s={search_term_string}\"},\"query-input\":{\"@type\":\"PropertyValueSpecification\",\"valueRequired\":true,\"valueName\":\"search_term_string\"}}],\"inLanguage\":\"fr-FR\"}]}<\/script>\n<!-- \/ Yoast SEO plugin. -->","yoast_head_json":{"title":"Condiciones generales de venta - Solutions Machines Outils","description":"Validez de las transacciones: Nuestra p\u00e1gina web, cat\u00e1logos, descripciones, documentos no constituyen una oferta de venta firme, la informaci\u00f3n aportada","robots":{"index":"index","follow":"follow","max-snippet":"max-snippet:-1","max-image-preview":"max-image-preview:large","max-video-preview":"max-video-preview:-1"},"canonical":"https:\/\/www.solutionsmachinesoutils.com\/es\/conditiones-generales-de-venta\/","og_locale":"fr_FR","og_type":"article","og_title":"Condiciones generales de venta - Solutions Machines Outils","og_description":"Validez de las transacciones: Nuestra p\u00e1gina web, cat\u00e1logos, descripciones, documentos no constituyen una oferta de venta firme, la informaci\u00f3n aportada","og_url":"https:\/\/www.solutionsmachinesoutils.com\/es\/conditiones-generales-de-venta\/","og_site_name":"Solutions Machines Outils","article_modified_time":"2017-02-01T09:32:48+00:00","twitter_card":"summary_large_image","twitter_misc":{"Dur\u00e9e de lecture estim\u00e9e":"4 minutes"},"schema":{"@context":"https:\/\/schema.org","@graph":[{"@type":"WebPage","@id":"https:\/\/www.solutionsmachinesoutils.com\/es\/conditiones-generales-de-venta\/","url":"https:\/\/www.solutionsmachinesoutils.com\/es\/conditiones-generales-de-venta\/","name":"Condiciones generales de venta - Solutions Machines Outils","isPartOf":{"@id":"https:\/\/www.solutionsmachinesoutils.com\/en\/#website"},"datePublished":"2017-01-31T13:57:40+00:00","dateModified":"2017-02-01T09:32:48+00:00","description":"Validez de las transacciones: Nuestra p\u00e1gina web, cat\u00e1logos, descripciones, documentos no constituyen una oferta de venta firme, la informaci\u00f3n aportada","breadcrumb":{"@id":"https:\/\/www.solutionsmachinesoutils.com\/es\/conditiones-generales-de-venta\/#breadcrumb"},"inLanguage":"fr-FR","potentialAction":[{"@type":"ReadAction","target":["https:\/\/www.solutionsmachinesoutils.com\/es\/conditiones-generales-de-venta\/"]}]},{"@type":"BreadcrumbList","@id":"https:\/\/www.solutionsmachinesoutils.com\/es\/conditiones-generales-de-venta\/#breadcrumb","itemListElement":[{"@type":"ListItem","position":1,"name":"Accueil","item":"https:\/\/www.solutionsmachinesoutils.com\/"},{"@type":"ListItem","position":2,"name":"Condiciones generales de venta"}]},{"@type":"WebSite","@id":"https:\/\/www.solutionsmachinesoutils.com\/en\/#website","url":"https:\/\/www.solutionsmachinesoutils.com\/en\/","name":"Solutions Machines Outils","description":"ACHAT-VENTE ET EXPERTISE DE MACHINES-OUTILS","potentialAction":[{"@type":"SearchAction","target":{"@type":"EntryPoint","urlTemplate":"https:\/\/www.solutionsmachinesoutils.com\/en\/?s={search_term_string}"},"query-input":{"@type":"PropertyValueSpecification","valueRequired":true,"valueName":"search_term_string"}}],"inLanguage":"fr-FR"}]}},"_links":{"self":[{"href":"https:\/\/www.solutionsmachinesoutils.com\/wp-json\/wp\/v2\/pages\/4016","targetHints":{"allow":["GET"]}}],"collection":[{"href":"https:\/\/www.solutionsmachinesoutils.com\/wp-json\/wp\/v2\/pages"}],"about":[{"href":"https:\/\/www.solutionsmachinesoutils.com\/wp-json\/wp\/v2\/types\/page"}],"author":[{"embeddable":true,"href":"https:\/\/www.solutionsmachinesoutils.com\/wp-json\/wp\/v2\/users\/9"}],"replies":[{"embeddable":true,"href":"https:\/\/www.solutionsmachinesoutils.com\/wp-json\/wp\/v2\/comments?post=4016"}],"version-history":[{"count":0,"href":"https:\/\/www.solutionsmachinesoutils.com\/wp-json\/wp\/v2\/pages\/4016\/revisions"}],"wp:attachment":[{"href":"https:\/\/www.solutionsmachinesoutils.com\/wp-json\/wp\/v2\/media?parent=4016"}],"curies":[{"name":"wp","href":"https:\/\/api.w.org\/{rel}","templated":true}]}}