{"id":3986,"date":"2017-01-30T15:42:14","date_gmt":"2017-01-30T14:42:14","guid":{"rendered":"http:\/\/www.solutionsmachinesoutils.com\/es\/?page_id=3986"},"modified":"2017-02-01T16:47:22","modified_gmt":"2017-02-01T15:47:22","slug":"compra","status":"publish","type":"page","link":"https:\/\/www.solutionsmachinesoutils.com\/es\/compra\/","title":{"rendered":"Compra"},"content":{"rendered":"<p><strong>Un servicio de compra reactivo<\/strong><\/p>\n<table style=\"text-align: left; width: 100%;\" border=\"0\" cellspacing=\"0\" cellpadding=\"0\">\n<tbody>\n<tr>\n<td style=\"vertical-align: top;\">\n<p style=\"font-family: arial; font-weight: normal; font-size: 14px;\">COMPRA de m\u00e1quinas-herramientas por unidad, lote o fabrica completa: Proponernos vuestra o vuestras maquinas en venta.<\/p>\n<p style=\"font-family: arial; font-weight: normal; font-size: 14px;\">Respondemos en 24h a todas las proposiciones de m\u00e1quina-herramienta en venta. Pagamos las maquinas antes de la retirada y nos ocupados del montaje, la manutenci\u00f3n, y el transporte en el mejor tiempo posible.<\/p>\n<p style=\"font-family: arial; font-weight: normal; font-size: 14px;\">Somos profesionales de la m\u00e1quina-herramienta y podemos comprar vuestras maquinas no conformes o averiadas.<\/p>\n<p style=\"font-family: arial; font-weight: normal; font-size: 14px;\">Tambi\u00e9n tenemos posibilidades de exportaci\u00f3n de algunas m\u00e1quinas-herramientas que pueden parecerle obsoletas: \u00a1no dude en propon\u00e9rnoslas!<\/p>\n<table style=\"text-align: left; width: 250px; height: 50px;\" border=\"0\" cellspacing=\"0\" cellpadding=\"0\">\n<tbody>\n<tr>\n<td style=\"font-family: arial; font-weight: bold; font-size: 18px; background-color: red; vertical-align: middle; text-align: center;\"><a style=\"text-decoration: none; color: white;\" href=\"\/es\/contactanos\/\">\u00a0\u00bb\u00a0Vender una maquina<\/a><\/td>\n<\/tr>\n<\/tbody>\n<\/table>\n<\/td>\n<td><img decoding=\"async\" style=\"width: 424px; height: 283px;\" src=\"http:\/\/www.solutionsmachinesoutils.com\/wp-content\/uploads\/2016\/05\/contact.jpg\" \/><\/td>\n<\/tr>\n<\/tbody>\n<\/table>\n","protected":false},"excerpt":{"rendered":"<p>Un servicio de compra reactivo COMPRA de m\u00e1quinas-herramientas por unidad, lote o fabrica completa: Proponernos vuestra o vuestras maquinas en venta. Respondemos en 24h a todas las proposiciones de m\u00e1quina-herramienta en venta. Pagamos las maquinas antes de la retirada y nos ocupados del montaje, la manutenci\u00f3n, y el transporte en el mejor tiempo posible. Somos [&hellip;]<\/p>\n","protected":false},"author":9,"featured_media":0,"parent":0,"menu_order":0,"comment_status":"closed","ping_status":"closed","template":"","meta":{"_acf_changed":false,"footnotes":""},"class_list":["post-3986","page","type-page","status-publish","hentry"],"acf":[],"yoast_head":"<!-- This site is optimized with the Yoast SEO plugin v24.2 - https:\/\/yoast.com\/wordpress\/plugins\/seo\/ -->\n<title>Compra - Solutions Machines Outils<\/title>\n<meta name=\"description\" content=\"Un servicio de compra reactivo COMPRA de m\u00e1quinas-herramientas por unidad, lote o fabrica completa: Proponernos vuestra o vuestras maquinas en venta.\" \/>\n<meta name=\"robots\" content=\"index, follow, max-snippet:-1, max-image-preview:large, max-video-preview:-1\" \/>\n<link rel=\"canonical\" href=\"https:\/\/www.solutionsmachinesoutils.com\/es\/compra\/\" \/>\n<meta property=\"og:locale\" content=\"fr_FR\" \/>\n<meta property=\"og:type\" content=\"article\" \/>\n<meta property=\"og:title\" content=\"Compra - Solutions Machines Outils\" \/>\n<meta property=\"og:description\" content=\"Un servicio de compra reactivo COMPRA de m\u00e1quinas-herramientas por unidad, lote o fabrica completa: Proponernos vuestra o vuestras maquinas en venta.\" \/>\n<meta property=\"og:url\" content=\"https:\/\/www.solutionsmachinesoutils.com\/es\/compra\/\" \/>\n<meta property=\"og:site_name\" content=\"Solutions Machines Outils\" \/>\n<meta property=\"article:modified_time\" content=\"2017-02-01T15:47:22+00:00\" \/>\n<meta property=\"og:image\" content=\"http:\/\/www.solutionsmachinesoutils.com\/wp-content\/uploads\/2016\/05\/contact.jpg\" \/>\n<meta name=\"twitter:card\" content=\"summary_large_image\" \/>\n<script type=\"application\/ld+json\" class=\"yoast-schema-graph\">{\"@context\":\"https:\/\/schema.org\",\"@graph\":[{\"@type\":\"WebPage\",\"@id\":\"https:\/\/www.solutionsmachinesoutils.com\/es\/compra\/\",\"url\":\"https:\/\/www.solutionsmachinesoutils.com\/es\/compra\/\",\"name\":\"Compra - Solutions Machines Outils\",\"isPartOf\":{\"@id\":\"https:\/\/www.solutionsmachinesoutils.com\/en\/#website\"},\"primaryImageOfPage\":{\"@id\":\"https:\/\/www.solutionsmachinesoutils.com\/es\/compra\/#primaryimage\"},\"image\":{\"@id\":\"https:\/\/www.solutionsmachinesoutils.com\/es\/compra\/#primaryimage\"},\"thumbnailUrl\":\"http:\/\/www.solutionsmachinesoutils.com\/wp-content\/uploads\/2016\/05\/contact.jpg\",\"datePublished\":\"2017-01-30T14:42:14+00:00\",\"dateModified\":\"2017-02-01T15:47:22+00:00\",\"description\":\"Un servicio de compra reactivo COMPRA de m\u00e1quinas-herramientas por unidad, lote o fabrica completa: Proponernos vuestra o vuestras maquinas en venta.\",\"breadcrumb\":{\"@id\":\"https:\/\/www.solutionsmachinesoutils.com\/es\/compra\/#breadcrumb\"},\"inLanguage\":\"fr-FR\",\"potentialAction\":[{\"@type\":\"ReadAction\",\"target\":[\"https:\/\/www.solutionsmachinesoutils.com\/es\/compra\/\"]}]},{\"@type\":\"ImageObject\",\"inLanguage\":\"fr-FR\",\"@id\":\"https:\/\/www.solutionsmachinesoutils.com\/es\/compra\/#primaryimage\",\"url\":\"http:\/\/www.solutionsmachinesoutils.com\/wp-content\/uploads\/2016\/05\/contact.jpg\",\"contentUrl\":\"http:\/\/www.solutionsmachinesoutils.com\/wp-content\/uploads\/2016\/05\/contact.jpg\"},{\"@type\":\"BreadcrumbList\",\"@id\":\"https:\/\/www.solutionsmachinesoutils.com\/es\/compra\/#breadcrumb\",\"itemListElement\":[{\"@type\":\"ListItem\",\"position\":1,\"name\":\"Accueil\",\"item\":\"https:\/\/www.solutionsmachinesoutils.com\/\"},{\"@type\":\"ListItem\",\"position\":2,\"name\":\"Compra\"}]},{\"@type\":\"WebSite\",\"@id\":\"https:\/\/www.solutionsmachinesoutils.com\/en\/#website\",\"url\":\"https:\/\/www.solutionsmachinesoutils.com\/en\/\",\"name\":\"Solutions Machines Outils\",\"description\":\"ACHAT-VENTE ET EXPERTISE DE MACHINES-OUTILS\",\"potentialAction\":[{\"@type\":\"SearchAction\",\"target\":{\"@type\":\"EntryPoint\",\"urlTemplate\":\"https:\/\/www.solutionsmachinesoutils.com\/en\/?s={search_term_string}\"},\"query-input\":{\"@type\":\"PropertyValueSpecification\",\"valueRequired\":true,\"valueName\":\"search_term_string\"}}],\"inLanguage\":\"fr-FR\"}]}<\/script>\n<!-- \/ Yoast SEO plugin. -->","yoast_head_json":{"title":"Compra - Solutions Machines Outils","description":"Un servicio de compra reactivo COMPRA de m\u00e1quinas-herramientas por unidad, lote o fabrica completa: Proponernos vuestra o vuestras maquinas en venta.","robots":{"index":"index","follow":"follow","max-snippet":"max-snippet:-1","max-image-preview":"max-image-preview:large","max-video-preview":"max-video-preview:-1"},"canonical":"https:\/\/www.solutionsmachinesoutils.com\/es\/compra\/","og_locale":"fr_FR","og_type":"article","og_title":"Compra - Solutions Machines Outils","og_description":"Un servicio de compra reactivo COMPRA de m\u00e1quinas-herramientas por unidad, lote o fabrica completa: Proponernos vuestra o vuestras maquinas en venta.","og_url":"https:\/\/www.solutionsmachinesoutils.com\/es\/compra\/","og_site_name":"Solutions Machines Outils","article_modified_time":"2017-02-01T15:47:22+00:00","og_image":[{"url":"http:\/\/www.solutionsmachinesoutils.com\/wp-content\/uploads\/2016\/05\/contact.jpg","type":"","width":"","height":""}],"twitter_card":"summary_large_image","schema":{"@context":"https:\/\/schema.org","@graph":[{"@type":"WebPage","@id":"https:\/\/www.solutionsmachinesoutils.com\/es\/compra\/","url":"https:\/\/www.solutionsmachinesoutils.com\/es\/compra\/","name":"Compra - Solutions Machines Outils","isPartOf":{"@id":"https:\/\/www.solutionsmachinesoutils.com\/en\/#website"},"primaryImageOfPage":{"@id":"https:\/\/www.solutionsmachinesoutils.com\/es\/compra\/#primaryimage"},"image":{"@id":"https:\/\/www.solutionsmachinesoutils.com\/es\/compra\/#primaryimage"},"thumbnailUrl":"http:\/\/www.solutionsmachinesoutils.com\/wp-content\/uploads\/2016\/05\/contact.jpg","datePublished":"2017-01-30T14:42:14+00:00","dateModified":"2017-02-01T15:47:22+00:00","description":"Un servicio de compra reactivo COMPRA de m\u00e1quinas-herramientas por unidad, lote o fabrica completa: Proponernos vuestra o vuestras maquinas en venta.","breadcrumb":{"@id":"https:\/\/www.solutionsmachinesoutils.com\/es\/compra\/#breadcrumb"},"inLanguage":"fr-FR","potentialAction":[{"@type":"ReadAction","target":["https:\/\/www.solutionsmachinesoutils.com\/es\/compra\/"]}]},{"@type":"ImageObject","inLanguage":"fr-FR","@id":"https:\/\/www.solutionsmachinesoutils.com\/es\/compra\/#primaryimage","url":"http:\/\/www.solutionsmachinesoutils.com\/wp-content\/uploads\/2016\/05\/contact.jpg","contentUrl":"http:\/\/www.solutionsmachinesoutils.com\/wp-content\/uploads\/2016\/05\/contact.jpg"},{"@type":"BreadcrumbList","@id":"https:\/\/www.solutionsmachinesoutils.com\/es\/compra\/#breadcrumb","itemListElement":[{"@type":"ListItem","position":1,"name":"Accueil","item":"https:\/\/www.solutionsmachinesoutils.com\/"},{"@type":"ListItem","position":2,"name":"Compra"}]},{"@type":"WebSite","@id":"https:\/\/www.solutionsmachinesoutils.com\/en\/#website","url":"https:\/\/www.solutionsmachinesoutils.com\/en\/","name":"Solutions Machines Outils","description":"ACHAT-VENTE ET EXPERTISE DE MACHINES-OUTILS","potentialAction":[{"@type":"SearchAction","target":{"@type":"EntryPoint","urlTemplate":"https:\/\/www.solutionsmachinesoutils.com\/en\/?s={search_term_string}"},"query-input":{"@type":"PropertyValueSpecification","valueRequired":true,"valueName":"search_term_string"}}],"inLanguage":"fr-FR"}]}},"_links":{"self":[{"href":"https:\/\/www.solutionsmachinesoutils.com\/wp-json\/wp\/v2\/pages\/3986","targetHints":{"allow":["GET"]}}],"collection":[{"href":"https:\/\/www.solutionsmachinesoutils.com\/wp-json\/wp\/v2\/pages"}],"about":[{"href":"https:\/\/www.solutionsmachinesoutils.com\/wp-json\/wp\/v2\/types\/page"}],"author":[{"embeddable":true,"href":"https:\/\/www.solutionsmachinesoutils.com\/wp-json\/wp\/v2\/users\/9"}],"replies":[{"embeddable":true,"href":"https:\/\/www.solutionsmachinesoutils.com\/wp-json\/wp\/v2\/comments?post=3986"}],"version-history":[{"count":0,"href":"https:\/\/www.solutionsmachinesoutils.com\/wp-json\/wp\/v2\/pages\/3986\/revisions"}],"wp:attachment":[{"href":"https:\/\/www.solutionsmachinesoutils.com\/wp-json\/wp\/v2\/media?parent=3986"}],"curies":[{"name":"wp","href":"https:\/\/api.w.org\/{rel}","templated":true}]}}