{"id":68159,"date":"2024-06-07T12:02:08","date_gmt":"2024-06-07T10:02:08","guid":{"rendered":"https:\/\/www.solutionsmachinesoutils.com\/?post_type=product&#038;p=67976"},"modified":"2024-06-07T12:02:08","modified_gmt":"2024-06-07T10:02:08","slug":"schaublin-180-ccn","status":"publish","type":"product","link":"https:\/\/www.solutionsmachinesoutils.com\/en\/produit\/schaublin-180-ccn\/","title":{"rendered":"SCHAUBLIN 180 CCN"},"content":{"rendered":"<p><strong>Accessories<\/strong><\/p>\n<p>Pneumatic tailstock CM5<\/p>\n<p>Various fixed and motorized tool holders<\/p>\n<p>Set of collets<\/p>\n<p>3 Jaws chuck + Jaws<\/p>\n<p>Complete coolant system<\/p>\n<p>Lamp<\/p>\n<p>Instruction\u2019s books<\/p>\n<p><strong>Machine delivered without storage cabinets<\/strong><\/p>\n","protected":false},"excerpt":{"rendered":"<p>Accessories Pneumatic tailstock CM5 Various fixed and motorized tool holders Set of collets 3 Jaws chuck + Jaws Complete coolant system Lamp Instruction\u2019s books Machine delivered without storage cabinets<\/p>\n","protected":false},"featured_media":67979,"comment_status":"open","ping_status":"closed","template":"","meta":{"_acf_changed":false},"product_cat":[39,201,101],"product_tag":[],"brand_product":[127],"class_list":["post-68159","product","type-product","status-publish","has-post-thumbnail","hentry","product_cat-mechanics","product_cat-lathes","product_cat-cnc-lathes","brand_product-schaubin-uk"],"yoast_head":"<!-- This site is optimized with the Yoast SEO plugin v24.2 - https:\/\/yoast.com\/wordpress\/plugins\/seo\/ -->\n<title>SCHAUBLIN 180 CCN - Solutions Machines Outils<\/title>\n<meta name=\"description\" content=\"Accessories Pneumatic tailstock CM5 Various fixed and motorized tool holders Set of collets 3 Jaws chuck + Jaws Complete coolant system Lamp Instruction\u2019s\" \/>\n<meta name=\"robots\" content=\"index, follow, max-snippet:-1, max-image-preview:large, max-video-preview:-1\" \/>\n<link rel=\"canonical\" href=\"https:\/\/www.solutionsmachinesoutils.com\/produit\/schaublin-180-ccn\/\" \/>\n<meta property=\"og:locale\" content=\"fr_FR\" \/>\n<meta property=\"og:type\" content=\"article\" \/>\n<meta property=\"og:title\" content=\"SCHAUBLIN 180 CCN - Solutions Machines Outils\" \/>\n<meta property=\"og:description\" content=\"Accessories Pneumatic tailstock CM5 Various fixed and motorized tool holders Set of collets 3 Jaws chuck + Jaws Complete coolant system Lamp Instruction\u2019s\" \/>\n<meta property=\"og:url\" content=\"https:\/\/www.solutionsmachinesoutils.com\/produit\/schaublin-180-ccn\/\" \/>\n<meta property=\"og:site_name\" content=\"Solutions Machines Outils\" \/>\n<meta property=\"og:image\" content=\"https:\/\/www.solutionsmachinesoutils.com\/wp-content\/uploads\/2024\/06\/1-3.jpg\" \/>\n\t<meta property=\"og:image:width\" content=\"1200\" \/>\n\t<meta property=\"og:image:height\" content=\"1200\" \/>\n\t<meta property=\"og:image:type\" content=\"image\/jpeg\" \/>\n<meta name=\"twitter:card\" content=\"summary_large_image\" \/>\n<script type=\"application\/ld+json\" class=\"yoast-schema-graph\">{\"@context\":\"https:\/\/schema.org\",\"@graph\":[{\"@type\":\"WebPage\",\"@id\":\"https:\/\/www.solutionsmachinesoutils.com\/produit\/schaublin-180-ccn\/\",\"url\":\"https:\/\/www.solutionsmachinesoutils.com\/produit\/schaublin-180-ccn\/\",\"name\":\"SCHAUBLIN 180 CCN - Solutions Machines Outils\",\"isPartOf\":{\"@id\":\"https:\/\/www.solutionsmachinesoutils.com\/en\/#website\"},\"primaryImageOfPage\":{\"@id\":\"https:\/\/www.solutionsmachinesoutils.com\/produit\/schaublin-180-ccn\/#primaryimage\"},\"image\":{\"@id\":\"https:\/\/www.solutionsmachinesoutils.com\/produit\/schaublin-180-ccn\/#primaryimage\"},\"thumbnailUrl\":\"https:\/\/www.solutionsmachinesoutils.com\/wp-content\/uploads\/2024\/06\/1-3.jpg\",\"datePublished\":\"2024-06-07T10:02:08+00:00\",\"dateModified\":\"2024-06-07T10:02:08+00:00\",\"description\":\"Accessories Pneumatic tailstock CM5 Various fixed and motorized tool holders Set of collets 3 Jaws chuck + Jaws Complete coolant system Lamp Instruction\u2019s\",\"breadcrumb\":{\"@id\":\"https:\/\/www.solutionsmachinesoutils.com\/produit\/schaublin-180-ccn\/#breadcrumb\"},\"inLanguage\":\"fr-FR\",\"potentialAction\":[{\"@type\":\"ReadAction\",\"target\":[\"https:\/\/www.solutionsmachinesoutils.com\/produit\/schaublin-180-ccn\/\"]}]},{\"@type\":\"ImageObject\",\"inLanguage\":\"fr-FR\",\"@id\":\"https:\/\/www.solutionsmachinesoutils.com\/produit\/schaublin-180-ccn\/#primaryimage\",\"url\":\"https:\/\/www.solutionsmachinesoutils.com\/wp-content\/uploads\/2024\/06\/1-3.jpg\",\"contentUrl\":\"https:\/\/www.solutionsmachinesoutils.com\/wp-content\/uploads\/2024\/06\/1-3.jpg\",\"width\":1200,\"height\":1200,\"caption\":\"Cette photo 1.jpg, a \u00e9t\u00e9 r\u00e9duite de 0.17 % le Jeudi 06 Juin 2024 \u00e0 10:06 par Emjysoft Photo R\u00e9ducteur v5.4 \u00e0 t\u00e9l\u00e9charger sur https:\/\/www.emjysoft.com\/\"},{\"@type\":\"BreadcrumbList\",\"@id\":\"https:\/\/www.solutionsmachinesoutils.com\/produit\/schaublin-180-ccn\/#breadcrumb\",\"itemListElement\":[{\"@type\":\"ListItem\",\"position\":1,\"name\":\"Accueil\",\"item\":\"https:\/\/www.solutionsmachinesoutils.com\/\"},{\"@type\":\"ListItem\",\"position\":2,\"name\":\"Products\",\"item\":\"https:\/\/www.solutionsmachinesoutils.com\/en\/shop\/\"},{\"@type\":\"ListItem\",\"position\":3,\"name\":\"M\u00e9canique\",\"item\":\"https:\/\/www.solutionsmachinesoutils.com\/categorie\/mecanique\/\"},{\"@type\":\"ListItem\",\"position\":4,\"name\":\"Tours\",\"item\":\"https:\/\/www.solutionsmachinesoutils.com\/categorie\/mecanique\/tours\/\"},{\"@type\":\"ListItem\",\"position\":5,\"name\":\"Tours CNC\",\"item\":\"https:\/\/www.solutionsmachinesoutils.com\/categorie\/mecanique\/tours\/tours-a-commande-numerique\/\"},{\"@type\":\"ListItem\",\"position\":6,\"name\":\"SCHAUBLIN 180 CCN\"}]},{\"@type\":\"WebSite\",\"@id\":\"https:\/\/www.solutionsmachinesoutils.com\/en\/#website\",\"url\":\"https:\/\/www.solutionsmachinesoutils.com\/en\/\",\"name\":\"Solutions Machines Outils\",\"description\":\"ACHAT-VENTE ET EXPERTISE DE MACHINES-OUTILS\",\"potentialAction\":[{\"@type\":\"SearchAction\",\"target\":{\"@type\":\"EntryPoint\",\"urlTemplate\":\"https:\/\/www.solutionsmachinesoutils.com\/en\/?s={search_term_string}\"},\"query-input\":{\"@type\":\"PropertyValueSpecification\",\"valueRequired\":true,\"valueName\":\"search_term_string\"}}],\"inLanguage\":\"fr-FR\"}]}<\/script>\n<!-- \/ Yoast SEO plugin. -->","yoast_head_json":{"title":"SCHAUBLIN 180 CCN - Solutions Machines Outils","description":"Accessories Pneumatic tailstock CM5 Various fixed and motorized tool holders Set of collets 3 Jaws chuck + Jaws Complete coolant system Lamp Instruction\u2019s","robots":{"index":"index","follow":"follow","max-snippet":"max-snippet:-1","max-image-preview":"max-image-preview:large","max-video-preview":"max-video-preview:-1"},"canonical":"https:\/\/www.solutionsmachinesoutils.com\/produit\/schaublin-180-ccn\/","og_locale":"fr_FR","og_type":"article","og_title":"SCHAUBLIN 180 CCN - Solutions Machines Outils","og_description":"Accessories Pneumatic tailstock CM5 Various fixed and motorized tool holders Set of collets 3 Jaws chuck + Jaws Complete coolant system Lamp Instruction\u2019s","og_url":"https:\/\/www.solutionsmachinesoutils.com\/produit\/schaublin-180-ccn\/","og_site_name":"Solutions Machines Outils","og_image":[{"width":1200,"height":1200,"url":"https:\/\/www.solutionsmachinesoutils.com\/wp-content\/uploads\/2024\/06\/1-3.jpg","type":"image\/jpeg"}],"twitter_card":"summary_large_image","schema":{"@context":"https:\/\/schema.org","@graph":[{"@type":"WebPage","@id":"https:\/\/www.solutionsmachinesoutils.com\/produit\/schaublin-180-ccn\/","url":"https:\/\/www.solutionsmachinesoutils.com\/produit\/schaublin-180-ccn\/","name":"SCHAUBLIN 180 CCN - Solutions Machines Outils","isPartOf":{"@id":"https:\/\/www.solutionsmachinesoutils.com\/en\/#website"},"primaryImageOfPage":{"@id":"https:\/\/www.solutionsmachinesoutils.com\/produit\/schaublin-180-ccn\/#primaryimage"},"image":{"@id":"https:\/\/www.solutionsmachinesoutils.com\/produit\/schaublin-180-ccn\/#primaryimage"},"thumbnailUrl":"https:\/\/www.solutionsmachinesoutils.com\/wp-content\/uploads\/2024\/06\/1-3.jpg","datePublished":"2024-06-07T10:02:08+00:00","dateModified":"2024-06-07T10:02:08+00:00","description":"Accessories Pneumatic tailstock CM5 Various fixed and motorized tool holders Set of collets 3 Jaws chuck + Jaws Complete coolant system Lamp Instruction\u2019s","breadcrumb":{"@id":"https:\/\/www.solutionsmachinesoutils.com\/produit\/schaublin-180-ccn\/#breadcrumb"},"inLanguage":"fr-FR","potentialAction":[{"@type":"ReadAction","target":["https:\/\/www.solutionsmachinesoutils.com\/produit\/schaublin-180-ccn\/"]}]},{"@type":"ImageObject","inLanguage":"fr-FR","@id":"https:\/\/www.solutionsmachinesoutils.com\/produit\/schaublin-180-ccn\/#primaryimage","url":"https:\/\/www.solutionsmachinesoutils.com\/wp-content\/uploads\/2024\/06\/1-3.jpg","contentUrl":"https:\/\/www.solutionsmachinesoutils.com\/wp-content\/uploads\/2024\/06\/1-3.jpg","width":1200,"height":1200,"caption":"Cette photo 1.jpg, a \u00e9t\u00e9 r\u00e9duite de 0.17 % le Jeudi 06 Juin 2024 \u00e0 10:06 par Emjysoft Photo R\u00e9ducteur v5.4 \u00e0 t\u00e9l\u00e9charger sur https:\/\/www.emjysoft.com\/"},{"@type":"BreadcrumbList","@id":"https:\/\/www.solutionsmachinesoutils.com\/produit\/schaublin-180-ccn\/#breadcrumb","itemListElement":[{"@type":"ListItem","position":1,"name":"Accueil","item":"https:\/\/www.solutionsmachinesoutils.com\/"},{"@type":"ListItem","position":2,"name":"Products","item":"https:\/\/www.solutionsmachinesoutils.com\/en\/shop\/"},{"@type":"ListItem","position":3,"name":"M\u00e9canique","item":"https:\/\/www.solutionsmachinesoutils.com\/categorie\/mecanique\/"},{"@type":"ListItem","position":4,"name":"Tours","item":"https:\/\/www.solutionsmachinesoutils.com\/categorie\/mecanique\/tours\/"},{"@type":"ListItem","position":5,"name":"Tours CNC","item":"https:\/\/www.solutionsmachinesoutils.com\/categorie\/mecanique\/tours\/tours-a-commande-numerique\/"},{"@type":"ListItem","position":6,"name":"SCHAUBLIN 180 CCN"}]},{"@type":"WebSite","@id":"https:\/\/www.solutionsmachinesoutils.com\/en\/#website","url":"https:\/\/www.solutionsmachinesoutils.com\/en\/","name":"Solutions Machines Outils","description":"ACHAT-VENTE ET EXPERTISE DE MACHINES-OUTILS","potentialAction":[{"@type":"SearchAction","target":{"@type":"EntryPoint","urlTemplate":"https:\/\/www.solutionsmachinesoutils.com\/en\/?s={search_term_string}"},"query-input":{"@type":"PropertyValueSpecification","valueRequired":true,"valueName":"search_term_string"}}],"inLanguage":"fr-FR"}]}},"_links":{"self":[{"href":"https:\/\/www.solutionsmachinesoutils.com\/wp-json\/wp\/v3\/product\/68159","targetHints":{"allow":["GET"]}}],"collection":[{"href":"https:\/\/www.solutionsmachinesoutils.com\/wp-json\/wp\/v3\/product"}],"about":[{"href":"https:\/\/www.solutionsmachinesoutils.com\/wp-json\/wp\/v2\/types\/product"}],"replies":[{"embeddable":true,"href":"https:\/\/www.solutionsmachinesoutils.com\/wp-json\/wp\/v2\/comments?post=68159"}],"wp:featuredmedia":[{"embeddable":true,"href":"https:\/\/www.solutionsmachinesoutils.com\/wp-json\/wp\/v2\/media\/67979"}],"wp:attachment":[{"href":"https:\/\/www.solutionsmachinesoutils.com\/wp-json\/wp\/v2\/media?parent=68159"}],"wp:term":[{"taxonomy":"product_cat","embeddable":true,"href":"https:\/\/www.solutionsmachinesoutils.com\/wp-json\/wp\/v2\/product_cat?post=68159"},{"taxonomy":"product_tag","embeddable":true,"href":"https:\/\/www.solutionsmachinesoutils.com\/wp-json\/wp\/v2\/product_tag?post=68159"},{"taxonomy":"brand_product","embeddable":true,"href":"https:\/\/www.solutionsmachinesoutils.com\/wp-json\/wp\/v2\/brand_product?post=68159"}],"curies":[{"name":"wp","href":"https:\/\/api.w.org\/{rel}","templated":true}]}}