{"id":63926,"date":"2023-03-03T13:18:55","date_gmt":"2023-03-03T12:18:55","guid":{"rendered":"https:\/\/www.solutionsmachinesoutils.com\/?post_type=product&#038;p=63837"},"modified":"2023-03-06T15:40:46","modified_gmt":"2023-03-06T14:40:46","slug":"sandmaster-fg3-2","status":"publish","type":"product","link":"https:\/\/www.solutionsmachinesoutils.com\/de\/produit\/sandmaster-fg3-2\/","title":{"rendered":"SANDMASTER FG3"},"content":{"rendered":"<p>3 unabh\u00e4ngige Feinstrahlsysteme<br \/>\nStrahlmittelbeh\u00e4lter einfach umschaltbar, Einstellungen bleiben erhalten<br \/>\nFeinstrahltechnik als Drucksystem ausgebildet<br \/>\nElektronisch gesteuertes Dosiersystem zur stufenlosen Regulierung der Strahlmittelmenge<br \/>\nD\u00fcsen von Durchmesser 0.4 &#8211; 2.7 mm einfach austauschbar<br \/>\nAlle \u00fcblichen Strahlmittel einsetzbar<br \/>\nStrahlmittelk\u00f6rnung von Mesh 46 \u2013 280<br \/>\nErgonomischer und handlicher Arbeitsplatz mit eingebauter Beleuchtung<br \/>\nWerkst\u00fcckgr\u00f6sse bis ca. 100 x 100 x 50 mm<br \/>\nAbmessungen Dimensions Dimensions<br \/>\nFG 3 (l x b x h)<br \/>\n570 x 410 x 435 mm<br \/>\nArbeitssation komplett (l x b x h)<br \/>\n600 x 600 x 1255 mm<br \/>\nTechnische Daten Technical Data Caract\u00e9ristique techniques<br \/>\nAnschlussspannung 230V<br \/>\nLuftanschluss 1\/8&Prime;<br \/>\nLeistung 200 W<br \/>\nDruckbereich 0,5 \u2013 8 bar<br \/>\nDruckluftverbrauch bei D\u00fcse \u00d8 1.2 mm und Strahldruck 3 bar ca. 100 Liter \/ Min.<br \/>\nStrahlmittelbeh\u00e4ltervolumen 0.5 Liter<\/p>\n","protected":false},"excerpt":{"rendered":"<p>3 unabh\u00e4ngige Feinstrahlsysteme Strahlmittelbeh\u00e4lter einfach umschaltbar, Einstellungen bleiben erhalten Feinstrahltechnik als Drucksystem ausgebildet Elektronisch gesteuertes Dosiersystem zur stufenlosen Regulierung der Strahlmittelmenge D\u00fcsen von Durchmesser 0.4 &#8211; 2.7 mm einfach austauschbar Alle \u00fcblichen Strahlmittel einsetzbar Strahlmittelk\u00f6rnung von Mesh 46 \u2013 280 Ergonomischer und handlicher Arbeitsplatz mit eingebauter Beleuchtung Werkst\u00fcckgr\u00f6sse bis ca. 100 x 100 x 50 [&hellip;]<\/p>\n","protected":false},"featured_media":63841,"comment_status":"open","ping_status":"closed","template":"","meta":{"_acf_changed":false},"product_cat":[3632],"product_tag":[],"brand_product":[2766],"class_list":["post-63926","product","type-product","status-publish","has-post-thumbnail","hentry","product_cat-sableuse-de","brand_product-sandmaster-de"],"yoast_head":"<!-- This site is optimized with the Yoast SEO plugin v24.2 - https:\/\/yoast.com\/wordpress\/plugins\/seo\/ -->\n<title>SANDMASTER FG3 - Solutions Machines Outils<\/title>\n<meta name=\"description\" content=\"3 unabh\u00e4ngige Feinstrahlsysteme Strahlmittelbeh\u00e4lter einfach umschaltbar, Einstellungen bleiben erhalten Feinstrahltechnik als Drucksystem ausgebildet\" \/>\n<meta name=\"robots\" content=\"index, follow, max-snippet:-1, max-image-preview:large, max-video-preview:-1\" \/>\n<link rel=\"canonical\" href=\"https:\/\/www.solutionsmachinesoutils.com\/de\/produit\/sandmaster-fg3-2\/\" \/>\n<meta property=\"og:locale\" content=\"fr_FR\" \/>\n<meta property=\"og:type\" content=\"article\" \/>\n<meta property=\"og:title\" content=\"SANDMASTER FG3 - Solutions Machines Outils\" \/>\n<meta property=\"og:description\" content=\"3 unabh\u00e4ngige Feinstrahlsysteme Strahlmittelbeh\u00e4lter einfach umschaltbar, Einstellungen bleiben erhalten Feinstrahltechnik als Drucksystem ausgebildet\" \/>\n<meta property=\"og:url\" content=\"https:\/\/www.solutionsmachinesoutils.com\/de\/produit\/sandmaster-fg3-2\/\" \/>\n<meta property=\"og:site_name\" content=\"Solutions Machines Outils\" \/>\n<meta property=\"article:modified_time\" content=\"2023-03-06T14:40:46+00:00\" \/>\n<meta property=\"og:image\" content=\"https:\/\/www.solutionsmachinesoutils.com\/wp-content\/uploads\/2023\/03\/1.jpg\" \/>\n\t<meta property=\"og:image:width\" content=\"1321\" \/>\n\t<meta property=\"og:image:height\" content=\"1200\" \/>\n\t<meta property=\"og:image:type\" content=\"image\/jpeg\" \/>\n<meta name=\"twitter:card\" content=\"summary_large_image\" \/>\n<meta name=\"twitter:label1\" content=\"Dur\u00e9e de lecture estim\u00e9e\" \/>\n\t<meta name=\"twitter:data1\" content=\"1 minute\" \/>\n<script type=\"application\/ld+json\" class=\"yoast-schema-graph\">{\"@context\":\"https:\/\/schema.org\",\"@graph\":[{\"@type\":\"WebPage\",\"@id\":\"https:\/\/www.solutionsmachinesoutils.com\/de\/produit\/sandmaster-fg3-2\/\",\"url\":\"https:\/\/www.solutionsmachinesoutils.com\/de\/produit\/sandmaster-fg3-2\/\",\"name\":\"SANDMASTER FG3 - Solutions Machines Outils\",\"isPartOf\":{\"@id\":\"https:\/\/www.solutionsmachinesoutils.com\/en\/#website\"},\"primaryImageOfPage\":{\"@id\":\"https:\/\/www.solutionsmachinesoutils.com\/de\/produit\/sandmaster-fg3-2\/#primaryimage\"},\"image\":{\"@id\":\"https:\/\/www.solutionsmachinesoutils.com\/de\/produit\/sandmaster-fg3-2\/#primaryimage\"},\"thumbnailUrl\":\"https:\/\/www.solutionsmachinesoutils.com\/wp-content\/uploads\/2023\/03\/1.jpg\",\"datePublished\":\"2023-03-03T12:18:55+00:00\",\"dateModified\":\"2023-03-06T14:40:46+00:00\",\"description\":\"3 unabh\u00e4ngige Feinstrahlsysteme Strahlmittelbeh\u00e4lter einfach umschaltbar, Einstellungen bleiben erhalten Feinstrahltechnik als Drucksystem ausgebildet\",\"breadcrumb\":{\"@id\":\"https:\/\/www.solutionsmachinesoutils.com\/de\/produit\/sandmaster-fg3-2\/#breadcrumb\"},\"inLanguage\":\"fr-FR\",\"potentialAction\":[{\"@type\":\"ReadAction\",\"target\":[\"https:\/\/www.solutionsmachinesoutils.com\/de\/produit\/sandmaster-fg3-2\/\"]}]},{\"@type\":\"ImageObject\",\"inLanguage\":\"fr-FR\",\"@id\":\"https:\/\/www.solutionsmachinesoutils.com\/de\/produit\/sandmaster-fg3-2\/#primaryimage\",\"url\":\"https:\/\/www.solutionsmachinesoutils.com\/wp-content\/uploads\/2023\/03\/1.jpg\",\"contentUrl\":\"https:\/\/www.solutionsmachinesoutils.com\/wp-content\/uploads\/2023\/03\/1.jpg\",\"width\":1321,\"height\":1200},{\"@type\":\"BreadcrumbList\",\"@id\":\"https:\/\/www.solutionsmachinesoutils.com\/de\/produit\/sandmaster-fg3-2\/#breadcrumb\",\"itemListElement\":[{\"@type\":\"ListItem\",\"position\":1,\"name\":\"Accueil\",\"item\":\"https:\/\/www.solutionsmachinesoutils.com\/\"},{\"@type\":\"ListItem\",\"position\":2,\"name\":\"Products\",\"item\":\"https:\/\/www.solutionsmachinesoutils.com\/en\/shop\/\"},{\"@type\":\"ListItem\",\"position\":3,\"name\":\"Andere\",\"item\":\"https:\/\/www.solutionsmachinesoutils.com\/de\/categorie\/andere\/\"},{\"@type\":\"ListItem\",\"position\":4,\"name\":\"Sandstrahlgebl\u00e4se\",\"item\":\"https:\/\/www.solutionsmachinesoutils.com\/de\/categorie\/andere\/divers-2-de\/sableuse-de\/\"},{\"@type\":\"ListItem\",\"position\":5,\"name\":\"SANDMASTER FG3\"}]},{\"@type\":\"WebSite\",\"@id\":\"https:\/\/www.solutionsmachinesoutils.com\/en\/#website\",\"url\":\"https:\/\/www.solutionsmachinesoutils.com\/en\/\",\"name\":\"Solutions Machines Outils\",\"description\":\"ACHAT-VENTE ET EXPERTISE DE MACHINES-OUTILS\",\"potentialAction\":[{\"@type\":\"SearchAction\",\"target\":{\"@type\":\"EntryPoint\",\"urlTemplate\":\"https:\/\/www.solutionsmachinesoutils.com\/en\/?s={search_term_string}\"},\"query-input\":{\"@type\":\"PropertyValueSpecification\",\"valueRequired\":true,\"valueName\":\"search_term_string\"}}],\"inLanguage\":\"fr-FR\"}]}<\/script>\n<!-- \/ Yoast SEO plugin. -->","yoast_head_json":{"title":"SANDMASTER FG3 - Solutions Machines Outils","description":"3 unabh\u00e4ngige Feinstrahlsysteme Strahlmittelbeh\u00e4lter einfach umschaltbar, Einstellungen bleiben erhalten Feinstrahltechnik als Drucksystem ausgebildet","robots":{"index":"index","follow":"follow","max-snippet":"max-snippet:-1","max-image-preview":"max-image-preview:large","max-video-preview":"max-video-preview:-1"},"canonical":"https:\/\/www.solutionsmachinesoutils.com\/de\/produit\/sandmaster-fg3-2\/","og_locale":"fr_FR","og_type":"article","og_title":"SANDMASTER FG3 - Solutions Machines Outils","og_description":"3 unabh\u00e4ngige Feinstrahlsysteme Strahlmittelbeh\u00e4lter einfach umschaltbar, Einstellungen bleiben erhalten Feinstrahltechnik als Drucksystem ausgebildet","og_url":"https:\/\/www.solutionsmachinesoutils.com\/de\/produit\/sandmaster-fg3-2\/","og_site_name":"Solutions Machines Outils","article_modified_time":"2023-03-06T14:40:46+00:00","og_image":[{"width":1321,"height":1200,"url":"https:\/\/www.solutionsmachinesoutils.com\/wp-content\/uploads\/2023\/03\/1.jpg","type":"image\/jpeg"}],"twitter_card":"summary_large_image","twitter_misc":{"Dur\u00e9e de lecture estim\u00e9e":"1 minute"},"schema":{"@context":"https:\/\/schema.org","@graph":[{"@type":"WebPage","@id":"https:\/\/www.solutionsmachinesoutils.com\/de\/produit\/sandmaster-fg3-2\/","url":"https:\/\/www.solutionsmachinesoutils.com\/de\/produit\/sandmaster-fg3-2\/","name":"SANDMASTER FG3 - Solutions Machines Outils","isPartOf":{"@id":"https:\/\/www.solutionsmachinesoutils.com\/en\/#website"},"primaryImageOfPage":{"@id":"https:\/\/www.solutionsmachinesoutils.com\/de\/produit\/sandmaster-fg3-2\/#primaryimage"},"image":{"@id":"https:\/\/www.solutionsmachinesoutils.com\/de\/produit\/sandmaster-fg3-2\/#primaryimage"},"thumbnailUrl":"https:\/\/www.solutionsmachinesoutils.com\/wp-content\/uploads\/2023\/03\/1.jpg","datePublished":"2023-03-03T12:18:55+00:00","dateModified":"2023-03-06T14:40:46+00:00","description":"3 unabh\u00e4ngige Feinstrahlsysteme Strahlmittelbeh\u00e4lter einfach umschaltbar, Einstellungen bleiben erhalten Feinstrahltechnik als Drucksystem ausgebildet","breadcrumb":{"@id":"https:\/\/www.solutionsmachinesoutils.com\/de\/produit\/sandmaster-fg3-2\/#breadcrumb"},"inLanguage":"fr-FR","potentialAction":[{"@type":"ReadAction","target":["https:\/\/www.solutionsmachinesoutils.com\/de\/produit\/sandmaster-fg3-2\/"]}]},{"@type":"ImageObject","inLanguage":"fr-FR","@id":"https:\/\/www.solutionsmachinesoutils.com\/de\/produit\/sandmaster-fg3-2\/#primaryimage","url":"https:\/\/www.solutionsmachinesoutils.com\/wp-content\/uploads\/2023\/03\/1.jpg","contentUrl":"https:\/\/www.solutionsmachinesoutils.com\/wp-content\/uploads\/2023\/03\/1.jpg","width":1321,"height":1200},{"@type":"BreadcrumbList","@id":"https:\/\/www.solutionsmachinesoutils.com\/de\/produit\/sandmaster-fg3-2\/#breadcrumb","itemListElement":[{"@type":"ListItem","position":1,"name":"Accueil","item":"https:\/\/www.solutionsmachinesoutils.com\/"},{"@type":"ListItem","position":2,"name":"Products","item":"https:\/\/www.solutionsmachinesoutils.com\/en\/shop\/"},{"@type":"ListItem","position":3,"name":"Andere","item":"https:\/\/www.solutionsmachinesoutils.com\/de\/categorie\/andere\/"},{"@type":"ListItem","position":4,"name":"Sandstrahlgebl\u00e4se","item":"https:\/\/www.solutionsmachinesoutils.com\/de\/categorie\/andere\/divers-2-de\/sableuse-de\/"},{"@type":"ListItem","position":5,"name":"SANDMASTER FG3"}]},{"@type":"WebSite","@id":"https:\/\/www.solutionsmachinesoutils.com\/en\/#website","url":"https:\/\/www.solutionsmachinesoutils.com\/en\/","name":"Solutions Machines Outils","description":"ACHAT-VENTE ET EXPERTISE DE MACHINES-OUTILS","potentialAction":[{"@type":"SearchAction","target":{"@type":"EntryPoint","urlTemplate":"https:\/\/www.solutionsmachinesoutils.com\/en\/?s={search_term_string}"},"query-input":{"@type":"PropertyValueSpecification","valueRequired":true,"valueName":"search_term_string"}}],"inLanguage":"fr-FR"}]}},"_links":{"self":[{"href":"https:\/\/www.solutionsmachinesoutils.com\/wp-json\/wp\/v3\/product\/63926","targetHints":{"allow":["GET"]}}],"collection":[{"href":"https:\/\/www.solutionsmachinesoutils.com\/wp-json\/wp\/v3\/product"}],"about":[{"href":"https:\/\/www.solutionsmachinesoutils.com\/wp-json\/wp\/v2\/types\/product"}],"replies":[{"embeddable":true,"href":"https:\/\/www.solutionsmachinesoutils.com\/wp-json\/wp\/v2\/comments?post=63926"}],"wp:featuredmedia":[{"embeddable":true,"href":"https:\/\/www.solutionsmachinesoutils.com\/wp-json\/wp\/v2\/media\/63841"}],"wp:attachment":[{"href":"https:\/\/www.solutionsmachinesoutils.com\/wp-json\/wp\/v2\/media?parent=63926"}],"wp:term":[{"taxonomy":"product_cat","embeddable":true,"href":"https:\/\/www.solutionsmachinesoutils.com\/wp-json\/wp\/v2\/product_cat?post=63926"},{"taxonomy":"product_tag","embeddable":true,"href":"https:\/\/www.solutionsmachinesoutils.com\/wp-json\/wp\/v2\/product_tag?post=63926"},{"taxonomy":"brand_product","embeddable":true,"href":"https:\/\/www.solutionsmachinesoutils.com\/wp-json\/wp\/v2\/brand_product?post=63926"}],"curies":[{"name":"wp","href":"https:\/\/api.w.org\/{rel}","templated":true}]}}