{"id":61716,"date":"2022-10-11T11:17:09","date_gmt":"2022-10-11T09:17:09","guid":{"rendered":"https:\/\/www.solutionsmachinesoutils.com\/?post_type=product&#038;p=61712"},"modified":"2023-05-03T14:47:31","modified_gmt":"2023-05-03T12:47:31","slug":"recomatic-ml-300-3","status":"publish","type":"product","link":"https:\/\/www.solutionsmachinesoutils.com\/de\/produit\/recomatic-ml-300-3\/","title":{"rendered":"RECOMATIC ML 300"},"content":{"rendered":"<p><iframe loading=\"lazy\" title=\"RECOMATIC ML 300\" width=\"500\" height=\"281\" src=\"https:\/\/www.youtube.com\/embed\/LOTCNDJ0Rlg?feature=oembed\" frameborder=\"0\" allow=\"accelerometer; autoplay; clipboard-write; encrypted-media; gyroscope; picture-in-picture; web-share\" referrerpolicy=\"strict-origin-when-cross-origin\" allowfullscreen><\/iframe><\/p>\n<p><strong>Merkmale<\/strong><\/p>\n<p>2 Scheiben \u00d8 300<\/p>\n<p>Motorspindeln mit axialer Einstellung der Scheibe (Hub ~ 3 mm)<\/p>\n<p>SPS gesteuert<\/p>\n<p>Einfaches Einrichten<\/p>\n<p>Hydropneumatisches Vorschubsystem<\/p>\n<p>Unabh\u00e4ngige Scheiben Geschwindigkeit durch Frequenzumrichter mit Digitalanzeige<\/p>\n<p>gesteuert Pendelgeschwindigkeit des Arbeitswagens durch Frequenzumrichter mit Digitalanzeige<\/p>\n<p>Integrierter Papierbandfilter<\/p>\n<p>Vollst\u00e4ndig geschlossener Arbeitsbereich mit automatischer T\u00fcr<\/p>\n<p><strong>Vorg\u00e4nge<\/strong><\/p>\n<ul>\n<li>Dekor<\/li>\n<li>Bohrung<\/li>\n<li>L\u00e4ppen<\/li>\n<li>Feinschleifen<\/li>\n<li>Entgraten<\/li>\n<\/ul>\n","protected":false},"excerpt":{"rendered":"<p>Merkmale 2 Scheiben \u00d8 300 Motorspindeln mit axialer Einstellung der Scheibe (Hub ~ 3 mm) SPS gesteuert Einfaches Einrichten Hydropneumatisches Vorschubsystem Unabh\u00e4ngige Scheiben Geschwindigkeit durch Frequenzumrichter mit Digitalanzeige gesteuert Pendelgeschwindigkeit des Arbeitswagens durch Frequenzumrichter mit Digitalanzeige Integrierter Papierbandfilter Vollst\u00e4ndig geschlossener Arbeitsbereich mit automatischer T\u00fcr Vorg\u00e4nge Dekor Bohrung L\u00e4ppen Feinschleifen Entgraten<\/p>\n","protected":false},"featured_media":64884,"comment_status":"open","ping_status":"closed","template":"","meta":{"_acf_changed":false},"product_cat":[3653,2023],"product_tag":[],"brand_product":[2780],"class_list":["post-61716","product","type-product","status-publish","has-post-thumbnail","hentry","product_cat-uhrmacherei","product_cat-mechanick","brand_product-recomatic-de"],"yoast_head":"<!-- This site is optimized with the Yoast SEO plugin v24.2 - https:\/\/yoast.com\/wordpress\/plugins\/seo\/ -->\n<title>RECOMATIC ML 300 - Solutions Machines Outils<\/title>\n<meta name=\"description\" content=\"https:\/\/youtu.be\/LOTCNDJ0Rlg Merkmale 2 Scheiben \u00d8 300 Motorspindeln mit axialer Einstellung der Scheibe (Hub ~ 3 mm) SPS gesteuert Einfaches Einrichten\" \/>\n<meta name=\"robots\" content=\"index, follow, max-snippet:-1, max-image-preview:large, max-video-preview:-1\" \/>\n<link rel=\"canonical\" href=\"https:\/\/www.solutionsmachinesoutils.com\/de\/produit\/recomatic-ml-300-3\/\" \/>\n<meta property=\"og:locale\" content=\"fr_FR\" \/>\n<meta property=\"og:type\" content=\"article\" \/>\n<meta property=\"og:title\" content=\"RECOMATIC ML 300 - Solutions Machines Outils\" \/>\n<meta property=\"og:description\" content=\"https:\/\/youtu.be\/LOTCNDJ0Rlg Merkmale 2 Scheiben \u00d8 300 Motorspindeln mit axialer Einstellung der Scheibe (Hub ~ 3 mm) SPS gesteuert Einfaches Einrichten\" \/>\n<meta property=\"og:url\" content=\"https:\/\/www.solutionsmachinesoutils.com\/de\/produit\/recomatic-ml-300-3\/\" \/>\n<meta property=\"og:site_name\" content=\"Solutions Machines Outils\" \/>\n<meta property=\"article:modified_time\" content=\"2023-05-03T12:47:31+00:00\" \/>\n<meta property=\"og:image\" content=\"https:\/\/www.solutionsmachinesoutils.com\/wp-content\/uploads\/2022\/10\/Recomatic-ML-300-1-2-300x300-3eme-machine.jpg\" \/>\n\t<meta property=\"og:image:width\" content=\"409\" \/>\n\t<meta property=\"og:image:height\" content=\"996\" \/>\n\t<meta property=\"og:image:type\" content=\"image\/jpeg\" \/>\n<meta name=\"twitter:card\" content=\"summary_large_image\" \/>\n<meta name=\"twitter:label1\" content=\"Dur\u00e9e de lecture estim\u00e9e\" \/>\n\t<meta name=\"twitter:data1\" content=\"1 minute\" \/>\n<script type=\"application\/ld+json\" class=\"yoast-schema-graph\">{\"@context\":\"https:\/\/schema.org\",\"@graph\":[{\"@type\":\"WebPage\",\"@id\":\"https:\/\/www.solutionsmachinesoutils.com\/de\/produit\/recomatic-ml-300-3\/\",\"url\":\"https:\/\/www.solutionsmachinesoutils.com\/de\/produit\/recomatic-ml-300-3\/\",\"name\":\"RECOMATIC ML 300 - Solutions Machines Outils\",\"isPartOf\":{\"@id\":\"https:\/\/www.solutionsmachinesoutils.com\/en\/#website\"},\"primaryImageOfPage\":{\"@id\":\"https:\/\/www.solutionsmachinesoutils.com\/de\/produit\/recomatic-ml-300-3\/#primaryimage\"},\"image\":{\"@id\":\"https:\/\/www.solutionsmachinesoutils.com\/de\/produit\/recomatic-ml-300-3\/#primaryimage\"},\"thumbnailUrl\":\"https:\/\/www.solutionsmachinesoutils.com\/wp-content\/uploads\/2022\/10\/Recomatic-ML-300-1-2-300x300-3eme-machine.jpg\",\"datePublished\":\"2022-10-11T09:17:09+00:00\",\"dateModified\":\"2023-05-03T12:47:31+00:00\",\"description\":\"https:\/\/youtu.be\/LOTCNDJ0Rlg Merkmale 2 Scheiben \u00d8 300 Motorspindeln mit axialer Einstellung der Scheibe (Hub ~ 3 mm) SPS gesteuert Einfaches Einrichten\",\"breadcrumb\":{\"@id\":\"https:\/\/www.solutionsmachinesoutils.com\/de\/produit\/recomatic-ml-300-3\/#breadcrumb\"},\"inLanguage\":\"fr-FR\",\"potentialAction\":[{\"@type\":\"ReadAction\",\"target\":[\"https:\/\/www.solutionsmachinesoutils.com\/de\/produit\/recomatic-ml-300-3\/\"]}]},{\"@type\":\"ImageObject\",\"inLanguage\":\"fr-FR\",\"@id\":\"https:\/\/www.solutionsmachinesoutils.com\/de\/produit\/recomatic-ml-300-3\/#primaryimage\",\"url\":\"https:\/\/www.solutionsmachinesoutils.com\/wp-content\/uploads\/2022\/10\/Recomatic-ML-300-1-2-300x300-3eme-machine.jpg\",\"contentUrl\":\"https:\/\/www.solutionsmachinesoutils.com\/wp-content\/uploads\/2022\/10\/Recomatic-ML-300-1-2-300x300-3eme-machine.jpg\",\"width\":409,\"height\":996},{\"@type\":\"BreadcrumbList\",\"@id\":\"https:\/\/www.solutionsmachinesoutils.com\/de\/produit\/recomatic-ml-300-3\/#breadcrumb\",\"itemListElement\":[{\"@type\":\"ListItem\",\"position\":1,\"name\":\"Accueil\",\"item\":\"https:\/\/www.solutionsmachinesoutils.com\/\"},{\"@type\":\"ListItem\",\"position\":2,\"name\":\"Products\",\"item\":\"https:\/\/www.solutionsmachinesoutils.com\/en\/shop\/\"},{\"@type\":\"ListItem\",\"position\":3,\"name\":\"Mechanick\",\"item\":\"https:\/\/www.solutionsmachinesoutils.com\/de\/categorie\/mechanick\/\"},{\"@type\":\"ListItem\",\"position\":4,\"name\":\"Uhrmacherei\",\"item\":\"https:\/\/www.solutionsmachinesoutils.com\/de\/categorie\/horlogerie-de\/\"},{\"@type\":\"ListItem\",\"position\":5,\"name\":\"RECOMATIC ML 300\"}]},{\"@type\":\"WebSite\",\"@id\":\"https:\/\/www.solutionsmachinesoutils.com\/en\/#website\",\"url\":\"https:\/\/www.solutionsmachinesoutils.com\/en\/\",\"name\":\"Solutions Machines Outils\",\"description\":\"ACHAT-VENTE ET EXPERTISE DE MACHINES-OUTILS\",\"potentialAction\":[{\"@type\":\"SearchAction\",\"target\":{\"@type\":\"EntryPoint\",\"urlTemplate\":\"https:\/\/www.solutionsmachinesoutils.com\/en\/?s={search_term_string}\"},\"query-input\":{\"@type\":\"PropertyValueSpecification\",\"valueRequired\":true,\"valueName\":\"search_term_string\"}}],\"inLanguage\":\"fr-FR\"}]}<\/script>\n<!-- \/ Yoast SEO plugin. -->","yoast_head_json":{"title":"RECOMATIC ML 300 - Solutions Machines Outils","description":"https:\/\/youtu.be\/LOTCNDJ0Rlg Merkmale 2 Scheiben \u00d8 300 Motorspindeln mit axialer Einstellung der Scheibe (Hub ~ 3 mm) SPS gesteuert Einfaches Einrichten","robots":{"index":"index","follow":"follow","max-snippet":"max-snippet:-1","max-image-preview":"max-image-preview:large","max-video-preview":"max-video-preview:-1"},"canonical":"https:\/\/www.solutionsmachinesoutils.com\/de\/produit\/recomatic-ml-300-3\/","og_locale":"fr_FR","og_type":"article","og_title":"RECOMATIC ML 300 - Solutions Machines Outils","og_description":"https:\/\/youtu.be\/LOTCNDJ0Rlg Merkmale 2 Scheiben \u00d8 300 Motorspindeln mit axialer Einstellung der Scheibe (Hub ~ 3 mm) SPS gesteuert Einfaches Einrichten","og_url":"https:\/\/www.solutionsmachinesoutils.com\/de\/produit\/recomatic-ml-300-3\/","og_site_name":"Solutions Machines Outils","article_modified_time":"2023-05-03T12:47:31+00:00","og_image":[{"width":409,"height":996,"url":"https:\/\/www.solutionsmachinesoutils.com\/wp-content\/uploads\/2022\/10\/Recomatic-ML-300-1-2-300x300-3eme-machine.jpg","type":"image\/jpeg"}],"twitter_card":"summary_large_image","twitter_misc":{"Dur\u00e9e de lecture estim\u00e9e":"1 minute"},"schema":{"@context":"https:\/\/schema.org","@graph":[{"@type":"WebPage","@id":"https:\/\/www.solutionsmachinesoutils.com\/de\/produit\/recomatic-ml-300-3\/","url":"https:\/\/www.solutionsmachinesoutils.com\/de\/produit\/recomatic-ml-300-3\/","name":"RECOMATIC ML 300 - Solutions Machines Outils","isPartOf":{"@id":"https:\/\/www.solutionsmachinesoutils.com\/en\/#website"},"primaryImageOfPage":{"@id":"https:\/\/www.solutionsmachinesoutils.com\/de\/produit\/recomatic-ml-300-3\/#primaryimage"},"image":{"@id":"https:\/\/www.solutionsmachinesoutils.com\/de\/produit\/recomatic-ml-300-3\/#primaryimage"},"thumbnailUrl":"https:\/\/www.solutionsmachinesoutils.com\/wp-content\/uploads\/2022\/10\/Recomatic-ML-300-1-2-300x300-3eme-machine.jpg","datePublished":"2022-10-11T09:17:09+00:00","dateModified":"2023-05-03T12:47:31+00:00","description":"https:\/\/youtu.be\/LOTCNDJ0Rlg Merkmale 2 Scheiben \u00d8 300 Motorspindeln mit axialer Einstellung der Scheibe (Hub ~ 3 mm) SPS gesteuert Einfaches Einrichten","breadcrumb":{"@id":"https:\/\/www.solutionsmachinesoutils.com\/de\/produit\/recomatic-ml-300-3\/#breadcrumb"},"inLanguage":"fr-FR","potentialAction":[{"@type":"ReadAction","target":["https:\/\/www.solutionsmachinesoutils.com\/de\/produit\/recomatic-ml-300-3\/"]}]},{"@type":"ImageObject","inLanguage":"fr-FR","@id":"https:\/\/www.solutionsmachinesoutils.com\/de\/produit\/recomatic-ml-300-3\/#primaryimage","url":"https:\/\/www.solutionsmachinesoutils.com\/wp-content\/uploads\/2022\/10\/Recomatic-ML-300-1-2-300x300-3eme-machine.jpg","contentUrl":"https:\/\/www.solutionsmachinesoutils.com\/wp-content\/uploads\/2022\/10\/Recomatic-ML-300-1-2-300x300-3eme-machine.jpg","width":409,"height":996},{"@type":"BreadcrumbList","@id":"https:\/\/www.solutionsmachinesoutils.com\/de\/produit\/recomatic-ml-300-3\/#breadcrumb","itemListElement":[{"@type":"ListItem","position":1,"name":"Accueil","item":"https:\/\/www.solutionsmachinesoutils.com\/"},{"@type":"ListItem","position":2,"name":"Products","item":"https:\/\/www.solutionsmachinesoutils.com\/en\/shop\/"},{"@type":"ListItem","position":3,"name":"Mechanick","item":"https:\/\/www.solutionsmachinesoutils.com\/de\/categorie\/mechanick\/"},{"@type":"ListItem","position":4,"name":"Uhrmacherei","item":"https:\/\/www.solutionsmachinesoutils.com\/de\/categorie\/horlogerie-de\/"},{"@type":"ListItem","position":5,"name":"RECOMATIC ML 300"}]},{"@type":"WebSite","@id":"https:\/\/www.solutionsmachinesoutils.com\/en\/#website","url":"https:\/\/www.solutionsmachinesoutils.com\/en\/","name":"Solutions Machines Outils","description":"ACHAT-VENTE ET EXPERTISE DE MACHINES-OUTILS","potentialAction":[{"@type":"SearchAction","target":{"@type":"EntryPoint","urlTemplate":"https:\/\/www.solutionsmachinesoutils.com\/en\/?s={search_term_string}"},"query-input":{"@type":"PropertyValueSpecification","valueRequired":true,"valueName":"search_term_string"}}],"inLanguage":"fr-FR"}]}},"_links":{"self":[{"href":"https:\/\/www.solutionsmachinesoutils.com\/wp-json\/wp\/v3\/product\/61716","targetHints":{"allow":["GET"]}}],"collection":[{"href":"https:\/\/www.solutionsmachinesoutils.com\/wp-json\/wp\/v3\/product"}],"about":[{"href":"https:\/\/www.solutionsmachinesoutils.com\/wp-json\/wp\/v2\/types\/product"}],"replies":[{"embeddable":true,"href":"https:\/\/www.solutionsmachinesoutils.com\/wp-json\/wp\/v2\/comments?post=61716"}],"wp:featuredmedia":[{"embeddable":true,"href":"https:\/\/www.solutionsmachinesoutils.com\/wp-json\/wp\/v2\/media\/64884"}],"wp:attachment":[{"href":"https:\/\/www.solutionsmachinesoutils.com\/wp-json\/wp\/v2\/media?parent=61716"}],"wp:term":[{"taxonomy":"product_cat","embeddable":true,"href":"https:\/\/www.solutionsmachinesoutils.com\/wp-json\/wp\/v2\/product_cat?post=61716"},{"taxonomy":"product_tag","embeddable":true,"href":"https:\/\/www.solutionsmachinesoutils.com\/wp-json\/wp\/v2\/product_tag?post=61716"},{"taxonomy":"brand_product","embeddable":true,"href":"https:\/\/www.solutionsmachinesoutils.com\/wp-json\/wp\/v2\/brand_product?post=61716"}],"curies":[{"name":"wp","href":"https:\/\/api.w.org\/{rel}","templated":true}]}}