{"id":36411,"date":"2020-01-23T11:02:31","date_gmt":"2020-01-23T11:02:31","guid":{"rendered":"http:\/\/www.solutionsmachinesoutils.com\/?post_type=product&#038;p=19677"},"modified":"2023-03-13T12:45:59","modified_gmt":"2023-03-13T11:45:59","slug":"wammes-tubeformer","status":"publish","type":"product","link":"https:\/\/www.solutionsmachinesoutils.com\/de\/produit\/wammes-tubeformer\/","title":{"rendered":"WAMMES TF 1250"},"content":{"rendered":"<p><strong>\u00c9quipement:<\/strong><\/p>\n<p>Diam\u00e8tre des gaines: 80 \u00e0 1250 mm<\/p>\n<p>\u00c9paisseur Galva: 0,5 \u00e0 1,0 mm<\/p>\n<p>\u00c9paisseur\u00a0Inox: 0,5 \u00e0 0,6 mm<\/p>\n<p>Poids maxi des bobines 1000 kg<\/p>\n<p>Diam\u00e8tre des bobines 1250 mm<\/p>\n<p>Largeur de bande 137 mm<\/p>\n<p>Outils disponibles pour diam\u00e8tre: 80-100-125-160-200-250-315-355-400-450-500-560-630-710-800-900-1000 mm<\/p>\n<p>Banc de r\u00e9ception longueur: 3000 mm<\/p>\n<p>Commande par \u00e9cran tactile<\/p>\n<p>D\u00e9vidoir<\/p>\n<p>Coupe par couteau circulaires<\/p>\n<p><iframe loading=\"lazy\" title=\"WAMMES Tubeformer\" width=\"500\" height=\"281\" src=\"https:\/\/www.youtube.com\/embed\/5n8KIx6mPVo?feature=oembed\" frameborder=\"0\" allow=\"accelerometer; autoplay; clipboard-write; encrypted-media; gyroscope; picture-in-picture; web-share\" referrerpolicy=\"strict-origin-when-cross-origin\" allowfullscreen><\/iframe><\/p>\n","protected":false},"excerpt":{"rendered":"<p>\u00c9quipement: Diam\u00e8tre des gaines: 80 \u00e0 1250 mm \u00c9paisseur Galva: 0,5 \u00e0 1,0 mm \u00c9paisseur\u00a0Inox: 0,5 \u00e0 0,6 mm Poids maxi des bobines 1000 kg Diam\u00e8tre des bobines 1250 mm Largeur de bande 137 mm Outils disponibles pour diam\u00e8tre: 80-100-125-160-200-250-315-355-400-450-500-560-630-710-800-900-1000 mm Banc de r\u00e9ception longueur: 3000 mm Commande par \u00e9cran tactile D\u00e9vidoir Coupe par couteau [&hellip;]<\/p>\n","protected":false},"featured_media":19682,"comment_status":"open","ping_status":"closed","template":"","meta":{"_acf_changed":false},"product_cat":[2290,2040],"product_tag":[],"brand_product":[1789],"class_list":["post-36411","product","type-product","status-publish","has-post-thumbnail","hentry","product_cat-kanalfertigungslinie","product_cat-blechbearbeitungsmaschinen","brand_product-wammes-de"],"yoast_head":"<!-- This site is optimized with the Yoast SEO plugin v24.2 - https:\/\/yoast.com\/wordpress\/plugins\/seo\/ -->\n<title>WAMMES TF 1250 - Solutions Machines Outils<\/title>\n<meta name=\"description\" content=\"\u00c9quipement: Diam\u00e8tre des gaines: 80 \u00e0 1250 mm \u00c9paisseur Galva: 0,5 \u00e0 1,0 mm \u00c9paisseur\u00a0Inox: 0,5 \u00e0 0,6 mm Poids maxi des bobines 1000 kg Diam\u00e8tre des\" \/>\n<meta name=\"robots\" content=\"index, follow, max-snippet:-1, max-image-preview:large, max-video-preview:-1\" \/>\n<link rel=\"canonical\" href=\"https:\/\/www.solutionsmachinesoutils.com\/de\/produit\/wammes-tubeformer\/\" \/>\n<meta property=\"og:locale\" content=\"fr_FR\" \/>\n<meta property=\"og:type\" content=\"article\" \/>\n<meta property=\"og:title\" content=\"WAMMES TF 1250 - Solutions Machines Outils\" \/>\n<meta property=\"og:description\" content=\"\u00c9quipement: Diam\u00e8tre des gaines: 80 \u00e0 1250 mm \u00c9paisseur Galva: 0,5 \u00e0 1,0 mm \u00c9paisseur\u00a0Inox: 0,5 \u00e0 0,6 mm Poids maxi des bobines 1000 kg Diam\u00e8tre des\" \/>\n<meta property=\"og:url\" content=\"https:\/\/www.solutionsmachinesoutils.com\/de\/produit\/wammes-tubeformer\/\" \/>\n<meta property=\"og:site_name\" content=\"Solutions Machines Outils\" \/>\n<meta property=\"article:modified_time\" content=\"2023-03-13T11:45:59+00:00\" \/>\n<meta property=\"og:image\" content=\"https:\/\/www.solutionsmachinesoutils.com\/wp-content\/uploads\/2019\/03\/machnie-2-.jpg\" \/>\n\t<meta property=\"og:image:width\" content=\"320\" \/>\n\t<meta property=\"og:image:height\" content=\"240\" \/>\n\t<meta property=\"og:image:type\" content=\"image\/jpeg\" \/>\n<meta name=\"twitter:card\" content=\"summary_large_image\" \/>\n<meta name=\"twitter:label1\" content=\"Dur\u00e9e de lecture estim\u00e9e\" \/>\n\t<meta name=\"twitter:data1\" content=\"1 minute\" \/>\n<script type=\"application\/ld+json\" class=\"yoast-schema-graph\">{\"@context\":\"https:\/\/schema.org\",\"@graph\":[{\"@type\":\"WebPage\",\"@id\":\"https:\/\/www.solutionsmachinesoutils.com\/de\/produit\/wammes-tubeformer\/\",\"url\":\"https:\/\/www.solutionsmachinesoutils.com\/de\/produit\/wammes-tubeformer\/\",\"name\":\"WAMMES TF 1250 - Solutions Machines Outils\",\"isPartOf\":{\"@id\":\"https:\/\/www.solutionsmachinesoutils.com\/en\/#website\"},\"primaryImageOfPage\":{\"@id\":\"https:\/\/www.solutionsmachinesoutils.com\/de\/produit\/wammes-tubeformer\/#primaryimage\"},\"image\":{\"@id\":\"https:\/\/www.solutionsmachinesoutils.com\/de\/produit\/wammes-tubeformer\/#primaryimage\"},\"thumbnailUrl\":\"https:\/\/www.solutionsmachinesoutils.com\/wp-content\/uploads\/2019\/03\/machnie-2-.jpg\",\"datePublished\":\"2020-01-23T11:02:31+00:00\",\"dateModified\":\"2023-03-13T11:45:59+00:00\",\"description\":\"\u00c9quipement: Diam\u00e8tre des gaines: 80 \u00e0 1250 mm \u00c9paisseur Galva: 0,5 \u00e0 1,0 mm \u00c9paisseur\u00a0Inox: 0,5 \u00e0 0,6 mm Poids maxi des bobines 1000 kg Diam\u00e8tre des\",\"breadcrumb\":{\"@id\":\"https:\/\/www.solutionsmachinesoutils.com\/de\/produit\/wammes-tubeformer\/#breadcrumb\"},\"inLanguage\":\"fr-FR\",\"potentialAction\":[{\"@type\":\"ReadAction\",\"target\":[\"https:\/\/www.solutionsmachinesoutils.com\/de\/produit\/wammes-tubeformer\/\"]}]},{\"@type\":\"ImageObject\",\"inLanguage\":\"fr-FR\",\"@id\":\"https:\/\/www.solutionsmachinesoutils.com\/de\/produit\/wammes-tubeformer\/#primaryimage\",\"url\":\"https:\/\/www.solutionsmachinesoutils.com\/wp-content\/uploads\/2019\/03\/machnie-2-.jpg\",\"contentUrl\":\"https:\/\/www.solutionsmachinesoutils.com\/wp-content\/uploads\/2019\/03\/machnie-2-.jpg\",\"width\":320,\"height\":240},{\"@type\":\"BreadcrumbList\",\"@id\":\"https:\/\/www.solutionsmachinesoutils.com\/de\/produit\/wammes-tubeformer\/#breadcrumb\",\"itemListElement\":[{\"@type\":\"ListItem\",\"position\":1,\"name\":\"Accueil\",\"item\":\"https:\/\/www.solutionsmachinesoutils.com\/\"},{\"@type\":\"ListItem\",\"position\":2,\"name\":\"Products\",\"item\":\"https:\/\/www.solutionsmachinesoutils.com\/en\/shop\/\"},{\"@type\":\"ListItem\",\"position\":3,\"name\":\"Blechbearbeitungsmaschinen\",\"item\":\"https:\/\/www.solutionsmachinesoutils.com\/de\/categorie\/blechbearbeitungsmaschinen\/\"},{\"@type\":\"ListItem\",\"position\":4,\"name\":\"Kanalfertigungslinie\",\"item\":\"https:\/\/www.solutionsmachinesoutils.com\/de\/categorie\/blechbearbeitungsmaschinen\/kanalfertigungslinie\/\"},{\"@type\":\"ListItem\",\"position\":5,\"name\":\"WAMMES TF 1250\"}]},{\"@type\":\"WebSite\",\"@id\":\"https:\/\/www.solutionsmachinesoutils.com\/en\/#website\",\"url\":\"https:\/\/www.solutionsmachinesoutils.com\/en\/\",\"name\":\"Solutions Machines Outils\",\"description\":\"ACHAT-VENTE ET EXPERTISE DE MACHINES-OUTILS\",\"potentialAction\":[{\"@type\":\"SearchAction\",\"target\":{\"@type\":\"EntryPoint\",\"urlTemplate\":\"https:\/\/www.solutionsmachinesoutils.com\/en\/?s={search_term_string}\"},\"query-input\":{\"@type\":\"PropertyValueSpecification\",\"valueRequired\":true,\"valueName\":\"search_term_string\"}}],\"inLanguage\":\"fr-FR\"}]}<\/script>\n<!-- \/ Yoast SEO plugin. -->","yoast_head_json":{"title":"WAMMES TF 1250 - Solutions Machines Outils","description":"\u00c9quipement: Diam\u00e8tre des gaines: 80 \u00e0 1250 mm \u00c9paisseur Galva: 0,5 \u00e0 1,0 mm \u00c9paisseur\u00a0Inox: 0,5 \u00e0 0,6 mm Poids maxi des bobines 1000 kg Diam\u00e8tre des","robots":{"index":"index","follow":"follow","max-snippet":"max-snippet:-1","max-image-preview":"max-image-preview:large","max-video-preview":"max-video-preview:-1"},"canonical":"https:\/\/www.solutionsmachinesoutils.com\/de\/produit\/wammes-tubeformer\/","og_locale":"fr_FR","og_type":"article","og_title":"WAMMES TF 1250 - Solutions Machines Outils","og_description":"\u00c9quipement: Diam\u00e8tre des gaines: 80 \u00e0 1250 mm \u00c9paisseur Galva: 0,5 \u00e0 1,0 mm \u00c9paisseur\u00a0Inox: 0,5 \u00e0 0,6 mm Poids maxi des bobines 1000 kg Diam\u00e8tre des","og_url":"https:\/\/www.solutionsmachinesoutils.com\/de\/produit\/wammes-tubeformer\/","og_site_name":"Solutions Machines Outils","article_modified_time":"2023-03-13T11:45:59+00:00","og_image":[{"width":320,"height":240,"url":"https:\/\/www.solutionsmachinesoutils.com\/wp-content\/uploads\/2019\/03\/machnie-2-.jpg","type":"image\/jpeg"}],"twitter_card":"summary_large_image","twitter_misc":{"Dur\u00e9e de lecture estim\u00e9e":"1 minute"},"schema":{"@context":"https:\/\/schema.org","@graph":[{"@type":"WebPage","@id":"https:\/\/www.solutionsmachinesoutils.com\/de\/produit\/wammes-tubeformer\/","url":"https:\/\/www.solutionsmachinesoutils.com\/de\/produit\/wammes-tubeformer\/","name":"WAMMES TF 1250 - Solutions Machines Outils","isPartOf":{"@id":"https:\/\/www.solutionsmachinesoutils.com\/en\/#website"},"primaryImageOfPage":{"@id":"https:\/\/www.solutionsmachinesoutils.com\/de\/produit\/wammes-tubeformer\/#primaryimage"},"image":{"@id":"https:\/\/www.solutionsmachinesoutils.com\/de\/produit\/wammes-tubeformer\/#primaryimage"},"thumbnailUrl":"https:\/\/www.solutionsmachinesoutils.com\/wp-content\/uploads\/2019\/03\/machnie-2-.jpg","datePublished":"2020-01-23T11:02:31+00:00","dateModified":"2023-03-13T11:45:59+00:00","description":"\u00c9quipement: Diam\u00e8tre des gaines: 80 \u00e0 1250 mm \u00c9paisseur Galva: 0,5 \u00e0 1,0 mm \u00c9paisseur\u00a0Inox: 0,5 \u00e0 0,6 mm Poids maxi des bobines 1000 kg Diam\u00e8tre des","breadcrumb":{"@id":"https:\/\/www.solutionsmachinesoutils.com\/de\/produit\/wammes-tubeformer\/#breadcrumb"},"inLanguage":"fr-FR","potentialAction":[{"@type":"ReadAction","target":["https:\/\/www.solutionsmachinesoutils.com\/de\/produit\/wammes-tubeformer\/"]}]},{"@type":"ImageObject","inLanguage":"fr-FR","@id":"https:\/\/www.solutionsmachinesoutils.com\/de\/produit\/wammes-tubeformer\/#primaryimage","url":"https:\/\/www.solutionsmachinesoutils.com\/wp-content\/uploads\/2019\/03\/machnie-2-.jpg","contentUrl":"https:\/\/www.solutionsmachinesoutils.com\/wp-content\/uploads\/2019\/03\/machnie-2-.jpg","width":320,"height":240},{"@type":"BreadcrumbList","@id":"https:\/\/www.solutionsmachinesoutils.com\/de\/produit\/wammes-tubeformer\/#breadcrumb","itemListElement":[{"@type":"ListItem","position":1,"name":"Accueil","item":"https:\/\/www.solutionsmachinesoutils.com\/"},{"@type":"ListItem","position":2,"name":"Products","item":"https:\/\/www.solutionsmachinesoutils.com\/en\/shop\/"},{"@type":"ListItem","position":3,"name":"Blechbearbeitungsmaschinen","item":"https:\/\/www.solutionsmachinesoutils.com\/de\/categorie\/blechbearbeitungsmaschinen\/"},{"@type":"ListItem","position":4,"name":"Kanalfertigungslinie","item":"https:\/\/www.solutionsmachinesoutils.com\/de\/categorie\/blechbearbeitungsmaschinen\/kanalfertigungslinie\/"},{"@type":"ListItem","position":5,"name":"WAMMES TF 1250"}]},{"@type":"WebSite","@id":"https:\/\/www.solutionsmachinesoutils.com\/en\/#website","url":"https:\/\/www.solutionsmachinesoutils.com\/en\/","name":"Solutions Machines Outils","description":"ACHAT-VENTE ET EXPERTISE DE MACHINES-OUTILS","potentialAction":[{"@type":"SearchAction","target":{"@type":"EntryPoint","urlTemplate":"https:\/\/www.solutionsmachinesoutils.com\/en\/?s={search_term_string}"},"query-input":{"@type":"PropertyValueSpecification","valueRequired":true,"valueName":"search_term_string"}}],"inLanguage":"fr-FR"}]}},"_links":{"self":[{"href":"https:\/\/www.solutionsmachinesoutils.com\/wp-json\/wp\/v3\/product\/36411","targetHints":{"allow":["GET"]}}],"collection":[{"href":"https:\/\/www.solutionsmachinesoutils.com\/wp-json\/wp\/v3\/product"}],"about":[{"href":"https:\/\/www.solutionsmachinesoutils.com\/wp-json\/wp\/v2\/types\/product"}],"replies":[{"embeddable":true,"href":"https:\/\/www.solutionsmachinesoutils.com\/wp-json\/wp\/v2\/comments?post=36411"}],"wp:featuredmedia":[{"embeddable":true,"href":"https:\/\/www.solutionsmachinesoutils.com\/wp-json\/wp\/v2\/media\/19682"}],"wp:attachment":[{"href":"https:\/\/www.solutionsmachinesoutils.com\/wp-json\/wp\/v2\/media?parent=36411"}],"wp:term":[{"taxonomy":"product_cat","embeddable":true,"href":"https:\/\/www.solutionsmachinesoutils.com\/wp-json\/wp\/v2\/product_cat?post=36411"},{"taxonomy":"product_tag","embeddable":true,"href":"https:\/\/www.solutionsmachinesoutils.com\/wp-json\/wp\/v2\/product_tag?post=36411"},{"taxonomy":"brand_product","embeddable":true,"href":"https:\/\/www.solutionsmachinesoutils.com\/wp-json\/wp\/v2\/brand_product?post=36411"}],"curies":[{"name":"wp","href":"https:\/\/api.w.org\/{rel}","templated":true}]}}