{"id":36202,"date":"2020-01-22T14:38:53","date_gmt":"2020-01-22T14:38:53","guid":{"rendered":"http:\/\/www.solutionsmachinesoutils.com\/produit\/bihler-rm-40\/"},"modified":"2021-04-07T08:03:51","modified_gmt":"2021-04-07T07:03:51","slug":"bihler-rm-40","status":"publish","type":"product","link":"https:\/\/www.solutionsmachinesoutils.com\/de\/produit\/bihler-rm-40\/","title":{"rendered":"BIHLER RM 40"},"content":{"rendered":"<p>Machine \u00e0 poin\u00e7onner et \u00e0 former les fils et feuillards \u00e0 coulisseaux multiples<\/p>\n<p>Course 12 mm<br \/>\ncambrage force 60 KN<br \/>\namenage longueur 270 mm<br \/>\nlargueur 60 mm<\/p>\n<p><iframe loading=\"lazy\" title=\"BIHLER RM 35\" width=\"500\" height=\"281\" src=\"https:\/\/www.youtube.com\/embed\/YOrcgRFI7I4?feature=oembed\" frameborder=\"0\" allow=\"accelerometer; autoplay; clipboard-write; encrypted-media; gyroscope; picture-in-picture; web-share\" referrerpolicy=\"strict-origin-when-cross-origin\" allowfullscreen><\/iframe><\/p>\n","protected":false},"excerpt":{"rendered":"<p>Machine \u00e0 poin\u00e7onner et \u00e0 former les fils et feuillards \u00e0 coulisseaux multiples Course 12 mm cambrage force 60 KN amenage longueur 270 mm largueur 60 mm<\/p>\n","protected":false},"featured_media":36748,"comment_status":"open","ping_status":"closed","template":"","meta":{"_acf_changed":false},"product_cat":[2024,2059],"product_tag":[],"brand_product":[1788],"class_list":["post-36202","product","type-product","status-publish","has-post-thumbnail","hentry","product_cat-andere","product_cat-draht-scheide-und-biegemaschine","brand_product-bihler-de"],"yoast_head":"<!-- This site is optimized with the Yoast SEO plugin v24.2 - https:\/\/yoast.com\/wordpress\/plugins\/seo\/ -->\n<title>BIHLER RM 40 - Solutions Machines Outils<\/title>\n<meta name=\"description\" content=\"Machine \u00e0 poin\u00e7onner et \u00e0 former les fils et feuillards \u00e0 coulisseaux multiples Course 12 mm cambrage force 60 KN amenage longueur 270 mm largueur 60 mm\" \/>\n<meta name=\"robots\" content=\"index, follow, max-snippet:-1, max-image-preview:large, max-video-preview:-1\" \/>\n<link rel=\"canonical\" href=\"https:\/\/www.solutionsmachinesoutils.com\/de\/produit\/bihler-rm-40\/\" \/>\n<meta property=\"og:locale\" content=\"fr_FR\" \/>\n<meta property=\"og:type\" content=\"article\" \/>\n<meta property=\"og:title\" content=\"BIHLER RM 40 - Solutions Machines Outils\" \/>\n<meta property=\"og:description\" content=\"Machine \u00e0 poin\u00e7onner et \u00e0 former les fils et feuillards \u00e0 coulisseaux multiples Course 12 mm cambrage force 60 KN amenage longueur 270 mm largueur 60 mm\" \/>\n<meta property=\"og:url\" content=\"https:\/\/www.solutionsmachinesoutils.com\/de\/produit\/bihler-rm-40\/\" \/>\n<meta property=\"og:site_name\" content=\"Solutions Machines Outils\" \/>\n<meta property=\"article:modified_time\" content=\"2021-04-07T07:03:51+00:00\" \/>\n<meta property=\"og:image\" content=\"https:\/\/www.solutionsmachinesoutils.com\/wp-content\/uploads\/2019\/02\/DSC00054-1024x683.jpg\" \/>\n\t<meta property=\"og:image:width\" content=\"1024\" \/>\n\t<meta property=\"og:image:height\" content=\"683\" \/>\n\t<meta property=\"og:image:type\" content=\"image\/jpeg\" \/>\n<meta name=\"twitter:card\" content=\"summary_large_image\" \/>\n<script type=\"application\/ld+json\" class=\"yoast-schema-graph\">{\"@context\":\"https:\/\/schema.org\",\"@graph\":[{\"@type\":\"WebPage\",\"@id\":\"https:\/\/www.solutionsmachinesoutils.com\/de\/produit\/bihler-rm-40\/\",\"url\":\"https:\/\/www.solutionsmachinesoutils.com\/de\/produit\/bihler-rm-40\/\",\"name\":\"BIHLER RM 40 - Solutions Machines Outils\",\"isPartOf\":{\"@id\":\"https:\/\/www.solutionsmachinesoutils.com\/en\/#website\"},\"primaryImageOfPage\":{\"@id\":\"https:\/\/www.solutionsmachinesoutils.com\/de\/produit\/bihler-rm-40\/#primaryimage\"},\"image\":{\"@id\":\"https:\/\/www.solutionsmachinesoutils.com\/de\/produit\/bihler-rm-40\/#primaryimage\"},\"thumbnailUrl\":\"https:\/\/www.solutionsmachinesoutils.com\/wp-content\/uploads\/2019\/02\/DSC00054-scaled.jpg\",\"datePublished\":\"2020-01-22T14:38:53+00:00\",\"dateModified\":\"2021-04-07T07:03:51+00:00\",\"description\":\"Machine \u00e0 poin\u00e7onner et \u00e0 former les fils et feuillards \u00e0 coulisseaux multiples Course 12 mm cambrage force 60 KN amenage longueur 270 mm largueur 60 mm\",\"breadcrumb\":{\"@id\":\"https:\/\/www.solutionsmachinesoutils.com\/de\/produit\/bihler-rm-40\/#breadcrumb\"},\"inLanguage\":\"fr-FR\",\"potentialAction\":[{\"@type\":\"ReadAction\",\"target\":[\"https:\/\/www.solutionsmachinesoutils.com\/de\/produit\/bihler-rm-40\/\"]}]},{\"@type\":\"ImageObject\",\"inLanguage\":\"fr-FR\",\"@id\":\"https:\/\/www.solutionsmachinesoutils.com\/de\/produit\/bihler-rm-40\/#primaryimage\",\"url\":\"https:\/\/www.solutionsmachinesoutils.com\/wp-content\/uploads\/2019\/02\/DSC00054-scaled.jpg\",\"contentUrl\":\"https:\/\/www.solutionsmachinesoutils.com\/wp-content\/uploads\/2019\/02\/DSC00054-scaled.jpg\",\"width\":2560,\"height\":1707},{\"@type\":\"BreadcrumbList\",\"@id\":\"https:\/\/www.solutionsmachinesoutils.com\/de\/produit\/bihler-rm-40\/#breadcrumb\",\"itemListElement\":[{\"@type\":\"ListItem\",\"position\":1,\"name\":\"Accueil\",\"item\":\"https:\/\/www.solutionsmachinesoutils.com\/\"},{\"@type\":\"ListItem\",\"position\":2,\"name\":\"Products\",\"item\":\"https:\/\/www.solutionsmachinesoutils.com\/en\/shop\/\"},{\"@type\":\"ListItem\",\"position\":3,\"name\":\"Andere\",\"item\":\"https:\/\/www.solutionsmachinesoutils.com\/de\/categorie\/andere\/\"},{\"@type\":\"ListItem\",\"position\":4,\"name\":\"Draht-Scheide- und Biegemaschine\",\"item\":\"https:\/\/www.solutionsmachinesoutils.com\/de\/categorie\/andere\/draht-scheide-und-biegemaschine\/\"},{\"@type\":\"ListItem\",\"position\":5,\"name\":\"BIHLER RM 40\"}]},{\"@type\":\"WebSite\",\"@id\":\"https:\/\/www.solutionsmachinesoutils.com\/en\/#website\",\"url\":\"https:\/\/www.solutionsmachinesoutils.com\/en\/\",\"name\":\"Solutions Machines Outils\",\"description\":\"ACHAT-VENTE ET EXPERTISE DE MACHINES-OUTILS\",\"potentialAction\":[{\"@type\":\"SearchAction\",\"target\":{\"@type\":\"EntryPoint\",\"urlTemplate\":\"https:\/\/www.solutionsmachinesoutils.com\/en\/?s={search_term_string}\"},\"query-input\":{\"@type\":\"PropertyValueSpecification\",\"valueRequired\":true,\"valueName\":\"search_term_string\"}}],\"inLanguage\":\"fr-FR\"}]}<\/script>\n<!-- \/ Yoast SEO plugin. -->","yoast_head_json":{"title":"BIHLER RM 40 - Solutions Machines Outils","description":"Machine \u00e0 poin\u00e7onner et \u00e0 former les fils et feuillards \u00e0 coulisseaux multiples Course 12 mm cambrage force 60 KN amenage longueur 270 mm largueur 60 mm","robots":{"index":"index","follow":"follow","max-snippet":"max-snippet:-1","max-image-preview":"max-image-preview:large","max-video-preview":"max-video-preview:-1"},"canonical":"https:\/\/www.solutionsmachinesoutils.com\/de\/produit\/bihler-rm-40\/","og_locale":"fr_FR","og_type":"article","og_title":"BIHLER RM 40 - Solutions Machines Outils","og_description":"Machine \u00e0 poin\u00e7onner et \u00e0 former les fils et feuillards \u00e0 coulisseaux multiples Course 12 mm cambrage force 60 KN amenage longueur 270 mm largueur 60 mm","og_url":"https:\/\/www.solutionsmachinesoutils.com\/de\/produit\/bihler-rm-40\/","og_site_name":"Solutions Machines Outils","article_modified_time":"2021-04-07T07:03:51+00:00","og_image":[{"width":1024,"height":683,"url":"https:\/\/www.solutionsmachinesoutils.com\/wp-content\/uploads\/2019\/02\/DSC00054-1024x683.jpg","type":"image\/jpeg"}],"twitter_card":"summary_large_image","schema":{"@context":"https:\/\/schema.org","@graph":[{"@type":"WebPage","@id":"https:\/\/www.solutionsmachinesoutils.com\/de\/produit\/bihler-rm-40\/","url":"https:\/\/www.solutionsmachinesoutils.com\/de\/produit\/bihler-rm-40\/","name":"BIHLER RM 40 - Solutions Machines Outils","isPartOf":{"@id":"https:\/\/www.solutionsmachinesoutils.com\/en\/#website"},"primaryImageOfPage":{"@id":"https:\/\/www.solutionsmachinesoutils.com\/de\/produit\/bihler-rm-40\/#primaryimage"},"image":{"@id":"https:\/\/www.solutionsmachinesoutils.com\/de\/produit\/bihler-rm-40\/#primaryimage"},"thumbnailUrl":"https:\/\/www.solutionsmachinesoutils.com\/wp-content\/uploads\/2019\/02\/DSC00054-scaled.jpg","datePublished":"2020-01-22T14:38:53+00:00","dateModified":"2021-04-07T07:03:51+00:00","description":"Machine \u00e0 poin\u00e7onner et \u00e0 former les fils et feuillards \u00e0 coulisseaux multiples Course 12 mm cambrage force 60 KN amenage longueur 270 mm largueur 60 mm","breadcrumb":{"@id":"https:\/\/www.solutionsmachinesoutils.com\/de\/produit\/bihler-rm-40\/#breadcrumb"},"inLanguage":"fr-FR","potentialAction":[{"@type":"ReadAction","target":["https:\/\/www.solutionsmachinesoutils.com\/de\/produit\/bihler-rm-40\/"]}]},{"@type":"ImageObject","inLanguage":"fr-FR","@id":"https:\/\/www.solutionsmachinesoutils.com\/de\/produit\/bihler-rm-40\/#primaryimage","url":"https:\/\/www.solutionsmachinesoutils.com\/wp-content\/uploads\/2019\/02\/DSC00054-scaled.jpg","contentUrl":"https:\/\/www.solutionsmachinesoutils.com\/wp-content\/uploads\/2019\/02\/DSC00054-scaled.jpg","width":2560,"height":1707},{"@type":"BreadcrumbList","@id":"https:\/\/www.solutionsmachinesoutils.com\/de\/produit\/bihler-rm-40\/#breadcrumb","itemListElement":[{"@type":"ListItem","position":1,"name":"Accueil","item":"https:\/\/www.solutionsmachinesoutils.com\/"},{"@type":"ListItem","position":2,"name":"Products","item":"https:\/\/www.solutionsmachinesoutils.com\/en\/shop\/"},{"@type":"ListItem","position":3,"name":"Andere","item":"https:\/\/www.solutionsmachinesoutils.com\/de\/categorie\/andere\/"},{"@type":"ListItem","position":4,"name":"Draht-Scheide- und Biegemaschine","item":"https:\/\/www.solutionsmachinesoutils.com\/de\/categorie\/andere\/draht-scheide-und-biegemaschine\/"},{"@type":"ListItem","position":5,"name":"BIHLER RM 40"}]},{"@type":"WebSite","@id":"https:\/\/www.solutionsmachinesoutils.com\/en\/#website","url":"https:\/\/www.solutionsmachinesoutils.com\/en\/","name":"Solutions Machines Outils","description":"ACHAT-VENTE ET EXPERTISE DE MACHINES-OUTILS","potentialAction":[{"@type":"SearchAction","target":{"@type":"EntryPoint","urlTemplate":"https:\/\/www.solutionsmachinesoutils.com\/en\/?s={search_term_string}"},"query-input":{"@type":"PropertyValueSpecification","valueRequired":true,"valueName":"search_term_string"}}],"inLanguage":"fr-FR"}]}},"_links":{"self":[{"href":"https:\/\/www.solutionsmachinesoutils.com\/wp-json\/wp\/v3\/product\/36202","targetHints":{"allow":["GET"]}}],"collection":[{"href":"https:\/\/www.solutionsmachinesoutils.com\/wp-json\/wp\/v3\/product"}],"about":[{"href":"https:\/\/www.solutionsmachinesoutils.com\/wp-json\/wp\/v2\/types\/product"}],"replies":[{"embeddable":true,"href":"https:\/\/www.solutionsmachinesoutils.com\/wp-json\/wp\/v2\/comments?post=36202"}],"wp:featuredmedia":[{"embeddable":true,"href":"https:\/\/www.solutionsmachinesoutils.com\/wp-json\/wp\/v2\/media\/36748"}],"wp:attachment":[{"href":"https:\/\/www.solutionsmachinesoutils.com\/wp-json\/wp\/v2\/media?parent=36202"}],"wp:term":[{"taxonomy":"product_cat","embeddable":true,"href":"https:\/\/www.solutionsmachinesoutils.com\/wp-json\/wp\/v2\/product_cat?post=36202"},{"taxonomy":"product_tag","embeddable":true,"href":"https:\/\/www.solutionsmachinesoutils.com\/wp-json\/wp\/v2\/product_tag?post=36202"},{"taxonomy":"brand_product","embeddable":true,"href":"https:\/\/www.solutionsmachinesoutils.com\/wp-json\/wp\/v2\/brand_product?post=36202"}],"curies":[{"name":"wp","href":"https:\/\/api.w.org\/{rel}","templated":true}]}}