{"id":36046,"date":"2020-01-16T10:02:54","date_gmt":"2020-01-16T10:02:54","guid":{"rendered":"http:\/\/www.solutionsmachinesoutils.com\/?post_type=product&#038;p=28786"},"modified":"2021-06-01T07:55:06","modified_gmt":"2021-06-01T06:55:06","slug":"affuteuse-avyac-amatic","status":"publish","type":"product","link":"https:\/\/www.solutionsmachinesoutils.com\/de\/produit\/affuteuse-avyac-amatic\/","title":{"rendered":"AVYAMATIC 3 pentes"},"content":{"rendered":"<p>Aff\u00fbteuse de foret semi-automatique<\/p>\n<p>Angle de coupe r\u00e9glable<\/p>\n<p>Angle de d\u00e9pouille r\u00e9glable<\/p>\n<p>Bagues de serrage manuelles de 40 \u00e0 63 mm<\/p>\n<p>3 mandrins hydrauliques dia 3-15 mm \/ 15-27 mm \/ 27-40 mm<\/p>\n<p>Bague de serrage<\/p>\n","protected":false},"excerpt":{"rendered":"<p>Aff\u00fbteuse de foret semi-automatique Angle de coupe r\u00e9glable Angle de d\u00e9pouille r\u00e9glable Bagues de serrage manuelles de 40 \u00e0 63 mm 3 mandrins hydrauliques dia 3-15 mm \/ 15-27 mm \/ 27-40 mm Bague de serrage<\/p>\n","protected":false},"featured_media":28888,"comment_status":"open","ping_status":"closed","template":"","meta":{"_acf_changed":false},"product_cat":[2029,2023],"product_tag":[],"brand_product":[2454],"class_list":["post-36046","product","type-product","status-publish","has-post-thumbnail","hentry","product_cat-bohrwerke","product_cat-mechanick","brand_product-avyac-de"],"yoast_head":"<!-- This site is optimized with the Yoast SEO plugin v24.2 - https:\/\/yoast.com\/wordpress\/plugins\/seo\/ -->\n<title>AVYAMATIC 3 pentes - Solutions Machines Outils<\/title>\n<meta name=\"description\" content=\"Aff\u00fbteuse de foret semi-automatique Angle de coupe r\u00e9glable Angle de d\u00e9pouille r\u00e9glable Bagues de serrage manuelles de 40 \u00e0 63 mm 3 mandrins hydrauliques\" \/>\n<meta name=\"robots\" content=\"index, follow, max-snippet:-1, max-image-preview:large, max-video-preview:-1\" \/>\n<link rel=\"canonical\" href=\"https:\/\/www.solutionsmachinesoutils.com\/de\/produit\/affuteuse-avyac-amatic\/\" \/>\n<meta property=\"og:locale\" content=\"fr_FR\" \/>\n<meta property=\"og:type\" content=\"article\" \/>\n<meta property=\"og:title\" content=\"AVYAMATIC 3 pentes - Solutions Machines Outils\" \/>\n<meta property=\"og:description\" content=\"Aff\u00fbteuse de foret semi-automatique Angle de coupe r\u00e9glable Angle de d\u00e9pouille r\u00e9glable Bagues de serrage manuelles de 40 \u00e0 63 mm 3 mandrins hydrauliques\" \/>\n<meta property=\"og:url\" content=\"https:\/\/www.solutionsmachinesoutils.com\/de\/produit\/affuteuse-avyac-amatic\/\" \/>\n<meta property=\"og:site_name\" content=\"Solutions Machines Outils\" \/>\n<meta property=\"article:modified_time\" content=\"2021-06-01T06:55:06+00:00\" \/>\n<meta property=\"og:image\" content=\"https:\/\/www.solutionsmachinesoutils.com\/wp-content\/uploads\/2019\/05\/1-19.jpg\" \/>\n\t<meta property=\"og:image:width\" content=\"1621\" \/>\n\t<meta property=\"og:image:height\" content=\"1080\" \/>\n\t<meta property=\"og:image:type\" content=\"image\/jpeg\" \/>\n<meta name=\"twitter:card\" content=\"summary_large_image\" \/>\n<script type=\"application\/ld+json\" class=\"yoast-schema-graph\">{\"@context\":\"https:\/\/schema.org\",\"@graph\":[{\"@type\":\"WebPage\",\"@id\":\"https:\/\/www.solutionsmachinesoutils.com\/de\/produit\/affuteuse-avyac-amatic\/\",\"url\":\"https:\/\/www.solutionsmachinesoutils.com\/de\/produit\/affuteuse-avyac-amatic\/\",\"name\":\"AVYAMATIC 3 pentes - Solutions Machines Outils\",\"isPartOf\":{\"@id\":\"https:\/\/www.solutionsmachinesoutils.com\/en\/#website\"},\"primaryImageOfPage\":{\"@id\":\"https:\/\/www.solutionsmachinesoutils.com\/de\/produit\/affuteuse-avyac-amatic\/#primaryimage\"},\"image\":{\"@id\":\"https:\/\/www.solutionsmachinesoutils.com\/de\/produit\/affuteuse-avyac-amatic\/#primaryimage\"},\"thumbnailUrl\":\"https:\/\/www.solutionsmachinesoutils.com\/wp-content\/uploads\/2019\/05\/1-19.jpg\",\"datePublished\":\"2020-01-16T10:02:54+00:00\",\"dateModified\":\"2021-06-01T06:55:06+00:00\",\"description\":\"Aff\u00fbteuse de foret semi-automatique Angle de coupe r\u00e9glable Angle de d\u00e9pouille r\u00e9glable Bagues de serrage manuelles de 40 \u00e0 63 mm 3 mandrins hydrauliques\",\"breadcrumb\":{\"@id\":\"https:\/\/www.solutionsmachinesoutils.com\/de\/produit\/affuteuse-avyac-amatic\/#breadcrumb\"},\"inLanguage\":\"fr-FR\",\"potentialAction\":[{\"@type\":\"ReadAction\",\"target\":[\"https:\/\/www.solutionsmachinesoutils.com\/de\/produit\/affuteuse-avyac-amatic\/\"]}]},{\"@type\":\"ImageObject\",\"inLanguage\":\"fr-FR\",\"@id\":\"https:\/\/www.solutionsmachinesoutils.com\/de\/produit\/affuteuse-avyac-amatic\/#primaryimage\",\"url\":\"https:\/\/www.solutionsmachinesoutils.com\/wp-content\/uploads\/2019\/05\/1-19.jpg\",\"contentUrl\":\"https:\/\/www.solutionsmachinesoutils.com\/wp-content\/uploads\/2019\/05\/1-19.jpg\",\"width\":1621,\"height\":1080},{\"@type\":\"BreadcrumbList\",\"@id\":\"https:\/\/www.solutionsmachinesoutils.com\/de\/produit\/affuteuse-avyac-amatic\/#breadcrumb\",\"itemListElement\":[{\"@type\":\"ListItem\",\"position\":1,\"name\":\"Accueil\",\"item\":\"https:\/\/www.solutionsmachinesoutils.com\/\"},{\"@type\":\"ListItem\",\"position\":2,\"name\":\"Products\",\"item\":\"https:\/\/www.solutionsmachinesoutils.com\/en\/shop\/\"},{\"@type\":\"ListItem\",\"position\":3,\"name\":\"Mechanick\",\"item\":\"https:\/\/www.solutionsmachinesoutils.com\/de\/categorie\/mechanick\/\"},{\"@type\":\"ListItem\",\"position\":4,\"name\":\"Bohrwerke\",\"item\":\"https:\/\/www.solutionsmachinesoutils.com\/de\/categorie\/mechanick\/bohrwerke\/\"},{\"@type\":\"ListItem\",\"position\":5,\"name\":\"AVYAMATIC 3 pentes\"}]},{\"@type\":\"WebSite\",\"@id\":\"https:\/\/www.solutionsmachinesoutils.com\/en\/#website\",\"url\":\"https:\/\/www.solutionsmachinesoutils.com\/en\/\",\"name\":\"Solutions Machines Outils\",\"description\":\"ACHAT-VENTE ET EXPERTISE DE MACHINES-OUTILS\",\"potentialAction\":[{\"@type\":\"SearchAction\",\"target\":{\"@type\":\"EntryPoint\",\"urlTemplate\":\"https:\/\/www.solutionsmachinesoutils.com\/en\/?s={search_term_string}\"},\"query-input\":{\"@type\":\"PropertyValueSpecification\",\"valueRequired\":true,\"valueName\":\"search_term_string\"}}],\"inLanguage\":\"fr-FR\"}]}<\/script>\n<!-- \/ Yoast SEO plugin. -->","yoast_head_json":{"title":"AVYAMATIC 3 pentes - Solutions Machines Outils","description":"Aff\u00fbteuse de foret semi-automatique Angle de coupe r\u00e9glable Angle de d\u00e9pouille r\u00e9glable Bagues de serrage manuelles de 40 \u00e0 63 mm 3 mandrins hydrauliques","robots":{"index":"index","follow":"follow","max-snippet":"max-snippet:-1","max-image-preview":"max-image-preview:large","max-video-preview":"max-video-preview:-1"},"canonical":"https:\/\/www.solutionsmachinesoutils.com\/de\/produit\/affuteuse-avyac-amatic\/","og_locale":"fr_FR","og_type":"article","og_title":"AVYAMATIC 3 pentes - Solutions Machines Outils","og_description":"Aff\u00fbteuse de foret semi-automatique Angle de coupe r\u00e9glable Angle de d\u00e9pouille r\u00e9glable Bagues de serrage manuelles de 40 \u00e0 63 mm 3 mandrins hydrauliques","og_url":"https:\/\/www.solutionsmachinesoutils.com\/de\/produit\/affuteuse-avyac-amatic\/","og_site_name":"Solutions Machines Outils","article_modified_time":"2021-06-01T06:55:06+00:00","og_image":[{"width":1621,"height":1080,"url":"https:\/\/www.solutionsmachinesoutils.com\/wp-content\/uploads\/2019\/05\/1-19.jpg","type":"image\/jpeg"}],"twitter_card":"summary_large_image","schema":{"@context":"https:\/\/schema.org","@graph":[{"@type":"WebPage","@id":"https:\/\/www.solutionsmachinesoutils.com\/de\/produit\/affuteuse-avyac-amatic\/","url":"https:\/\/www.solutionsmachinesoutils.com\/de\/produit\/affuteuse-avyac-amatic\/","name":"AVYAMATIC 3 pentes - Solutions Machines Outils","isPartOf":{"@id":"https:\/\/www.solutionsmachinesoutils.com\/en\/#website"},"primaryImageOfPage":{"@id":"https:\/\/www.solutionsmachinesoutils.com\/de\/produit\/affuteuse-avyac-amatic\/#primaryimage"},"image":{"@id":"https:\/\/www.solutionsmachinesoutils.com\/de\/produit\/affuteuse-avyac-amatic\/#primaryimage"},"thumbnailUrl":"https:\/\/www.solutionsmachinesoutils.com\/wp-content\/uploads\/2019\/05\/1-19.jpg","datePublished":"2020-01-16T10:02:54+00:00","dateModified":"2021-06-01T06:55:06+00:00","description":"Aff\u00fbteuse de foret semi-automatique Angle de coupe r\u00e9glable Angle de d\u00e9pouille r\u00e9glable Bagues de serrage manuelles de 40 \u00e0 63 mm 3 mandrins hydrauliques","breadcrumb":{"@id":"https:\/\/www.solutionsmachinesoutils.com\/de\/produit\/affuteuse-avyac-amatic\/#breadcrumb"},"inLanguage":"fr-FR","potentialAction":[{"@type":"ReadAction","target":["https:\/\/www.solutionsmachinesoutils.com\/de\/produit\/affuteuse-avyac-amatic\/"]}]},{"@type":"ImageObject","inLanguage":"fr-FR","@id":"https:\/\/www.solutionsmachinesoutils.com\/de\/produit\/affuteuse-avyac-amatic\/#primaryimage","url":"https:\/\/www.solutionsmachinesoutils.com\/wp-content\/uploads\/2019\/05\/1-19.jpg","contentUrl":"https:\/\/www.solutionsmachinesoutils.com\/wp-content\/uploads\/2019\/05\/1-19.jpg","width":1621,"height":1080},{"@type":"BreadcrumbList","@id":"https:\/\/www.solutionsmachinesoutils.com\/de\/produit\/affuteuse-avyac-amatic\/#breadcrumb","itemListElement":[{"@type":"ListItem","position":1,"name":"Accueil","item":"https:\/\/www.solutionsmachinesoutils.com\/"},{"@type":"ListItem","position":2,"name":"Products","item":"https:\/\/www.solutionsmachinesoutils.com\/en\/shop\/"},{"@type":"ListItem","position":3,"name":"Mechanick","item":"https:\/\/www.solutionsmachinesoutils.com\/de\/categorie\/mechanick\/"},{"@type":"ListItem","position":4,"name":"Bohrwerke","item":"https:\/\/www.solutionsmachinesoutils.com\/de\/categorie\/mechanick\/bohrwerke\/"},{"@type":"ListItem","position":5,"name":"AVYAMATIC 3 pentes"}]},{"@type":"WebSite","@id":"https:\/\/www.solutionsmachinesoutils.com\/en\/#website","url":"https:\/\/www.solutionsmachinesoutils.com\/en\/","name":"Solutions Machines Outils","description":"ACHAT-VENTE ET EXPERTISE DE MACHINES-OUTILS","potentialAction":[{"@type":"SearchAction","target":{"@type":"EntryPoint","urlTemplate":"https:\/\/www.solutionsmachinesoutils.com\/en\/?s={search_term_string}"},"query-input":{"@type":"PropertyValueSpecification","valueRequired":true,"valueName":"search_term_string"}}],"inLanguage":"fr-FR"}]}},"_links":{"self":[{"href":"https:\/\/www.solutionsmachinesoutils.com\/wp-json\/wp\/v3\/product\/36046","targetHints":{"allow":["GET"]}}],"collection":[{"href":"https:\/\/www.solutionsmachinesoutils.com\/wp-json\/wp\/v3\/product"}],"about":[{"href":"https:\/\/www.solutionsmachinesoutils.com\/wp-json\/wp\/v2\/types\/product"}],"replies":[{"embeddable":true,"href":"https:\/\/www.solutionsmachinesoutils.com\/wp-json\/wp\/v2\/comments?post=36046"}],"wp:featuredmedia":[{"embeddable":true,"href":"https:\/\/www.solutionsmachinesoutils.com\/wp-json\/wp\/v2\/media\/28888"}],"wp:attachment":[{"href":"https:\/\/www.solutionsmachinesoutils.com\/wp-json\/wp\/v2\/media?parent=36046"}],"wp:term":[{"taxonomy":"product_cat","embeddable":true,"href":"https:\/\/www.solutionsmachinesoutils.com\/wp-json\/wp\/v2\/product_cat?post=36046"},{"taxonomy":"product_tag","embeddable":true,"href":"https:\/\/www.solutionsmachinesoutils.com\/wp-json\/wp\/v2\/product_tag?post=36046"},{"taxonomy":"brand_product","embeddable":true,"href":"https:\/\/www.solutionsmachinesoutils.com\/wp-json\/wp\/v2\/brand_product?post=36046"}],"curies":[{"name":"wp","href":"https:\/\/api.w.org\/{rel}","templated":true}]}}