{"id":23966,"date":"2019-04-26T14:36:23","date_gmt":"2019-04-26T14:36:23","guid":{"rendered":"http:\/\/www.solutionsmachinesoutils.com\/?post_type=product&#038;p=14823"},"modified":"2019-06-04T13:56:48","modified_gmt":"2019-06-04T12:56:48","slug":"pama-afp-200-cnc","status":"publish","type":"product","link":"https:\/\/www.solutionsmachinesoutils.com\/de\/produit\/pama-afp-200-cnc\/","title":{"rendered":"PAMA AFP 200 CNC"},"content":{"rendered":"<p>Glissi\u00e8res hydrostatiques<\/p>\n<p>T\u00e9te de fraisage<\/p>\n<p>Armoire \u00e9lectrique climatis\u00e9e<\/p>\n<p>Adaptateur ISO 60 \/ ISO 50<\/p>\n<p>Machine vendue sans table tournante et sans taque<\/p>\n","protected":false},"excerpt":{"rendered":"<p>Glissi\u00e8res hydrostatiques T\u00e9te de fraisage Armoire \u00e9lectrique climatis\u00e9e Adaptateur ISO 60 \/ ISO 50 Machine vendue sans table tournante et sans taque<\/p>\n","protected":false},"featured_media":29816,"comment_status":"open","ping_status":"closed","template":"","meta":{"_acf_changed":false},"product_cat":[2033],"product_tag":[],"brand_product":[1977],"class_list":["post-23966","product","type-product","status-publish","has-post-thumbnail","hentry","product_cat-bohrwerke-frasmaschine","brand_product-pama-de"],"yoast_head":"<!-- This site is optimized with the Yoast SEO plugin v24.2 - https:\/\/yoast.com\/wordpress\/plugins\/seo\/ -->\n<title>PAMA AFP 200 CNC - Solutions Machines Outils<\/title>\n<meta name=\"description\" content=\"Glissi\u00e8res hydrostatiques T\u00e9te de fraisage Armoire \u00e9lectrique climatis\u00e9e Adaptateur ISO 60 \/ ISO 50 Machine vendue sans table tournante et sans\" \/>\n<meta name=\"robots\" content=\"index, follow, max-snippet:-1, max-image-preview:large, max-video-preview:-1\" \/>\n<link rel=\"canonical\" href=\"https:\/\/www.solutionsmachinesoutils.com\/de\/produit\/pama-afp-200-cnc\/\" \/>\n<meta property=\"og:locale\" content=\"fr_FR\" \/>\n<meta property=\"og:type\" content=\"article\" \/>\n<meta property=\"og:title\" content=\"PAMA AFP 200 CNC - Solutions Machines Outils\" \/>\n<meta property=\"og:description\" content=\"Glissi\u00e8res hydrostatiques T\u00e9te de fraisage Armoire \u00e9lectrique climatis\u00e9e Adaptateur ISO 60 \/ ISO 50 Machine vendue sans table tournante et sans\" \/>\n<meta property=\"og:url\" content=\"https:\/\/www.solutionsmachinesoutils.com\/de\/produit\/pama-afp-200-cnc\/\" \/>\n<meta property=\"og:site_name\" content=\"Solutions Machines Outils\" \/>\n<meta property=\"article:modified_time\" content=\"2019-06-04T12:56:48+00:00\" \/>\n<meta property=\"og:image\" content=\"https:\/\/www.solutionsmachinesoutils.com\/wp-content\/uploads\/2018\/08\/DSC04602-1.jpg\" \/>\n\t<meta property=\"og:image:width\" content=\"640\" \/>\n\t<meta property=\"og:image:height\" content=\"480\" \/>\n\t<meta property=\"og:image:type\" content=\"image\/jpeg\" \/>\n<meta name=\"twitter:card\" content=\"summary_large_image\" \/>\n<script type=\"application\/ld+json\" class=\"yoast-schema-graph\">{\"@context\":\"https:\/\/schema.org\",\"@graph\":[{\"@type\":\"WebPage\",\"@id\":\"https:\/\/www.solutionsmachinesoutils.com\/de\/produit\/pama-afp-200-cnc\/\",\"url\":\"https:\/\/www.solutionsmachinesoutils.com\/de\/produit\/pama-afp-200-cnc\/\",\"name\":\"PAMA AFP 200 CNC - Solutions Machines Outils\",\"isPartOf\":{\"@id\":\"https:\/\/www.solutionsmachinesoutils.com\/en\/#website\"},\"primaryImageOfPage\":{\"@id\":\"https:\/\/www.solutionsmachinesoutils.com\/de\/produit\/pama-afp-200-cnc\/#primaryimage\"},\"image\":{\"@id\":\"https:\/\/www.solutionsmachinesoutils.com\/de\/produit\/pama-afp-200-cnc\/#primaryimage\"},\"thumbnailUrl\":\"https:\/\/www.solutionsmachinesoutils.com\/wp-content\/uploads\/2018\/08\/DSC04602-1.jpg\",\"datePublished\":\"2019-04-26T14:36:23+00:00\",\"dateModified\":\"2019-06-04T12:56:48+00:00\",\"description\":\"Glissi\u00e8res hydrostatiques T\u00e9te de fraisage Armoire \u00e9lectrique climatis\u00e9e Adaptateur ISO 60 \/ ISO 50 Machine vendue sans table tournante et sans\",\"breadcrumb\":{\"@id\":\"https:\/\/www.solutionsmachinesoutils.com\/de\/produit\/pama-afp-200-cnc\/#breadcrumb\"},\"inLanguage\":\"fr-FR\",\"potentialAction\":[{\"@type\":\"ReadAction\",\"target\":[\"https:\/\/www.solutionsmachinesoutils.com\/de\/produit\/pama-afp-200-cnc\/\"]}]},{\"@type\":\"ImageObject\",\"inLanguage\":\"fr-FR\",\"@id\":\"https:\/\/www.solutionsmachinesoutils.com\/de\/produit\/pama-afp-200-cnc\/#primaryimage\",\"url\":\"https:\/\/www.solutionsmachinesoutils.com\/wp-content\/uploads\/2018\/08\/DSC04602-1.jpg\",\"contentUrl\":\"https:\/\/www.solutionsmachinesoutils.com\/wp-content\/uploads\/2018\/08\/DSC04602-1.jpg\",\"width\":640,\"height\":480},{\"@type\":\"BreadcrumbList\",\"@id\":\"https:\/\/www.solutionsmachinesoutils.com\/de\/produit\/pama-afp-200-cnc\/#breadcrumb\",\"itemListElement\":[{\"@type\":\"ListItem\",\"position\":1,\"name\":\"Accueil\",\"item\":\"https:\/\/www.solutionsmachinesoutils.com\/\"},{\"@type\":\"ListItem\",\"position\":2,\"name\":\"Products\",\"item\":\"https:\/\/www.solutionsmachinesoutils.com\/en\/shop\/\"},{\"@type\":\"ListItem\",\"position\":3,\"name\":\"Mechanick\",\"item\":\"https:\/\/www.solutionsmachinesoutils.com\/de\/categorie\/mechanick\/\"},{\"@type\":\"ListItem\",\"position\":4,\"name\":\"Bohrwerke - Fr\u00e4smaschine\",\"item\":\"https:\/\/www.solutionsmachinesoutils.com\/de\/categorie\/mechanick\/bohrwerke-frasmaschine\/\"},{\"@type\":\"ListItem\",\"position\":5,\"name\":\"PAMA AFP 200 CNC\"}]},{\"@type\":\"WebSite\",\"@id\":\"https:\/\/www.solutionsmachinesoutils.com\/en\/#website\",\"url\":\"https:\/\/www.solutionsmachinesoutils.com\/en\/\",\"name\":\"Solutions Machines Outils\",\"description\":\"ACHAT-VENTE ET EXPERTISE DE MACHINES-OUTILS\",\"potentialAction\":[{\"@type\":\"SearchAction\",\"target\":{\"@type\":\"EntryPoint\",\"urlTemplate\":\"https:\/\/www.solutionsmachinesoutils.com\/en\/?s={search_term_string}\"},\"query-input\":{\"@type\":\"PropertyValueSpecification\",\"valueRequired\":true,\"valueName\":\"search_term_string\"}}],\"inLanguage\":\"fr-FR\"}]}<\/script>\n<!-- \/ Yoast SEO plugin. -->","yoast_head_json":{"title":"PAMA AFP 200 CNC - Solutions Machines Outils","description":"Glissi\u00e8res hydrostatiques T\u00e9te de fraisage Armoire \u00e9lectrique climatis\u00e9e Adaptateur ISO 60 \/ ISO 50 Machine vendue sans table tournante et sans","robots":{"index":"index","follow":"follow","max-snippet":"max-snippet:-1","max-image-preview":"max-image-preview:large","max-video-preview":"max-video-preview:-1"},"canonical":"https:\/\/www.solutionsmachinesoutils.com\/de\/produit\/pama-afp-200-cnc\/","og_locale":"fr_FR","og_type":"article","og_title":"PAMA AFP 200 CNC - Solutions Machines Outils","og_description":"Glissi\u00e8res hydrostatiques T\u00e9te de fraisage Armoire \u00e9lectrique climatis\u00e9e Adaptateur ISO 60 \/ ISO 50 Machine vendue sans table tournante et sans","og_url":"https:\/\/www.solutionsmachinesoutils.com\/de\/produit\/pama-afp-200-cnc\/","og_site_name":"Solutions Machines Outils","article_modified_time":"2019-06-04T12:56:48+00:00","og_image":[{"width":640,"height":480,"url":"https:\/\/www.solutionsmachinesoutils.com\/wp-content\/uploads\/2018\/08\/DSC04602-1.jpg","type":"image\/jpeg"}],"twitter_card":"summary_large_image","schema":{"@context":"https:\/\/schema.org","@graph":[{"@type":"WebPage","@id":"https:\/\/www.solutionsmachinesoutils.com\/de\/produit\/pama-afp-200-cnc\/","url":"https:\/\/www.solutionsmachinesoutils.com\/de\/produit\/pama-afp-200-cnc\/","name":"PAMA AFP 200 CNC - Solutions Machines Outils","isPartOf":{"@id":"https:\/\/www.solutionsmachinesoutils.com\/en\/#website"},"primaryImageOfPage":{"@id":"https:\/\/www.solutionsmachinesoutils.com\/de\/produit\/pama-afp-200-cnc\/#primaryimage"},"image":{"@id":"https:\/\/www.solutionsmachinesoutils.com\/de\/produit\/pama-afp-200-cnc\/#primaryimage"},"thumbnailUrl":"https:\/\/www.solutionsmachinesoutils.com\/wp-content\/uploads\/2018\/08\/DSC04602-1.jpg","datePublished":"2019-04-26T14:36:23+00:00","dateModified":"2019-06-04T12:56:48+00:00","description":"Glissi\u00e8res hydrostatiques T\u00e9te de fraisage Armoire \u00e9lectrique climatis\u00e9e Adaptateur ISO 60 \/ ISO 50 Machine vendue sans table tournante et sans","breadcrumb":{"@id":"https:\/\/www.solutionsmachinesoutils.com\/de\/produit\/pama-afp-200-cnc\/#breadcrumb"},"inLanguage":"fr-FR","potentialAction":[{"@type":"ReadAction","target":["https:\/\/www.solutionsmachinesoutils.com\/de\/produit\/pama-afp-200-cnc\/"]}]},{"@type":"ImageObject","inLanguage":"fr-FR","@id":"https:\/\/www.solutionsmachinesoutils.com\/de\/produit\/pama-afp-200-cnc\/#primaryimage","url":"https:\/\/www.solutionsmachinesoutils.com\/wp-content\/uploads\/2018\/08\/DSC04602-1.jpg","contentUrl":"https:\/\/www.solutionsmachinesoutils.com\/wp-content\/uploads\/2018\/08\/DSC04602-1.jpg","width":640,"height":480},{"@type":"BreadcrumbList","@id":"https:\/\/www.solutionsmachinesoutils.com\/de\/produit\/pama-afp-200-cnc\/#breadcrumb","itemListElement":[{"@type":"ListItem","position":1,"name":"Accueil","item":"https:\/\/www.solutionsmachinesoutils.com\/"},{"@type":"ListItem","position":2,"name":"Products","item":"https:\/\/www.solutionsmachinesoutils.com\/en\/shop\/"},{"@type":"ListItem","position":3,"name":"Mechanick","item":"https:\/\/www.solutionsmachinesoutils.com\/de\/categorie\/mechanick\/"},{"@type":"ListItem","position":4,"name":"Bohrwerke - Fr\u00e4smaschine","item":"https:\/\/www.solutionsmachinesoutils.com\/de\/categorie\/mechanick\/bohrwerke-frasmaschine\/"},{"@type":"ListItem","position":5,"name":"PAMA AFP 200 CNC"}]},{"@type":"WebSite","@id":"https:\/\/www.solutionsmachinesoutils.com\/en\/#website","url":"https:\/\/www.solutionsmachinesoutils.com\/en\/","name":"Solutions Machines Outils","description":"ACHAT-VENTE ET EXPERTISE DE MACHINES-OUTILS","potentialAction":[{"@type":"SearchAction","target":{"@type":"EntryPoint","urlTemplate":"https:\/\/www.solutionsmachinesoutils.com\/en\/?s={search_term_string}"},"query-input":{"@type":"PropertyValueSpecification","valueRequired":true,"valueName":"search_term_string"}}],"inLanguage":"fr-FR"}]}},"_links":{"self":[{"href":"https:\/\/www.solutionsmachinesoutils.com\/wp-json\/wp\/v3\/product\/23966","targetHints":{"allow":["GET"]}}],"collection":[{"href":"https:\/\/www.solutionsmachinesoutils.com\/wp-json\/wp\/v3\/product"}],"about":[{"href":"https:\/\/www.solutionsmachinesoutils.com\/wp-json\/wp\/v2\/types\/product"}],"replies":[{"embeddable":true,"href":"https:\/\/www.solutionsmachinesoutils.com\/wp-json\/wp\/v2\/comments?post=23966"}],"wp:featuredmedia":[{"embeddable":true,"href":"https:\/\/www.solutionsmachinesoutils.com\/wp-json\/wp\/v2\/media\/29816"}],"wp:attachment":[{"href":"https:\/\/www.solutionsmachinesoutils.com\/wp-json\/wp\/v2\/media?parent=23966"}],"wp:term":[{"taxonomy":"product_cat","embeddable":true,"href":"https:\/\/www.solutionsmachinesoutils.com\/wp-json\/wp\/v2\/product_cat?post=23966"},{"taxonomy":"product_tag","embeddable":true,"href":"https:\/\/www.solutionsmachinesoutils.com\/wp-json\/wp\/v2\/product_tag?post=23966"},{"taxonomy":"brand_product","embeddable":true,"href":"https:\/\/www.solutionsmachinesoutils.com\/wp-json\/wp\/v2\/brand_product?post=23966"}],"curies":[{"name":"wp","href":"https:\/\/api.w.org\/{rel}","templated":true}]}}