{"id":20804,"date":"2019-04-03T14:18:47","date_gmt":"2019-04-03T13:18:47","guid":{"rendered":"http:\/\/www.solutionsmachinesoutils.com\/?page_id=20804"},"modified":"2019-04-09T11:01:57","modified_gmt":"2019-04-09T10:01:57","slug":"service-und-wiederverwendung","status":"publish","type":"page","link":"https:\/\/www.solutionsmachinesoutils.com\/de\/service-und-wiederverwendung\/","title":{"rendered":"Service und Wiederverwendung"},"content":{"rendered":"<table style=\"text-align: left; width: 100%;\" border=\"0\" cellspacing=\"0\" cellpadding=\"0\">\n<tbody>\n<tr>\n<td style=\"vertical-align: top;\">\n<p style=\"font-family: arial; font-weight: normal; font-size: 14px;\"><strong><em>Konformit\u00e4t der Maschinen<\/em><\/strong><\/p>\n<p style=\"font-family: arial; font-weight: normal; font-size: 14px;\">Unsere Maschinen werden \u00fcberarbeitet und gem\u00e4\u00df den geltenden Gesetzen in \u00dcbereinstimmung gebracht. Mit jeder Maschine wird eine Konformit\u00e4tserkl\u00e4rung ausgestellt.<\/p>\n<p style=\"font-family: arial; font-weight: normal; font-size: 14px;\">Nous r\u00e9alisons aussi la mise en conformit\u00e9 de vos machines outils sur site.<\/p>\n<p style=\"text-align: justify;\"><img decoding=\"async\" style=\"width: 425px;\" src=\"http:\/\/www.solutionsmachinesoutils.com\/wp-content\/uploads\/2016\/05\/conformite.jpg\"><\/p>\n<\/td>\n<td style=\"width: 20px;\">&nbsp;<\/td>\n<td>\n<p style=\"font-family: arial; font-weight: normal; font-size: 14px;\"><strong><em>\u00dcberarbeitete Maschinen<\/em><\/strong><\/p>\n<p style=\"font-family: arial; font-weight: normal; font-size: 14px;\">Unsere technische Abteilung \u00fcberarbeitet alle Blech- und mechanischen Maschinen und kann auch die Nachr\u00fcstung der numerischen Steuerung durchf\u00fchren. Unsere Techniker sind kompetent in den Bereichen Elektrizit\u00e4t, Mechanik, Hydraulik und numerischer Steuerung.<\/p>\n<p style=\"font-family: arial; font-weight: normal; font-size: 14px;\">Eine technische Abnahme in unserem Betrieb wird vor jeder Maschinenlieferung durchgef\u00fchrt, um einen Service zu gew\u00e4hrleisten, der Ihren Erwartungen entspricht.<\/p>\n<p><img decoding=\"async\" style=\"width: 425px;\" src=\"http:\/\/www.solutionsmachinesoutils.com\/wp-content\/uploads\/2016\/05\/remise-en-etat.jpg\"><\/td>\n<\/tr>\n<\/tbody>\n<\/table>\n","protected":false},"excerpt":{"rendered":"<p>Konformit\u00e4t der Maschinen Unsere Maschinen werden \u00fcberarbeitet und gem\u00e4\u00df den geltenden Gesetzen in \u00dcbereinstimmung gebracht. Mit jeder Maschine wird eine Konformit\u00e4tserkl\u00e4rung ausgestellt. Nous r\u00e9alisons aussi la mise en conformit\u00e9 de vos machines outils sur site. &nbsp; \u00dcberarbeitete Maschinen Unsere technische Abteilung \u00fcberarbeitet alle Blech- und mechanischen Maschinen und kann auch die Nachr\u00fcstung der numerischen Steuerung [&hellip;]<\/p>\n","protected":false},"author":3,"featured_media":0,"parent":0,"menu_order":0,"comment_status":"closed","ping_status":"closed","template":"","meta":{"_acf_changed":false,"footnotes":""},"class_list":["post-20804","page","type-page","status-publish","hentry"],"acf":[],"yoast_head":"<!-- This site is optimized with the Yoast SEO plugin v24.2 - https:\/\/yoast.com\/wordpress\/plugins\/seo\/ -->\n<title>Service und Wiederverwendung - Solutions Machines Outils<\/title>\n<meta name=\"description\" content=\"Konformit\u00e4t der Maschinen Unsere Maschinen werden \u00fcberarbeitet und gem\u00e4\u00df den geltenden Gesetzen in \u00dcbereinstimmung gebracht. Mit jeder Maschine wird eine\" \/>\n<meta name=\"robots\" content=\"index, follow, max-snippet:-1, max-image-preview:large, max-video-preview:-1\" \/>\n<link rel=\"canonical\" href=\"https:\/\/www.solutionsmachinesoutils.com\/de\/service-und-wiederverwendung\/\" \/>\n<meta property=\"og:locale\" content=\"fr_FR\" \/>\n<meta property=\"og:type\" content=\"article\" \/>\n<meta property=\"og:title\" content=\"Service und Wiederverwendung - Solutions Machines Outils\" \/>\n<meta property=\"og:description\" content=\"Konformit\u00e4t der Maschinen Unsere Maschinen werden \u00fcberarbeitet und gem\u00e4\u00df den geltenden Gesetzen in \u00dcbereinstimmung gebracht. Mit jeder Maschine wird eine\" \/>\n<meta property=\"og:url\" content=\"https:\/\/www.solutionsmachinesoutils.com\/de\/service-und-wiederverwendung\/\" \/>\n<meta property=\"og:site_name\" content=\"Solutions Machines Outils\" \/>\n<meta property=\"article:modified_time\" content=\"2019-04-09T10:01:57+00:00\" \/>\n<meta property=\"og:image\" content=\"http:\/\/www.solutionsmachinesoutils.com\/wp-content\/uploads\/2016\/05\/conformite.jpg\" \/>\n<meta name=\"twitter:card\" content=\"summary_large_image\" \/>\n<script type=\"application\/ld+json\" class=\"yoast-schema-graph\">{\"@context\":\"https:\/\/schema.org\",\"@graph\":[{\"@type\":\"WebPage\",\"@id\":\"https:\/\/www.solutionsmachinesoutils.com\/de\/service-und-wiederverwendung\/\",\"url\":\"https:\/\/www.solutionsmachinesoutils.com\/de\/service-und-wiederverwendung\/\",\"name\":\"Service und Wiederverwendung - Solutions Machines Outils\",\"isPartOf\":{\"@id\":\"https:\/\/www.solutionsmachinesoutils.com\/en\/#website\"},\"primaryImageOfPage\":{\"@id\":\"https:\/\/www.solutionsmachinesoutils.com\/de\/service-und-wiederverwendung\/#primaryimage\"},\"image\":{\"@id\":\"https:\/\/www.solutionsmachinesoutils.com\/de\/service-und-wiederverwendung\/#primaryimage\"},\"thumbnailUrl\":\"http:\/\/www.solutionsmachinesoutils.com\/wp-content\/uploads\/2016\/05\/conformite.jpg\",\"datePublished\":\"2019-04-03T13:18:47+00:00\",\"dateModified\":\"2019-04-09T10:01:57+00:00\",\"description\":\"Konformit\u00e4t der Maschinen Unsere Maschinen werden \u00fcberarbeitet und gem\u00e4\u00df den geltenden Gesetzen in \u00dcbereinstimmung gebracht. Mit jeder Maschine wird eine\",\"breadcrumb\":{\"@id\":\"https:\/\/www.solutionsmachinesoutils.com\/de\/service-und-wiederverwendung\/#breadcrumb\"},\"inLanguage\":\"fr-FR\",\"potentialAction\":[{\"@type\":\"ReadAction\",\"target\":[\"https:\/\/www.solutionsmachinesoutils.com\/de\/service-und-wiederverwendung\/\"]}]},{\"@type\":\"ImageObject\",\"inLanguage\":\"fr-FR\",\"@id\":\"https:\/\/www.solutionsmachinesoutils.com\/de\/service-und-wiederverwendung\/#primaryimage\",\"url\":\"http:\/\/www.solutionsmachinesoutils.com\/wp-content\/uploads\/2016\/05\/conformite.jpg\",\"contentUrl\":\"http:\/\/www.solutionsmachinesoutils.com\/wp-content\/uploads\/2016\/05\/conformite.jpg\"},{\"@type\":\"BreadcrumbList\",\"@id\":\"https:\/\/www.solutionsmachinesoutils.com\/de\/service-und-wiederverwendung\/#breadcrumb\",\"itemListElement\":[{\"@type\":\"ListItem\",\"position\":1,\"name\":\"Accueil\",\"item\":\"https:\/\/www.solutionsmachinesoutils.com\/\"},{\"@type\":\"ListItem\",\"position\":2,\"name\":\"Service und Wiederverwendung\"}]},{\"@type\":\"WebSite\",\"@id\":\"https:\/\/www.solutionsmachinesoutils.com\/en\/#website\",\"url\":\"https:\/\/www.solutionsmachinesoutils.com\/en\/\",\"name\":\"Solutions Machines Outils\",\"description\":\"ACHAT-VENTE ET EXPERTISE DE MACHINES-OUTILS\",\"potentialAction\":[{\"@type\":\"SearchAction\",\"target\":{\"@type\":\"EntryPoint\",\"urlTemplate\":\"https:\/\/www.solutionsmachinesoutils.com\/en\/?s={search_term_string}\"},\"query-input\":{\"@type\":\"PropertyValueSpecification\",\"valueRequired\":true,\"valueName\":\"search_term_string\"}}],\"inLanguage\":\"fr-FR\"}]}<\/script>\n<!-- \/ Yoast SEO plugin. -->","yoast_head_json":{"title":"Service und Wiederverwendung - Solutions Machines Outils","description":"Konformit\u00e4t der Maschinen Unsere Maschinen werden \u00fcberarbeitet und gem\u00e4\u00df den geltenden Gesetzen in \u00dcbereinstimmung gebracht. Mit jeder Maschine wird eine","robots":{"index":"index","follow":"follow","max-snippet":"max-snippet:-1","max-image-preview":"max-image-preview:large","max-video-preview":"max-video-preview:-1"},"canonical":"https:\/\/www.solutionsmachinesoutils.com\/de\/service-und-wiederverwendung\/","og_locale":"fr_FR","og_type":"article","og_title":"Service und Wiederverwendung - Solutions Machines Outils","og_description":"Konformit\u00e4t der Maschinen Unsere Maschinen werden \u00fcberarbeitet und gem\u00e4\u00df den geltenden Gesetzen in \u00dcbereinstimmung gebracht. Mit jeder Maschine wird eine","og_url":"https:\/\/www.solutionsmachinesoutils.com\/de\/service-und-wiederverwendung\/","og_site_name":"Solutions Machines Outils","article_modified_time":"2019-04-09T10:01:57+00:00","og_image":[{"url":"http:\/\/www.solutionsmachinesoutils.com\/wp-content\/uploads\/2016\/05\/conformite.jpg","type":"","width":"","height":""}],"twitter_card":"summary_large_image","schema":{"@context":"https:\/\/schema.org","@graph":[{"@type":"WebPage","@id":"https:\/\/www.solutionsmachinesoutils.com\/de\/service-und-wiederverwendung\/","url":"https:\/\/www.solutionsmachinesoutils.com\/de\/service-und-wiederverwendung\/","name":"Service und Wiederverwendung - Solutions Machines Outils","isPartOf":{"@id":"https:\/\/www.solutionsmachinesoutils.com\/en\/#website"},"primaryImageOfPage":{"@id":"https:\/\/www.solutionsmachinesoutils.com\/de\/service-und-wiederverwendung\/#primaryimage"},"image":{"@id":"https:\/\/www.solutionsmachinesoutils.com\/de\/service-und-wiederverwendung\/#primaryimage"},"thumbnailUrl":"http:\/\/www.solutionsmachinesoutils.com\/wp-content\/uploads\/2016\/05\/conformite.jpg","datePublished":"2019-04-03T13:18:47+00:00","dateModified":"2019-04-09T10:01:57+00:00","description":"Konformit\u00e4t der Maschinen Unsere Maschinen werden \u00fcberarbeitet und gem\u00e4\u00df den geltenden Gesetzen in \u00dcbereinstimmung gebracht. Mit jeder Maschine wird eine","breadcrumb":{"@id":"https:\/\/www.solutionsmachinesoutils.com\/de\/service-und-wiederverwendung\/#breadcrumb"},"inLanguage":"fr-FR","potentialAction":[{"@type":"ReadAction","target":["https:\/\/www.solutionsmachinesoutils.com\/de\/service-und-wiederverwendung\/"]}]},{"@type":"ImageObject","inLanguage":"fr-FR","@id":"https:\/\/www.solutionsmachinesoutils.com\/de\/service-und-wiederverwendung\/#primaryimage","url":"http:\/\/www.solutionsmachinesoutils.com\/wp-content\/uploads\/2016\/05\/conformite.jpg","contentUrl":"http:\/\/www.solutionsmachinesoutils.com\/wp-content\/uploads\/2016\/05\/conformite.jpg"},{"@type":"BreadcrumbList","@id":"https:\/\/www.solutionsmachinesoutils.com\/de\/service-und-wiederverwendung\/#breadcrumb","itemListElement":[{"@type":"ListItem","position":1,"name":"Accueil","item":"https:\/\/www.solutionsmachinesoutils.com\/"},{"@type":"ListItem","position":2,"name":"Service und Wiederverwendung"}]},{"@type":"WebSite","@id":"https:\/\/www.solutionsmachinesoutils.com\/en\/#website","url":"https:\/\/www.solutionsmachinesoutils.com\/en\/","name":"Solutions Machines Outils","description":"ACHAT-VENTE ET EXPERTISE DE MACHINES-OUTILS","potentialAction":[{"@type":"SearchAction","target":{"@type":"EntryPoint","urlTemplate":"https:\/\/www.solutionsmachinesoutils.com\/en\/?s={search_term_string}"},"query-input":{"@type":"PropertyValueSpecification","valueRequired":true,"valueName":"search_term_string"}}],"inLanguage":"fr-FR"}]}},"_links":{"self":[{"href":"https:\/\/www.solutionsmachinesoutils.com\/wp-json\/wp\/v2\/pages\/20804","targetHints":{"allow":["GET"]}}],"collection":[{"href":"https:\/\/www.solutionsmachinesoutils.com\/wp-json\/wp\/v2\/pages"}],"about":[{"href":"https:\/\/www.solutionsmachinesoutils.com\/wp-json\/wp\/v2\/types\/page"}],"author":[{"embeddable":true,"href":"https:\/\/www.solutionsmachinesoutils.com\/wp-json\/wp\/v2\/users\/3"}],"replies":[{"embeddable":true,"href":"https:\/\/www.solutionsmachinesoutils.com\/wp-json\/wp\/v2\/comments?post=20804"}],"version-history":[{"count":0,"href":"https:\/\/www.solutionsmachinesoutils.com\/wp-json\/wp\/v2\/pages\/20804\/revisions"}],"wp:attachment":[{"href":"https:\/\/www.solutionsmachinesoutils.com\/wp-json\/wp\/v2\/media?parent=20804"}],"curies":[{"name":"wp","href":"https:\/\/api.w.org\/{rel}","templated":true}]}}