{"id":20796,"date":"2019-04-03T14:17:01","date_gmt":"2019-04-03T13:17:01","guid":{"rendered":"http:\/\/www.solutionsmachinesoutils.com\/?page_id=20796"},"modified":"2019-04-09T10:56:44","modified_gmt":"2019-04-09T09:56:44","slug":"verkauf","status":"publish","type":"page","link":"https:\/\/www.solutionsmachinesoutils.com\/de\/verkauf\/","title":{"rendered":"Maschinenverkauf"},"content":{"rendered":"<p style=\"font-family: arial; font-size: 14px;\"><strong><em>Eine sehr gro\u00dfe Auswahl an Werkzeugmaschinen.<\/em><\/strong><\/p>\n<table style=\"text-align: left; width: 100%;\" border=\"0\" cellspacing=\"0\" cellpadding=\"0\">\n<tbody>\n<tr>\n<td style=\"vertical-align: top;\">\n<p style=\"font-family: arial; font-weight: normal; font-size: 14px;\">Neben unseren Maschinen auf Lager haben wir auch immer Maschinen im Zuge eines Ankaufs oder Lieferung.<\/p>\n<p style=\"font-family: arial; font-weight: normal; font-size: 14px;\">Dar\u00fcber hinaus k\u00f6nnen wir mit unserer international \u00fcbergreifenden Datenbank auf weltweit verf\u00fcgbare Werkzeugmaschinen zugreifen.<\/p>\n<p style=\"font-family: arial; font-weight: normal; font-size: 14px;\">Wir arbeiten mit vertrauensw\u00fcrdigen Partnern zusammen. Z\u00f6gern Sie nicht, uns Ihre Bed\u00fcrfnisse, W\u00fcnsche und Ihre Recherchen mitzuteilen.<\/p>\n<p>&nbsp;<\/p>\n<table style=\"text-align: left; width: 300px; height: 50px;\" border=\"0\" cellspacing=\"0\" cellpadding=\"0\">\n<tbody>\n<tr>\n<td style=\"font-family: arial; font-weight: bold; font-size: 18px; background-color: red; vertical-align: middle; text-align: center;\"><a style=\"text-decoration: none; color: white;\" href=\"\/demander-un-devis\/\">&nbsp;\u00bb Maschine kaufen<\/a><\/td>\n<\/tr>\n<\/tbody>\n<\/table>\n<\/td>\n<td><img decoding=\"async\" style=\"width: 424px; height: 283px;\" src=\"http:\/\/www.solutionsmachinesoutils.com\/wp-content\/uploads\/2016\/05\/contact.jpg\"><\/td>\n<\/tr>\n<\/tbody>\n<\/table>\n","protected":false},"excerpt":{"rendered":"<p>Eine sehr gro\u00dfe Auswahl an Werkzeugmaschinen. Neben unseren Maschinen auf Lager haben wir auch immer Maschinen im Zuge eines Ankaufs oder Lieferung. Dar\u00fcber hinaus k\u00f6nnen wir mit unserer international \u00fcbergreifenden Datenbank auf weltweit verf\u00fcgbare Werkzeugmaschinen zugreifen. Wir arbeiten mit vertrauensw\u00fcrdigen Partnern zusammen. Z\u00f6gern Sie nicht, uns Ihre Bed\u00fcrfnisse, W\u00fcnsche und Ihre Recherchen mitzuteilen. &nbsp; &nbsp;\u00bb [&hellip;]<\/p>\n","protected":false},"author":3,"featured_media":0,"parent":0,"menu_order":0,"comment_status":"closed","ping_status":"closed","template":"","meta":{"_acf_changed":false,"footnotes":""},"class_list":["post-20796","page","type-page","status-publish","hentry"],"acf":[],"yoast_head":"<!-- This site is optimized with the Yoast SEO plugin v24.2 - https:\/\/yoast.com\/wordpress\/plugins\/seo\/ -->\n<title>Maschinenverkauf - Solutions Machines Outils<\/title>\n<meta name=\"description\" content=\"Eine sehr gro\u00dfe Auswahl an Werkzeugmaschinen. Neben unseren Maschinen auf Lager haben wir auch immer Maschinen im Zuge eines Ankaufs oder Lieferung.\" \/>\n<meta name=\"robots\" content=\"index, follow, max-snippet:-1, max-image-preview:large, max-video-preview:-1\" \/>\n<link rel=\"canonical\" href=\"https:\/\/www.solutionsmachinesoutils.com\/de\/verkauf\/\" \/>\n<meta property=\"og:locale\" content=\"fr_FR\" \/>\n<meta property=\"og:type\" content=\"article\" \/>\n<meta property=\"og:title\" content=\"Maschinenverkauf - Solutions Machines Outils\" \/>\n<meta property=\"og:description\" content=\"Eine sehr gro\u00dfe Auswahl an Werkzeugmaschinen. Neben unseren Maschinen auf Lager haben wir auch immer Maschinen im Zuge eines Ankaufs oder Lieferung.\" \/>\n<meta property=\"og:url\" content=\"https:\/\/www.solutionsmachinesoutils.com\/de\/verkauf\/\" \/>\n<meta property=\"og:site_name\" content=\"Solutions Machines Outils\" \/>\n<meta property=\"article:modified_time\" content=\"2019-04-09T09:56:44+00:00\" \/>\n<meta property=\"og:image\" content=\"http:\/\/www.solutionsmachinesoutils.com\/wp-content\/uploads\/2016\/05\/contact.jpg\" \/>\n<meta name=\"twitter:card\" content=\"summary_large_image\" \/>\n<script type=\"application\/ld+json\" class=\"yoast-schema-graph\">{\"@context\":\"https:\/\/schema.org\",\"@graph\":[{\"@type\":\"WebPage\",\"@id\":\"https:\/\/www.solutionsmachinesoutils.com\/de\/verkauf\/\",\"url\":\"https:\/\/www.solutionsmachinesoutils.com\/de\/verkauf\/\",\"name\":\"Maschinenverkauf - Solutions Machines Outils\",\"isPartOf\":{\"@id\":\"https:\/\/www.solutionsmachinesoutils.com\/en\/#website\"},\"primaryImageOfPage\":{\"@id\":\"https:\/\/www.solutionsmachinesoutils.com\/de\/verkauf\/#primaryimage\"},\"image\":{\"@id\":\"https:\/\/www.solutionsmachinesoutils.com\/de\/verkauf\/#primaryimage\"},\"thumbnailUrl\":\"http:\/\/www.solutionsmachinesoutils.com\/wp-content\/uploads\/2016\/05\/contact.jpg\",\"datePublished\":\"2019-04-03T13:17:01+00:00\",\"dateModified\":\"2019-04-09T09:56:44+00:00\",\"description\":\"Eine sehr gro\u00dfe Auswahl an Werkzeugmaschinen. Neben unseren Maschinen auf Lager haben wir auch immer Maschinen im Zuge eines Ankaufs oder Lieferung.\",\"breadcrumb\":{\"@id\":\"https:\/\/www.solutionsmachinesoutils.com\/de\/verkauf\/#breadcrumb\"},\"inLanguage\":\"fr-FR\",\"potentialAction\":[{\"@type\":\"ReadAction\",\"target\":[\"https:\/\/www.solutionsmachinesoutils.com\/de\/verkauf\/\"]}]},{\"@type\":\"ImageObject\",\"inLanguage\":\"fr-FR\",\"@id\":\"https:\/\/www.solutionsmachinesoutils.com\/de\/verkauf\/#primaryimage\",\"url\":\"http:\/\/www.solutionsmachinesoutils.com\/wp-content\/uploads\/2016\/05\/contact.jpg\",\"contentUrl\":\"http:\/\/www.solutionsmachinesoutils.com\/wp-content\/uploads\/2016\/05\/contact.jpg\"},{\"@type\":\"BreadcrumbList\",\"@id\":\"https:\/\/www.solutionsmachinesoutils.com\/de\/verkauf\/#breadcrumb\",\"itemListElement\":[{\"@type\":\"ListItem\",\"position\":1,\"name\":\"Accueil\",\"item\":\"https:\/\/www.solutionsmachinesoutils.com\/\"},{\"@type\":\"ListItem\",\"position\":2,\"name\":\"Maschinenverkauf\"}]},{\"@type\":\"WebSite\",\"@id\":\"https:\/\/www.solutionsmachinesoutils.com\/en\/#website\",\"url\":\"https:\/\/www.solutionsmachinesoutils.com\/en\/\",\"name\":\"Solutions Machines Outils\",\"description\":\"ACHAT-VENTE ET EXPERTISE DE MACHINES-OUTILS\",\"potentialAction\":[{\"@type\":\"SearchAction\",\"target\":{\"@type\":\"EntryPoint\",\"urlTemplate\":\"https:\/\/www.solutionsmachinesoutils.com\/en\/?s={search_term_string}\"},\"query-input\":{\"@type\":\"PropertyValueSpecification\",\"valueRequired\":true,\"valueName\":\"search_term_string\"}}],\"inLanguage\":\"fr-FR\"}]}<\/script>\n<!-- \/ Yoast SEO plugin. -->","yoast_head_json":{"title":"Maschinenverkauf - Solutions Machines Outils","description":"Eine sehr gro\u00dfe Auswahl an Werkzeugmaschinen. Neben unseren Maschinen auf Lager haben wir auch immer Maschinen im Zuge eines Ankaufs oder Lieferung.","robots":{"index":"index","follow":"follow","max-snippet":"max-snippet:-1","max-image-preview":"max-image-preview:large","max-video-preview":"max-video-preview:-1"},"canonical":"https:\/\/www.solutionsmachinesoutils.com\/de\/verkauf\/","og_locale":"fr_FR","og_type":"article","og_title":"Maschinenverkauf - Solutions Machines Outils","og_description":"Eine sehr gro\u00dfe Auswahl an Werkzeugmaschinen. Neben unseren Maschinen auf Lager haben wir auch immer Maschinen im Zuge eines Ankaufs oder Lieferung.","og_url":"https:\/\/www.solutionsmachinesoutils.com\/de\/verkauf\/","og_site_name":"Solutions Machines Outils","article_modified_time":"2019-04-09T09:56:44+00:00","og_image":[{"url":"http:\/\/www.solutionsmachinesoutils.com\/wp-content\/uploads\/2016\/05\/contact.jpg","type":"","width":"","height":""}],"twitter_card":"summary_large_image","schema":{"@context":"https:\/\/schema.org","@graph":[{"@type":"WebPage","@id":"https:\/\/www.solutionsmachinesoutils.com\/de\/verkauf\/","url":"https:\/\/www.solutionsmachinesoutils.com\/de\/verkauf\/","name":"Maschinenverkauf - Solutions Machines Outils","isPartOf":{"@id":"https:\/\/www.solutionsmachinesoutils.com\/en\/#website"},"primaryImageOfPage":{"@id":"https:\/\/www.solutionsmachinesoutils.com\/de\/verkauf\/#primaryimage"},"image":{"@id":"https:\/\/www.solutionsmachinesoutils.com\/de\/verkauf\/#primaryimage"},"thumbnailUrl":"http:\/\/www.solutionsmachinesoutils.com\/wp-content\/uploads\/2016\/05\/contact.jpg","datePublished":"2019-04-03T13:17:01+00:00","dateModified":"2019-04-09T09:56:44+00:00","description":"Eine sehr gro\u00dfe Auswahl an Werkzeugmaschinen. Neben unseren Maschinen auf Lager haben wir auch immer Maschinen im Zuge eines Ankaufs oder Lieferung.","breadcrumb":{"@id":"https:\/\/www.solutionsmachinesoutils.com\/de\/verkauf\/#breadcrumb"},"inLanguage":"fr-FR","potentialAction":[{"@type":"ReadAction","target":["https:\/\/www.solutionsmachinesoutils.com\/de\/verkauf\/"]}]},{"@type":"ImageObject","inLanguage":"fr-FR","@id":"https:\/\/www.solutionsmachinesoutils.com\/de\/verkauf\/#primaryimage","url":"http:\/\/www.solutionsmachinesoutils.com\/wp-content\/uploads\/2016\/05\/contact.jpg","contentUrl":"http:\/\/www.solutionsmachinesoutils.com\/wp-content\/uploads\/2016\/05\/contact.jpg"},{"@type":"BreadcrumbList","@id":"https:\/\/www.solutionsmachinesoutils.com\/de\/verkauf\/#breadcrumb","itemListElement":[{"@type":"ListItem","position":1,"name":"Accueil","item":"https:\/\/www.solutionsmachinesoutils.com\/"},{"@type":"ListItem","position":2,"name":"Maschinenverkauf"}]},{"@type":"WebSite","@id":"https:\/\/www.solutionsmachinesoutils.com\/en\/#website","url":"https:\/\/www.solutionsmachinesoutils.com\/en\/","name":"Solutions Machines Outils","description":"ACHAT-VENTE ET EXPERTISE DE MACHINES-OUTILS","potentialAction":[{"@type":"SearchAction","target":{"@type":"EntryPoint","urlTemplate":"https:\/\/www.solutionsmachinesoutils.com\/en\/?s={search_term_string}"},"query-input":{"@type":"PropertyValueSpecification","valueRequired":true,"valueName":"search_term_string"}}],"inLanguage":"fr-FR"}]}},"_links":{"self":[{"href":"https:\/\/www.solutionsmachinesoutils.com\/wp-json\/wp\/v2\/pages\/20796","targetHints":{"allow":["GET"]}}],"collection":[{"href":"https:\/\/www.solutionsmachinesoutils.com\/wp-json\/wp\/v2\/pages"}],"about":[{"href":"https:\/\/www.solutionsmachinesoutils.com\/wp-json\/wp\/v2\/types\/page"}],"author":[{"embeddable":true,"href":"https:\/\/www.solutionsmachinesoutils.com\/wp-json\/wp\/v2\/users\/3"}],"replies":[{"embeddable":true,"href":"https:\/\/www.solutionsmachinesoutils.com\/wp-json\/wp\/v2\/comments?post=20796"}],"version-history":[{"count":0,"href":"https:\/\/www.solutionsmachinesoutils.com\/wp-json\/wp\/v2\/pages\/20796\/revisions"}],"wp:attachment":[{"href":"https:\/\/www.solutionsmachinesoutils.com\/wp-json\/wp\/v2\/media?parent=20796"}],"curies":[{"name":"wp","href":"https:\/\/api.w.org\/{rel}","templated":true}]}}