{"id":20784,"date":"2019-04-03T14:14:57","date_gmt":"2019-04-03T13:14:57","guid":{"rendered":"http:\/\/www.solutionsmachinesoutils.com\/?page_id=20784"},"modified":"2019-04-09T10:59:28","modified_gmt":"2019-04-09T09:59:28","slug":"kauf","status":"publish","type":"page","link":"https:\/\/www.solutionsmachinesoutils.com\/de\/kauf\/","title":{"rendered":"Ankauf"},"content":{"rendered":"<p style=\"font-size: 14px;\"><strong>Ein reaktionsschneller Einkaufsservice<\/strong><\/p>\n<table style=\"text-align: left; width: 100%;\" border=\"0\" cellspacing=\"0\" cellpadding=\"0\">\n<tbody>\n<tr>\n<td style=\"vertical-align: top;\">\n<p style=\"font-family: arial; font-weight: normal; font-size: 14px;\">ABESCHAFFUNG von Werkzeugmaschinen als Einzelteil, als Los oder kompletter Betrieb: bieten Sie uns Ihre Maschine(n) zum Verkauf an!<\/p>\n<p style=\"font-family: arial; font-weight: normal; font-size: 14px;\">Wir beantworten innerhalb von 24 Stunden alle Angebote zum Verkauf von Werkzeugmaschinen. Die Maschinen werden vor dem Ausbau bar bezahlt und wir k\u00fcmmern uns so schnell wie m\u00f6glich um die Demontage, die Verladung und den Transport.<\/p>\n<p style=\"font-family: arial; font-weight: normal; font-size: 14px;\">Wir sind Profis der Werkzeugmaschinenbranche und kaufen gern Ihre nicht konformen oder defekten Maschinen.<\/p>\n<p style=\"font-family: arial; font-weight: normal; font-size: 14px;\">Wir haben auch Exportm\u00f6glichkeiten f\u00fcr Werkzeugmaschinen, die Ihnen veraltet erscheinen: Z\u00f6gern Sie nicht, auch sie anzubieten!<\/p>\n<table style=\"text-align: left; width: 300px; height: 50px;\" border=\"0\" cellspacing=\"0\" cellpadding=\"0\">\n<tbody>\n<tr>\n<td style=\"font-family: arial; font-weight: bold; font-size: 18px; background-color: red; vertical-align: middle; text-align: center;\"><a style=\"text-decoration: none; color: white;\" href=\"\/demander-un-devis\/\">&nbsp;\u00bb Maschine verkaufen<\/a><\/td>\n<\/tr>\n<\/tbody>\n<\/table>\n<\/td>\n<td><img decoding=\"async\" style=\"width: 424px; height: 283px;\" src=\"http:\/\/www.solutionsmachinesoutils.com\/wp-content\/uploads\/2016\/05\/contact.jpg\"><\/td>\n<\/tr>\n<\/tbody>\n<\/table>\n","protected":false},"excerpt":{"rendered":"<p>Ein reaktionsschneller Einkaufsservice ABESCHAFFUNG von Werkzeugmaschinen als Einzelteil, als Los oder kompletter Betrieb: bieten Sie uns Ihre Maschine(n) zum Verkauf an! Wir beantworten innerhalb von 24 Stunden alle Angebote zum Verkauf von Werkzeugmaschinen. Die Maschinen werden vor dem Ausbau bar bezahlt und wir k\u00fcmmern uns so schnell wie m\u00f6glich um die Demontage, die Verladung und [&hellip;]<\/p>\n","protected":false},"author":3,"featured_media":0,"parent":0,"menu_order":0,"comment_status":"closed","ping_status":"closed","template":"","meta":{"_acf_changed":false,"footnotes":""},"class_list":["post-20784","page","type-page","status-publish","hentry"],"acf":[],"yoast_head":"<!-- This site is optimized with the Yoast SEO plugin v24.2 - https:\/\/yoast.com\/wordpress\/plugins\/seo\/ -->\n<title>Ankauf - Solutions Machines Outils<\/title>\n<meta name=\"description\" content=\"Ein reaktionsschneller Einkaufsservice ABESCHAFFUNG von Werkzeugmaschinen als Einzelteil, als Los oder kompletter Betrieb: bieten Sie uns Ihre Maschine(n)\" \/>\n<meta name=\"robots\" content=\"index, follow, max-snippet:-1, max-image-preview:large, max-video-preview:-1\" \/>\n<link rel=\"canonical\" href=\"https:\/\/www.solutionsmachinesoutils.com\/de\/kauf\/\" \/>\n<meta property=\"og:locale\" content=\"fr_FR\" \/>\n<meta property=\"og:type\" content=\"article\" \/>\n<meta property=\"og:title\" content=\"Ankauf - Solutions Machines Outils\" \/>\n<meta property=\"og:description\" content=\"Ein reaktionsschneller Einkaufsservice ABESCHAFFUNG von Werkzeugmaschinen als Einzelteil, als Los oder kompletter Betrieb: bieten Sie uns Ihre Maschine(n)\" \/>\n<meta property=\"og:url\" content=\"https:\/\/www.solutionsmachinesoutils.com\/de\/kauf\/\" \/>\n<meta property=\"og:site_name\" content=\"Solutions Machines Outils\" \/>\n<meta property=\"article:modified_time\" content=\"2019-04-09T09:59:28+00:00\" \/>\n<meta property=\"og:image\" content=\"http:\/\/www.solutionsmachinesoutils.com\/wp-content\/uploads\/2016\/05\/contact.jpg\" \/>\n<meta name=\"twitter:card\" content=\"summary_large_image\" \/>\n<script type=\"application\/ld+json\" class=\"yoast-schema-graph\">{\"@context\":\"https:\/\/schema.org\",\"@graph\":[{\"@type\":\"WebPage\",\"@id\":\"https:\/\/www.solutionsmachinesoutils.com\/de\/kauf\/\",\"url\":\"https:\/\/www.solutionsmachinesoutils.com\/de\/kauf\/\",\"name\":\"Ankauf - Solutions Machines Outils\",\"isPartOf\":{\"@id\":\"https:\/\/www.solutionsmachinesoutils.com\/en\/#website\"},\"primaryImageOfPage\":{\"@id\":\"https:\/\/www.solutionsmachinesoutils.com\/de\/kauf\/#primaryimage\"},\"image\":{\"@id\":\"https:\/\/www.solutionsmachinesoutils.com\/de\/kauf\/#primaryimage\"},\"thumbnailUrl\":\"http:\/\/www.solutionsmachinesoutils.com\/wp-content\/uploads\/2016\/05\/contact.jpg\",\"datePublished\":\"2019-04-03T13:14:57+00:00\",\"dateModified\":\"2019-04-09T09:59:28+00:00\",\"description\":\"Ein reaktionsschneller Einkaufsservice ABESCHAFFUNG von Werkzeugmaschinen als Einzelteil, als Los oder kompletter Betrieb: bieten Sie uns Ihre Maschine(n)\",\"breadcrumb\":{\"@id\":\"https:\/\/www.solutionsmachinesoutils.com\/de\/kauf\/#breadcrumb\"},\"inLanguage\":\"fr-FR\",\"potentialAction\":[{\"@type\":\"ReadAction\",\"target\":[\"https:\/\/www.solutionsmachinesoutils.com\/de\/kauf\/\"]}]},{\"@type\":\"ImageObject\",\"inLanguage\":\"fr-FR\",\"@id\":\"https:\/\/www.solutionsmachinesoutils.com\/de\/kauf\/#primaryimage\",\"url\":\"http:\/\/www.solutionsmachinesoutils.com\/wp-content\/uploads\/2016\/05\/contact.jpg\",\"contentUrl\":\"http:\/\/www.solutionsmachinesoutils.com\/wp-content\/uploads\/2016\/05\/contact.jpg\"},{\"@type\":\"BreadcrumbList\",\"@id\":\"https:\/\/www.solutionsmachinesoutils.com\/de\/kauf\/#breadcrumb\",\"itemListElement\":[{\"@type\":\"ListItem\",\"position\":1,\"name\":\"Accueil\",\"item\":\"https:\/\/www.solutionsmachinesoutils.com\/\"},{\"@type\":\"ListItem\",\"position\":2,\"name\":\"Ankauf\"}]},{\"@type\":\"WebSite\",\"@id\":\"https:\/\/www.solutionsmachinesoutils.com\/en\/#website\",\"url\":\"https:\/\/www.solutionsmachinesoutils.com\/en\/\",\"name\":\"Solutions Machines Outils\",\"description\":\"ACHAT-VENTE ET EXPERTISE DE MACHINES-OUTILS\",\"potentialAction\":[{\"@type\":\"SearchAction\",\"target\":{\"@type\":\"EntryPoint\",\"urlTemplate\":\"https:\/\/www.solutionsmachinesoutils.com\/en\/?s={search_term_string}\"},\"query-input\":{\"@type\":\"PropertyValueSpecification\",\"valueRequired\":true,\"valueName\":\"search_term_string\"}}],\"inLanguage\":\"fr-FR\"}]}<\/script>\n<!-- \/ Yoast SEO plugin. -->","yoast_head_json":{"title":"Ankauf - Solutions Machines Outils","description":"Ein reaktionsschneller Einkaufsservice ABESCHAFFUNG von Werkzeugmaschinen als Einzelteil, als Los oder kompletter Betrieb: bieten Sie uns Ihre Maschine(n)","robots":{"index":"index","follow":"follow","max-snippet":"max-snippet:-1","max-image-preview":"max-image-preview:large","max-video-preview":"max-video-preview:-1"},"canonical":"https:\/\/www.solutionsmachinesoutils.com\/de\/kauf\/","og_locale":"fr_FR","og_type":"article","og_title":"Ankauf - Solutions Machines Outils","og_description":"Ein reaktionsschneller Einkaufsservice ABESCHAFFUNG von Werkzeugmaschinen als Einzelteil, als Los oder kompletter Betrieb: bieten Sie uns Ihre Maschine(n)","og_url":"https:\/\/www.solutionsmachinesoutils.com\/de\/kauf\/","og_site_name":"Solutions Machines Outils","article_modified_time":"2019-04-09T09:59:28+00:00","og_image":[{"url":"http:\/\/www.solutionsmachinesoutils.com\/wp-content\/uploads\/2016\/05\/contact.jpg","type":"","width":"","height":""}],"twitter_card":"summary_large_image","schema":{"@context":"https:\/\/schema.org","@graph":[{"@type":"WebPage","@id":"https:\/\/www.solutionsmachinesoutils.com\/de\/kauf\/","url":"https:\/\/www.solutionsmachinesoutils.com\/de\/kauf\/","name":"Ankauf - Solutions Machines Outils","isPartOf":{"@id":"https:\/\/www.solutionsmachinesoutils.com\/en\/#website"},"primaryImageOfPage":{"@id":"https:\/\/www.solutionsmachinesoutils.com\/de\/kauf\/#primaryimage"},"image":{"@id":"https:\/\/www.solutionsmachinesoutils.com\/de\/kauf\/#primaryimage"},"thumbnailUrl":"http:\/\/www.solutionsmachinesoutils.com\/wp-content\/uploads\/2016\/05\/contact.jpg","datePublished":"2019-04-03T13:14:57+00:00","dateModified":"2019-04-09T09:59:28+00:00","description":"Ein reaktionsschneller Einkaufsservice ABESCHAFFUNG von Werkzeugmaschinen als Einzelteil, als Los oder kompletter Betrieb: bieten Sie uns Ihre Maschine(n)","breadcrumb":{"@id":"https:\/\/www.solutionsmachinesoutils.com\/de\/kauf\/#breadcrumb"},"inLanguage":"fr-FR","potentialAction":[{"@type":"ReadAction","target":["https:\/\/www.solutionsmachinesoutils.com\/de\/kauf\/"]}]},{"@type":"ImageObject","inLanguage":"fr-FR","@id":"https:\/\/www.solutionsmachinesoutils.com\/de\/kauf\/#primaryimage","url":"http:\/\/www.solutionsmachinesoutils.com\/wp-content\/uploads\/2016\/05\/contact.jpg","contentUrl":"http:\/\/www.solutionsmachinesoutils.com\/wp-content\/uploads\/2016\/05\/contact.jpg"},{"@type":"BreadcrumbList","@id":"https:\/\/www.solutionsmachinesoutils.com\/de\/kauf\/#breadcrumb","itemListElement":[{"@type":"ListItem","position":1,"name":"Accueil","item":"https:\/\/www.solutionsmachinesoutils.com\/"},{"@type":"ListItem","position":2,"name":"Ankauf"}]},{"@type":"WebSite","@id":"https:\/\/www.solutionsmachinesoutils.com\/en\/#website","url":"https:\/\/www.solutionsmachinesoutils.com\/en\/","name":"Solutions Machines Outils","description":"ACHAT-VENTE ET EXPERTISE DE MACHINES-OUTILS","potentialAction":[{"@type":"SearchAction","target":{"@type":"EntryPoint","urlTemplate":"https:\/\/www.solutionsmachinesoutils.com\/en\/?s={search_term_string}"},"query-input":{"@type":"PropertyValueSpecification","valueRequired":true,"valueName":"search_term_string"}}],"inLanguage":"fr-FR"}]}},"_links":{"self":[{"href":"https:\/\/www.solutionsmachinesoutils.com\/wp-json\/wp\/v2\/pages\/20784","targetHints":{"allow":["GET"]}}],"collection":[{"href":"https:\/\/www.solutionsmachinesoutils.com\/wp-json\/wp\/v2\/pages"}],"about":[{"href":"https:\/\/www.solutionsmachinesoutils.com\/wp-json\/wp\/v2\/types\/page"}],"author":[{"embeddable":true,"href":"https:\/\/www.solutionsmachinesoutils.com\/wp-json\/wp\/v2\/users\/3"}],"replies":[{"embeddable":true,"href":"https:\/\/www.solutionsmachinesoutils.com\/wp-json\/wp\/v2\/comments?post=20784"}],"version-history":[{"count":0,"href":"https:\/\/www.solutionsmachinesoutils.com\/wp-json\/wp\/v2\/pages\/20784\/revisions"}],"wp:attachment":[{"href":"https:\/\/www.solutionsmachinesoutils.com\/wp-json\/wp\/v2\/media?parent=20784"}],"curies":[{"name":"wp","href":"https:\/\/api.w.org\/{rel}","templated":true}]}}