{"id":20612,"date":"2019-04-02T14:53:16","date_gmt":"2019-04-02T13:53:16","guid":{"rendered":"http:\/\/www.solutionsmachinesoutils.com\/?page_id=20612"},"modified":"2019-04-02T15:01:18","modified_gmt":"2019-04-02T14:01:18","slug":"expertise","status":"publish","type":"page","link":"https:\/\/www.solutionsmachinesoutils.com\/de\/expertise\/","title":{"rendered":"Expertise"},"content":{"rendered":"<table style=\"text-align: left; width: 100%;\" border=\"0\" cellspacing=\"0\" cellpadding=\"0\">\n<tbody>\n<tr>\n<td style=\"vertical-align: top;\">\n<p style=\"font-family: arial; font-size: 14px;\">Wir begutachten und bewerten Ihren Maschinenpark (Werkzeuge, Materialhandhabung, Kr\u00e4ne, B\u00fcros und Computer) in den folgenden F\u00e4llen :<\/p>\n<p style=\"font-family: arial; font-size: 14px; padding-left: 30px;\">\u2022 Verkauf Ihrer Verm\u00f6genswerte<br \/>\n\u2022\u00a0Unternehmensverkauf<br \/>\n\u2022\u00a0Unf\u00e4lle<br \/>\n\u2022\u00a0Nachfolge&#8230;<\/p>\n<p style=\"font-family: arial; font-size: 14px;\">Als Experte f\u00fcr Werkzeugmaschinen k\u00f6nnen wir Ihnen ebenfalls in steuerlichen oder rechtlichen Angelegenheiten helfen.<\/p>\n<\/td>\n<td><img decoding=\"async\" style=\"width: 500px; height: 500px;\" src=\"http:\/\/www.solutionsmachinesoutils.com\/wp-content\/uploads\/2016\/05\/grande-calculatrice.jpg\" \/><\/td>\n<\/tr>\n<\/tbody>\n<\/table>\n","protected":false},"excerpt":{"rendered":"<p>Wir begutachten und bewerten Ihren Maschinenpark (Werkzeuge, Materialhandhabung, Kr\u00e4ne, B\u00fcros und Computer) in den folgenden F\u00e4llen : \u2022 Verkauf Ihrer Verm\u00f6genswerte \u2022\u00a0Unternehmensverkauf \u2022\u00a0Unf\u00e4lle \u2022\u00a0Nachfolge&#8230; Als Experte f\u00fcr Werkzeugmaschinen k\u00f6nnen wir Ihnen ebenfalls in steuerlichen oder rechtlichen Angelegenheiten helfen.<\/p>\n","protected":false},"author":3,"featured_media":0,"parent":0,"menu_order":0,"comment_status":"closed","ping_status":"closed","template":"","meta":{"_acf_changed":false,"footnotes":""},"class_list":["post-20612","page","type-page","status-publish","hentry"],"acf":[],"yoast_head":"<!-- This site is optimized with the Yoast SEO plugin v24.2 - https:\/\/yoast.com\/wordpress\/plugins\/seo\/ -->\n<title>Expertise - Solutions Machines Outils<\/title>\n<meta name=\"description\" content=\"Wir begutachten und bewerten Ihren Maschinenpark (Werkzeuge, Materialhandhabung, Kr\u00e4ne, B\u00fcros und Computer) in den folgenden F\u00e4llen : \u2022 Verkauf Ihrer\" \/>\n<meta name=\"robots\" content=\"index, follow, max-snippet:-1, max-image-preview:large, max-video-preview:-1\" \/>\n<link rel=\"canonical\" href=\"https:\/\/www.solutionsmachinesoutils.com\/de\/expertise\/\" \/>\n<meta property=\"og:locale\" content=\"fr_FR\" \/>\n<meta property=\"og:type\" content=\"article\" \/>\n<meta property=\"og:title\" content=\"Expertise - Solutions Machines Outils\" \/>\n<meta property=\"og:description\" content=\"Wir begutachten und bewerten Ihren Maschinenpark (Werkzeuge, Materialhandhabung, Kr\u00e4ne, B\u00fcros und Computer) in den folgenden F\u00e4llen : \u2022 Verkauf Ihrer\" \/>\n<meta property=\"og:url\" content=\"https:\/\/www.solutionsmachinesoutils.com\/de\/expertise\/\" \/>\n<meta property=\"og:site_name\" content=\"Solutions Machines Outils\" \/>\n<meta property=\"article:modified_time\" content=\"2019-04-02T14:01:18+00:00\" \/>\n<meta property=\"og:image\" content=\"http:\/\/www.solutionsmachinesoutils.com\/wp-content\/uploads\/2016\/05\/grande-calculatrice.jpg\" \/>\n<meta name=\"twitter:card\" content=\"summary_large_image\" \/>\n<script type=\"application\/ld+json\" class=\"yoast-schema-graph\">{\"@context\":\"https:\/\/schema.org\",\"@graph\":[{\"@type\":\"WebPage\",\"@id\":\"https:\/\/www.solutionsmachinesoutils.com\/de\/expertise\/\",\"url\":\"https:\/\/www.solutionsmachinesoutils.com\/de\/expertise\/\",\"name\":\"Expertise - Solutions Machines Outils\",\"isPartOf\":{\"@id\":\"https:\/\/www.solutionsmachinesoutils.com\/en\/#website\"},\"primaryImageOfPage\":{\"@id\":\"https:\/\/www.solutionsmachinesoutils.com\/de\/expertise\/#primaryimage\"},\"image\":{\"@id\":\"https:\/\/www.solutionsmachinesoutils.com\/de\/expertise\/#primaryimage\"},\"thumbnailUrl\":\"http:\/\/www.solutionsmachinesoutils.com\/wp-content\/uploads\/2016\/05\/grande-calculatrice.jpg\",\"datePublished\":\"2019-04-02T13:53:16+00:00\",\"dateModified\":\"2019-04-02T14:01:18+00:00\",\"description\":\"Wir begutachten und bewerten Ihren Maschinenpark (Werkzeuge, Materialhandhabung, Kr\u00e4ne, B\u00fcros und Computer) in den folgenden F\u00e4llen : \u2022 Verkauf Ihrer\",\"breadcrumb\":{\"@id\":\"https:\/\/www.solutionsmachinesoutils.com\/de\/expertise\/#breadcrumb\"},\"inLanguage\":\"fr-FR\",\"potentialAction\":[{\"@type\":\"ReadAction\",\"target\":[\"https:\/\/www.solutionsmachinesoutils.com\/de\/expertise\/\"]}]},{\"@type\":\"ImageObject\",\"inLanguage\":\"fr-FR\",\"@id\":\"https:\/\/www.solutionsmachinesoutils.com\/de\/expertise\/#primaryimage\",\"url\":\"http:\/\/www.solutionsmachinesoutils.com\/wp-content\/uploads\/2016\/05\/grande-calculatrice.jpg\",\"contentUrl\":\"http:\/\/www.solutionsmachinesoutils.com\/wp-content\/uploads\/2016\/05\/grande-calculatrice.jpg\"},{\"@type\":\"BreadcrumbList\",\"@id\":\"https:\/\/www.solutionsmachinesoutils.com\/de\/expertise\/#breadcrumb\",\"itemListElement\":[{\"@type\":\"ListItem\",\"position\":1,\"name\":\"Accueil\",\"item\":\"https:\/\/www.solutionsmachinesoutils.com\/\"},{\"@type\":\"ListItem\",\"position\":2,\"name\":\"Expertise\"}]},{\"@type\":\"WebSite\",\"@id\":\"https:\/\/www.solutionsmachinesoutils.com\/en\/#website\",\"url\":\"https:\/\/www.solutionsmachinesoutils.com\/en\/\",\"name\":\"Solutions Machines Outils\",\"description\":\"ACHAT-VENTE ET EXPERTISE DE MACHINES-OUTILS\",\"potentialAction\":[{\"@type\":\"SearchAction\",\"target\":{\"@type\":\"EntryPoint\",\"urlTemplate\":\"https:\/\/www.solutionsmachinesoutils.com\/en\/?s={search_term_string}\"},\"query-input\":{\"@type\":\"PropertyValueSpecification\",\"valueRequired\":true,\"valueName\":\"search_term_string\"}}],\"inLanguage\":\"fr-FR\"}]}<\/script>\n<!-- \/ Yoast SEO plugin. -->","yoast_head_json":{"title":"Expertise - Solutions Machines Outils","description":"Wir begutachten und bewerten Ihren Maschinenpark (Werkzeuge, Materialhandhabung, Kr\u00e4ne, B\u00fcros und Computer) in den folgenden F\u00e4llen : \u2022 Verkauf Ihrer","robots":{"index":"index","follow":"follow","max-snippet":"max-snippet:-1","max-image-preview":"max-image-preview:large","max-video-preview":"max-video-preview:-1"},"canonical":"https:\/\/www.solutionsmachinesoutils.com\/de\/expertise\/","og_locale":"fr_FR","og_type":"article","og_title":"Expertise - Solutions Machines Outils","og_description":"Wir begutachten und bewerten Ihren Maschinenpark (Werkzeuge, Materialhandhabung, Kr\u00e4ne, B\u00fcros und Computer) in den folgenden F\u00e4llen : \u2022 Verkauf Ihrer","og_url":"https:\/\/www.solutionsmachinesoutils.com\/de\/expertise\/","og_site_name":"Solutions Machines Outils","article_modified_time":"2019-04-02T14:01:18+00:00","og_image":[{"url":"http:\/\/www.solutionsmachinesoutils.com\/wp-content\/uploads\/2016\/05\/grande-calculatrice.jpg","type":"","width":"","height":""}],"twitter_card":"summary_large_image","schema":{"@context":"https:\/\/schema.org","@graph":[{"@type":"WebPage","@id":"https:\/\/www.solutionsmachinesoutils.com\/de\/expertise\/","url":"https:\/\/www.solutionsmachinesoutils.com\/de\/expertise\/","name":"Expertise - Solutions Machines Outils","isPartOf":{"@id":"https:\/\/www.solutionsmachinesoutils.com\/en\/#website"},"primaryImageOfPage":{"@id":"https:\/\/www.solutionsmachinesoutils.com\/de\/expertise\/#primaryimage"},"image":{"@id":"https:\/\/www.solutionsmachinesoutils.com\/de\/expertise\/#primaryimage"},"thumbnailUrl":"http:\/\/www.solutionsmachinesoutils.com\/wp-content\/uploads\/2016\/05\/grande-calculatrice.jpg","datePublished":"2019-04-02T13:53:16+00:00","dateModified":"2019-04-02T14:01:18+00:00","description":"Wir begutachten und bewerten Ihren Maschinenpark (Werkzeuge, Materialhandhabung, Kr\u00e4ne, B\u00fcros und Computer) in den folgenden F\u00e4llen : \u2022 Verkauf Ihrer","breadcrumb":{"@id":"https:\/\/www.solutionsmachinesoutils.com\/de\/expertise\/#breadcrumb"},"inLanguage":"fr-FR","potentialAction":[{"@type":"ReadAction","target":["https:\/\/www.solutionsmachinesoutils.com\/de\/expertise\/"]}]},{"@type":"ImageObject","inLanguage":"fr-FR","@id":"https:\/\/www.solutionsmachinesoutils.com\/de\/expertise\/#primaryimage","url":"http:\/\/www.solutionsmachinesoutils.com\/wp-content\/uploads\/2016\/05\/grande-calculatrice.jpg","contentUrl":"http:\/\/www.solutionsmachinesoutils.com\/wp-content\/uploads\/2016\/05\/grande-calculatrice.jpg"},{"@type":"BreadcrumbList","@id":"https:\/\/www.solutionsmachinesoutils.com\/de\/expertise\/#breadcrumb","itemListElement":[{"@type":"ListItem","position":1,"name":"Accueil","item":"https:\/\/www.solutionsmachinesoutils.com\/"},{"@type":"ListItem","position":2,"name":"Expertise"}]},{"@type":"WebSite","@id":"https:\/\/www.solutionsmachinesoutils.com\/en\/#website","url":"https:\/\/www.solutionsmachinesoutils.com\/en\/","name":"Solutions Machines Outils","description":"ACHAT-VENTE ET EXPERTISE DE MACHINES-OUTILS","potentialAction":[{"@type":"SearchAction","target":{"@type":"EntryPoint","urlTemplate":"https:\/\/www.solutionsmachinesoutils.com\/en\/?s={search_term_string}"},"query-input":{"@type":"PropertyValueSpecification","valueRequired":true,"valueName":"search_term_string"}}],"inLanguage":"fr-FR"}]}},"_links":{"self":[{"href":"https:\/\/www.solutionsmachinesoutils.com\/wp-json\/wp\/v2\/pages\/20612","targetHints":{"allow":["GET"]}}],"collection":[{"href":"https:\/\/www.solutionsmachinesoutils.com\/wp-json\/wp\/v2\/pages"}],"about":[{"href":"https:\/\/www.solutionsmachinesoutils.com\/wp-json\/wp\/v2\/types\/page"}],"author":[{"embeddable":true,"href":"https:\/\/www.solutionsmachinesoutils.com\/wp-json\/wp\/v2\/users\/3"}],"replies":[{"embeddable":true,"href":"https:\/\/www.solutionsmachinesoutils.com\/wp-json\/wp\/v2\/comments?post=20612"}],"version-history":[{"count":0,"href":"https:\/\/www.solutionsmachinesoutils.com\/wp-json\/wp\/v2\/pages\/20612\/revisions"}],"wp:attachment":[{"href":"https:\/\/www.solutionsmachinesoutils.com\/wp-json\/wp\/v2\/media?parent=20612"}],"curies":[{"name":"wp","href":"https:\/\/api.w.org\/{rel}","templated":true}]}}