{"id":20583,"date":"2019-04-02T14:34:25","date_gmt":"2019-04-02T13:34:25","guid":{"rendered":"http:\/\/www.solutionsmachinesoutils.com\/?page_id=20583"},"modified":"2019-04-03T13:47:39","modified_gmt":"2019-04-03T12:47:39","slug":"werte-und-dna-der-gesellschaft","status":"publish","type":"page","link":"https:\/\/www.solutionsmachinesoutils.com\/de\/werte-und-dna-der-gesellschaft\/","title":{"rendered":"Werte und DNA der Gesellschaft"},"content":{"rendered":"\n<table style=\"text-align: left; width: 100%;\" border=\"0\" cellspacing=\"0\" cellpadding=\"0\">\n<tbody>\n<tr>\n<td style=\"vertical-align: top;\">\n<p style=\"font-family: arial; font-weight: normal; font-size: 14px;\">Die Werte von DB-Maschinen k\u00f6nnen in wenigen Worten zusammengefasst werden : Ehrlichkeit, Genauigkeit, Servicequalit\u00e4t, Reaktionsschnelligkeit und Respekt gegen\u00fcber dem Kunden.<\/p>\n<p style=\"font-family: arial; font-weight: normal; font-size: 14px;\">Unser Ziel ist es, die Anforderungen und W\u00fcnsche unserer Kunden zu erf\u00fcllen. Wir h\u00f6ren Ihnen zu, verstehen Ihre Bed\u00fcrfnisse, Ihre Priorit\u00e4ten und finden dementsprechend Antworten auf Ihr Budget und Ihren Zeitplan.<\/p>\n<p style=\"font-family: arial; font-weight: normal; font-size: 14px;\">Wir bem\u00fchen uns, die ideale Maschine nach Ihren Kriterien zu finden und Ihre veralteten Anlagen so schnell und so gut wie m\u00f6glich zu ersetzen oder zu \u00fcbernehmen.<\/p>\n<\/td>\n<td><img decoding=\"async\" style=\"width: 470px; height: 400px;\" src=\"http:\/\/www.solutionsmachinesoutils.com\/wp-content\/uploads\/2016\/05\/engrenage-adn.jpg\" \/><\/td>\n<\/tr>\n<\/tbody>\n<\/table>\n","protected":false},"excerpt":{"rendered":"<p>Die Werte von DB-Maschinen k\u00f6nnen in wenigen Worten zusammengefasst werden : Ehrlichkeit, Genauigkeit, Servicequalit\u00e4t, Reaktionsschnelligkeit und Respekt gegen\u00fcber dem Kunden. Unser Ziel ist es, die Anforderungen und W\u00fcnsche unserer Kunden zu erf\u00fcllen. Wir h\u00f6ren Ihnen zu, verstehen Ihre Bed\u00fcrfnisse, Ihre Priorit\u00e4ten und finden dementsprechend Antworten auf Ihr Budget und Ihren Zeitplan. Wir bem\u00fchen uns, die [&hellip;]<\/p>\n","protected":false},"author":3,"featured_media":0,"parent":0,"menu_order":0,"comment_status":"closed","ping_status":"closed","template":"","meta":{"_acf_changed":false,"footnotes":""},"class_list":["post-20583","page","type-page","status-publish","hentry"],"acf":[],"yoast_head":"<!-- This site is optimized with the Yoast SEO plugin v24.2 - https:\/\/yoast.com\/wordpress\/plugins\/seo\/ -->\n<title>Werte und DNA der Gesellschaft - Solutions Machines Outils<\/title>\n<meta name=\"description\" content=\"Die Werte von DB-Maschinen k\u00f6nnen in wenigen Worten zusammengefasst werden : Ehrlichkeit, Genauigkeit, Servicequalit\u00e4t, Reaktionsschnelligkeit und Respekt\" \/>\n<meta name=\"robots\" content=\"index, follow, max-snippet:-1, max-image-preview:large, max-video-preview:-1\" \/>\n<link rel=\"canonical\" href=\"https:\/\/www.solutionsmachinesoutils.com\/de\/werte-und-dna-der-gesellschaft\/\" \/>\n<meta property=\"og:locale\" content=\"fr_FR\" \/>\n<meta property=\"og:type\" content=\"article\" \/>\n<meta property=\"og:title\" content=\"Werte und DNA der Gesellschaft - Solutions Machines Outils\" \/>\n<meta property=\"og:description\" content=\"Die Werte von DB-Maschinen k\u00f6nnen in wenigen Worten zusammengefasst werden : Ehrlichkeit, Genauigkeit, Servicequalit\u00e4t, Reaktionsschnelligkeit und Respekt\" \/>\n<meta property=\"og:url\" content=\"https:\/\/www.solutionsmachinesoutils.com\/de\/werte-und-dna-der-gesellschaft\/\" \/>\n<meta property=\"og:site_name\" content=\"Solutions Machines Outils\" \/>\n<meta property=\"article:modified_time\" content=\"2019-04-03T12:47:39+00:00\" \/>\n<meta property=\"og:image\" content=\"http:\/\/www.solutionsmachinesoutils.com\/wp-content\/uploads\/2016\/05\/engrenage-adn.jpg\" \/>\n<meta name=\"twitter:card\" content=\"summary_large_image\" \/>\n<script type=\"application\/ld+json\" class=\"yoast-schema-graph\">{\"@context\":\"https:\/\/schema.org\",\"@graph\":[{\"@type\":\"WebPage\",\"@id\":\"https:\/\/www.solutionsmachinesoutils.com\/de\/werte-und-dna-der-gesellschaft\/\",\"url\":\"https:\/\/www.solutionsmachinesoutils.com\/de\/werte-und-dna-der-gesellschaft\/\",\"name\":\"Werte und DNA der Gesellschaft - Solutions Machines Outils\",\"isPartOf\":{\"@id\":\"https:\/\/www.solutionsmachinesoutils.com\/en\/#website\"},\"primaryImageOfPage\":{\"@id\":\"https:\/\/www.solutionsmachinesoutils.com\/de\/werte-und-dna-der-gesellschaft\/#primaryimage\"},\"image\":{\"@id\":\"https:\/\/www.solutionsmachinesoutils.com\/de\/werte-und-dna-der-gesellschaft\/#primaryimage\"},\"thumbnailUrl\":\"http:\/\/www.solutionsmachinesoutils.com\/wp-content\/uploads\/2016\/05\/engrenage-adn.jpg\",\"datePublished\":\"2019-04-02T13:34:25+00:00\",\"dateModified\":\"2019-04-03T12:47:39+00:00\",\"description\":\"Die Werte von DB-Maschinen k\u00f6nnen in wenigen Worten zusammengefasst werden : Ehrlichkeit, Genauigkeit, Servicequalit\u00e4t, Reaktionsschnelligkeit und Respekt\",\"breadcrumb\":{\"@id\":\"https:\/\/www.solutionsmachinesoutils.com\/de\/werte-und-dna-der-gesellschaft\/#breadcrumb\"},\"inLanguage\":\"fr-FR\",\"potentialAction\":[{\"@type\":\"ReadAction\",\"target\":[\"https:\/\/www.solutionsmachinesoutils.com\/de\/werte-und-dna-der-gesellschaft\/\"]}]},{\"@type\":\"ImageObject\",\"inLanguage\":\"fr-FR\",\"@id\":\"https:\/\/www.solutionsmachinesoutils.com\/de\/werte-und-dna-der-gesellschaft\/#primaryimage\",\"url\":\"http:\/\/www.solutionsmachinesoutils.com\/wp-content\/uploads\/2016\/05\/engrenage-adn.jpg\",\"contentUrl\":\"http:\/\/www.solutionsmachinesoutils.com\/wp-content\/uploads\/2016\/05\/engrenage-adn.jpg\"},{\"@type\":\"BreadcrumbList\",\"@id\":\"https:\/\/www.solutionsmachinesoutils.com\/de\/werte-und-dna-der-gesellschaft\/#breadcrumb\",\"itemListElement\":[{\"@type\":\"ListItem\",\"position\":1,\"name\":\"Accueil\",\"item\":\"https:\/\/www.solutionsmachinesoutils.com\/\"},{\"@type\":\"ListItem\",\"position\":2,\"name\":\"Werte und DNA der Gesellschaft\"}]},{\"@type\":\"WebSite\",\"@id\":\"https:\/\/www.solutionsmachinesoutils.com\/en\/#website\",\"url\":\"https:\/\/www.solutionsmachinesoutils.com\/en\/\",\"name\":\"Solutions Machines Outils\",\"description\":\"ACHAT-VENTE ET EXPERTISE DE MACHINES-OUTILS\",\"potentialAction\":[{\"@type\":\"SearchAction\",\"target\":{\"@type\":\"EntryPoint\",\"urlTemplate\":\"https:\/\/www.solutionsmachinesoutils.com\/en\/?s={search_term_string}\"},\"query-input\":{\"@type\":\"PropertyValueSpecification\",\"valueRequired\":true,\"valueName\":\"search_term_string\"}}],\"inLanguage\":\"fr-FR\"}]}<\/script>\n<!-- \/ Yoast SEO plugin. -->","yoast_head_json":{"title":"Werte und DNA der Gesellschaft - Solutions Machines Outils","description":"Die Werte von DB-Maschinen k\u00f6nnen in wenigen Worten zusammengefasst werden : Ehrlichkeit, Genauigkeit, Servicequalit\u00e4t, Reaktionsschnelligkeit und Respekt","robots":{"index":"index","follow":"follow","max-snippet":"max-snippet:-1","max-image-preview":"max-image-preview:large","max-video-preview":"max-video-preview:-1"},"canonical":"https:\/\/www.solutionsmachinesoutils.com\/de\/werte-und-dna-der-gesellschaft\/","og_locale":"fr_FR","og_type":"article","og_title":"Werte und DNA der Gesellschaft - Solutions Machines Outils","og_description":"Die Werte von DB-Maschinen k\u00f6nnen in wenigen Worten zusammengefasst werden : Ehrlichkeit, Genauigkeit, Servicequalit\u00e4t, Reaktionsschnelligkeit und Respekt","og_url":"https:\/\/www.solutionsmachinesoutils.com\/de\/werte-und-dna-der-gesellschaft\/","og_site_name":"Solutions Machines Outils","article_modified_time":"2019-04-03T12:47:39+00:00","og_image":[{"url":"http:\/\/www.solutionsmachinesoutils.com\/wp-content\/uploads\/2016\/05\/engrenage-adn.jpg","type":"","width":"","height":""}],"twitter_card":"summary_large_image","schema":{"@context":"https:\/\/schema.org","@graph":[{"@type":"WebPage","@id":"https:\/\/www.solutionsmachinesoutils.com\/de\/werte-und-dna-der-gesellschaft\/","url":"https:\/\/www.solutionsmachinesoutils.com\/de\/werte-und-dna-der-gesellschaft\/","name":"Werte und DNA der Gesellschaft - Solutions Machines Outils","isPartOf":{"@id":"https:\/\/www.solutionsmachinesoutils.com\/en\/#website"},"primaryImageOfPage":{"@id":"https:\/\/www.solutionsmachinesoutils.com\/de\/werte-und-dna-der-gesellschaft\/#primaryimage"},"image":{"@id":"https:\/\/www.solutionsmachinesoutils.com\/de\/werte-und-dna-der-gesellschaft\/#primaryimage"},"thumbnailUrl":"http:\/\/www.solutionsmachinesoutils.com\/wp-content\/uploads\/2016\/05\/engrenage-adn.jpg","datePublished":"2019-04-02T13:34:25+00:00","dateModified":"2019-04-03T12:47:39+00:00","description":"Die Werte von DB-Maschinen k\u00f6nnen in wenigen Worten zusammengefasst werden : Ehrlichkeit, Genauigkeit, Servicequalit\u00e4t, Reaktionsschnelligkeit und Respekt","breadcrumb":{"@id":"https:\/\/www.solutionsmachinesoutils.com\/de\/werte-und-dna-der-gesellschaft\/#breadcrumb"},"inLanguage":"fr-FR","potentialAction":[{"@type":"ReadAction","target":["https:\/\/www.solutionsmachinesoutils.com\/de\/werte-und-dna-der-gesellschaft\/"]}]},{"@type":"ImageObject","inLanguage":"fr-FR","@id":"https:\/\/www.solutionsmachinesoutils.com\/de\/werte-und-dna-der-gesellschaft\/#primaryimage","url":"http:\/\/www.solutionsmachinesoutils.com\/wp-content\/uploads\/2016\/05\/engrenage-adn.jpg","contentUrl":"http:\/\/www.solutionsmachinesoutils.com\/wp-content\/uploads\/2016\/05\/engrenage-adn.jpg"},{"@type":"BreadcrumbList","@id":"https:\/\/www.solutionsmachinesoutils.com\/de\/werte-und-dna-der-gesellschaft\/#breadcrumb","itemListElement":[{"@type":"ListItem","position":1,"name":"Accueil","item":"https:\/\/www.solutionsmachinesoutils.com\/"},{"@type":"ListItem","position":2,"name":"Werte und DNA der Gesellschaft"}]},{"@type":"WebSite","@id":"https:\/\/www.solutionsmachinesoutils.com\/en\/#website","url":"https:\/\/www.solutionsmachinesoutils.com\/en\/","name":"Solutions Machines Outils","description":"ACHAT-VENTE ET EXPERTISE DE MACHINES-OUTILS","potentialAction":[{"@type":"SearchAction","target":{"@type":"EntryPoint","urlTemplate":"https:\/\/www.solutionsmachinesoutils.com\/en\/?s={search_term_string}"},"query-input":{"@type":"PropertyValueSpecification","valueRequired":true,"valueName":"search_term_string"}}],"inLanguage":"fr-FR"}]}},"_links":{"self":[{"href":"https:\/\/www.solutionsmachinesoutils.com\/wp-json\/wp\/v2\/pages\/20583","targetHints":{"allow":["GET"]}}],"collection":[{"href":"https:\/\/www.solutionsmachinesoutils.com\/wp-json\/wp\/v2\/pages"}],"about":[{"href":"https:\/\/www.solutionsmachinesoutils.com\/wp-json\/wp\/v2\/types\/page"}],"author":[{"embeddable":true,"href":"https:\/\/www.solutionsmachinesoutils.com\/wp-json\/wp\/v2\/users\/3"}],"replies":[{"embeddable":true,"href":"https:\/\/www.solutionsmachinesoutils.com\/wp-json\/wp\/v2\/comments?post=20583"}],"version-history":[{"count":0,"href":"https:\/\/www.solutionsmachinesoutils.com\/wp-json\/wp\/v2\/pages\/20583\/revisions"}],"wp:attachment":[{"href":"https:\/\/www.solutionsmachinesoutils.com\/wp-json\/wp\/v2\/media?parent=20583"}],"curies":[{"name":"wp","href":"https:\/\/api.w.org\/{rel}","templated":true}]}}